{"id":2580,"date":"2024-03-28T20:41:57","date_gmt":"2024-03-28T12:41:57","guid":{"rendered":"https:\/\/www.okval.com\/?post_type=product&#038;p=2580"},"modified":"2024-03-31T15:44:30","modified_gmt":"2024-03-31T07:44:30","slug":"robinet-a-tournant-spherique","status":"publish","type":"product","link":"https:\/\/www.okval.com\/fr\/robinet-a-boisseau-spherique-html","title":{"rendered":"Robinet \u00e0 tournant sph\u00e9rique"},"content":{"rendered":"<p>Type\u00a0: Type \u00e0 bride<\/p>\n<p>Classe : PN10 \u2013 PN40<\/p>\n<p>Taille\u00a0: DN15-DN200<\/p>\n<p>Mat\u00e9riau : fonte ductile<\/p>","protected":false},"excerpt":{"rendered":"<p>Le robinet \u00e0 tournant sph\u00e9rique est un dispositif de contr\u00f4le de d\u00e9bit qui utilise une bille creuse, perfor\u00e9e et pivotante pour contr\u00f4ler le fluide qui le traverse.<\/p>","protected":false},"featured_media":2581,"template":"","meta":[],"product_brand":[],"product_cat":[159,209],"product_tag":[221],"class_list":{"0":"post-2580","1":"product","2":"type-product","3":"status-publish","4":"has-post-thumbnail","6":"product_cat-valves","7":"product_cat-ball-valve","8":"product_tag-ball-valve","10":"first","11":"instock","12":"shipping-taxable","13":"product-type-simple"},"aioseo_notices":[],"_links":{"self":[{"href":"https:\/\/www.okval.com\/fr\/wp-json\/wp\/v2\/product\/2580","targetHints":{"allow":["GET"]}}],"collection":[{"href":"https:\/\/www.okval.com\/fr\/wp-json\/wp\/v2\/product"}],"about":[{"href":"https:\/\/www.okval.com\/fr\/wp-json\/wp\/v2\/types\/product"}],"wp:featuredmedia":[{"embeddable":true,"href":"https:\/\/www.okval.com\/fr\/wp-json\/wp\/v2\/media\/2581"}],"wp:attachment":[{"href":"https:\/\/www.okval.com\/fr\/wp-json\/wp\/v2\/media?parent=2580"}],"wp:term":[{"taxonomy":"product_brand","embeddable":true,"href":"https:\/\/www.okval.com\/fr\/wp-json\/wp\/v2\/product_brand?post=2580"},{"taxonomy":"product_cat","embeddable":true,"href":"https:\/\/www.okval.com\/fr\/wp-json\/wp\/v2\/product_cat?post=2580"},{"taxonomy":"product_tag","embeddable":true,"href":"https:\/\/www.okval.com\/fr\/wp-json\/wp\/v2\/product_tag?post=2580"}],"curies":[{"name":"wp","href":"https:\/\/api.w.org\/{rel}","templated":true}]}}