{"id":2576,"date":"2024-03-28T20:09:38","date_gmt":"2024-03-28T12:09:38","guid":{"rendered":"https:\/\/www.okval.com\/?post_type=product&#038;p=2576"},"modified":"2024-03-31T15:43:16","modified_gmt":"2024-03-31T07:43:16","slug":"robinet-a-soupape","status":"publish","type":"product","link":"https:\/\/www.okval.com\/fr\/robinet-a-soupape-html","title":{"rendered":"Robinet \u00e0 soupape"},"content":{"rendered":"<p><strong>Param\u00e8tres techniques<\/strong><\/p>\n<div class=\"table-responsive\">\n<table class=\"table\" border=\"1\" cellspacing=\"1\" cellpadding=\"1\">\n<tbody>\n<tr>\n<td>DIMENSIONS<\/p>\n<div class=\"table-responsive\">\n<table class=\"table\" border=\"1\" cellspacing=\"1\" cellpadding=\"1\">\n<tbody>\n<tr>\n<td class=\"et2\" rowspan=\"2\">DN<\/td>\n<td class=\"et2\">40<\/td>\n<td class=\"et2\">50<\/td>\n<td class=\"et2\">65<\/td>\n<td class=\"et2\">80<\/td>\n<td class=\"et2\">100<\/td>\n<td class=\"et2\">125<\/td>\n<td class=\"et2\">150<\/td>\n<td class=\"et2\">200<\/td>\n<td class=\"et2\">250<\/td>\n<td class=\"et2\">300<\/td>\n<\/tr>\n<tr>\n<td class=\"et2\">1,5\u2033<\/td>\n<td class=\"et2\">2\u2033<\/td>\n<td class=\"et2\">2,5\u2033<\/td>\n<td class=\"et2\">3\u2033<\/td>\n<td class=\"et2\">4\u2033<\/td>\n<td class=\"et2\">5\u2033<\/td>\n<td class=\"et2\">6\u2033<\/td>\n<td class=\"et2\">8\u2033<\/td>\n<td class=\"et2\">dix&quot;<\/td>\n<td class=\"et2\">12\u2033<\/td>\n<\/tr>\n<tr>\n<td class=\"et2\">L<\/td>\n<td class=\"et2\">190<\/td>\n<td class=\"et2\">203<\/td>\n<td class=\"et2\">216<\/td>\n<td class=\"et2\">241<\/td>\n<td class=\"et2\">292<\/td>\n<td class=\"et2\">360<\/td>\n<td class=\"et2\">410<\/td>\n<td class=\"et2\">495<\/td>\n<td class=\"et2\">620<\/td>\n<td class=\"et2\">700<\/td>\n<\/tr>\n<tr>\n<td class=\"et2\">H<\/td>\n<td class=\"et2\">260<\/td>\n<td class=\"et2\">277<\/td>\n<td class=\"et2\">307<\/td>\n<td class=\"et2\">353<\/td>\n<td class=\"et2\">404<\/td>\n<td class=\"et2\">454<\/td>\n<td class=\"et2\">533<\/td>\n<td class=\"et2\">642<\/td>\n<td class=\"et2\">665<\/td>\n<td class=\"et2\">755<\/td>\n<\/tr>\n<tr>\n<td class=\"et2\">D(PN10)<\/td>\n<td class=\"et2\">150<\/td>\n<td class=\"et2\">165<\/td>\n<td class=\"et2\">185<\/td>\n<td class=\"et2\">200<\/td>\n<td class=\"et2\">220<\/td>\n<td class=\"et2\">250<\/td>\n<td class=\"et2\">285<\/td>\n<td class=\"et2\">340<\/td>\n<td class=\"et2\">395<\/td>\n<td class=\"et2\">445<\/td>\n<\/tr>\n<tr>\n<td class=\"et2\">D(PN16)<\/td>\n<td class=\"et2\">150<\/td>\n<td class=\"et2\">165<\/td>\n<td class=\"et2\">185<\/td>\n<td class=\"et2\">200<\/td>\n<td class=\"et2\">220<\/td>\n<td class=\"et2\">250<\/td>\n<td class=\"et2\">285<\/td>\n<td class=\"et2\">340<\/td>\n<td class=\"et2\">405<\/td>\n<td class=\"et2\">460<\/td>\n<\/tr>\n<\/tbody>\n<\/table>\n<\/div>\n<\/td>\n<td><img decoding=\"async\" title=\"robinet \u00e0 soupape\" src=\"https:\/\/www.ametekiron.com\/Content\/uploads\/2023677727\/202310201620130288e823d11048e08bae54c8a7c615c9.png?size=350x0\" alt=\"robinet \u00e0 soupape\" width=\"350\" height=\"393\" \/><\/td>\n<\/tr>\n<\/tbody>\n<\/table>\n<p><strong>TEST<\/strong><\/p>\n<div class=\"table-responsive\">\n<table class=\"table\" border=\"1\" cellspacing=\"1\" cellpadding=\"1\">\n<tbody>\n<tr>\n<td>Pression de travail<\/td>\n<td>PN10 \/ PN16<\/td>\n<\/tr>\n<tr>\n<td>Coque de pression d&#039;essai<\/td>\n<td>21,1kgf\/cm\u00b2 24kgf\/cm\u00b2<\/td>\n<\/tr>\n<tr>\n<td>Si\u00e8ge<\/td>\n<td>15,0kgf\/cm\u00b2 17,6kgf\/cm\u00b2<\/td>\n<\/tr>\n<\/tbody>\n<\/table>\n<\/div>\n<p>&nbsp;<\/p>\n<p><strong>COMPOSANTS<\/strong><\/p>\n<div class=\"table-responsive\">\n<table class=\"table\" border=\"1\" cellspacing=\"1\" cellpadding=\"1\">\n<tbody>\n<tr>\n<td>1<\/td>\n<td>CORPS<\/td>\n<td>FONTE<\/td>\n<\/tr>\n<tr>\n<td>2<\/td>\n<td>BONNET<\/td>\n<td>FONTE<\/td>\n<\/tr>\n<tr>\n<td>3<\/td>\n<td>TIGE<\/td>\n<td>ACIER INOXYDABLE<\/td>\n<\/tr>\n<tr>\n<td>4<\/td>\n<td>DISQUE<\/td>\n<td>FONTE<\/td>\n<\/tr>\n<tr>\n<td>5<\/td>\n<td>ANNEAU DE SI\u00c8GE<\/td>\n<td>BRONZE FONTE\/ACIER INOXYDABLE<\/td>\n<\/tr>\n<tr>\n<td>6<\/td>\n<td>GLANDE<\/td>\n<td>FONTE DUCTILE<\/td>\n<\/tr>\n<tr>\n<td>7<\/td>\n<td>EMBALLAGE<\/td>\n<td>PAS D&#039;AMIANTE<\/td>\n<\/tr>\n<tr>\n<td>8<\/td>\n<td>VOLANT<\/td>\n<td>FONTE<\/td>\n<\/tr>\n<\/tbody>\n<\/table>\n<p><strong>Avantages du produit<\/strong><\/p>\n<p><strong>Compatibilit\u00e9 environnementale\u00a0:<\/strong>\u00a0R\u00e9pond aux r\u00e9glementations environnementales et minimise l\u2019impact sur les \u00e9cosyst\u00e8mes.<\/p>\n<p><strong>R\u00e9ponse rapide:<\/strong>\u00a0Facilite les ajustements rapides, essentiels en cas d\u2019urgence ou de conditions op\u00e9rationnelles changeantes.<\/p>\n<p><strong>Longue dur\u00e9e de vie\u00a0:<\/strong>\u00a0Assure une dur\u00e9e de vie prolong\u00e9e, r\u00e9duisant la fr\u00e9quence des remplacements.<\/p>\n<p><strong>Perte d&#039;\u00e9nergie minimale\u00a0:<\/strong>\u00a0Minimise le gaspillage d\u2019\u00e9nergie, contribuant ainsi aux \u00e9conomies de co\u00fbts et \u00e0 la durabilit\u00e9.<\/p>\n<p><strong>Conception conviviale\u00a0:<\/strong>\u00a0Dispose de commandes intuitives et d\u2019un \u00e9tiquetage clair pour faciliter l\u2019utilisation et la maintenance.<\/p>\n<\/div>\n<\/div>","protected":false},"excerpt":{"rendered":"<p>Les vannes \u00e0 soupape sont utilis\u00e9es pour r\u00e9guler le d\u00e9bit d&#039;un fluide et pour arr\u00eater le fluide (m\u00eame si pour les op\u00e9rations d&#039;arr\u00eat, les vannes \u00e0 bille et les vannes \u00e0 vanne doivent toujours \u00eatre pr\u00e9f\u00e9r\u00e9es). Les vannes \u00e0 soupape sont des vannes bidirectionnelles, \u00e0 la diff\u00e9rence des clapets anti-retour, ce qui signifie que le fluide peut s&#039;\u00e9couler dans les deux sens \u00e0 l&#039;int\u00e9rieur de la vanne.<\/p>\n<p>&nbsp;<\/p>","protected":false},"featured_media":2579,"template":"","meta":[],"product_brand":[],"product_cat":[159,184],"product_tag":[220],"class_list":{"0":"post-2576","1":"product","2":"type-product","3":"status-publish","4":"has-post-thumbnail","6":"product_cat-valves","7":"product_cat-globe-valve","8":"product_tag-globe-valve","10":"first","11":"instock","12":"shipping-taxable","13":"product-type-simple"},"aioseo_notices":[],"_links":{"self":[{"href":"https:\/\/www.okval.com\/fr\/wp-json\/wp\/v2\/product\/2576","targetHints":{"allow":["GET"]}}],"collection":[{"href":"https:\/\/www.okval.com\/fr\/wp-json\/wp\/v2\/product"}],"about":[{"href":"https:\/\/www.okval.com\/fr\/wp-json\/wp\/v2\/types\/product"}],"wp:featuredmedia":[{"embeddable":true,"href":"https:\/\/www.okval.com\/fr\/wp-json\/wp\/v2\/media\/2579"}],"wp:attachment":[{"href":"https:\/\/www.okval.com\/fr\/wp-json\/wp\/v2\/media?parent=2576"}],"wp:term":[{"taxonomy":"product_brand","embeddable":true,"href":"https:\/\/www.okval.com\/fr\/wp-json\/wp\/v2\/product_brand?post=2576"},{"taxonomy":"product_cat","embeddable":true,"href":"https:\/\/www.okval.com\/fr\/wp-json\/wp\/v2\/product_cat?post=2576"},{"taxonomy":"product_tag","embeddable":true,"href":"https:\/\/www.okval.com\/fr\/wp-json\/wp\/v2\/product_tag?post=2576"}],"curies":[{"name":"wp","href":"https:\/\/api.w.org\/{rel}","templated":true}]}}