{"id":2574,"date":"2024-03-28T17:31:01","date_gmt":"2024-03-28T09:31:01","guid":{"rendered":"https:\/\/www.okval.com\/?post_type=product&#038;p=2574"},"modified":"2024-03-31T15:48:30","modified_gmt":"2024-03-31T07:48:30","slug":"crepine-filtrante-a-panier","status":"publish","type":"product","link":"https:\/\/www.okval.com\/fr\/panier-filtre-crepine-html","title":{"rendered":"Cr\u00e9pine en Y"},"content":{"rendered":"<ul>\n<li>Norme de bride\u00a0: EN1092-2<\/li>\n<li>Connexion\u00a0: Extr\u00e9mit\u00e9 \u00e0 bride<\/li>\n<li>Joint : EPDM\/NBR<\/li>\n<li>Pression\u00a0: PN10, PN16,<\/li>\n<li>Taille : DN40 \u2013 600 (1-1\/2\u201d \u2013 24\u201d)<\/li>\n<\/ul>","protected":false},"excerpt":{"rendered":"<p>Les cr\u00e9pines de type Y portent le nom de leur forme et sont utilis\u00e9es pour la filtration des cours et sont utilis\u00e9es pour prot\u00e9ger les syst\u00e8mes de manipulation de fluides contre les vannes, pompes, d\u00e9bitm\u00e8tres et autres \u00e9quipements d&#039;usine de traitement endommag\u00e9s par les particules \u00e9trang\u00e8res telles que le tartre, la salet\u00e9, les bavures de soudure qui les traversent. le tuyau.<\/p>","protected":false},"featured_media":2553,"template":"","meta":[],"product_brand":[],"product_cat":[159,182],"product_tag":[219],"class_list":{"0":"post-2574","1":"product","2":"type-product","3":"status-publish","4":"has-post-thumbnail","6":"product_cat-valves","7":"product_cat-y-strainer","8":"product_tag-y-strainer","10":"first","11":"instock","12":"shipping-taxable","13":"product-type-simple"},"aioseo_notices":[],"_links":{"self":[{"href":"https:\/\/www.okval.com\/fr\/wp-json\/wp\/v2\/product\/2574","targetHints":{"allow":["GET"]}}],"collection":[{"href":"https:\/\/www.okval.com\/fr\/wp-json\/wp\/v2\/product"}],"about":[{"href":"https:\/\/www.okval.com\/fr\/wp-json\/wp\/v2\/types\/product"}],"wp:featuredmedia":[{"embeddable":true,"href":"https:\/\/www.okval.com\/fr\/wp-json\/wp\/v2\/media\/2553"}],"wp:attachment":[{"href":"https:\/\/www.okval.com\/fr\/wp-json\/wp\/v2\/media?parent=2574"}],"wp:term":[{"taxonomy":"product_brand","embeddable":true,"href":"https:\/\/www.okval.com\/fr\/wp-json\/wp\/v2\/product_brand?post=2574"},{"taxonomy":"product_cat","embeddable":true,"href":"https:\/\/www.okval.com\/fr\/wp-json\/wp\/v2\/product_cat?post=2574"},{"taxonomy":"product_tag","embeddable":true,"href":"https:\/\/www.okval.com\/fr\/wp-json\/wp\/v2\/product_tag?post=2574"}],"curies":[{"name":"wp","href":"https:\/\/api.w.org\/{rel}","templated":true}]}}