{"id":2536,"date":"2024-03-28T16:32:50","date_gmt":"2024-03-28T08:32:50","guid":{"rendered":"https:\/\/www.okval.com\/?post_type=product&#038;p=2536"},"modified":"2024-03-31T15:54:47","modified_gmt":"2024-03-31T07:54:47","slug":"soupape-de-decharge-dair","status":"publish","type":"product","link":"https:\/\/www.okval.com\/fr\/soupape-de-decharge-dair-html","title":{"rendered":"Soupape de lib\u00e9ration d&#039;air"},"content":{"rendered":"<p><strong>Vanne d&#039;air \u00e0 double orifice<\/strong><\/p>\n<ul>\n<li>Norme de bride\u00a0: EN1092-2, ANSI B16.1<\/li>\n<li>Connexion\u00a0:\u00a0extr\u00e9mit\u00e9 \u00e0 bride et filet\u00e9e<\/li>\n<li>Pression\u00a0: PN10, PN16, 125LB, 150LB<\/li>\n<li>Taille\u00a0: DN50 \u2013 200 (2&quot; -8&quot;)<\/li>\n<\/ul>\n<p><strong>Soupape d&#039;\u00e9chappement multifonction<\/strong><\/p>\n<ul>\n<li>Norme de bride\u00a0: EN1092-2, ANSI B16.1<\/li>\n<li>Connexion\u00a0:\u00a0extr\u00e9mit\u00e9 \u00e0 bride et filet\u00e9e<\/li>\n<li>Pression\u00a0: PN10, PN16, 125LB, 150LB<\/li>\n<li>Taille\u00a0: DN50 \u2013 200 (2&quot; -8&quot;)<\/li>\n<\/ul>","protected":false},"excerpt":{"rendered":"<p>La soupape de d\u00e9charge d&#039;air est un composant essentiel con\u00e7u pour une lib\u00e9ration d&#039;air efficace dans les syst\u00e8mes de protection incendie. Il garantit des performances optimales en \u00e9vacuant automatiquement les poches d&#039;air, en emp\u00eachant les poches d&#039;air et en maintenant l&#039;int\u00e9grit\u00e9 du syst\u00e8me. Avec sa certification UL et FM, il garantit le respect des normes industrielles en mati\u00e8re de s\u00e9curit\u00e9 et de fiabilit\u00e9. Con\u00e7ue pour r\u00e9sister \u00e0 des conditions difficiles, cette vanne constitue une solution fiable pour maintenir l\u2019efficacit\u00e9 des syst\u00e8mes d\u2019extinction d\u2019incendie.<\/p>","protected":false},"featured_media":2537,"template":"","meta":[],"product_brand":[],"product_cat":[180,159],"product_tag":[235],"class_list":{"0":"post-2536","1":"product","2":"type-product","3":"status-publish","4":"has-post-thumbnail","6":"product_cat-air-release-valve","7":"product_cat-valves","8":"product_tag-air-release-valve","10":"first","11":"instock","12":"shipping-taxable","13":"product-type-simple"},"aioseo_notices":[],"_links":{"self":[{"href":"https:\/\/www.okval.com\/fr\/wp-json\/wp\/v2\/product\/2536","targetHints":{"allow":["GET"]}}],"collection":[{"href":"https:\/\/www.okval.com\/fr\/wp-json\/wp\/v2\/product"}],"about":[{"href":"https:\/\/www.okval.com\/fr\/wp-json\/wp\/v2\/types\/product"}],"wp:featuredmedia":[{"embeddable":true,"href":"https:\/\/www.okval.com\/fr\/wp-json\/wp\/v2\/media\/2537"}],"wp:attachment":[{"href":"https:\/\/www.okval.com\/fr\/wp-json\/wp\/v2\/media?parent=2536"}],"wp:term":[{"taxonomy":"product_brand","embeddable":true,"href":"https:\/\/www.okval.com\/fr\/wp-json\/wp\/v2\/product_brand?post=2536"},{"taxonomy":"product_cat","embeddable":true,"href":"https:\/\/www.okval.com\/fr\/wp-json\/wp\/v2\/product_cat?post=2536"},{"taxonomy":"product_tag","embeddable":true,"href":"https:\/\/www.okval.com\/fr\/wp-json\/wp\/v2\/product_tag?post=2536"}],"curies":[{"name":"wp","href":"https:\/\/api.w.org\/{rel}","templated":true}]}}