{"id":2530,"date":"2024-03-28T16:13:00","date_gmt":"2024-03-28T08:13:00","guid":{"rendered":"https:\/\/www.okval.com\/?post_type=product&#038;p=2530"},"modified":"2024-03-31T15:54:24","modified_gmt":"2024-03-31T07:54:24","slug":"vanne-papillon","status":"publish","type":"product","link":"https:\/\/www.okval.com\/fr\/vanne-papillon-html","title":{"rendered":"Vanne papillon"},"content":{"rendered":"<p><strong>Vanne papillon \u00e0 double bride<\/strong><\/p>\n<ul>\n<li>Conception\u00a0:\u00a0DIN\/BS\/JIS\/ANSI<\/li>\n<li>Disque\u00a0:\u00a0DI+Nie\/\u00e9poxy, SS304, SS316, Brone<\/li>\n<li>Actionner\u00a0: Levier, bo\u00eete de vitesses, actionneur \u00e9lectrique<\/li>\n<li>Pression\u00a0: PN10, PN16, PN25, 150LB<\/li>\n<li>Taille : DN40-1200 (1-1\/2&quot; \u2013 48&quot;)<\/li>\n<li>Vanne papillon concentrique<\/li>\n<\/ul>\n<p><strong>Vanne papillon concentrique<\/strong><\/p>\n<ul>\n<li>Conception\u00a0:\u00a0DIN\/BS\/JIS\/ANSI<\/li>\n<li>Disque\u00a0:\u00a0DI+Nie\/\u00e9poxy, SS304, SS316, Brone<\/li>\n<li>Actionner\u00a0: Levier, bo\u00eete de vitesses, actionneur \u00e9lectrique<\/li>\n<li>Pression\u00a0: PN10, PN16, PN25, 150LB<\/li>\n<li>Taille : DN40-1200 (1-1\/2&quot; \u2013 48&quot;)<\/li>\n<\/ul>","protected":false},"excerpt":{"rendered":"<p>Les types de plaquettes papillon sont des dispositifs de contr\u00f4le de d\u00e9bit compacts utilis\u00e9s dans les applications industrielles. Ils sont con\u00e7us pour r\u00e9guler ou isoler le d\u00e9bit de liquides ou de gaz dans les canalisations. Ces vannes ont une construction l\u00e9g\u00e8re, leur permettant d&#039;\u00eatre install\u00e9es entre des brides sans support suppl\u00e9mentaire. Compos\u00e9es d&#039;un disque, d&#039;une tige, d&#039;un corps et d&#039;un actionneur, ces vannes offrent un fonctionnement efficace. Le disque, reli\u00e9 \u00e0 la tige, tourne \u00e0 l&#039;int\u00e9rieur du corps de la vanne pour contr\u00f4ler le d\u00e9bit. Id\u00e9al pour les industries telles que le traitement de l\u2019eau, le traitement chimique, etc. Ces vannes sont largement utilis\u00e9es dans les applications n\u00e9cessitant des d\u00e9bits \u00e9lev\u00e9s et des conditions de basse pression.<\/p>","protected":false},"featured_media":2531,"template":"","meta":[],"product_brand":[],"product_cat":[179,159],"product_tag":[236],"class_list":{"0":"post-2530","1":"product","2":"type-product","3":"status-publish","4":"has-post-thumbnail","6":"product_cat-butterfly-valve","7":"product_cat-valves","8":"product_tag-butterfly-valve","10":"first","11":"instock","12":"shipping-taxable","13":"product-type-simple"},"aioseo_notices":[],"_links":{"self":[{"href":"https:\/\/www.okval.com\/fr\/wp-json\/wp\/v2\/product\/2530","targetHints":{"allow":["GET"]}}],"collection":[{"href":"https:\/\/www.okval.com\/fr\/wp-json\/wp\/v2\/product"}],"about":[{"href":"https:\/\/www.okval.com\/fr\/wp-json\/wp\/v2\/types\/product"}],"wp:featuredmedia":[{"embeddable":true,"href":"https:\/\/www.okval.com\/fr\/wp-json\/wp\/v2\/media\/2531"}],"wp:attachment":[{"href":"https:\/\/www.okval.com\/fr\/wp-json\/wp\/v2\/media?parent=2530"}],"wp:term":[{"taxonomy":"product_brand","embeddable":true,"href":"https:\/\/www.okval.com\/fr\/wp-json\/wp\/v2\/product_brand?post=2530"},{"taxonomy":"product_cat","embeddable":true,"href":"https:\/\/www.okval.com\/fr\/wp-json\/wp\/v2\/product_cat?post=2530"},{"taxonomy":"product_tag","embeddable":true,"href":"https:\/\/www.okval.com\/fr\/wp-json\/wp\/v2\/product_tag?post=2530"}],"curies":[{"name":"wp","href":"https:\/\/api.w.org\/{rel}","templated":true}]}}