{"id":2449,"date":"2024-03-28T00:33:58","date_gmt":"2024-03-27T16:33:58","guid":{"rendered":"https:\/\/www.okval.com\/?post_type=product&#038;p=2449"},"modified":"2024-03-31T15:56:40","modified_gmt":"2024-03-31T07:56:40","slug":"vanne-a-vanne","status":"publish","type":"product","link":"https:\/\/www.okval.com\/fr\/vanne-a-guillotine-html","title":{"rendered":"Vanne \u00e0 vanne"},"content":{"rendered":"<p><strong>Vanne \u00e0 vanne \u00e0 si\u00e8ge souple r\u00e9siliente<\/strong><\/p>\n<ul>\n<li>Conception\u00a0: BS5163, DIN3352-F4\/F5, ANSI<\/li>\n<li>Connexion\u00a0: NRS, OS&amp;Y Extr\u00e9mit\u00e9 \u00e0 bride<\/li>\n<li>Actionner\u00a0: Volant, capuchon, brides ISO, r\u00e9ducteur, actionneur \u00e9lectrique<\/li>\n<li>Pression\u00a0: PN10, PN16, PN25, 125LB, 150LB<\/li>\n<li>Taille : DN40-1200 (1-1\/2&quot;-48&quot;)<\/li>\n<\/ul>\n<p><strong>Vanne \u00e0 vanne \u00e0 si\u00e8ge m\u00e9tallique<\/strong><\/p>\n<ul>\n<li>Conception\u00a0: BS5163, DIN3352-F4\/F5, ANSI<\/li>\n<li>Connexion\u00a0: NRS, OS&amp;Y Extr\u00e9mit\u00e9 \u00e0 bride<\/li>\n<li>Actionner\u00a0: Volant, capuchon, brides ISO, r\u00e9ducteur, actionneur \u00e9lectrique<\/li>\n<li>Pression\u00a0: PN10, PN16, PN25, 125LB, 150LB<\/li>\n<li>Taille : DN40-1200 (1-1\/2&quot;-48&quot;)<\/li>\n<\/ul>","protected":false},"excerpt":{"rendered":"<p>Un robinet-vanne est g\u00e9n\u00e9ralement utilis\u00e9 pour couper compl\u00e8tement le d\u00e9bit de fluide ou, en position compl\u00e8tement ouverte, pour assurer le plein d\u00e9bit dans une canalisation. Ainsi, il est utilis\u00e9 soit en position compl\u00e8tement ferm\u00e9e, soit en position compl\u00e8tement ouverte. Un robinet-vanne se compose d&#039;un corps de vanne, d&#039;un si\u00e8ge et d&#039;un disque, d&#039;une broche, d&#039;un presse-\u00e9toupe et d&#039;une roue pour faire fonctionner la vanne.<\/p>","protected":false},"featured_media":2527,"template":"","meta":[],"product_brand":[],"product_cat":[178,159],"product_tag":[237],"class_list":{"0":"post-2449","1":"product","2":"type-product","3":"status-publish","4":"has-post-thumbnail","6":"product_cat-gate-valve","7":"product_cat-valves","8":"product_tag-gate-valve","10":"first","11":"instock","12":"shipping-taxable","13":"product-type-simple"},"aioseo_notices":[],"_links":{"self":[{"href":"https:\/\/www.okval.com\/fr\/wp-json\/wp\/v2\/product\/2449","targetHints":{"allow":["GET"]}}],"collection":[{"href":"https:\/\/www.okval.com\/fr\/wp-json\/wp\/v2\/product"}],"about":[{"href":"https:\/\/www.okval.com\/fr\/wp-json\/wp\/v2\/types\/product"}],"wp:featuredmedia":[{"embeddable":true,"href":"https:\/\/www.okval.com\/fr\/wp-json\/wp\/v2\/media\/2527"}],"wp:attachment":[{"href":"https:\/\/www.okval.com\/fr\/wp-json\/wp\/v2\/media?parent=2449"}],"wp:term":[{"taxonomy":"product_brand","embeddable":true,"href":"https:\/\/www.okval.com\/fr\/wp-json\/wp\/v2\/product_brand?post=2449"},{"taxonomy":"product_cat","embeddable":true,"href":"https:\/\/www.okval.com\/fr\/wp-json\/wp\/v2\/product_cat?post=2449"},{"taxonomy":"product_tag","embeddable":true,"href":"https:\/\/www.okval.com\/fr\/wp-json\/wp\/v2\/product_tag?post=2449"}],"curies":[{"name":"wp","href":"https:\/\/api.w.org\/{rel}","templated":true}]}}