{"id":2443,"date":"2024-03-27T22:51:29","date_gmt":"2024-03-27T14:51:29","guid":{"rendered":"https:\/\/www.okval.com\/?post_type=product&#038;p=2443"},"modified":"2024-03-31T15:57:31","modified_gmt":"2024-03-31T07:57:31","slug":"tuyau-a-bride-de-soudage-en-fonte-ductile","status":"publish","type":"product","link":"https:\/\/www.okval.com\/fr\/tuyau-a-brides-soude-en-fonte-ductile-html","title":{"rendered":"Tuyau \u00e0 bride de soudage en fonte ductile"},"content":{"rendered":"<p>\u25cf<strong>Normes:<\/strong>\u00a0ISO2531, EN545, EN598<\/p>\n<p>\u25cf<strong>Mat\u00e9riaux:<\/strong>\u00a0Fonte ductile<\/p>\n<p>\u25cf<strong>Dimensions nominales\u00a0:<\/strong>\u00a0DN80\u20142600mm<\/p>\n<p>\u25cf<strong>Pression:<\/strong>\u00a0PN10\/16\/25\/40<\/p>\n<p>\u25cf<strong>Protection contre la corrosion:<\/strong>\u00a0rev\u00eatement en ciment et rev\u00eatement en zinc et bitume.<\/p>\n<p>\u25cf<strong>Emballer:\u00a0<\/strong>caisse en bois avec couche de plastique, palettes en bois avec couche de plastique, caisses en acier.<\/p>\n<p>\u25cf<strong>Caract\u00e9ristiques:\u00a0<\/strong>Des tuyaux \u00e0 brides avec brides viss\u00e9es, des tuyaux \u00e0 brides avec brides coul\u00e9es, des tuyaux \u00e0 brides avec brides soud\u00e9es sont disponibles.<\/p>\n<div>\n<p>&nbsp;<\/p>\n<div>\n<p><strong>Dimensions : PN16<\/strong><\/p>\n<div><\/div>\n<table border=\"1\" width=\"100%\" cellspacing=\"0\" cellpadding=\"0\">\n<tbody>\n<tr>\n<td rowspan=\"2\" width=\"8%\">\n<p align=\"center\"><b>DN<\/b><\/p>\n<\/td>\n<td rowspan=\"2\" width=\"8%\">\n<p align=\"center\"><b>D1<\/b><\/p>\n<\/td>\n<td rowspan=\"2\" width=\"8%\">\n<p align=\"center\"><b>D2<\/b><\/p>\n<\/td>\n<td rowspan=\"2\" width=\"8%\">\n<p align=\"center\"><b>D3<\/b><\/p>\n<\/td>\n<td rowspan=\"2\" width=\"8%\">\n<p align=\"center\"><b>DE<\/b><\/p>\n<\/td>\n<td rowspan=\"2\" width=\"8%\">\n<p align=\"center\"><b>C<\/b><\/p>\n<\/td>\n<td rowspan=\"2\" width=\"4%\">\n<p align=\"center\"><b>F<\/b><\/p>\n<\/td>\n<td rowspan=\"2\" width=\"8%\">\n<p align=\"center\"><b>S<\/b><\/p>\n<\/td>\n<td rowspan=\"2\" width=\"5%\">\n<p align=\"center\"><b>R.<\/b><\/p>\n<\/td>\n<td colspan=\"3\" width=\"20%\">\n<p align=\"center\"><b>Boulons<\/b><\/p>\n<\/td>\n<td rowspan=\"2\" width=\"8%\">\n<p align=\"center\"><b>Masse<\/b><\/p>\n<p align=\"center\"><b>(kg)<\/b><\/p>\n<\/td>\n<\/tr>\n<tr>\n<td width=\"6%\">\n<p align=\"center\"><b>d<\/b><\/p>\n<\/td>\n<td width=\"8%\">\n<p align=\"center\"><b>taille<\/b><\/p>\n<\/td>\n<td width=\"6%\">\n<p align=\"center\"><b>n<\/b><\/p>\n<\/td>\n<\/tr>\n<tr>\n<td width=\"8%\">\n<p align=\"center\">80<\/p>\n<\/td>\n<td width=\"8%\">\n<p align=\"center\">200<\/p>\n<\/td>\n<td width=\"8%\">\n<p align=\"center\">160<\/p>\n<\/td>\n<td width=\"8%\">\n<p align=\"center\">132<\/p>\n<\/td>\n<td width=\"8%\">\n<p align=\"center\">98<\/p>\n<\/td>\n<td width=\"8%\">\n<p align=\"center\">19<\/p>\n<\/td>\n<td width=\"4%\">\n<p align=\"center\">3<\/p>\n<\/td>\n<td width=\"8%\">\n<p align=\"center\">15<\/p>\n<\/td>\n<td width=\"5%\">\n<p align=\"center\">6<\/p>\n<\/td>\n<td width=\"6%\">\n<p align=\"center\">19<\/p>\n<\/td>\n<td width=\"8%\">\n<p align=\"center\">M16<\/p>\n<\/td>\n<td width=\"6%\">\n<p align=\"center\">8<\/p>\n<\/td>\n<td width=\"8%\">\n<p align=\"center\">2.9<\/p>\n<\/td>\n<\/tr>\n<tr>\n<td width=\"8%\">\n<p align=\"center\">100<\/p>\n<\/td>\n<td width=\"8%\">\n<p align=\"center\">220<\/p>\n<\/td>\n<td width=\"8%\">\n<p align=\"center\">180<\/p>\n<\/td>\n<td width=\"8%\">\n<p align=\"center\">156<\/p>\n<\/td>\n<td width=\"8%\">\n<p align=\"center\">118<\/p>\n<\/td>\n<td width=\"8%\">\n<p align=\"center\">19<\/p>\n<\/td>\n<td width=\"4%\">\n<p align=\"center\">3<\/p>\n<\/td>\n<td width=\"8%\">\n<p align=\"center\">15<\/p>\n<\/td>\n<td width=\"5%\">\n<p align=\"center\">6<\/p>\n<\/td>\n<td width=\"6%\">\n<p align=\"center\">19<\/p>\n<\/td>\n<td width=\"8%\">\n<p align=\"center\">M16<\/p>\n<\/td>\n<td width=\"6%\">\n<p align=\"center\">8<\/p>\n<\/td>\n<td width=\"8%\">\n<p align=\"center\">3.3<\/p>\n<\/td>\n<\/tr>\n<tr>\n<td width=\"8%\">\n<p align=\"center\">150<\/p>\n<\/td>\n<td width=\"8%\">\n<p align=\"center\">285<\/p>\n<\/td>\n<td width=\"8%\">\n<p align=\"center\">240<\/p>\n<\/td>\n<td width=\"8%\">\n<p align=\"center\">211<\/p>\n<\/td>\n<td width=\"8%\">\n<p align=\"center\">170<\/p>\n<\/td>\n<td width=\"8%\">\n<p align=\"center\">19<\/p>\n<\/td>\n<td width=\"4%\">\n<p align=\"center\">3<\/p>\n<\/td>\n<td width=\"8%\">\n<p align=\"center\">15<\/p>\n<\/td>\n<td width=\"5%\">\n<p align=\"center\">8<\/p>\n<\/td>\n<td width=\"6%\">\n<p align=\"center\">23<\/p>\n<\/td>\n<td width=\"8%\">\n<p align=\"center\">M20<\/p>\n<\/td>\n<td width=\"6%\">\n<p align=\"center\">8<\/p>\n<\/td>\n<td width=\"8%\">\n<p align=\"center\">4.9<\/p>\n<\/td>\n<\/tr>\n<tr>\n<td width=\"8%\">\n<p align=\"center\">200<\/p>\n<\/td>\n<td width=\"8%\">\n<p align=\"center\">340<\/p>\n<\/td>\n<td width=\"8%\">\n<p align=\"center\">295<\/p>\n<\/td>\n<td width=\"8%\">\n<p align=\"center\">266<\/p>\n<\/td>\n<td width=\"8%\">\n<p align=\"center\">222<\/p>\n<\/td>\n<td width=\"8%\">\n<p align=\"center\">20<\/p>\n<\/td>\n<td width=\"4%\">\n<p align=\"center\">3<\/p>\n<\/td>\n<td width=\"8%\">\n<p align=\"center\">16<\/p>\n<\/td>\n<td width=\"5%\">\n<p align=\"center\">8<\/p>\n<\/td>\n<td width=\"6%\">\n<p align=\"center\">23<\/p>\n<\/td>\n<td width=\"8%\">\n<p align=\"center\">M20<\/p>\n<\/td>\n<td width=\"6%\">\n<p align=\"center\">12<\/p>\n<\/td>\n<td width=\"8%\">\n<p align=\"center\">6.6<\/p>\n<\/td>\n<\/tr>\n<tr>\n<td width=\"8%\">\n<p align=\"center\">250<\/p>\n<\/td>\n<td width=\"8%\">\n<p align=\"center\">400<\/p>\n<\/td>\n<td width=\"8%\">\n<p align=\"center\">355<\/p>\n<\/td>\n<td width=\"8%\">\n<p align=\"center\">319<\/p>\n<\/td>\n<td width=\"8%\">\n<p align=\"center\">274<\/p>\n<\/td>\n<td width=\"8%\">\n<p align=\"center\">22<\/p>\n<\/td>\n<td width=\"4%\">\n<p align=\"center\">3<\/p>\n<\/td>\n<td width=\"8%\">\n<p align=\"center\">17.5<\/p>\n<\/td>\n<td width=\"5%\">\n<p align=\"center\">10<\/p>\n<\/td>\n<td width=\"6%\">\n<p align=\"center\">28<\/p>\n<\/td>\n<td width=\"8%\">\n<p align=\"center\">M24<\/p>\n<\/td>\n<td width=\"6%\">\n<p align=\"center\">12<\/p>\n<\/td>\n<td width=\"8%\">\n<p align=\"center\">9.2<\/p>\n<\/td>\n<\/tr>\n<tr>\n<td width=\"8%\">\n<p align=\"center\">300<\/p>\n<\/td>\n<td width=\"8%\">\n<p align=\"center\">455<\/p>\n<\/td>\n<td width=\"8%\">\n<p align=\"center\">410<\/p>\n<\/td>\n<td width=\"8%\">\n<p align=\"center\">370<\/p>\n<\/td>\n<td width=\"8%\">\n<p align=\"center\">326<\/p>\n<\/td>\n<td width=\"8%\">\n<p align=\"center\">24.5<\/p>\n<\/td>\n<td width=\"4%\">\n<p align=\"center\">4<\/p>\n<\/td>\n<td width=\"8%\">\n<p align=\"center\">19.5<\/p>\n<\/td>\n<td width=\"5%\">\n<p align=\"center\">10<\/p>\n<\/td>\n<td width=\"6%\">\n<p align=\"center\">28<\/p>\n<\/td>\n<td width=\"8%\">\n<p align=\"center\">M24<\/p>\n<\/td>\n<td width=\"6%\">\n<p align=\"center\">12<\/p>\n<\/td>\n<td width=\"8%\">\n<p align=\"center\">12.4<\/p>\n<\/td>\n<\/tr>\n<tr>\n<td width=\"8%\">\n<p align=\"center\">350<\/p>\n<\/td>\n<td width=\"8%\">\n<p align=\"center\">520<\/p>\n<\/td>\n<td width=\"8%\">\n<p align=\"center\">470<\/p>\n<\/td>\n<td width=\"8%\">\n<p align=\"center\">429<\/p>\n<\/td>\n<td width=\"8%\">\n<p align=\"center\">378<\/p>\n<\/td>\n<td width=\"8%\">\n<p align=\"center\">26.5<\/p>\n<\/td>\n<td width=\"4%\">\n<p align=\"center\">4<\/p>\n<\/td>\n<td width=\"8%\">\n<p align=\"center\">21<\/p>\n<\/td>\n<td width=\"5%\">\n<p align=\"center\">10<\/p>\n<\/td>\n<td width=\"6%\">\n<p align=\"center\">28<\/p>\n<\/td>\n<td width=\"8%\">\n<p align=\"center\">M24<\/p>\n<\/td>\n<td width=\"6%\">\n<p align=\"center\">16<\/p>\n<\/td>\n<td width=\"8%\">\n<p align=\"center\">17.2<\/p>\n<\/td>\n<\/tr>\n<tr>\n<td width=\"8%\">\n<p align=\"center\">400<\/p>\n<\/td>\n<td width=\"8%\">\n<p align=\"center\">580<\/p>\n<\/td>\n<td width=\"8%\">\n<p align=\"center\">525<\/p>\n<\/td>\n<td width=\"8%\">\n<p align=\"center\">480<\/p>\n<\/td>\n<td width=\"8%\">\n<p align=\"center\">429<\/p>\n<\/td>\n<td width=\"8%\">\n<p align=\"center\">28<\/p>\n<\/td>\n<td width=\"4%\">\n<p align=\"center\">4<\/p>\n<\/td>\n<td width=\"8%\">\n<p align=\"center\">22.5<\/p>\n<\/td>\n<td width=\"5%\">\n<p align=\"center\">10<\/p>\n<\/td>\n<td width=\"6%\">\n<p align=\"center\">31<\/p>\n<\/td>\n<td width=\"8%\">\n<p align=\"center\">M27<\/p>\n<\/td>\n<td width=\"6%\">\n<p align=\"center\">16<\/p>\n<\/td>\n<td width=\"8%\">\n<p align=\"center\">21.9<\/p>\n<\/td>\n<\/tr>\n<tr>\n<td width=\"8%\">\n<p align=\"center\">450<\/p>\n<\/td>\n<td width=\"8%\">\n<p align=\"center\">640<\/p>\n<\/td>\n<td width=\"8%\">\n<p align=\"center\">585<\/p>\n<\/td>\n<td width=\"8%\">\n<p align=\"center\">548<\/p>\n<\/td>\n<td width=\"8%\">\n<p align=\"center\">480<\/p>\n<\/td>\n<td width=\"8%\">\n<p align=\"center\">30<\/p>\n<\/td>\n<td width=\"4%\">\n<p align=\"center\">4<\/p>\n<\/td>\n<td width=\"8%\">\n<p align=\"center\">24<\/p>\n<\/td>\n<td width=\"5%\">\n<p align=\"center\">12<\/p>\n<\/td>\n<td width=\"6%\">\n<p align=\"center\">31<\/p>\n<\/td>\n<td width=\"8%\">\n<p align=\"center\">M27<\/p>\n<\/td>\n<td width=\"6%\">\n<p align=\"center\">20<\/p>\n<\/td>\n<td width=\"8%\">\n<p align=\"center\">26.7<\/p>\n<\/td>\n<\/tr>\n<tr>\n<td width=\"8%\">\n<p align=\"center\">500<\/p>\n<\/td>\n<td width=\"8%\">\n<p align=\"center\">715<\/p>\n<\/td>\n<td width=\"8%\">\n<p align=\"center\">650<\/p>\n<\/td>\n<td width=\"8%\">\n<p align=\"center\">609<\/p>\n<\/td>\n<td width=\"8%\">\n<p align=\"center\">532<\/p>\n<\/td>\n<td width=\"8%\">\n<p align=\"center\">31.5<\/p>\n<\/td>\n<td width=\"4%\">\n<p align=\"center\">4<\/p>\n<\/td>\n<td width=\"8%\">\n<p align=\"center\">25<\/p>\n<\/td>\n<td width=\"5%\">\n<p align=\"center\">12<\/p>\n<\/td>\n<td width=\"6%\">\n<p align=\"center\">34<\/p>\n<\/td>\n<td width=\"8%\">\n<p align=\"center\">M30<\/p>\n<\/td>\n<td width=\"6%\">\n<p align=\"center\">20<\/p>\n<\/td>\n<td width=\"8%\">\n<p align=\"center\">37.0<\/p>\n<\/td>\n<\/tr>\n<tr>\n<td width=\"8%\">\n<p align=\"center\">600<\/p>\n<\/td>\n<td width=\"8%\">\n<p align=\"center\">840<\/p>\n<\/td>\n<td width=\"8%\">\n<p align=\"center\">770<\/p>\n<\/td>\n<td width=\"8%\">\n<p align=\"center\">720<\/p>\n<\/td>\n<td width=\"8%\">\n<p align=\"center\">635<\/p>\n<\/td>\n<td width=\"8%\">\n<p align=\"center\">36<\/p>\n<\/td>\n<td width=\"4%\">\n<p align=\"center\">5<\/p>\n<\/td>\n<td width=\"8%\">\n<p align=\"center\">29<\/p>\n<\/td>\n<td width=\"5%\">\n<p align=\"center\">12<\/p>\n<\/td>\n<td width=\"6%\">\n<p align=\"center\">37<\/p>\n<\/td>\n<td width=\"8%\">\n<p align=\"center\">M33<\/p>\n<\/td>\n<td width=\"6%\">\n<p align=\"center\">20<\/p>\n<\/td>\n<td width=\"8%\">\n<p align=\"center\">57.3<\/p>\n<\/td>\n<\/tr>\n<tr>\n<td width=\"8%\">\n<p align=\"center\">700<\/p>\n<\/td>\n<td width=\"8%\">\n<p align=\"center\">910<\/p>\n<\/td>\n<td width=\"8%\">\n<p align=\"center\">840<\/p>\n<\/td>\n<td width=\"8%\">\n<p align=\"center\">794<\/p>\n<\/td>\n<td width=\"8%\">\n<p align=\"center\">738<\/p>\n<\/td>\n<td width=\"8%\">\n<p align=\"center\">39.5<\/p>\n<\/td>\n<td width=\"4%\">\n<p align=\"center\">5<\/p>\n<\/td>\n<td width=\"8%\">\n<p align=\"center\">27.5<\/p>\n<\/td>\n<td width=\"5%\">\n<p align=\"center\">16<\/p>\n<\/td>\n<td width=\"6%\">\n<p align=\"center\">37<\/p>\n<\/td>\n<td width=\"8%\">\n<p align=\"center\">M33<\/p>\n<\/td>\n<td width=\"6%\">\n<p align=\"center\">24<\/p>\n<\/td>\n<td width=\"8%\">\n<p align=\"center\">57.0<\/p>\n<\/td>\n<\/tr>\n<tr>\n<td width=\"8%\">\n<p align=\"center\">800<\/p>\n<\/td>\n<td width=\"8%\">\n<p align=\"center\">1025<\/p>\n<\/td>\n<td width=\"8%\">\n<p align=\"center\">950<\/p>\n<\/td>\n<td width=\"8%\">\n<p align=\"center\">901<\/p>\n<\/td>\n<td width=\"8%\">\n<p align=\"center\">842<\/p>\n<\/td>\n<td width=\"8%\">\n<p align=\"center\">43<\/p>\n<\/td>\n<td width=\"4%\">\n<p align=\"center\">5<\/p>\n<\/td>\n<td width=\"8%\">\n<p align=\"center\">30<\/p>\n<\/td>\n<td width=\"5%\">\n<p align=\"center\">16<\/p>\n<\/td>\n<td width=\"6%\">\n<p align=\"center\">40<\/p>\n<\/td>\n<td width=\"8%\">\n<p align=\"center\">M36<\/p>\n<\/td>\n<td width=\"6%\">\n<p align=\"center\">24<\/p>\n<\/td>\n<td width=\"8%\">\n<p align=\"center\">72.0<\/p>\n<\/td>\n<\/tr>\n<tr>\n<td width=\"8%\">\n<p align=\"center\">900<\/p>\n<\/td>\n<td width=\"8%\">\n<p align=\"center\">1125<\/p>\n<\/td>\n<td width=\"8%\">\n<p align=\"center\">1050<\/p>\n<\/td>\n<td width=\"8%\">\n<p align=\"center\">1001<\/p>\n<\/td>\n<td width=\"8%\">\n<p align=\"center\">945<\/p>\n<\/td>\n<td width=\"8%\">\n<p align=\"center\">46.5<\/p>\n<\/td>\n<td width=\"4%\">\n<p align=\"center\">5<\/p>\n<\/td>\n<td width=\"8%\">\n<p align=\"center\">32.5<\/p>\n<\/td>\n<td width=\"5%\">\n<p align=\"center\">16<\/p>\n<\/td>\n<td width=\"6%\">\n<p align=\"center\">40<\/p>\n<\/td>\n<td width=\"8%\">\n<p align=\"center\">M36<\/p>\n<\/td>\n<td width=\"6%\">\n<p align=\"center\">28<\/p>\n<\/td>\n<td width=\"8%\">\n<p align=\"center\">90.0<\/p>\n<\/td>\n<\/tr>\n<tr>\n<td width=\"8%\">\n<p align=\"center\">1000<\/p>\n<\/td>\n<td width=\"8%\">\n<p align=\"center\">1255<\/p>\n<\/td>\n<td width=\"8%\">\n<p align=\"center\">1170<\/p>\n<\/td>\n<td width=\"8%\">\n<p align=\"center\">1112<\/p>\n<\/td>\n<td width=\"8%\">\n<p align=\"center\">1048<\/p>\n<\/td>\n<td width=\"8%\">\n<p align=\"center\">50<\/p>\n<\/td>\n<td width=\"4%\">\n<p align=\"center\">5<\/p>\n<\/td>\n<td width=\"8%\">\n<p align=\"center\">35<\/p>\n<\/td>\n<td width=\"5%\">\n<p align=\"center\">16<\/p>\n<\/td>\n<td width=\"6%\">\n<p align=\"center\">43<\/p>\n<\/td>\n<td width=\"8%\">\n<p align=\"center\">M39<\/p>\n<\/td>\n<td width=\"6%\">\n<p align=\"center\">28<\/p>\n<\/td>\n<td width=\"8%\">\n<p align=\"center\">122<\/p>\n<\/td>\n<\/tr>\n<tr>\n<td width=\"8%\">\n<p align=\"center\">1100<\/p>\n<\/td>\n<td width=\"8%\">\n<p align=\"center\">1355<\/p>\n<\/td>\n<td width=\"8%\">\n<p align=\"center\">1270<\/p>\n<\/td>\n<td width=\"8%\">\n<p align=\"center\">1218<\/p>\n<\/td>\n<td width=\"8%\">\n<p align=\"center\">1152<\/p>\n<\/td>\n<td width=\"8%\">\n<p align=\"center\">53.5<\/p>\n<\/td>\n<td width=\"4%\">\n<p align=\"center\">5<\/p>\n<\/td>\n<td width=\"8%\">\n<p align=\"center\">37.5<\/p>\n<\/td>\n<td width=\"5%\">\n<p align=\"center\">20<\/p>\n<\/td>\n<td width=\"6%\">\n<p align=\"center\">43<\/p>\n<\/td>\n<td width=\"8%\">\n<p align=\"center\">M39<\/p>\n<\/td>\n<td width=\"6%\">\n<p align=\"center\">32<\/p>\n<\/td>\n<td width=\"8%\">\n<p align=\"center\">141<\/p>\n<\/td>\n<\/tr>\n<tr>\n<td width=\"8%\">\n<p align=\"center\">1200<\/p>\n<\/td>\n<td width=\"8%\">\n<p align=\"center\">1485<\/p>\n<\/td>\n<td width=\"8%\">\n<p align=\"center\">1390<\/p>\n<\/td>\n<td width=\"8%\">\n<p align=\"center\">1328<\/p>\n<\/td>\n<td width=\"8%\">\n<p align=\"center\">1255<\/p>\n<\/td>\n<td width=\"8%\">\n<p align=\"center\">57<\/p>\n<\/td>\n<td width=\"4%\">\n<p align=\"center\">5<\/p>\n<\/td>\n<td width=\"8%\">\n<p align=\"center\">40<\/p>\n<\/td>\n<td width=\"5%\">\n<p align=\"center\">20<\/p>\n<\/td>\n<td width=\"6%\">\n<p align=\"center\">49<\/p>\n<\/td>\n<td width=\"8%\">\n<p align=\"center\">M45<\/p>\n<\/td>\n<td width=\"6%\">\n<p align=\"center\">32<\/p>\n<\/td>\n<td width=\"8%\">\n<p align=\"center\">189<\/p>\n<\/td>\n<\/tr>\n<tr>\n<td width=\"8%\">\n<p align=\"center\">1400<\/p>\n<\/td>\n<td width=\"8%\">\n<p align=\"center\">1685<\/p>\n<\/td>\n<td width=\"8%\">\n<p align=\"center\">1590<\/p>\n<\/td>\n<td width=\"8%\">\n<p align=\"center\">1530<\/p>\n<\/td>\n<td width=\"8%\">\n<p align=\"center\">1462<\/p>\n<\/td>\n<td width=\"8%\">\n<p align=\"center\">60<\/p>\n<\/td>\n<td width=\"4%\">\n<p align=\"center\">5<\/p>\n<\/td>\n<td width=\"8%\">\n<p align=\"center\">42<\/p>\n<\/td>\n<td width=\"5%\">\n<p align=\"center\">20<\/p>\n<\/td>\n<td width=\"6%\">\n<p align=\"center\">49<\/p>\n<\/td>\n<td width=\"8%\">\n<p align=\"center\">M45<\/p>\n<\/td>\n<td width=\"6%\">\n<p align=\"center\">36<\/p>\n<\/td>\n<td width=\"8%\">\n<p align=\"center\">216<\/p>\n<\/td>\n<\/tr>\n<tr>\n<td width=\"8%\">\n<p align=\"center\">1600<\/p>\n<\/td>\n<td width=\"8%\">\n<p align=\"center\">1930<\/p>\n<\/td>\n<td width=\"8%\">\n<p align=\"center\">1820<\/p>\n<\/td>\n<td width=\"8%\">\n<p align=\"center\">1750<\/p>\n<\/td>\n<td width=\"8%\">\n<p align=\"center\">1668<\/p>\n<\/td>\n<td width=\"8%\">\n<p align=\"center\">65<\/p>\n<\/td>\n<td width=\"4%\">\n<p align=\"center\">5<\/p>\n<\/td>\n<td width=\"8%\">\n<p align=\"center\">45.5<\/p>\n<\/td>\n<td width=\"5%\">\n<p align=\"center\">20<\/p>\n<\/td>\n<td width=\"6%\">\n<p align=\"center\">56<\/p>\n<\/td>\n<td width=\"8%\">\n<p align=\"center\">M52<\/p>\n<\/td>\n<td width=\"6%\">\n<p align=\"center\">40<\/p>\n<\/td>\n<td width=\"8%\">\n<p align=\"center\">308<\/p>\n<\/td>\n<\/tr>\n<tr>\n<td width=\"8%\">\n<p align=\"center\">1800<\/p>\n<\/td>\n<td width=\"8%\">\n<p align=\"center\">2130<\/p>\n<\/td>\n<td width=\"8%\">\n<p align=\"center\">2020<\/p>\n<\/td>\n<td width=\"8%\">\n<p align=\"center\">1950<\/p>\n<\/td>\n<td width=\"8%\">\n<p align=\"center\">1875<\/p>\n<\/td>\n<td width=\"8%\">\n<p align=\"center\">70<\/p>\n<\/td>\n<td width=\"4%\">\n<p align=\"center\">5<\/p>\n<\/td>\n<td width=\"8%\">\n<p align=\"center\">49<\/p>\n<\/td>\n<td width=\"5%\">\n<p align=\"center\">20<\/p>\n<\/td>\n<td width=\"6%\">\n<p align=\"center\">56<\/p>\n<\/td>\n<td width=\"8%\">\n<p align=\"center\">M52<\/p>\n<\/td>\n<td width=\"6%\">\n<p align=\"center\">44<\/p>\n<\/td>\n<td width=\"8%\">\n<p align=\"center\">362.2<\/p>\n<\/td>\n<\/tr>\n<\/tbody>\n<\/table>\n<\/div>\n<\/div>","protected":false},"excerpt":{"rendered":"<p>Le tuyau \u00e0 bride est un tuyau reli\u00e9 par des brides, la connexion doit \u00eatre align\u00e9e avec les deux trous de boulons de la bride, placez le joint de bride au milieu de la bride, les boulons passent \u00e0 travers les trous de boulons, serrez l&#039;\u00e9crou pour serrer les deux brides avec boulons, pressez le joint au milieu, \u00e0 travers la d\u00e9formation du joint pour former un joint pour le liquide ou le gaz. Les brides fixes sur les extr\u00e9mit\u00e9s du tuyau peuvent \u00eatre coul\u00e9es, filet\u00e9es ou soud\u00e9es, pour une bride l\u00e2che, vous pouvez simplement assemblez-le.<\/p>","protected":false},"featured_media":2446,"template":"","meta":[],"product_brand":[],"product_cat":[158,177],"product_tag":[238,239],"class_list":{"0":"post-2443","1":"product","2":"type-product","3":"status-publish","4":"has-post-thumbnail","6":"product_cat-pipe-fittings","7":"product_cat-ductile-iron-welding-flanged-pipe","8":"product_tag-ductile-iron","9":"product_tag-welding-flanged-pipe","11":"first","12":"instock","13":"shipping-taxable","14":"product-type-simple"},"aioseo_notices":[],"_links":{"self":[{"href":"https:\/\/www.okval.com\/fr\/wp-json\/wp\/v2\/product\/2443","targetHints":{"allow":["GET"]}}],"collection":[{"href":"https:\/\/www.okval.com\/fr\/wp-json\/wp\/v2\/product"}],"about":[{"href":"https:\/\/www.okval.com\/fr\/wp-json\/wp\/v2\/types\/product"}],"wp:featuredmedia":[{"embeddable":true,"href":"https:\/\/www.okval.com\/fr\/wp-json\/wp\/v2\/media\/2446"}],"wp:attachment":[{"href":"https:\/\/www.okval.com\/fr\/wp-json\/wp\/v2\/media?parent=2443"}],"wp:term":[{"taxonomy":"product_brand","embeddable":true,"href":"https:\/\/www.okval.com\/fr\/wp-json\/wp\/v2\/product_brand?post=2443"},{"taxonomy":"product_cat","embeddable":true,"href":"https:\/\/www.okval.com\/fr\/wp-json\/wp\/v2\/product_cat?post=2443"},{"taxonomy":"product_tag","embeddable":true,"href":"https:\/\/www.okval.com\/fr\/wp-json\/wp\/v2\/product_tag?post=2443"}],"curies":[{"name":"wp","href":"https:\/\/api.w.org\/{rel}","templated":true}]}}