{"id":2439,"date":"2024-03-27T22:16:11","date_gmt":"2024-03-27T14:16:11","guid":{"rendered":"https:\/\/www.okval.com\/?post_type=product&#038;p=2439"},"modified":"2024-03-31T15:59:37","modified_gmt":"2024-03-31T07:59:37","slug":"raccords-de-tuyauterie-en-fonte-ductile-pour-douille-en-pvc","status":"publish","type":"product","link":"https:\/\/www.okval.com\/fr\/raccords-de-tuyauterie-en-fonte-ductile-pour-douille-en-pvc-html","title":{"rendered":"Raccords de tuyauterie en fonte ductile pour douille en PVC"},"content":{"rendered":"<p><strong>Caract\u00e9ristiques<\/strong><\/p>\n<p>1-Protection longue dur\u00e9e : avec fonte ductile enduite de FBE 250um, tr\u00e8s r\u00e9sistante \u00e0 l&#039;agressivit\u00e9 du sol.<\/p>\n<p>2-Assemblage facile et fiable : l&#039;assemblage enfichable n\u00e9cessite un petit effort d&#039;installation.<\/p>\n<p>3-Pr\u00eat \u00e0 installer : les raccords sont vendus avec les joints. Les produits sont donc pr\u00eats \u00e0 \u00eatre install\u00e9s lorsque vous les recevez.<\/p>\n<p><strong>Param\u00e8tres techniques<\/strong><\/p>\n<p>1-Dessin<\/p>\n<p><img decoding=\"async\" title=\"Dessin de tous les t\u00e9s \u00e0 douilles\" src=\"https:\/\/www.ametekiron.com\/Content\/uploads\/2020677727\/20200902114558a17a6d16b9a34795835a80a518b1c35b.jpg\" alt=\"Raccords de tuyauterie en fonte ductile pour douille en PVC\" \/><\/p>\n<p>Sp\u00e9cification \u00e0 2 mat\u00e9riaux<\/p>\n<div class=\"table-responsive\">\n<table class=\"table\" border=\"0\" width=\"100%\" cellspacing=\"0\" cellpadding=\"0\">\n<tbody>\n<tr class=\"firstRow\">\n<td valign=\"top\" width=\"142\">Num\u00e9ro d&#039;article.<\/td>\n<td valign=\"top\" width=\"142\">Nom de l&#039;article<\/td>\n<td valign=\"top\" width=\"196\">Mat\u00e9riel<\/td>\n<\/tr>\n<tr>\n<td valign=\"top\" width=\"142\">1<\/td>\n<td valign=\"top\" width=\"142\">Corps<\/td>\n<td valign=\"top\" width=\"196\">Fonte\/fonte ductile<\/td>\n<\/tr>\n<tr>\n<td valign=\"top\" width=\"142\">2<\/td>\n<td valign=\"top\" width=\"142\">Caoutchouc<\/td>\n<td valign=\"top\" width=\"196\">EPDM\/NBR<\/td>\n<\/tr>\n<\/tbody>\n<\/table>\n<\/div>\n<p>3 dimensions (mm)<\/p>\n<div class=\"table-responsive\">\n<table class=\"table\" border=\"0\" width=\"100%\" cellspacing=\"0\" cellpadding=\"0\">\n<tbody>\n<tr class=\"firstRow\">\n<td valign=\"top\" width=\"88\">Pouce<\/td>\n<td valign=\"top\" width=\"94\">DN<\/td>\n<td valign=\"top\" width=\"54\">OD-1<\/td>\n<td valign=\"top\" width=\"45\">OD-2<\/td>\n<td valign=\"top\" width=\"45\">L<\/td>\n<\/tr>\n<tr>\n<td valign=\"top\" width=\"88\">2\u2033*2\u2033<\/td>\n<td valign=\"top\" width=\"94\">50*50<\/td>\n<td valign=\"top\" width=\"54\">63<\/td>\n<td valign=\"top\" width=\"45\">63<\/td>\n<td valign=\"top\" width=\"45\">255<\/td>\n<\/tr>\n<tr>\n<td valign=\"top\" width=\"88\">3\u2033*2\u2033<\/td>\n<td valign=\"top\" width=\"94\">75*50<\/td>\n<td valign=\"top\" width=\"54\">63<\/td>\n<td valign=\"top\" width=\"45\">90<\/td>\n<td valign=\"top\" width=\"45\">275<\/td>\n<\/tr>\n<tr>\n<td valign=\"top\" width=\"88\">3\u2033*3\u2033<\/td>\n<td valign=\"top\" width=\"94\">75*75<\/td>\n<td valign=\"top\" width=\"54\">90<\/td>\n<td valign=\"top\" width=\"45\">90<\/td>\n<td valign=\"top\" width=\"45\">291<\/td>\n<\/tr>\n<tr>\n<td valign=\"top\" width=\"88\">4\u2033*2\u2033<\/td>\n<td valign=\"top\" width=\"94\">100*50<\/td>\n<td valign=\"top\" width=\"54\">63<\/td>\n<td valign=\"top\" width=\"45\">110<\/td>\n<td valign=\"top\" width=\"45\">300<\/td>\n<\/tr>\n<tr>\n<td valign=\"top\" width=\"88\">4\u2033*3\u2033<\/td>\n<td valign=\"top\" width=\"94\">100*75<\/td>\n<td valign=\"top\" width=\"54\">90<\/td>\n<td valign=\"top\" width=\"45\">110<\/td>\n<td valign=\"top\" width=\"45\">315<\/td>\n<\/tr>\n<tr>\n<td valign=\"top\" width=\"88\">4\u2033*4\u2033<\/td>\n<td valign=\"top\" width=\"94\">100*100<\/td>\n<td valign=\"top\" width=\"54\">110<\/td>\n<td valign=\"top\" width=\"45\">110<\/td>\n<td valign=\"top\" width=\"45\">345<\/td>\n<\/tr>\n<tr>\n<td valign=\"top\" width=\"88\">6\u2033*2\u2033<\/td>\n<td valign=\"top\" width=\"94\">150*50<\/td>\n<td valign=\"top\" width=\"54\">63<\/td>\n<td valign=\"top\" width=\"45\">160<\/td>\n<td valign=\"top\" width=\"45\">350<\/td>\n<\/tr>\n<tr>\n<td valign=\"top\" width=\"88\">6\u2033*3\u2033<\/td>\n<td valign=\"top\" width=\"94\">150*75<\/td>\n<td valign=\"top\" width=\"54\">90<\/td>\n<td valign=\"top\" width=\"45\">160<\/td>\n<td valign=\"top\" width=\"45\">365<\/td>\n<\/tr>\n<tr>\n<td valign=\"top\" width=\"88\">6\u2033*4\u2033<\/td>\n<td valign=\"top\" width=\"94\">150*100<\/td>\n<td valign=\"top\" width=\"54\">110<\/td>\n<td valign=\"top\" width=\"45\">160<\/td>\n<td valign=\"top\" width=\"45\">400<\/td>\n<\/tr>\n<tr>\n<td valign=\"top\" width=\"88\">6\u2033*6\u2033<\/td>\n<td valign=\"top\" width=\"94\">150*150<\/td>\n<td valign=\"top\" width=\"54\">160<\/td>\n<td valign=\"top\" width=\"45\">160<\/td>\n<td valign=\"top\" width=\"45\">446<\/td>\n<\/tr>\n<tr>\n<td valign=\"top\" width=\"88\">8\u2033*2\u2033<\/td>\n<td valign=\"top\" width=\"94\">200*50<\/td>\n<td valign=\"top\" width=\"54\">63<\/td>\n<td valign=\"top\" width=\"45\">225<\/td>\n<td valign=\"top\" width=\"45\">380<\/td>\n<\/tr>\n<tr>\n<td valign=\"top\" width=\"88\">8\u2033*3\u2033<\/td>\n<td valign=\"top\" width=\"94\">200*75<\/td>\n<td valign=\"top\" width=\"54\">90<\/td>\n<td valign=\"top\" width=\"45\">225<\/td>\n<td valign=\"top\" width=\"45\">390<\/td>\n<\/tr>\n<tr>\n<td valign=\"top\" width=\"88\">8\u2033*4\u2033<\/td>\n<td valign=\"top\" width=\"94\">200*100<\/td>\n<td valign=\"top\" width=\"54\">110<\/td>\n<td valign=\"top\" width=\"45\">225<\/td>\n<td valign=\"top\" width=\"45\">430<\/td>\n<\/tr>\n<tr>\n<td valign=\"top\" width=\"88\">8\u2033*6\u2033<\/td>\n<td valign=\"top\" width=\"94\">200*150<\/td>\n<td valign=\"top\" width=\"54\">160<\/td>\n<td valign=\"top\" width=\"45\">225<\/td>\n<td valign=\"top\" width=\"45\">480<\/td>\n<\/tr>\n<tr>\n<td valign=\"top\" width=\"88\">8\u2033*8\u2033<\/td>\n<td valign=\"top\" width=\"94\">200*200<\/td>\n<td valign=\"top\" width=\"54\">225<\/td>\n<td valign=\"top\" width=\"45\">225<\/td>\n<td valign=\"top\" width=\"45\">520<\/td>\n<\/tr>\n<\/tbody>\n<\/table>\n<\/div>\n<p>Les dessins et param\u00e8tres ci-dessus sont uniquement \u00e0 titre de r\u00e9f\u00e9rence, veuillez nous consulter pour les donn\u00e9es exactes.<\/p>\n<p>&nbsp;<\/p>","protected":false},"excerpt":{"rendered":"<p>Le raccord de tuyau en fonte ductile pour douille en PVC est fabriqu\u00e9 en fonte ductile allant de OD 63 mm \u00e0 OD225 mm. Pression de PN10 \u00e0 PN16. Il est con\u00e7u et fabriqu\u00e9 pour les tuyaux en PVC. Il est largement utilis\u00e9 dans des applications telles que\u00a0: l&#039;approvisionnement en eau, l&#039;eau recycl\u00e9e, l&#039;irrigation, le traitement des eaux us\u00e9es, le drainage, les conduites d&#039;eau de pluie, le gaz et les applications industrielles.<\/p>","protected":false},"featured_media":2441,"template":"","meta":[],"product_brand":[],"product_cat":[176,158],"product_tag":[238,240,241],"class_list":{"0":"post-2439","1":"product","2":"type-product","3":"status-publish","4":"has-post-thumbnail","6":"product_cat-ductile-iron-pipe-fittings-for-pvc-socket","7":"product_cat-pipe-fittings","8":"product_tag-ductile-iron","9":"product_tag-pipe-fittings","10":"product_tag-pvc-socket","12":"first","13":"instock","14":"shipping-taxable","15":"product-type-simple"},"aioseo_notices":[],"_links":{"self":[{"href":"https:\/\/www.okval.com\/fr\/wp-json\/wp\/v2\/product\/2439","targetHints":{"allow":["GET"]}}],"collection":[{"href":"https:\/\/www.okval.com\/fr\/wp-json\/wp\/v2\/product"}],"about":[{"href":"https:\/\/www.okval.com\/fr\/wp-json\/wp\/v2\/types\/product"}],"wp:featuredmedia":[{"embeddable":true,"href":"https:\/\/www.okval.com\/fr\/wp-json\/wp\/v2\/media\/2441"}],"wp:attachment":[{"href":"https:\/\/www.okval.com\/fr\/wp-json\/wp\/v2\/media?parent=2439"}],"wp:term":[{"taxonomy":"product_brand","embeddable":true,"href":"https:\/\/www.okval.com\/fr\/wp-json\/wp\/v2\/product_brand?post=2439"},{"taxonomy":"product_cat","embeddable":true,"href":"https:\/\/www.okval.com\/fr\/wp-json\/wp\/v2\/product_cat?post=2439"},{"taxonomy":"product_tag","embeddable":true,"href":"https:\/\/www.okval.com\/fr\/wp-json\/wp\/v2\/product_tag?post=2439"}],"curies":[{"name":"wp","href":"https:\/\/api.w.org\/{rel}","templated":true}]}}