{"id":2435,"date":"2024-03-27T22:08:05","date_gmt":"2024-03-27T14:08:05","guid":{"rendered":"https:\/\/www.okval.com\/?post_type=product&#038;p=2435"},"modified":"2024-04-13T17:33:42","modified_gmt":"2024-04-13T09:33:42","slug":"garnitures-de-tuyauterie-a-bride-en-fonte-malleable","status":"publish","type":"product","link":"https:\/\/www.okval.com\/fr\/raccords-de-tuyauterie-a-bride-en-fonte-ductile-html","title":{"rendered":"Raccords de tuyauterie \u00e0 bride en fonte ductile"},"content":{"rendered":"<p><strong>Param\u00e8tres techniques<\/strong><\/p>\n<p>1-Dessin<\/p>\n<p><img decoding=\"async\" title=\"Dessin d&#039;un t\u00e9 \u00e0 bride en fonte ductile\" src=\"https:\/\/www.ametekiron.com\/Content\/uploads\/2020677727\/20200907172011a289c854bd574297ba444d86f5b284be.jpg\" \/><\/p>\n<p>Sp\u00e9cification \u00e0 2 mat\u00e9riaux<\/p>\n<div class=\"table-responsive\">\n<table class=\"table\" border=\"0\" width=\"100%\" cellspacing=\"0\" cellpadding=\"0\">\n<tbody>\n<tr class=\"firstRow\">\n<td valign=\"top\" width=\"142\">Num\u00e9ro d&#039;article.<\/td>\n<td valign=\"top\" width=\"142\">Nom de l&#039;article<\/td>\n<td valign=\"top\" width=\"196\">Mat\u00e9riel<\/td>\n<\/tr>\n<tr>\n<td valign=\"top\" width=\"142\">1<\/td>\n<td valign=\"top\" width=\"142\">Corps<\/td>\n<td valign=\"top\" width=\"196\">Fonte\/fonte ductile<\/td>\n<\/tr>\n<tr>\n<td valign=\"top\" width=\"142\">2<\/td>\n<td valign=\"top\" width=\"142\">Bride<\/td>\n<td valign=\"top\" width=\"196\">Fonte\/fonte ductile<\/td>\n<\/tr>\n<\/tbody>\n<\/table>\n<\/div>\n<p>3 dimensions (mm)<\/p>\n<div class=\"table-responsive\">\n<table class=\"table\" border=\"0\" width=\"100%\" cellspacing=\"0\" cellpadding=\"0\">\n<tbody>\n<tr class=\"firstRow\">\n<td valign=\"top\" width=\"41\">DN<\/td>\n<td valign=\"top\" width=\"41\">L<\/td>\n<td valign=\"top\" width=\"79\">Standard<\/td>\n<\/tr>\n<tr>\n<td width=\"41\">80<\/td>\n<td width=\"41\">135<\/td>\n<td rowspan=\"4\" width=\"79\">ISO2531<\/td>\n<\/tr>\n<tr>\n<td width=\"41\">100<\/td>\n<td width=\"41\">140<\/td>\n<\/tr>\n<tr>\n<td width=\"41\">150<\/td>\n<td width=\"41\">155<\/td>\n<\/tr>\n<tr>\n<td width=\"41\">200<\/td>\n<td width=\"41\">170<\/td>\n<\/tr>\n<\/tbody>\n<\/table>\n<\/div>\n<div class=\"table-responsive\">\n<table class=\"table\" border=\"0\" width=\"100%\" cellspacing=\"0\" cellpadding=\"0\">\n<tbody>\n<tr class=\"firstRow\">\n<td valign=\"top\" width=\"114\">DN<\/td>\n<td valign=\"top\" width=\"114\">DN<\/td>\n<td valign=\"top\" width=\"114\">L<\/td>\n<td valign=\"top\" width=\"114\">je<\/td>\n<td valign=\"top\" width=\"114\">Standard<\/td>\n<\/tr>\n<tr>\n<td rowspan=\"2\" width=\"114\">40<\/td>\n<td rowspan=\"2\" width=\"114\">40<\/td>\n<td valign=\"top\" width=\"114\">255<\/td>\n<td valign=\"top\" width=\"114\">130<\/td>\n<td valign=\"top\" width=\"114\">EN545B<\/td>\n<\/tr>\n<tr>\n<td valign=\"top\" width=\"114\">280<\/td>\n<td valign=\"top\" width=\"114\">140<\/td>\n<td valign=\"top\" width=\"114\">EN545A<\/td>\n<\/tr>\n<tr>\n<td rowspan=\"2\" width=\"114\">50<\/td>\n<td rowspan=\"2\" width=\"114\">50<\/td>\n<td valign=\"top\" width=\"114\">280<\/td>\n<td valign=\"top\" width=\"114\">140<\/td>\n<td valign=\"top\" width=\"114\">EN545B<\/td>\n<\/tr>\n<tr>\n<td valign=\"top\" width=\"114\">300<\/td>\n<td valign=\"top\" width=\"114\">150<\/td>\n<td valign=\"top\" width=\"114\">EN545A<\/td>\n<\/tr>\n<tr>\n<td rowspan=\"2\" width=\"114\">60<\/td>\n<td rowspan=\"2\" width=\"114\">60<\/td>\n<td width=\"114\">300<\/td>\n<td width=\"114\">150<\/td>\n<td width=\"114\">EN545B<\/td>\n<\/tr>\n<tr>\n<td valign=\"top\" width=\"114\">320<\/td>\n<td valign=\"top\" width=\"114\">160<\/td>\n<td valign=\"top\" width=\"114\">EN545A<\/td>\n<\/tr>\n<tr>\n<td rowspan=\"2\" width=\"114\">65<\/td>\n<td valign=\"top\" width=\"114\">50<\/td>\n<td valign=\"top\" width=\"114\">330<\/td>\n<td valign=\"top\" width=\"114\">165<\/td>\n<td valign=\"top\" width=\"114\">EN545<\/td>\n<\/tr>\n<tr>\n<td valign=\"top\" width=\"114\">65<\/td>\n<td valign=\"top\" width=\"114\">330<\/td>\n<td valign=\"top\" width=\"114\">165<\/td>\n<td valign=\"top\" width=\"114\">EN545A<\/td>\n<\/tr>\n<tr>\n<td rowspan=\"8\" width=\"114\">80<\/td>\n<td valign=\"top\" width=\"114\">40<\/td>\n<td valign=\"top\" width=\"114\">330<\/td>\n<td valign=\"top\" width=\"114\">165<\/td>\n<td valign=\"top\" width=\"114\">EN545<\/td>\n<\/tr>\n<tr>\n<td rowspan=\"2\" width=\"114\">50<\/td>\n<td valign=\"top\" width=\"114\">310<\/td>\n<td valign=\"top\" width=\"114\">145<\/td>\n<td valign=\"top\" width=\"114\">EN545<\/td>\n<\/tr>\n<tr>\n<td valign=\"top\" width=\"114\">330<\/td>\n<td valign=\"top\" width=\"114\">160<\/td>\n<td valign=\"top\" width=\"114\">EN545<\/td>\n<\/tr>\n<tr>\n<td rowspan=\"2\" width=\"114\">60<\/td>\n<td valign=\"top\" width=\"114\">310<\/td>\n<td valign=\"top\" width=\"114\">155<\/td>\n<td valign=\"top\" width=\"114\">EN545B<\/td>\n<\/tr>\n<tr>\n<td valign=\"top\" width=\"114\">330<\/td>\n<td valign=\"top\" width=\"114\">160<\/td>\n<td valign=\"top\" width=\"114\">EN545<\/td>\n<\/tr>\n<tr>\n<td valign=\"top\" width=\"114\">65<\/td>\n<td valign=\"top\" width=\"114\">330<\/td>\n<td valign=\"top\" width=\"114\">160<\/td>\n<td valign=\"top\" width=\"114\">EN545<\/td>\n<\/tr>\n<tr>\n<td rowspan=\"2\" width=\"114\">80<\/td>\n<td valign=\"top\" width=\"114\">280<\/td>\n<td valign=\"top\" width=\"114\">140<\/td>\n<td valign=\"top\" width=\"114\">EN545<\/td>\n<\/tr>\n<tr>\n<td valign=\"top\" width=\"114\">330<\/td>\n<td valign=\"top\" width=\"114\">165<\/td>\n<td valign=\"top\" width=\"114\">EN545A\/B<\/td>\n<\/tr>\n<tr>\n<td rowspan=\"9\" width=\"114\">100<\/td>\n<td rowspan=\"2\" width=\"114\">50<\/td>\n<td valign=\"top\" width=\"114\">320<\/td>\n<td valign=\"top\" width=\"114\">165<\/td>\n<td valign=\"top\" width=\"114\">EN545<\/td>\n<\/tr>\n<tr>\n<td valign=\"top\" width=\"114\">360<\/td>\n<td valign=\"top\" width=\"114\">170<\/td>\n<td valign=\"top\" width=\"114\">EN545<\/td>\n<\/tr>\n<tr>\n<td rowspan=\"2\" width=\"114\">60<\/td>\n<td valign=\"top\" width=\"114\">320<\/td>\n<td valign=\"top\" width=\"114\">165<\/td>\n<td valign=\"top\" width=\"114\">EN545B<\/td>\n<\/tr>\n<tr>\n<td valign=\"top\" width=\"114\">360<\/td>\n<td valign=\"top\" width=\"114\">165<\/td>\n<td valign=\"top\" width=\"114\">EN545<\/td>\n<\/tr>\n<tr>\n<td width=\"114\">65<\/td>\n<td valign=\"top\" width=\"114\">360<\/td>\n<td valign=\"top\" width=\"114\">165<\/td>\n<td valign=\"top\" width=\"114\">EN545<\/td>\n<\/tr>\n<tr>\n<td rowspan=\"2\" width=\"114\">80<\/td>\n<td valign=\"top\" width=\"114\">330<\/td>\n<td valign=\"top\" width=\"114\">170<\/td>\n<td width=\"114\">EN545B<\/td>\n<\/tr>\n<tr>\n<td valign=\"top\" width=\"114\">360<\/td>\n<td valign=\"top\" width=\"114\">175<\/td>\n<td valign=\"top\" width=\"114\">EN545A<\/td>\n<\/tr>\n<tr>\n<td rowspan=\"2\" width=\"114\">100<\/td>\n<td valign=\"top\" width=\"114\">310<\/td>\n<td valign=\"top\" width=\"114\">155<\/td>\n<td valign=\"top\" width=\"114\">EN545<\/td>\n<\/tr>\n<tr>\n<td valign=\"top\" width=\"114\">360<\/td>\n<td valign=\"top\" width=\"114\">180<\/td>\n<td valign=\"top\" width=\"114\">EN545A\/B<\/td>\n<\/tr>\n<tr>\n<td rowspan=\"8\" width=\"114\">125<\/td>\n<td width=\"114\">50<\/td>\n<td valign=\"top\" width=\"114\">400<\/td>\n<td valign=\"top\" width=\"114\">180<\/td>\n<td valign=\"top\" width=\"114\">EN545<\/td>\n<\/tr>\n<tr>\n<td rowspan=\"2\" width=\"114\">60<\/td>\n<td valign=\"top\" width=\"114\">330<\/td>\n<td valign=\"top\" width=\"114\">180<\/td>\n<td valign=\"top\" width=\"114\">EN545B<\/td>\n<\/tr>\n<tr>\n<td valign=\"top\" width=\"114\">400<\/td>\n<td valign=\"top\" width=\"114\">180<\/td>\n<td valign=\"top\" width=\"114\">EN545<\/td>\n<\/tr>\n<tr>\n<td rowspan=\"2\" width=\"114\">80<\/td>\n<td valign=\"top\" width=\"114\">350<\/td>\n<td valign=\"top\" width=\"114\">185<\/td>\n<td width=\"114\">EN545B<\/td>\n<\/tr>\n<tr>\n<td valign=\"top\" width=\"114\">400<\/td>\n<td valign=\"top\" width=\"114\">190<\/td>\n<td valign=\"top\" width=\"114\">EN545A<\/td>\n<\/tr>\n<tr>\n<td rowspan=\"2\" width=\"114\">100<\/td>\n<td valign=\"top\" width=\"114\">370<\/td>\n<td valign=\"top\" width=\"114\">195<\/td>\n<td width=\"114\">EN545B<\/td>\n<\/tr>\n<tr>\n<td valign=\"top\" width=\"114\">400<\/td>\n<td valign=\"top\" width=\"114\">195<\/td>\n<td valign=\"top\" width=\"114\">EN545A<\/td>\n<\/tr>\n<tr>\n<td width=\"114\">125<\/td>\n<td valign=\"top\" width=\"114\">400<\/td>\n<td valign=\"top\" width=\"114\">200<\/td>\n<td valign=\"top\" width=\"114\">EN545A\/B<\/td>\n<\/tr>\n<tr>\n<td rowspan=\"12\" width=\"114\">150<\/td>\n<td rowspan=\"2\" width=\"114\">50<\/td>\n<td valign=\"top\" width=\"114\">335<\/td>\n<td valign=\"top\" width=\"114\">175<\/td>\n<td valign=\"top\" width=\"114\">EN545<\/td>\n<\/tr>\n<tr>\n<td valign=\"top\" width=\"114\">440<\/td>\n<td valign=\"top\" width=\"114\">200<\/td>\n<td valign=\"top\" width=\"114\">EN545<\/td>\n<\/tr>\n<tr>\n<td rowspan=\"2\" width=\"114\">60<\/td>\n<td valign=\"top\" width=\"114\">340<\/td>\n<td valign=\"top\" width=\"114\">190<\/td>\n<td valign=\"top\" width=\"114\">EN545B<\/td>\n<\/tr>\n<tr>\n<td valign=\"top\" width=\"114\">440<\/td>\n<td valign=\"top\" width=\"114\">195<\/td>\n<td valign=\"top\" width=\"114\">EN545<\/td>\n<\/tr>\n<tr>\n<td width=\"114\">65<\/td>\n<td valign=\"top\" width=\"114\">440<\/td>\n<td valign=\"top\" width=\"114\">195<\/td>\n<td valign=\"top\" width=\"114\">EN545<\/td>\n<\/tr>\n<tr>\n<td rowspan=\"2\" width=\"114\">80<\/td>\n<td valign=\"top\" width=\"114\">360<\/td>\n<td valign=\"top\" width=\"114\">200<\/td>\n<td width=\"114\">EN545B<\/td>\n<\/tr>\n<tr>\n<td valign=\"top\" width=\"114\">440<\/td>\n<td valign=\"top\" width=\"114\">205<\/td>\n<td valign=\"top\" width=\"114\">EN545A<\/td>\n<\/tr>\n<tr>\n<td rowspan=\"2\" width=\"114\">100<\/td>\n<td valign=\"top\" width=\"114\">380<\/td>\n<td valign=\"top\" width=\"114\">205<\/td>\n<td width=\"114\">EN545B<\/td>\n<\/tr>\n<tr>\n<td valign=\"top\" width=\"114\">440<\/td>\n<td valign=\"top\" width=\"114\">210<\/td>\n<td valign=\"top\" width=\"114\">EN545A<\/td>\n<\/tr>\n<tr>\n<td width=\"114\">125<\/td>\n<td valign=\"top\" width=\"114\">410<\/td>\n<td valign=\"top\" width=\"114\">215<\/td>\n<td valign=\"top\" width=\"114\">EN545B<\/td>\n<\/tr>\n<tr>\n<td rowspan=\"2\" width=\"114\">150<\/td>\n<td valign=\"top\" width=\"114\">390<\/td>\n<td valign=\"top\" width=\"114\">195<\/td>\n<td valign=\"top\" width=\"114\">EN545<\/td>\n<\/tr>\n<tr>\n<td valign=\"top\" width=\"114\">440<\/td>\n<td valign=\"top\" width=\"114\">220<\/td>\n<td valign=\"top\" width=\"114\">EN545A\/B<\/td>\n<\/tr>\n<tr>\n<td rowspan=\"13\" width=\"114\">200<\/td>\n<td width=\"114\">50<\/td>\n<td width=\"114\">520<\/td>\n<td width=\"114\">220<\/td>\n<td width=\"114\">EN545<\/td>\n<\/tr>\n<tr>\n<td rowspan=\"2\" width=\"114\">60<\/td>\n<td width=\"114\">365<\/td>\n<td width=\"114\">215<\/td>\n<td width=\"114\">EN545B<\/td>\n<\/tr>\n<tr>\n<td width=\"114\">520<\/td>\n<td width=\"114\">220<\/td>\n<td width=\"114\">EN545<\/td>\n<\/tr>\n<tr>\n<td width=\"114\">65<\/td>\n<td width=\"114\">520<\/td>\n<td width=\"114\">220<\/td>\n<td width=\"114\">EN545<\/td>\n<\/tr>\n<tr>\n<td rowspan=\"2\" width=\"114\">80<\/td>\n<td width=\"114\">380<\/td>\n<td width=\"114\">225<\/td>\n<td width=\"114\">EN545B<\/td>\n<\/tr>\n<tr>\n<td width=\"114\">520<\/td>\n<td width=\"114\">235<\/td>\n<td width=\"114\">EN545A<\/td>\n<\/tr>\n<tr>\n<td rowspan=\"2\" width=\"114\">100<\/td>\n<td width=\"114\">400<\/td>\n<td width=\"114\">230<\/td>\n<td width=\"114\">EN545B<\/td>\n<\/tr>\n<tr>\n<td width=\"114\">520<\/td>\n<td width=\"114\">240<\/td>\n<td width=\"114\">EN545A<\/td>\n<\/tr>\n<tr>\n<td width=\"114\">125<\/td>\n<td width=\"114\">520<\/td>\n<td width=\"114\">240<\/td>\n<td width=\"114\">EN545<\/td>\n<\/tr>\n<tr>\n<td rowspan=\"2\" width=\"114\">150<\/td>\n<td width=\"114\">460<\/td>\n<td width=\"114\">245<\/td>\n<td width=\"114\">EN545B<\/td>\n<\/tr>\n<tr>\n<td width=\"114\">520<\/td>\n<td width=\"114\">250<\/td>\n<td width=\"114\">EN545A<\/td>\n<\/tr>\n<tr>\n<td rowspan=\"2\" width=\"114\">200<\/td>\n<td width=\"114\">460<\/td>\n<td width=\"114\">230<\/td>\n<td width=\"114\">EN545<\/td>\n<\/tr>\n<tr>\n<td width=\"114\">520<\/td>\n<td width=\"114\">260<\/td>\n<td width=\"114\">EN545A\/B<\/td>\n<\/tr>\n<\/tbody>\n<\/table>\n<\/div>\n<p>&nbsp;<\/p>\n<p><strong>Caract\u00e9ristiques<\/strong><\/p>\n<p>Pression de service 1-PN10\/16\/25\/40.<\/p>\n<p>Fonte 2-ductile avec rev\u00eatement FBE<\/p>","protected":false},"excerpt":{"rendered":"<p>Les raccords de tuyauterie, \u00e9galement appel\u00e9s connecteurs de tuyauterie, fixent un tuyau \u00e0 un autre afin d&#039;allonger le parcours ou de modifier la direction du d\u00e9bit dans un syst\u00e8me de plomberie. Ceux-ci sont utilis\u00e9s pour combiner, d\u00e9tourner ou r\u00e9duire le d\u00e9bit de l\u2019alimentation en eau, et ils sont disponibles dans une vari\u00e9t\u00e9 de tailles pour s\u2019adapter au tuyau qu\u2019ils connecteront.<\/p>","protected":false},"featured_media":2438,"template":"","meta":[],"product_brand":[],"product_cat":[175,158],"product_tag":[231,238,240],"class_list":{"0":"post-2435","1":"product","2":"type-product","3":"status-publish","4":"has-post-thumbnail","6":"product_cat-ductile-iron-flange-pipe-fittings","7":"product_cat-pipe-fittings","8":"product_tag-flange","9":"product_tag-ductile-iron","10":"product_tag-pipe-fittings","12":"first","13":"instock","14":"shipping-taxable","15":"product-type-simple"},"aioseo_notices":[],"_links":{"self":[{"href":"https:\/\/www.okval.com\/fr\/wp-json\/wp\/v2\/product\/2435","targetHints":{"allow":["GET"]}}],"collection":[{"href":"https:\/\/www.okval.com\/fr\/wp-json\/wp\/v2\/product"}],"about":[{"href":"https:\/\/www.okval.com\/fr\/wp-json\/wp\/v2\/types\/product"}],"wp:featuredmedia":[{"embeddable":true,"href":"https:\/\/www.okval.com\/fr\/wp-json\/wp\/v2\/media\/2438"}],"wp:attachment":[{"href":"https:\/\/www.okval.com\/fr\/wp-json\/wp\/v2\/media?parent=2435"}],"wp:term":[{"taxonomy":"product_brand","embeddable":true,"href":"https:\/\/www.okval.com\/fr\/wp-json\/wp\/v2\/product_brand?post=2435"},{"taxonomy":"product_cat","embeddable":true,"href":"https:\/\/www.okval.com\/fr\/wp-json\/wp\/v2\/product_cat?post=2435"},{"taxonomy":"product_tag","embeddable":true,"href":"https:\/\/www.okval.com\/fr\/wp-json\/wp\/v2\/product_tag?post=2435"}],"curies":[{"name":"wp","href":"https:\/\/api.w.org\/{rel}","templated":true}]}}