{"id":2431,"date":"2024-03-27T10:30:43","date_gmt":"2024-03-27T02:30:43","guid":{"rendered":"https:\/\/www.okval.com\/?post_type=product&#038;p=2431"},"modified":"2024-04-01T22:25:17","modified_gmt":"2024-04-01T14:25:17","slug":"pince-de-reparation","status":"publish","type":"product","link":"https:\/\/www.okval.com\/fr\/pince-de-reparation-html","title":{"rendered":"Pince de r\u00e9paration"},"content":{"rendered":"<p><strong>Fonctionnalit\u00e9<\/strong><\/p>\n<p><span class=\"fontstyle0\">\u2022Type\u00a0: CR1, CR2, CR3<br \/>\n\u2022 Taille\u00a0: DN40-1200 selon votre demande<br \/>\n\u2022 Longueur\u00a0:\u00a0150, 200, 300, 400, 600\u00a0mm<br \/>\n<\/span><span class=\"fontstyle0\">\u2022 <\/span>Gamme : diff\u00e9rente selon demande<br \/>\n<span class=\"fontstyle0\">\u2022 Pression nominale\u00a0: PN10\/16<br \/>\n\u2022 Boulons\/\u00e9crous\u00a0: SS304, SS201, acier au carbone galvanis\u00e9.<br \/>\n\u2022 Joint\u00a0: EPDM\/NBR<\/span><\/p>\n<p><b>param\u00e8tres techniques<\/b><\/p>\n<p><strong>1-Dessin<\/strong><img decoding=\"async\" src=\"https:\/\/www.ametekiron.com\/Content\/uploads\/2021677727\/2021030519113596e9059a7d1942d7abe76815bbdd0ea5.jpg\" alt=\"Dessin d&#039;une pince de r\u00e9paration pour bande de fonte ductile\" \/><\/p>\n<p><strong>Sp\u00e9cification \u00e0 2 mat\u00e9riaux<\/strong><\/p>\n<div class=\"table-responsive\">\n<table class=\"table\" border=\"0\" width=\"100%\" cellspacing=\"0\" cellpadding=\"0\">\n<colgroup>\n<col \/>\n<col \/>\n<col \/><\/colgroup>\n<tbody>\n<tr class=\"firstRow\">\n<td align=\"center\" valign=\"middle\">Non.<\/td>\n<td align=\"center\" valign=\"middle\">Nom de la pi\u00e8ce<\/td>\n<td align=\"center\" valign=\"middle\">Mat\u00e9riel<\/td>\n<\/tr>\n<tr>\n<td align=\"center\" valign=\"middle\">1<\/td>\n<td align=\"center\" valign=\"middle\">Plaque de pont<\/td>\n<td align=\"center\" valign=\"middle\">Acier inoxydable<\/td>\n<\/tr>\n<tr>\n<td align=\"center\" valign=\"middle\">2<\/td>\n<td align=\"center\" valign=\"middle\">Cosses<\/td>\n<td align=\"center\" valign=\"middle\">Fonte Ductile<\/td>\n<\/tr>\n<tr>\n<td align=\"center\" valign=\"middle\">3<\/td>\n<td align=\"center\" valign=\"middle\">Boulon<\/td>\n<td align=\"center\" valign=\"middle\">Acier inoxydable<\/td>\n<\/tr>\n<tr>\n<td align=\"center\" valign=\"middle\">4<\/td>\n<td align=\"center\" valign=\"middle\">Machine \u00e0 laver<\/td>\n<td align=\"center\" valign=\"middle\">Acier inoxydable<\/td>\n<\/tr>\n<tr>\n<td align=\"center\" valign=\"middle\">5<\/td>\n<td align=\"center\" valign=\"middle\">Noix<\/td>\n<td align=\"center\" valign=\"middle\">Acier inoxydable<\/td>\n<\/tr>\n<tr>\n<td align=\"center\" valign=\"middle\">6<\/td>\n<td align=\"center\" valign=\"middle\">Capuchon de protection<\/td>\n<td align=\"center\" valign=\"middle\">Plastique<\/td>\n<\/tr>\n<tr>\n<td align=\"center\" valign=\"middle\">7<\/td>\n<td align=\"center\" valign=\"middle\">Peau<\/td>\n<td align=\"center\" valign=\"middle\">Acier inoxydable<\/td>\n<\/tr>\n<tr>\n<td align=\"center\" valign=\"middle\">8<\/td>\n<td align=\"center\" valign=\"middle\">Caoutchouc d&#039;\u00e9tanch\u00e9it\u00e9<\/td>\n<td align=\"center\" valign=\"middle\">EPDM\/NBR<\/td>\n<\/tr>\n<\/tbody>\n<\/table>\n<\/div>\n<p><strong>3 dimensions (mm)<\/strong><\/p>\n<table class=\"NormalTable\">\n<tbody>\n<tr>\n<td width=\"180\"><span class=\"fontstyle0\">Gamme DE <\/span><\/td>\n<td width=\"179\"><span class=\"fontstyle0\">Longueur <\/span><\/td>\n<td width=\"180\"><span class=\"fontstyle0\">Verrouillage <\/span><\/td>\n<td width=\"180\"><span class=\"fontstyle0\">Pression de travail<\/span><\/td>\n<\/tr>\n<tr>\n<td width=\"180\"><span class=\"fontstyle2\">30-35 <\/span><\/td>\n<td width=\"179\"><span class=\"fontstyle2\">150 200 300 400 600 <\/span><\/td>\n<td width=\"180\"><span class=\"fontstyle2\">5\/8\u2033,M16,M14,M12 <\/span><\/td>\n<td width=\"180\"><span class=\"fontstyle2\">PN10\/16<\/span><\/td>\n<\/tr>\n<tr>\n<td width=\"180\"><span class=\"fontstyle2\">35-40 <\/span><\/td>\n<td width=\"179\"><span class=\"fontstyle2\">150 200 300 400 600 <\/span><\/td>\n<td width=\"180\"><span class=\"fontstyle2\">5\/8\u2033,M16,M14,M12 <\/span><\/td>\n<td width=\"180\"><span class=\"fontstyle2\">PN10\/16<\/span><\/td>\n<\/tr>\n<tr>\n<td width=\"180\"><span class=\"fontstyle2\">40-45 <\/span><\/td>\n<td width=\"179\"><span class=\"fontstyle2\">150 200 300 400 600 <\/span><\/td>\n<td width=\"180\"><span class=\"fontstyle2\">5\/8\u2033,M16,M14,M12 <\/span><\/td>\n<td width=\"180\"><span class=\"fontstyle2\">PN10\/16<\/span><\/td>\n<\/tr>\n<tr>\n<td width=\"180\"><span class=\"fontstyle2\">45-50 <\/span><\/td>\n<td width=\"179\"><span class=\"fontstyle2\">150 200 300 400 600 <\/span><\/td>\n<td width=\"180\"><span class=\"fontstyle2\">5\/8\u2033,M16,M14,M12 <\/span><\/td>\n<td width=\"180\"><span class=\"fontstyle2\">PN10\/16<\/span><\/td>\n<\/tr>\n<tr>\n<td width=\"180\"><span class=\"fontstyle2\">50-55 <\/span><\/td>\n<td width=\"179\"><span class=\"fontstyle2\">150 200 300 400 600 <\/span><\/td>\n<td width=\"180\"><span class=\"fontstyle2\">5\/8\u2033,M16,M14,M12 <\/span><\/td>\n<td width=\"180\"><span class=\"fontstyle2\">PN10\/16<\/span><\/td>\n<\/tr>\n<tr>\n<td width=\"180\"><span class=\"fontstyle2\">55-60 <\/span><\/td>\n<td width=\"179\"><span class=\"fontstyle2\">150 200 300 400 600 <\/span><\/td>\n<td width=\"180\"><span class=\"fontstyle2\">5\/8\u2033,M16,M14,M12 <\/span><\/td>\n<td width=\"180\"><span class=\"fontstyle2\">PN10\/16<\/span><\/td>\n<\/tr>\n<tr>\n<td width=\"180\"><span class=\"fontstyle2\">60-67 <\/span><\/td>\n<td width=\"179\"><span class=\"fontstyle2\">150 200 300 400 600 <\/span><\/td>\n<td width=\"180\"><span class=\"fontstyle2\">5\/8\u2033,M16,M14,M12 <\/span><\/td>\n<td width=\"180\"><span class=\"fontstyle2\">PN10\/16<\/span><\/td>\n<\/tr>\n<tr>\n<td width=\"180\"><span class=\"fontstyle2\">75-85 <\/span><\/td>\n<td width=\"179\"><span class=\"fontstyle2\">150 200 300 400 600 <\/span><\/td>\n<td width=\"180\"><span class=\"fontstyle2\">5\/8\u2033,M16,M14,M12 <\/span><\/td>\n<td width=\"180\"><span class=\"fontstyle2\">PN10\/16<\/span><\/td>\n<\/tr>\n<tr>\n<td width=\"180\"><span class=\"fontstyle2\">88-98 <\/span><\/td>\n<td width=\"179\"><span class=\"fontstyle2\">150 200 300 400 600 <\/span><\/td>\n<td width=\"180\"><span class=\"fontstyle2\">5\/8\u2033,M16,M14,M12 <\/span><\/td>\n<td width=\"180\"><span class=\"fontstyle2\">PN10\/16<\/span><\/td>\n<\/tr>\n<tr>\n<td width=\"180\"><span class=\"fontstyle2\">95-105 <\/span><\/td>\n<td width=\"179\"><span class=\"fontstyle2\">150 200 300 400 600 <\/span><\/td>\n<td width=\"180\"><span class=\"fontstyle2\">5\/8\u2033,M16,M14,M12 <\/span><\/td>\n<td width=\"180\"><span class=\"fontstyle2\">PN10\/16<\/span><\/td>\n<\/tr>\n<tr>\n<td width=\"180\"><span class=\"fontstyle2\">108-118 <\/span><\/td>\n<td width=\"179\"><span class=\"fontstyle2\">150 200 300 400 600 <\/span><\/td>\n<td width=\"180\"><span class=\"fontstyle2\">5\/8\u2033,M16,M14,M12 <\/span><\/td>\n<td width=\"180\"><span class=\"fontstyle2\">PN10<\/span><\/td>\n<\/tr>\n<tr>\n<td width=\"180\"><span class=\"fontstyle2\">115-128 <\/span><\/td>\n<td width=\"179\"><span class=\"fontstyle2\">150 200 300 400 600 <\/span><\/td>\n<td width=\"180\"><span class=\"fontstyle2\">5\/8\u2033,M16,M14,M12 <\/span><\/td>\n<td width=\"180\"><span class=\"fontstyle2\">PN10<\/span><\/td>\n<\/tr>\n<tr>\n<td width=\"180\"><span class=\"fontstyle2\">126-136 <\/span><\/td>\n<td width=\"179\"><span class=\"fontstyle2\">150 200 300 400 600 <\/span><\/td>\n<td width=\"180\"><span class=\"fontstyle2\">5\/8\u2033,M16,M14,M12 <\/span><\/td>\n<td width=\"180\"><span class=\"fontstyle2\">PN10<\/span><\/td>\n<\/tr>\n<tr>\n<td width=\"180\"><span class=\"fontstyle2\">132-142 <\/span><\/td>\n<td width=\"179\"><span class=\"fontstyle2\">150 200 300 400 600 <\/span><\/td>\n<td width=\"180\"><span class=\"fontstyle2\">5\/8\u2033,M16,M14,M12 <\/span><\/td>\n<td width=\"180\"><span class=\"fontstyle2\">PN10<\/span><\/td>\n<\/tr>\n<tr>\n<td width=\"180\"><span class=\"fontstyle2\">151-161 <\/span><\/td>\n<td width=\"179\"><span class=\"fontstyle2\">150 200 300 400 600 <\/span><\/td>\n<td width=\"180\"><span class=\"fontstyle2\">5\/8\u2033,M16,M14,M12 <\/span><\/td>\n<td width=\"180\"><span class=\"fontstyle2\">PN10<\/span><\/td>\n<\/tr>\n<tr>\n<td width=\"180\"><span class=\"fontstyle2\">158-172 <\/span><\/td>\n<td width=\"179\"><span class=\"fontstyle2\">150 200 300 400 600 <\/span><\/td>\n<td width=\"180\"><span class=\"fontstyle2\">5\/8\u2033,M16,M14,M12 <\/span><\/td>\n<td width=\"180\"><span class=\"fontstyle2\">PN10<\/span><\/td>\n<\/tr>\n<tr>\n<td width=\"180\"><span class=\"fontstyle2\">168-182 <\/span><\/td>\n<td width=\"179\"><span class=\"fontstyle2\">150 200 300 400 600 <\/span><\/td>\n<td width=\"180\"><span class=\"fontstyle2\">5\/8\u2033,M16,M14,M12 <\/span><\/td>\n<td width=\"180\"><span class=\"fontstyle2\">PN10<\/span><\/td>\n<\/tr>\n<tr>\n<td width=\"180\"><span class=\"fontstyle2\">179-189 <\/span><\/td>\n<td width=\"179\"><span class=\"fontstyle2\">150 200 300 400 600 <\/span><\/td>\n<td width=\"180\"><span class=\"fontstyle2\">5\/8\u2033,M16,M14,M12 <\/span><\/td>\n<td width=\"180\"><span class=\"fontstyle2\">PN10<\/span><\/td>\n<\/tr>\n<tr>\n<td width=\"180\"><span class=\"fontstyle2\">193-203 <\/span><\/td>\n<td width=\"179\"><span class=\"fontstyle2\">150 200 300 400 600 <\/span><\/td>\n<td width=\"180\"><span class=\"fontstyle2\">5\/8\u2033,M16,M14,M12 <\/span><\/td>\n<td width=\"180\"><span class=\"fontstyle2\">PN10<\/span><\/td>\n<\/tr>\n<tr>\n<td width=\"180\"><span class=\"fontstyle2\">202-212 <\/span><\/td>\n<td width=\"179\"><span class=\"fontstyle2\">150 200 300 400 600 <\/span><\/td>\n<td width=\"180\"><span class=\"fontstyle2\">5\/8\u2033,M16,M14,M12 <\/span><\/td>\n<td width=\"180\"><span class=\"fontstyle2\">PN10<\/span><\/td>\n<\/tr>\n<tr>\n<td width=\"180\"><span class=\"fontstyle2\">217-229 <\/span><\/td>\n<td width=\"179\"><span class=\"fontstyle2\">150 200 300 400 600 <\/span><\/td>\n<td width=\"180\"><span class=\"fontstyle2\">5\/8\u2033,M16,M14,M12 <\/span><\/td>\n<td width=\"180\"><span class=\"fontstyle2\">PN10<\/span><\/td>\n<\/tr>\n<tr>\n<td width=\"180\"><span class=\"fontstyle2\">225-240 <\/span><\/td>\n<td width=\"179\"><span class=\"fontstyle2\">150 200 300 400 600 <\/span><\/td>\n<td width=\"180\"><span class=\"fontstyle2\">5\/8\u2033,M16,M14,M12 <\/span><\/td>\n<td width=\"180\"><span class=\"fontstyle2\">PN10<\/span><\/td>\n<\/tr>\n<tr>\n<td width=\"180\"><span class=\"fontstyle2\">245-260 <\/span><\/td>\n<td width=\"179\"><span class=\"fontstyle2\">150 200 300 400 600 <\/span><\/td>\n<td width=\"180\"><span class=\"fontstyle2\">5\/8\u2033,M16,M14,M12 <\/span><\/td>\n<td width=\"180\"><span class=\"fontstyle2\">PN6\/10<\/span><\/td>\n<\/tr>\n<tr>\n<td width=\"180\"><span class=\"fontstyle2\">270-288 <\/span><\/td>\n<td width=\"179\"><span class=\"fontstyle2\">150 200 300 400 600 <\/span><\/td>\n<td width=\"180\"><span class=\"fontstyle2\">5\/8\u2033,M16,M14,M12 <\/span><\/td>\n<td width=\"180\"><span class=\"fontstyle2\">PN6\/10<\/span><\/td>\n<\/tr>\n<tr>\n<td width=\"180\"><span class=\"fontstyle2\">288-302 <\/span><\/td>\n<td width=\"179\"><span class=\"fontstyle2\">150 200 300 400 600 <\/span><\/td>\n<td width=\"180\"><span class=\"fontstyle2\">5\/8\u2033,M16,M14,M12 <\/span><\/td>\n<td width=\"180\"><span class=\"fontstyle2\">PN6\/10<\/span><\/td>\n<\/tr>\n<tr>\n<td width=\"180\"><span class=\"fontstyle2\">304-320 <\/span><\/td>\n<td width=\"179\"><span class=\"fontstyle2\">150 200 300 400 600 <\/span><\/td>\n<td width=\"180\"><span class=\"fontstyle2\">5\/8\u2033,M16,M14,M12 <\/span><\/td>\n<td width=\"180\"><span class=\"fontstyle2\">PN6\/10<\/span><\/td>\n<\/tr>\n<tr>\n<td width=\"180\"><span class=\"fontstyle2\">323-336 <\/span><\/td>\n<td width=\"179\"><span class=\"fontstyle2\">150 200 300 400 600 <\/span><\/td>\n<td width=\"180\"><span class=\"fontstyle2\">5\/8\u2033,M16,M14,M12 <\/span><\/td>\n<td width=\"180\"><span class=\"fontstyle2\">PN6\/10<\/span><\/td>\n<\/tr>\n<tr>\n<td width=\"180\"><span class=\"fontstyle2\">340-355 <\/span><\/td>\n<td width=\"179\"><span class=\"fontstyle2\">150 200 300 400 600 <\/span><\/td>\n<td width=\"180\"><span class=\"fontstyle2\">5\/8\u2033,M16,M14,M12 <\/span><\/td>\n<td width=\"180\"><span class=\"fontstyle2\">PN6\/10<\/span><\/td>\n<\/tr>\n<\/tbody>\n<\/table>\n<p>&nbsp;<\/p>","protected":false},"excerpt":{"rendered":"<p>Un collier de r\u00e9paration est une solution pratique pour rem\u00e9dier aux fuites, aux fissures ou aux ruptures compl\u00e8tes des canalisations. Ces pinces sont con\u00e7ues pour assurer une r\u00e9paration permanente et sont couramment utilis\u00e9es dans diverses applications.<\/p>","protected":false},"featured_media":2433,"template":"","meta":[],"product_brand":[],"product_cat":[157],"product_tag":[242],"class_list":{"0":"post-2431","1":"product","2":"type-product","3":"status-publish","4":"has-post-thumbnail","6":"product_cat-repair-clamp","7":"product_tag-repair-clamp","9":"first","10":"instock","11":"shipping-taxable","12":"product-type-simple"},"aioseo_notices":[],"_links":{"self":[{"href":"https:\/\/www.okval.com\/fr\/wp-json\/wp\/v2\/product\/2431","targetHints":{"allow":["GET"]}}],"collection":[{"href":"https:\/\/www.okval.com\/fr\/wp-json\/wp\/v2\/product"}],"about":[{"href":"https:\/\/www.okval.com\/fr\/wp-json\/wp\/v2\/types\/product"}],"wp:featuredmedia":[{"embeddable":true,"href":"https:\/\/www.okval.com\/fr\/wp-json\/wp\/v2\/media\/2433"}],"wp:attachment":[{"href":"https:\/\/www.okval.com\/fr\/wp-json\/wp\/v2\/media?parent=2431"}],"wp:term":[{"taxonomy":"product_brand","embeddable":true,"href":"https:\/\/www.okval.com\/fr\/wp-json\/wp\/v2\/product_brand?post=2431"},{"taxonomy":"product_cat","embeddable":true,"href":"https:\/\/www.okval.com\/fr\/wp-json\/wp\/v2\/product_cat?post=2431"},{"taxonomy":"product_tag","embeddable":true,"href":"https:\/\/www.okval.com\/fr\/wp-json\/wp\/v2\/product_tag?post=2431"}],"curies":[{"name":"wp","href":"https:\/\/api.w.org\/{rel}","templated":true}]}}