{"id":2429,"date":"2024-03-27T10:18:28","date_gmt":"2024-03-27T02:18:28","guid":{"rendered":"https:\/\/www.okval.com\/?post_type=product&#038;p=2429"},"modified":"2024-12-15T23:31:22","modified_gmt":"2024-12-15T15:31:22","slug":"accouplement-de-commode","status":"publish","type":"product","link":"https:\/\/www.okval.com\/fr\/couplage-de-commode-html","title":{"rendered":"Accouplement \u00e0 manchon de dressage (ACCOUPLEMENT \u00c0 MANCHON BOULONN\u00c9)"},"content":{"rendered":"<p><span style=\"color: #ff0000;\"><a style=\"color: #ff0000;\" href=\"https:\/\/www.okval.com\/wp-content\/uploads\/2024\/03\/Dresser-coupling.pdf\">Accouplement de dressage OKVAL (ACCOUPLEMENT \u00c0 MANCHON BOULONN\u00c9)<\/a><\/span><\/p>\n<p>\u25a0 Caract\u00e9ristiques<br \/>\n\u2022 Tailles : 2\u2033 \u2013 12\u2033<br \/>\n\u2022 Longueurs : 2\u2033 \u2013 24\u2033<br \/>\n\u2022 Pression nominale :<br \/>\n\u2022 2\u2033 \u2013 2,5\u2033 : 250 psi<br \/>\n\u2022 3\u2033 \u2013 16\u2033 : 300 psi<br \/>\n\u2022 Mat\u00e9riel:<br \/>\n\u2022 Manchon : acier au carbone ASTM A192<br \/>\n\u2022 Boulon\/\u00e9crou : acier au carbone galvanis\u00e9 ASTM A307<br \/>\n\u2022 Suiveur\/presse-\u00e9toupe : fonte ductile ASTM A395<br \/>\n\u2022 Joint : Buna (-20\u00b0F \u00e0 200\u00b0F)EPDM \/ NBR\/Viton\/Joint<\/p>\n<p>\u25a0 Principales pi\u00e8ces et mat\u00e9riaux<\/p>\n<p>\u00b7 Anneau interm\u00e9diaire cylindrique\u00a0: cet anneau central relie les deux extr\u00e9mit\u00e9s du tuyau.<br \/>\n\u00b7 Anneaux suiveurs\u00a0: Il y a deux anneaux suiveurs, un de chaque c\u00f4t\u00e9 de l&#039;anneau du milieu. Ils aident \u00e0 s\u00e9curiser les tuyaux.<br \/>\n\u00b7 Joints r\u00e9silients\u00a0: ces joints compos\u00e9s sp\u00e9ciaux pour Dresser absorbent les vibrations et les mouvements tout en maintenant une \u00e9tanch\u00e9it\u00e9.<br \/>\n\u00b7 Boulons \u00e0 t\u00eate de chenille en acier\u00a0: ces boulons maintiennent l&#039;accouplement ensemble.<\/p>\n<p><img decoding=\"async\" class=\"alignnone wp-image-2796\" src=\"https:\/\/www.okval.com\/wp-content\/uploads\/2024\/03\/\u56fe\u7eb8.jpg\" alt=\"\" width=\"258\" height=\"249\" srcset=\"https:\/\/www.okval.com\/wp-content\/uploads\/2024\/03\/\u56fe\u7eb8.jpg 815w, https:\/\/www.okval.com\/wp-content\/uploads\/2024\/03\/\u56fe\u7eb8-300x289.jpg 300w, https:\/\/www.okval.com\/wp-content\/uploads\/2024\/03\/\u56fe\u7eb8-768x741.jpg 768w, https:\/\/www.okval.com\/wp-content\/uploads\/2024\/03\/\u56fe\u7eb8-12x12.jpg 12w, https:\/\/www.okval.com\/wp-content\/uploads\/2024\/03\/\u56fe\u7eb8-600x579.jpg 600w, https:\/\/www.okval.com\/wp-content\/uploads\/2024\/03\/\u56fe\u7eb8-150x145.jpg 150w\" sizes=\"(max-width: 258px) 100vw, 258px\" \/><\/p>\n<p>Articulations<strong>\u25a0 Dimensions (mm) :<\/strong><\/p>\n<table style=\"border-collapse: collapse; width: 476.52pt;\" border=\"0\" width=\"953\" cellspacing=\"0\" cellpadding=\"0\">\n<tbody>\n<tr style=\"height: 18.00pt;\">\n<td class=\"et3\" style=\"height: 18.00pt; width: 58.45pt;\" width=\"116\" height=\"36\">Taille<\/td>\n<td class=\"et3\" style=\"width: 58.45pt;\" width=\"116\">Diam\u00e8tre ext\u00e9rieur du tuyau<\/td>\n<td class=\"et3\" style=\"width: 58.45pt;\" width=\"116\">DO<\/td>\n<td class=\"et3\" style=\"width: 58.45pt;\" width=\"116\">Longueur<\/td>\n<td class=\"et2\" style=\"width: 8.95pt;\" width=\"17\"><\/td>\n<td class=\"et3\" style=\"width: 58.45pt;\" width=\"116\">Taille<\/td>\n<td class=\"et3\" style=\"width: 58.45pt;\" width=\"116\">Diam\u00e8tre ext\u00e9rieur du tuyau<\/td>\n<td class=\"et3\" style=\"width: 58.45pt;\" width=\"116\">DO<\/td>\n<td class=\"et3\" style=\"width: 58.45pt;\" width=\"116\">Longueur<\/td>\n<\/tr>\n<tr style=\"height: 18.00pt;\">\n<td class=\"et4\" style=\"height: 18.00pt;\" height=\"36\">Pouce<\/td>\n<td class=\"et4\">Pouce<\/td>\n<td class=\"et4\">mm<\/td>\n<td class=\"et4\">mm<\/td>\n<td class=\"et2\"><\/td>\n<td class=\"et4\">Pouce<\/td>\n<td class=\"et4\">Pouce<\/td>\n<td class=\"et4\">mm<\/td>\n<td class=\"et4\">mm<\/td>\n<\/tr>\n<tr style=\"height: 18.00pt;\">\n<td class=\"et5\" style=\"height: 18.00pt;\" height=\"36\">2\u2033<\/td>\n<td class=\"et5\">2,38\u2033<\/td>\n<td class=\"et5\">60.3<\/td>\n<td class=\"et5\">4\u2033<\/td>\n<td class=\"et2\"><\/td>\n<td class=\"et5\">4\u2033<\/td>\n<td class=\"et5\">4,5\u2033<\/td>\n<td class=\"et5\">114.3<\/td>\n<td class=\"et5\">24\u2033<\/td>\n<\/tr>\n<tr style=\"height: 18.00pt;\">\n<td class=\"et6\" style=\"height: 18.00pt;\" height=\"36\">2\u2033<\/td>\n<td class=\"et6\">2,38\u2033<\/td>\n<td class=\"et6\">60.3<\/td>\n<td class=\"et6\">5\u2033<\/td>\n<td class=\"et2\"><\/td>\n<td class=\"et6\">5\u2033<\/td>\n<td class=\"et6\">5,56\u2033<\/td>\n<td class=\"et6\">139.7<\/td>\n<td class=\"et6\">12\u2033<\/td>\n<\/tr>\n<tr style=\"height: 18.00pt;\">\n<td class=\"et5\" style=\"height: 18.00pt;\" height=\"36\">2\u2033<\/td>\n<td class=\"et5\">2,38\u2033<\/td>\n<td class=\"et5\">60.3<\/td>\n<td class=\"et5\">7&quot;<\/td>\n<td class=\"et2\"><\/td>\n<td class=\"et5\">6\u2033<\/td>\n<td class=\"et5\">6,63\u2033<\/td>\n<td class=\"et5\">168.3<\/td>\n<td class=\"et5\">4\u2033<\/td>\n<\/tr>\n<tr style=\"height: 18.00pt;\">\n<td class=\"et6\" style=\"height: 18.00pt;\" height=\"36\">2\u2033<\/td>\n<td class=\"et6\">2,38\u2033<\/td>\n<td class=\"et6\">60.3<\/td>\n<td class=\"et6\">12\u2033<\/td>\n<td class=\"et2\"><\/td>\n<td class=\"et6\">6\u2033<\/td>\n<td class=\"et6\">6,63\u2033<\/td>\n<td class=\"et6\">168.3<\/td>\n<td class=\"et6\">5\u2033<\/td>\n<\/tr>\n<tr style=\"height: 18.00pt;\">\n<td class=\"et5\" style=\"height: 18.00pt;\" height=\"36\">2\u2033<\/td>\n<td class=\"et5\">2,38\u2033<\/td>\n<td class=\"et5\">60.3<\/td>\n<td class=\"et5\">14\u2033<\/td>\n<td class=\"et2\"><\/td>\n<td class=\"et5\">6\u2033<\/td>\n<td class=\"et5\">6,63\u2033<\/td>\n<td class=\"et5\">168.3<\/td>\n<td class=\"et5\">7&quot;<\/td>\n<\/tr>\n<tr style=\"height: 18.00pt;\">\n<td class=\"et6\" style=\"height: 18.00pt;\" height=\"36\">21\/2\u2033<\/td>\n<td class=\"et6\">2,5\u2033<\/td>\n<td class=\"et6\">76.1<\/td>\n<td class=\"et6\">7&quot;<\/td>\n<td class=\"et2\"><\/td>\n<td class=\"et6\">6\u2033<\/td>\n<td class=\"et6\">6,63\u2033<\/td>\n<td class=\"et6\">168.3<\/td>\n<td class=\"et6\">12\u2033<\/td>\n<\/tr>\n<tr style=\"height: 18.00pt;\">\n<td class=\"et5\" style=\"height: 18.00pt;\" height=\"36\">21\/2\u2033<\/td>\n<td class=\"et5\">2,5\u2033<\/td>\n<td class=\"et5\">76.1<\/td>\n<td class=\"et5\">12\u2033<\/td>\n<td class=\"et2\"><\/td>\n<td class=\"et5\">6\u2033<\/td>\n<td class=\"et5\">6,63\u2033<\/td>\n<td class=\"et5\">168.3<\/td>\n<td class=\"et5\">16\u2033<\/td>\n<\/tr>\n<tr style=\"height: 18.00pt;\">\n<td class=\"et6\" style=\"height: 18.00pt;\" height=\"36\">3\u2033<\/td>\n<td class=\"et6\">3,5\u2033<\/td>\n<td class=\"et6\">88.9<\/td>\n<td class=\"et6\">4\u2033<\/td>\n<td class=\"et2\"><\/td>\n<td class=\"et6\">6\u2033<\/td>\n<td class=\"et6\">6,63\u2033<\/td>\n<td class=\"et6\">168.3<\/td>\n<td class=\"et6\">24\u2033<\/td>\n<\/tr>\n<tr style=\"height: 18.00pt;\">\n<td class=\"et5\" style=\"height: 18.00pt;\" height=\"36\">3\u2033<\/td>\n<td class=\"et5\">3,5\u2033<\/td>\n<td class=\"et5\">88.9<\/td>\n<td class=\"et5\">5\u2033<\/td>\n<td class=\"et2\"><\/td>\n<td class=\"et5\">8\u2033<\/td>\n<td class=\"et5\">8,63\u2033<\/td>\n<td class=\"et5\">219.1<\/td>\n<td class=\"et5\">4\u2033<\/td>\n<\/tr>\n<tr style=\"height: 18.00pt;\">\n<td class=\"et6\" style=\"height: 18.00pt;\" height=\"36\">3\u2033<\/td>\n<td class=\"et6\">3,5\u2033<\/td>\n<td class=\"et6\">88.9<\/td>\n<td class=\"et6\">7&quot;<\/td>\n<td class=\"et2\"><\/td>\n<td class=\"et6\">8\u2033<\/td>\n<td class=\"et6\">8,63\u2033<\/td>\n<td class=\"et6\">219.1<\/td>\n<td class=\"et6\">12\u2033<\/td>\n<\/tr>\n<tr style=\"height: 18.00pt;\">\n<td class=\"et5\" style=\"height: 18.00pt;\" height=\"36\">3\u2033<\/td>\n<td class=\"et5\">3,5\u2033<\/td>\n<td class=\"et5\">88.9<\/td>\n<td class=\"et5\">12\u2033<\/td>\n<td class=\"et2\"><\/td>\n<td class=\"et5\">8\u2033<\/td>\n<td class=\"et5\">8,63\u2033<\/td>\n<td class=\"et5\">219.1<\/td>\n<td class=\"et5\">16\u2033<\/td>\n<\/tr>\n<tr style=\"height: 18.00pt;\">\n<td class=\"et6\" style=\"height: 18.00pt;\" height=\"36\">3\u2033<\/td>\n<td class=\"et6\">3,5\u2033<\/td>\n<td class=\"et6\">88.9<\/td>\n<td class=\"et6\">16\u2033<\/td>\n<td class=\"et2\"><\/td>\n<td class=\"et6\">8\u2033<\/td>\n<td class=\"et6\">8,63\u2033<\/td>\n<td class=\"et6\">219.1<\/td>\n<td class=\"et6\">24\u2033<\/td>\n<\/tr>\n<tr style=\"height: 18.00pt;\">\n<td class=\"et5\" style=\"height: 18.00pt;\" height=\"36\">3\u2033<\/td>\n<td class=\"et5\">3,5\u2033<\/td>\n<td class=\"et5\">88.9<\/td>\n<td class=\"et5\">24\u2033<\/td>\n<td class=\"et2\"><\/td>\n<td class=\"et5\">dix&quot;<\/td>\n<td class=\"et5\">10,75\u2033<\/td>\n<td class=\"et5\">273<\/td>\n<td class=\"et5\">4\u2033<\/td>\n<\/tr>\n<tr style=\"height: 18.00pt;\">\n<td class=\"et6\" style=\"height: 18.00pt;\" height=\"36\">4\u2033<\/td>\n<td class=\"et6\">4,5\u2033<\/td>\n<td class=\"et6\">114.3<\/td>\n<td class=\"et6\">4\u2033<\/td>\n<td class=\"et2\"><\/td>\n<td class=\"et6\">dix&quot;<\/td>\n<td class=\"et6\">10,75\u2033<\/td>\n<td class=\"et6\">273<\/td>\n<td class=\"et6\">12\u2033<\/td>\n<\/tr>\n<tr style=\"height: 18.00pt;\">\n<td class=\"et5\" style=\"height: 18.00pt;\" height=\"36\">4\u2033<\/td>\n<td class=\"et5\">4,5\u2033<\/td>\n<td class=\"et5\">114.3<\/td>\n<td class=\"et5\">5\u2033<\/td>\n<td class=\"et2\"><\/td>\n<td class=\"et5\">dix&quot;<\/td>\n<td class=\"et5\">10,75\u2033<\/td>\n<td class=\"et5\">273<\/td>\n<td class=\"et5\">16\u2033<\/td>\n<\/tr>\n<tr style=\"height: 18.00pt;\">\n<td class=\"et6\" style=\"height: 18.00pt;\" height=\"36\">4\u2033<\/td>\n<td class=\"et6\">4,5\u2033<\/td>\n<td class=\"et6\">114.3<\/td>\n<td class=\"et6\">7&quot;<\/td>\n<td class=\"et2\"><\/td>\n<td class=\"et6\">12\u2033<\/td>\n<td class=\"et6\">12,75\u2033<\/td>\n<td class=\"et6\">323.9<\/td>\n<td class=\"et6\">4\u2033<\/td>\n<\/tr>\n<tr style=\"height: 18.00pt;\">\n<td class=\"et6\" style=\"height: 18.00pt;\" height=\"36\">4\u2033<\/td>\n<td class=\"et6\">4,5\u2033<\/td>\n<td class=\"et6\">114.3<\/td>\n<td class=\"et6\">12\u2033<\/td>\n<td class=\"et2\"><\/td>\n<td class=\"et6\">12\u2033<\/td>\n<td class=\"et6\">12,75\u2033<\/td>\n<td class=\"et6\">323.9<\/td>\n<td class=\"et6\">16\u2033<\/td>\n<\/tr>\n<tr style=\"height: 18.00pt;\">\n<td class=\"et6\" style=\"height: 18.00pt;\" height=\"36\">4\u2033<\/td>\n<td class=\"et6\">4,5\u2033<\/td>\n<td class=\"et6\">114.3<\/td>\n<td class=\"et6\">16\u2033<\/td>\n<td class=\"et2\"><\/td>\n<td class=\"et6\">12\u2033<\/td>\n<td class=\"et6\">12,75\u2033<\/td>\n<td class=\"et6\">323.9<\/td>\n<td class=\"et6\">24\u2033<\/td>\n<\/tr>\n<\/tbody>\n<\/table>\n<p>&nbsp;<\/p>\n<p><img decoding=\"async\" class=\"wp-image-2969\" src=\"https:\/\/www.okval.com\/wp-content\/uploads\/2024\/03\/dresser-coupling-red.jpg\" alt=\"\" width=\"403\" height=\"403\" srcset=\"https:\/\/www.okval.com\/wp-content\/uploads\/2024\/03\/dresser-coupling-red.jpg 1000w, https:\/\/www.okval.com\/wp-content\/uploads\/2024\/03\/dresser-coupling-red-300x300.jpg 300w, https:\/\/www.okval.com\/wp-content\/uploads\/2024\/03\/dresser-coupling-red-150x150.jpg 150w, https:\/\/www.okval.com\/wp-content\/uploads\/2024\/03\/dresser-coupling-red-768x768.jpg 768w, https:\/\/www.okval.com\/wp-content\/uploads\/2024\/03\/dresser-coupling-red-12x12.jpg 12w, https:\/\/www.okval.com\/wp-content\/uploads\/2024\/03\/dresser-coupling-red-600x600.jpg 600w\" sizes=\"(max-width: 403px) 100vw, 403px\" \/><\/p>\n<p><strong>Processus d&#039;installation de la commode Coplue\u00a0:<\/strong><br \/>\nPlacez le raccord autour des extr\u00e9mit\u00e9s du tuyau.<br \/>\nIns\u00e9rez les joints entre les anneaux suiveurs et le tuyau.<br \/>\nSerrez les boulons pour comprimer les joints et cr\u00e9er une connexion s\u00e9curis\u00e9e.<br \/>\nLes joints r\u00e9silients permettent le mouvement tout en maintenant un joint sans fuite.<br \/>\nFlexibilit\u00e9\u00a0: les raccords de dressage s&#039;adaptent aux mouvements des tuyaux dus aux changements de temp\u00e9rature ou au tassement du sol.<br \/>\nInstallation rapide : ils sont faciles \u00e0 installer, ce qui permet d&#039;\u00e9conomiser du temps et du travail.<br \/>\nAbsorption des vibrations : les joints absorbent les fortes vibrations, r\u00e9duisant ainsi les contraintes sur les tuyaux.<br \/>\nN&#039;oubliez pas que les raccords Dresser sont un choix fiable lorsque vous avez besoin d&#039;un raccordement de tuyau flexible et efficace\u00a0!<\/p>","protected":false},"excerpt":{"rendered":"<p>Les raccords de dressage de marque OKVAL sont utilis\u00e9s pour joindre des tuyaux \u00e0 extr\u00e9mit\u00e9 lisse. La conception des raccords \u00e0 manchon boulonn\u00e9 Okval comporte des manchons qui glissent sur les extr\u00e9mit\u00e9s des tuyaux auxquels ils doivent \u00eatre connect\u00e9s, offrant un couplage serr\u00e9 entre les tuyaux. Les raccords de dressage Okval fournissent des connexions flexibles et \u00e9tanches qui durent toute la dur\u00e9e de vie du tuyau auquel il est connect\u00e9.<\/p>\n<p>&nbsp;<\/p>","protected":false},"featured_media":2430,"template":"","meta":[],"product_brand":[],"product_cat":[37,174],"product_tag":[303,304,305,306,243,307,297,308,298,309,299,310,300,301,302],"class_list":{"0":"post-2429","1":"product","2":"type-product","3":"status-publish","4":"has-post-thumbnail","6":"product_cat-pipe-joints","7":"product_cat-dresser-coupling","8":"product_tag-dresser-type-pipe-coupling","9":"product_tag-dresser-pipe-fittings","10":"product_tag-carbon-steel-pipe-coupling","11":"product_tag-dresser-coupling-repair","12":"product_tag-dresser-coupling","13":"product_tag-dresser-coupler-coupling","14":"product_tag-dresser-coupler","15":"product_tag-marine-industry","16":"product_tag-bolted-pipe-couplings","17":"product_tag-dresser-coupling-gasket","18":"product_tag-dresser-pipe-coupling","19":"product_tag-bolted-sleeve-coupling","20":"product_tag-dresser-joint","21":"product_tag-quick-coupler","22":"product_tag-style-38-dresser-coupling","24":"first","25":"instock","26":"shipping-taxable","27":"product-type-simple"},"aioseo_notices":[],"_links":{"self":[{"href":"https:\/\/www.okval.com\/fr\/wp-json\/wp\/v2\/product\/2429","targetHints":{"allow":["GET"]}}],"collection":[{"href":"https:\/\/www.okval.com\/fr\/wp-json\/wp\/v2\/product"}],"about":[{"href":"https:\/\/www.okval.com\/fr\/wp-json\/wp\/v2\/types\/product"}],"wp:featuredmedia":[{"embeddable":true,"href":"https:\/\/www.okval.com\/fr\/wp-json\/wp\/v2\/media\/2430"}],"wp:attachment":[{"href":"https:\/\/www.okval.com\/fr\/wp-json\/wp\/v2\/media?parent=2429"}],"wp:term":[{"taxonomy":"product_brand","embeddable":true,"href":"https:\/\/www.okval.com\/fr\/wp-json\/wp\/v2\/product_brand?post=2429"},{"taxonomy":"product_cat","embeddable":true,"href":"https:\/\/www.okval.com\/fr\/wp-json\/wp\/v2\/product_cat?post=2429"},{"taxonomy":"product_tag","embeddable":true,"href":"https:\/\/www.okval.com\/fr\/wp-json\/wp\/v2\/product_tag?post=2429"}],"curies":[{"name":"wp","href":"https:\/\/api.w.org\/{rel}","templated":true}]}}