{"id":2422,"date":"2024-03-27T09:41:08","date_gmt":"2024-03-27T01:41:08","guid":{"rendered":"https:\/\/www.okval.com\/?post_type=product&#038;p=2422"},"modified":"2024-04-09T20:02:30","modified_gmt":"2024-04-09T12:02:30","slug":"collier-de-selle","status":"publish","type":"product","link":"https:\/\/www.okval.com\/fr\/collier-de-serrage-de-selle-html","title":{"rendered":"Pinces de selle"},"content":{"rendered":"<p><meta name=\"Keywords\" content=\"fittings,pipe fittings,fitting\uff0cpipe fitting,bathroom fittings ,hose fittings ,compression fittings ,plumbing fittings ,tube fittings ,pipes and fittings ,valves,valve, Saddle Clamp ,Tapping Saddle \uff0cSaddle clamp for pvc pipe\uff0cSaddle camlock for AC pipe\uff0cSaddle clamp for DI pipe\uff0cSaddle Clamp ,Tapping Saddle \u2800\uff0cSaddle clamp for pvc pipe\uff0cSaddle camlock for AC pipe\uff0cSaddle clamp for DI pipe\uff0cclampsaddle\uff0csaddleclamp \u2800\u2800\uff0ctappingsaddle #pvc #pe \uff0cCollar\u00edn \uff0cColliers de \uff0ctappingsaddle\uff0csaddle\u2800\uff0cCollier de prise en charge \u2800\uff0cRobinet \u2800\uff0cbrides \u2800\uff0cClapet \u2800\uff0cRaccords #fonte \u2800\"><\/p>\n<div class=\"elementor-element elementor-element-9597f3c elementor-widget elementor-widget-heading\" data-id=\"9597f3c\" data-element_type=\"widget\" data-widget_type=\"heading.default\">\n<div class=\"elementor-widget-container\">\n<p><strong>Caract\u00e9ristiques<\/strong><\/p>\n<p>\u25a0 Principales pi\u00e8ces et mat\u00e9riaux<br \/>\n\u00b7 Mat\u00e9riau en fonte ductile avec rev\u00eatement FBE<br \/>\n\u00b7 Boulons et \u00e9crous en acier galvanis\u00e9<br \/>\n\u25a0 Joint<br \/>\n\u00b7 Joint EPDM<br \/>\n\u25a0 Dimensions (MM)<br \/>\n\u25a0 Caract\u00e9ristiques<br \/>\n\u00b7 Rev\u00eatement \u00e9poxy min. 250 microns.<br \/>\n\u00b7 Pression de service PN10, PN16<\/p>\n<p><strong>Param\u00e8tres techniques<\/strong><\/p>\n<p>1-Dessin<\/p>\n<p>&nbsp;<\/p>\n<p>Sp\u00e9cification \u00e0 2 mat\u00e9riaux<\/p>\n<div class=\"table-responsive\">\n<table class=\"table\" border=\"0\" width=\"100%\" cellspacing=\"0\" cellpadding=\"0\">\n<tbody>\n<tr class=\"firstRow\">\n<td valign=\"top\" width=\"142\">Num\u00e9ro d&#039;article.<\/td>\n<td valign=\"top\" width=\"142\">Nom de l&#039;article<\/td>\n<td valign=\"top\" width=\"196\">Mat\u00e9riel<\/td>\n<\/tr>\n<tr>\n<td valign=\"top\" width=\"142\">1<\/td>\n<td valign=\"top\" width=\"142\">Corps<\/td>\n<td valign=\"top\" width=\"196\">Fonte\/fonte ductile<\/td>\n<\/tr>\n<tr>\n<td valign=\"top\" width=\"142\">2<\/td>\n<td valign=\"top\" width=\"142\">Bride<\/td>\n<td valign=\"top\" width=\"196\">Fonte\/fonte ductile<\/td>\n<\/tr>\n<tr>\n<td valign=\"top\" width=\"142\">3<\/td>\n<td valign=\"top\" width=\"142\">Caoutchouc<\/td>\n<td valign=\"top\" width=\"196\">EPDM\/NBR\/LAITON\/SS<\/td>\n<\/tr>\n<tr>\n<td valign=\"top\" width=\"142\">4<\/td>\n<td valign=\"top\" width=\"142\">Boulon<\/td>\n<td valign=\"top\" width=\"196\">Acier galvanis\u00e9<\/td>\n<\/tr>\n<tr>\n<td valign=\"top\" width=\"142\">5<\/td>\n<td valign=\"top\" width=\"142\">Noix<\/td>\n<td valign=\"top\" width=\"196\">Acier galvanis\u00e9<\/td>\n<\/tr>\n<\/tbody>\n<\/table>\n<\/div>\n<p>3 dimensions (mm)<\/p>\n<table width=\"606\">\n<tbody>\n<tr>\n<td style=\"font-weight: 400;\" width=\"101\">Taille<\/td>\n<td style=\"font-weight: 400;\" width=\"101\">g<\/td>\n<td style=\"font-weight: 400;\" width=\"101\">h1<\/td>\n<td style=\"font-weight: 400;\" width=\"101\">h2<\/td>\n<td style=\"font-weight: 400;\" width=\"101\">h3<\/td>\n<td style=\"font-weight: 400;\" width=\"101\">r1<\/td>\n<\/tr>\n<tr>\n<td style=\"font-weight: 400;\" width=\"101\">50\u00d720<\/td>\n<td style=\"font-weight: 400;\" width=\"101\">M40x3<\/td>\n<td style=\"font-weight: 400;\" width=\"101\">22<\/td>\n<td style=\"font-weight: 400;\" width=\"101\">15.5<\/td>\n<td style=\"font-weight: 400;\" width=\"101\">15.5<\/td>\n<td style=\"font-weight: 400;\" width=\"101\">27<\/td>\n<\/tr>\n<tr>\n<td style=\"font-weight: 400;\" width=\"101\">63\u00d720<\/td>\n<td style=\"font-weight: 400;\" width=\"101\">M40x3<\/td>\n<td style=\"font-weight: 400;\" width=\"101\">22<\/td>\n<td style=\"font-weight: 400;\" width=\"101\">22<\/td>\n<td style=\"font-weight: 400;\" width=\"101\">22<\/td>\n<td style=\"font-weight: 400;\" width=\"101\">33.5<\/td>\n<\/tr>\n<tr>\n<td style=\"font-weight: 400;\" width=\"101\">75\u00d720<\/td>\n<td style=\"font-weight: 400;\" width=\"101\">M40x3<\/td>\n<td style=\"font-weight: 400;\" width=\"101\">22<\/td>\n<td style=\"font-weight: 400;\" width=\"101\">28<\/td>\n<td style=\"font-weight: 400;\" width=\"101\">28<\/td>\n<td style=\"font-weight: 400;\" width=\"101\">39.5<\/td>\n<\/tr>\n<tr>\n<td style=\"font-weight: 400;\" width=\"101\">90\u00d720<\/td>\n<td style=\"font-weight: 400;\" width=\"101\">M40x3<\/td>\n<td style=\"font-weight: 400;\" width=\"101\">22<\/td>\n<td style=\"font-weight: 400;\" width=\"101\">35.5<\/td>\n<td style=\"font-weight: 400;\" width=\"101\">35.5<\/td>\n<td style=\"font-weight: 400;\" width=\"101\">47<\/td>\n<\/tr>\n<tr>\n<td style=\"font-weight: 400;\" width=\"101\">110\u00d720<\/td>\n<td style=\"font-weight: 400;\" width=\"101\">M40x3<\/td>\n<td style=\"font-weight: 400;\" width=\"101\">22<\/td>\n<td style=\"font-weight: 400;\" width=\"101\">45.5<\/td>\n<td style=\"font-weight: 400;\" width=\"101\">45.5<\/td>\n<td style=\"font-weight: 400;\" width=\"101\">57<\/td>\n<\/tr>\n<tr>\n<td style=\"font-weight: 400;\" width=\"101\">125\u00d720<\/td>\n<td style=\"font-weight: 400;\" width=\"101\">M40x3<\/td>\n<td style=\"font-weight: 400;\" width=\"101\">22<\/td>\n<td style=\"font-weight: 400;\" width=\"101\">53<\/td>\n<td style=\"font-weight: 400;\" width=\"101\">53<\/td>\n<td style=\"font-weight: 400;\" width=\"101\">64.5<\/td>\n<\/tr>\n<tr>\n<td style=\"font-weight: 400;\" width=\"101\">140\u00d720<\/td>\n<td style=\"font-weight: 400;\" width=\"101\">M40x3<\/td>\n<td style=\"font-weight: 400;\" width=\"101\">22<\/td>\n<td style=\"font-weight: 400;\" width=\"101\">60.5<\/td>\n<td style=\"font-weight: 400;\" width=\"101\">60.5<\/td>\n<td style=\"font-weight: 400;\" width=\"101\">72<\/td>\n<\/tr>\n<tr>\n<td style=\"font-weight: 400;\" width=\"101\">160\u00d720<\/td>\n<td style=\"font-weight: 400;\" width=\"101\">M40x3<\/td>\n<td style=\"font-weight: 400;\" width=\"101\">22<\/td>\n<td style=\"font-weight: 400;\" width=\"101\">70.5<\/td>\n<td style=\"font-weight: 400;\" width=\"101\">70.5<\/td>\n<td style=\"font-weight: 400;\" width=\"101\">82<\/td>\n<\/tr>\n<tr>\n<td style=\"font-weight: 400;\" width=\"101\">200\u00d720<\/td>\n<td style=\"font-weight: 400;\" width=\"101\">M40x3<\/td>\n<td style=\"font-weight: 400;\" width=\"101\">22<\/td>\n<td style=\"font-weight: 400;\" width=\"101\">90.5<\/td>\n<td style=\"font-weight: 400;\" width=\"101\">90.5<\/td>\n<td style=\"font-weight: 400;\" width=\"101\">102<\/td>\n<\/tr>\n<tr>\n<td style=\"font-weight: 400;\" width=\"101\">225\u00d720<\/td>\n<td style=\"font-weight: 400;\" width=\"101\">M40x3<\/td>\n<td style=\"font-weight: 400;\" width=\"101\">22<\/td>\n<td style=\"font-weight: 400;\" width=\"101\">103<\/td>\n<td style=\"font-weight: 400;\" width=\"101\">103<\/td>\n<td style=\"font-weight: 400;\" width=\"101\">114.5<\/td>\n<\/tr>\n<tr>\n<td style=\"font-weight: 400;\" width=\"101\">250\u00d720<\/td>\n<td style=\"font-weight: 400;\" width=\"101\">M40x3<\/td>\n<td style=\"font-weight: 400;\" width=\"101\">22<\/td>\n<td style=\"font-weight: 400;\" width=\"101\">115.5<\/td>\n<td style=\"font-weight: 400;\" width=\"101\">115.5<\/td>\n<td style=\"font-weight: 400;\" width=\"101\">127<\/td>\n<\/tr>\n<tr>\n<td style=\"font-weight: 400;\" width=\"101\">315\u00d720<\/td>\n<td style=\"font-weight: 400;\" width=\"101\">M40x3<\/td>\n<td style=\"font-weight: 400;\" width=\"101\">22<\/td>\n<td style=\"font-weight: 400;\" width=\"101\">148<\/td>\n<td style=\"font-weight: 400;\" width=\"101\">148<\/td>\n<td style=\"font-weight: 400;\" width=\"101\">159.5<\/td>\n<\/tr>\n<tr>\n<td style=\"font-weight: 400;\" width=\"101\">63\u00d740<\/td>\n<td style=\"font-weight: 400;\" width=\"101\">M55x3<\/td>\n<td style=\"font-weight: 400;\" width=\"101\">22<\/td>\n<td style=\"font-weight: 400;\" width=\"101\">22<\/td>\n<td style=\"font-weight: 400;\" width=\"101\">22<\/td>\n<td style=\"font-weight: 400;\" width=\"101\">33.5<\/td>\n<\/tr>\n<tr>\n<td style=\"font-weight: 400;\" width=\"101\">75\u00d740<\/td>\n<td style=\"font-weight: 400;\" width=\"101\">M55x3<\/td>\n<td style=\"font-weight: 400;\" width=\"101\">22<\/td>\n<td style=\"font-weight: 400;\" width=\"101\">28<\/td>\n<td style=\"font-weight: 400;\" width=\"101\">28<\/td>\n<td style=\"font-weight: 400;\" width=\"101\">39.5<\/td>\n<\/tr>\n<tr>\n<td style=\"font-weight: 400;\" width=\"101\">90\u00d740<\/td>\n<td style=\"font-weight: 400;\" width=\"101\">M55x3<\/td>\n<td style=\"font-weight: 400;\" width=\"101\">22<\/td>\n<td style=\"font-weight: 400;\" width=\"101\">35.5<\/td>\n<td style=\"font-weight: 400;\" width=\"101\">35.5<\/td>\n<td style=\"font-weight: 400;\" width=\"101\">47<\/td>\n<\/tr>\n<tr>\n<td style=\"font-weight: 400;\" width=\"101\">110\u00d740<\/td>\n<td style=\"font-weight: 400;\" width=\"101\">M55x3<\/td>\n<td style=\"font-weight: 400;\" width=\"101\">22<\/td>\n<td style=\"font-weight: 400;\" width=\"101\">45.5<\/td>\n<td style=\"font-weight: 400;\" width=\"101\">45.5<\/td>\n<td style=\"font-weight: 400;\" width=\"101\">57<\/td>\n<\/tr>\n<tr>\n<td style=\"font-weight: 400;\" width=\"101\">125\u00d740<\/td>\n<td style=\"font-weight: 400;\" width=\"101\">M55x3<\/td>\n<td style=\"font-weight: 400;\" width=\"101\">22<\/td>\n<td style=\"font-weight: 400;\" width=\"101\">53<\/td>\n<td style=\"font-weight: 400;\" width=\"101\">53<\/td>\n<td style=\"font-weight: 400;\" width=\"101\">64.5<\/td>\n<\/tr>\n<tr>\n<td style=\"font-weight: 400;\" width=\"101\">140\u00d740<\/td>\n<td style=\"font-weight: 400;\" width=\"101\">M55x3<\/td>\n<td style=\"font-weight: 400;\" width=\"101\">22<\/td>\n<td style=\"font-weight: 400;\" width=\"101\">60.5<\/td>\n<td style=\"font-weight: 400;\" width=\"101\">60.5<\/td>\n<td style=\"font-weight: 400;\" width=\"101\">72<\/td>\n<\/tr>\n<tr>\n<td style=\"font-weight: 400;\" width=\"101\">160\u00d740<\/td>\n<td style=\"font-weight: 400;\" width=\"101\">M55x3<\/td>\n<td style=\"font-weight: 400;\" width=\"101\">22<\/td>\n<td style=\"font-weight: 400;\" width=\"101\">70.5<\/td>\n<td style=\"font-weight: 400;\" width=\"101\">70.5<\/td>\n<td style=\"font-weight: 400;\" width=\"101\">82<\/td>\n<\/tr>\n<tr>\n<td style=\"font-weight: 400;\" width=\"101\">200\u00d740<\/td>\n<td style=\"font-weight: 400;\" width=\"101\">M55x3<\/td>\n<td style=\"font-weight: 400;\" width=\"101\">22<\/td>\n<td style=\"font-weight: 400;\" width=\"101\">90.5<\/td>\n<td style=\"font-weight: 400;\" width=\"101\">90.5<\/td>\n<td style=\"font-weight: 400;\" width=\"101\">102<\/td>\n<\/tr>\n<tr>\n<td style=\"font-weight: 400;\" width=\"101\">225\u00d740<\/td>\n<td style=\"font-weight: 400;\" width=\"101\">M55x3<\/td>\n<td style=\"font-weight: 400;\" width=\"101\">22<\/td>\n<td style=\"font-weight: 400;\" width=\"101\">103<\/td>\n<td style=\"font-weight: 400;\" width=\"101\">103<\/td>\n<td style=\"font-weight: 400;\" width=\"101\">114.5<\/td>\n<\/tr>\n<tr>\n<td style=\"font-weight: 400;\" width=\"101\">250\u00d740<\/td>\n<td style=\"font-weight: 400;\" width=\"101\">M55x3<\/td>\n<td style=\"font-weight: 400;\" width=\"101\">22<\/td>\n<td style=\"font-weight: 400;\" width=\"101\">115.5<\/td>\n<td style=\"font-weight: 400;\" width=\"101\">115.5<\/td>\n<td style=\"font-weight: 400;\" width=\"101\">127<\/td>\n<\/tr>\n<tr>\n<td style=\"font-weight: 400;\" width=\"101\">315\u00d740<\/td>\n<td style=\"font-weight: 400;\" width=\"101\">M55x3<\/td>\n<td style=\"font-weight: 400;\" width=\"101\">22<\/td>\n<td style=\"font-weight: 400;\" width=\"101\">148<\/td>\n<td style=\"font-weight: 400;\" width=\"101\">148<\/td>\n<td style=\"font-weight: 400;\" width=\"101\">159.5<\/td>\n<\/tr>\n<\/tbody>\n<\/table>\n<\/div>\n<\/div>","protected":false},"excerpt":{"rendered":"<p>Un collier de serrage est un support de tuyau semi-circulaire con\u00e7u pour s&#039;adapter autour de tubes ou de tuyaux. Son objectif principal est de fournir un point d&#039;attache s\u00e9curis\u00e9 pour diverses t\u00e2ches, notamment\u00a0:<br \/>\nPiquage \u00e0 cheval\u00a0: cr\u00e9ation d&#039;un branchement sur un tuyau existant.<br \/>\nSupport de canalisation : Stabilisation de canalisations sur surfaces planes.<br \/>\nRaccordements de d\u00e9rivation\u00a0: raccordement de tuyaux suppl\u00e9mentaires au pipeline principal.<br \/>\nCes pinces sont disponibles dans diff\u00e9rents mat\u00e9riaux, comme l&#039;acier ou l&#039;acier inoxydable, et peuvent r\u00e9sister \u00e0 des pressions et des temp\u00e9ratures \u00e9lev\u00e9es.<\/p>","protected":false},"featured_media":2423,"template":"","meta":[],"product_brand":[],"product_cat":[37,172],"product_tag":[245],"class_list":{"0":"post-2422","1":"product","2":"type-product","3":"status-publish","4":"has-post-thumbnail","6":"product_cat-pipe-joints","7":"product_cat-saddle-clamp","8":"product_tag-saddle-clamp","10":"first","11":"instock","12":"shipping-taxable","13":"product-type-simple"},"aioseo_notices":[],"_links":{"self":[{"href":"https:\/\/www.okval.com\/fr\/wp-json\/wp\/v2\/product\/2422","targetHints":{"allow":["GET"]}}],"collection":[{"href":"https:\/\/www.okval.com\/fr\/wp-json\/wp\/v2\/product"}],"about":[{"href":"https:\/\/www.okval.com\/fr\/wp-json\/wp\/v2\/types\/product"}],"wp:featuredmedia":[{"embeddable":true,"href":"https:\/\/www.okval.com\/fr\/wp-json\/wp\/v2\/media\/2423"}],"wp:attachment":[{"href":"https:\/\/www.okval.com\/fr\/wp-json\/wp\/v2\/media?parent=2422"}],"wp:term":[{"taxonomy":"product_brand","embeddable":true,"href":"https:\/\/www.okval.com\/fr\/wp-json\/wp\/v2\/product_brand?post=2422"},{"taxonomy":"product_cat","embeddable":true,"href":"https:\/\/www.okval.com\/fr\/wp-json\/wp\/v2\/product_cat?post=2422"},{"taxonomy":"product_tag","embeddable":true,"href":"https:\/\/www.okval.com\/fr\/wp-json\/wp\/v2\/product_tag?post=2422"}],"curies":[{"name":"wp","href":"https:\/\/api.w.org\/{rel}","templated":true}]}}