{"id":2416,"date":"2024-03-26T23:02:51","date_gmt":"2024-03-26T15:02:51","guid":{"rendered":"https:\/\/www.okval.com\/?post_type=product&#038;p=2416"},"modified":"2024-04-09T18:26:15","modified_gmt":"2024-04-09T10:26:15","slug":"adaptateur-a-bride-retenue","status":"publish","type":"product","link":"https:\/\/www.okval.com\/fr\/adaptateur-de-bride-restreinte-html","title":{"rendered":"Adaptateur \u00e0 bride retenue"},"content":{"rendered":"<p><strong>Caract\u00e9ristiques<\/strong><\/p>\n<ul>\n<li>Fonte ductile avec rev\u00eatement FBE<\/li>\n<li>Pression de service PN10 et PN16<\/li>\n<li>Avec boulons et \u00e9crous en acier galvanis\u00e9.<\/li>\n<li>Joints en caoutchouc EPDM ou NBR<\/li>\n<li>Raccords de tuyauterie m\u00e9caniques haute tol\u00e9rance<\/li>\n<\/ul>\n<p><strong>Param\u00e8tres techniques<\/strong><\/p>\n<p>1-Dessin<\/p>\n<p><img decoding=\"async\" title=\"Dessin de l&#039;adaptateur \u00e0 bride retenue\" src=\"https:\/\/www.ametekiron.com\/Content\/uploads\/2020677727\/20200902094123d36da76cbcb44725a79a84831e9f0669.jpg\" \/><\/p>\n<p>Sp\u00e9cification \u00e0 2 mat\u00e9riaux<\/p>\n<div class=\"table-responsive\">\n<table class=\"table\" border=\"0\" width=\"100%\" cellspacing=\"0\" cellpadding=\"0\">\n<tbody>\n<tr class=\"firstRow\">\n<td valign=\"top\" width=\"142\">Num\u00e9ro d&#039;article.<\/td>\n<td valign=\"top\" width=\"142\">Nom de l&#039;article<\/td>\n<td valign=\"top\" width=\"142\">Mat\u00e9riel<\/td>\n<td valign=\"top\" width=\"142\">sp\u00e9cification<\/td>\n<\/tr>\n<tr>\n<td valign=\"top\" width=\"142\">1<\/td>\n<td valign=\"top\" width=\"142\">Corps<\/td>\n<td valign=\"top\" width=\"142\">Fonte Ductile<\/td>\n<td valign=\"top\" width=\"142\">GGG50<\/td>\n<\/tr>\n<tr>\n<td valign=\"top\" width=\"142\">2<\/td>\n<td valign=\"top\" width=\"142\">Anneau de fin<\/td>\n<td valign=\"top\" width=\"142\">Fonte Ductile<\/td>\n<td valign=\"top\" width=\"142\">GGG50<\/td>\n<\/tr>\n<tr>\n<td valign=\"top\" width=\"142\">3<\/td>\n<td valign=\"top\" width=\"142\">Joint<\/td>\n<td valign=\"top\" width=\"142\">Caoutchouc<\/td>\n<td valign=\"top\" width=\"142\">EPDM<\/td>\n<\/tr>\n<tr>\n<td valign=\"top\" width=\"142\">4<\/td>\n<td valign=\"top\" width=\"142\">Anneau de pr\u00e9hension<\/td>\n<td valign=\"top\" width=\"142\">Laiton<\/td>\n<td valign=\"top\" width=\"142\"><\/td>\n<\/tr>\n<tr>\n<td valign=\"top\" width=\"142\">5<\/td>\n<td valign=\"top\" width=\"142\">Boulon<\/td>\n<td valign=\"top\" width=\"142\">Acier galvanis\u00e9<\/td>\n<td valign=\"top\" width=\"142\">ISO898-1:199<\/td>\n<\/tr>\n<tr>\n<td valign=\"top\" width=\"142\">6<\/td>\n<td valign=\"top\" width=\"142\">Machine \u00e0 laver<\/td>\n<td valign=\"top\" width=\"142\">Acier galvanis\u00e9<\/td>\n<td valign=\"top\" width=\"142\"><\/td>\n<\/tr>\n<\/tbody>\n<\/table>\n<p>3 dimensions (mm)<\/p>\n<div class=\"table-responsive\">\n<table class=\"table\" border=\"0\" width=\"100%\" cellspacing=\"0\" cellpadding=\"0\">\n<tbody>\n<tr class=\"firstRow\">\n<td valign=\"top\" width=\"81\">Pouce<\/td>\n<td valign=\"top\" width=\"81\">DN<\/td>\n<td valign=\"top\" width=\"81\">PE-OD<\/td>\n<td valign=\"top\" width=\"81\">L<\/td>\n<td valign=\"top\" width=\"81\">Boulon<\/td>\n<\/tr>\n<tr>\n<td valign=\"top\" width=\"81\">2\u2033<\/td>\n<td valign=\"top\" width=\"81\">50<\/td>\n<td valign=\"top\" width=\"81\">63<\/td>\n<td valign=\"top\" width=\"81\">73<\/td>\n<td valign=\"top\" width=\"81\">2*M10<\/td>\n<\/tr>\n<tr>\n<td valign=\"top\" width=\"81\">2-1\/2\u2033<\/td>\n<td valign=\"top\" width=\"81\">65<\/td>\n<td valign=\"top\" width=\"81\">75<\/td>\n<td valign=\"top\" width=\"81\">74<\/td>\n<td valign=\"top\" width=\"81\">2*M10<\/td>\n<\/tr>\n<tr>\n<td valign=\"top\" width=\"81\">3\u2033<\/td>\n<td valign=\"top\" width=\"81\">75<\/td>\n<td valign=\"top\" width=\"81\">90<\/td>\n<td valign=\"top\" width=\"81\">75<\/td>\n<td valign=\"top\" width=\"81\">4*M10<\/td>\n<\/tr>\n<tr>\n<td valign=\"top\" width=\"81\">4\u2033<\/td>\n<td valign=\"top\" width=\"81\">100<\/td>\n<td valign=\"top\" width=\"81\">110<\/td>\n<td valign=\"top\" width=\"81\">76<\/td>\n<td valign=\"top\" width=\"81\">4*M10<\/td>\n<\/tr>\n<tr>\n<td valign=\"top\" width=\"81\">4\u2033<\/td>\n<td valign=\"top\" width=\"81\">100<\/td>\n<td valign=\"top\" width=\"81\">125<\/td>\n<td valign=\"top\" width=\"81\">77<\/td>\n<td valign=\"top\" width=\"81\">4*M10<\/td>\n<\/tr>\n<tr>\n<td valign=\"top\" width=\"81\">5\u2033<\/td>\n<td valign=\"top\" width=\"81\">125<\/td>\n<td valign=\"top\" width=\"81\">125<\/td>\n<td valign=\"top\" width=\"81\">76<\/td>\n<td valign=\"top\" width=\"81\">4*M10<\/td>\n<\/tr>\n<tr>\n<td valign=\"top\" width=\"81\">5\u2033<\/td>\n<td valign=\"top\" width=\"81\">125<\/td>\n<td valign=\"top\" width=\"81\">140<\/td>\n<td valign=\"top\" width=\"81\">76<\/td>\n<td valign=\"top\" width=\"81\">4*M10<\/td>\n<\/tr>\n<tr>\n<td valign=\"top\" width=\"81\">6\u2033<\/td>\n<td valign=\"top\" width=\"81\">150<\/td>\n<td valign=\"top\" width=\"81\">160<\/td>\n<td valign=\"top\" width=\"81\">96<\/td>\n<td valign=\"top\" width=\"81\">4*M10<\/td>\n<\/tr>\n<tr>\n<td valign=\"top\" width=\"81\">6\u2033<\/td>\n<td valign=\"top\" width=\"81\">150<\/td>\n<td valign=\"top\" width=\"81\">180<\/td>\n<td valign=\"top\" width=\"81\">96<\/td>\n<td valign=\"top\" width=\"81\">4*M10<\/td>\n<\/tr>\n<tr>\n<td valign=\"top\" width=\"81\">8\u2033<\/td>\n<td valign=\"top\" width=\"81\">200<\/td>\n<td valign=\"top\" width=\"81\">200<\/td>\n<td valign=\"top\" width=\"81\">112<\/td>\n<td valign=\"top\" width=\"81\">4*M10<\/td>\n<\/tr>\n<tr>\n<td valign=\"top\" width=\"81\">8\u2033<\/td>\n<td valign=\"top\" width=\"81\">200<\/td>\n<td valign=\"top\" width=\"81\">225<\/td>\n<td valign=\"top\" width=\"81\">112<\/td>\n<td valign=\"top\" width=\"81\">4*M10<\/td>\n<\/tr>\n<tr>\n<td valign=\"top\" width=\"81\">dix&quot;<\/td>\n<td valign=\"top\" width=\"81\">250<\/td>\n<td valign=\"top\" width=\"81\">250<\/td>\n<td valign=\"top\" width=\"81\">128<\/td>\n<td valign=\"top\" width=\"81\">6*M10<\/td>\n<\/tr>\n<tr>\n<td valign=\"top\" width=\"81\">dix&quot;<\/td>\n<td valign=\"top\" width=\"81\">250<\/td>\n<td valign=\"top\" width=\"81\">280<\/td>\n<td valign=\"top\" width=\"81\">136<\/td>\n<td valign=\"top\" width=\"81\">6*M10<\/td>\n<\/tr>\n<tr>\n<td valign=\"top\" width=\"81\">12\u2033<\/td>\n<td valign=\"top\" width=\"81\">300<\/td>\n<td valign=\"top\" width=\"81\">315<\/td>\n<td valign=\"top\" width=\"81\">158<\/td>\n<td valign=\"top\" width=\"81\">6*M10<\/td>\n<\/tr>\n<\/tbody>\n<\/table>\n<\/div>\n<\/div>","protected":false},"excerpt":{"rendered":"<p>L&#039;adaptateur \u00e0 bride retenue pour tuyau en PEHD est con\u00e7u comme un m\u00e9canisme simple et haute performance r\u00e9sistant \u00e0 la charge d&#039;extr\u00e9mit\u00e9 qui s&#039;agrippe et scelle les tuyaux en PEHD pour emp\u00eacher le tuyau de se d\u00e9tacher du syst\u00e8me de tuyauterie.<\/p>\n<div class=\"share-btn-list\">\n<div class=\"share-btn facebook\" title=\"Facebook\" data-type=\"facebook\"><\/div>\n<div class=\"share-btn twitter\" title=\"Twitter\" data-type=\"twitter\"><\/div>\n<div class=\"share-btn linkedin\" title=\"Linkedin\" data-type=\"linkedin\"><\/div>\n<div class=\"share-btn pinterest\" title=\"Pinterest\" data-type=\"pinterest\"><\/div>\n<div class=\"share-btn whatsapp\" title=\"WhatsApp\" data-type=\"whatsapp\"><\/div>\n<\/div>","protected":false},"featured_media":2417,"template":"","meta":[],"product_brand":[],"product_cat":[37,171],"product_tag":[246,247],"class_list":{"0":"post-2416","1":"product","2":"type-product","3":"status-publish","4":"has-post-thumbnail","6":"product_cat-pipe-joints","7":"product_cat-restrained-flange-adaptor","8":"product_tag-restrained","9":"product_tag-flange-adaptor","11":"first","12":"instock","13":"featured","14":"shipping-taxable","15":"product-type-simple"},"aioseo_notices":[],"_links":{"self":[{"href":"https:\/\/www.okval.com\/fr\/wp-json\/wp\/v2\/product\/2416","targetHints":{"allow":["GET"]}}],"collection":[{"href":"https:\/\/www.okval.com\/fr\/wp-json\/wp\/v2\/product"}],"about":[{"href":"https:\/\/www.okval.com\/fr\/wp-json\/wp\/v2\/types\/product"}],"wp:featuredmedia":[{"embeddable":true,"href":"https:\/\/www.okval.com\/fr\/wp-json\/wp\/v2\/media\/2417"}],"wp:attachment":[{"href":"https:\/\/www.okval.com\/fr\/wp-json\/wp\/v2\/media?parent=2416"}],"wp:term":[{"taxonomy":"product_brand","embeddable":true,"href":"https:\/\/www.okval.com\/fr\/wp-json\/wp\/v2\/product_brand?post=2416"},{"taxonomy":"product_cat","embeddable":true,"href":"https:\/\/www.okval.com\/fr\/wp-json\/wp\/v2\/product_cat?post=2416"},{"taxonomy":"product_tag","embeddable":true,"href":"https:\/\/www.okval.com\/fr\/wp-json\/wp\/v2\/product_tag?post=2416"}],"curies":[{"name":"wp","href":"https:\/\/api.w.org\/{rel}","templated":true}]}}