{"id":2411,"date":"2024-03-26T21:59:56","date_gmt":"2024-03-26T13:59:56","guid":{"rendered":"https:\/\/www.okval.com\/?post_type=product&#038;p=2411"},"modified":"2024-04-12T11:37:35","modified_gmt":"2024-04-12T03:37:35","slug":"adaptateur-de-bride-pour-tuyau-en-fonte-ductile","status":"publish","type":"product","link":"https:\/\/www.okval.com\/fr\/adaptateur-de-bride-pour-tuyau-en-fonte-ductile-html","title":{"rendered":"Adaptateur \u00e0 bride pour tuyau en fonte ductile"},"content":{"rendered":"<p><strong>Caract\u00e9ristiques:<\/strong><\/p>\n<p>Pression de travail 1-PN10 et PN16.<\/p>\n<p>Fonte 2-ductile GGG50 avec rev\u00eatement FBE<\/p>\n<p>3-Avec boulons et \u00e9crous en acier galvanis\u00e9.<\/p>\n<p>4 joints en caoutchouc EPDM ou NBR.<\/p>\n<p>5-Convient aux tuyaux en fonte ductile.<\/p>\n<p>&nbsp;<\/p>\n<p><strong>Dessin:<\/strong><\/p>\n<p><img decoding=\"async\" src=\"https:\/\/www.ametekiron.com\/Content\/uploads\/2020677727\/2020090209224859f004a640a04c69a3e7232d8a939835.jpg\" alt=\"Dessin de l&#039;adaptateur \u00e0 bride pour tuyau en fonte ductile\" \/><\/p>\n<p><strong>Mat\u00e9riel:<\/strong><\/p>\n<div class=\"table-responsive\">\n<table class=\"table\" border=\"0\" width=\"100%\" cellspacing=\"0\" cellpadding=\"0\">\n<tbody>\n<tr class=\"firstRow\">\n<td valign=\"top\" width=\"142\">Num\u00e9ro d&#039;article.<\/td>\n<td valign=\"top\" width=\"142\">Nom de l&#039;article<\/td>\n<td valign=\"top\" width=\"142\">Mat\u00e9riel<\/td>\n<\/tr>\n<tr>\n<td valign=\"top\" width=\"142\">1<\/td>\n<td valign=\"top\" width=\"142\">Corps<\/td>\n<td valign=\"top\" width=\"142\">Fonte Ductile<\/td>\n<\/tr>\n<tr>\n<td valign=\"top\" width=\"142\">2<\/td>\n<td valign=\"top\" width=\"142\">Anneau de fin<\/td>\n<td valign=\"top\" width=\"142\">Fonte Ductile<\/td>\n<\/tr>\n<tr>\n<td valign=\"top\" width=\"142\">3<\/td>\n<td valign=\"top\" width=\"142\">Joint<\/td>\n<td valign=\"top\" width=\"142\">Caoutchouc<\/td>\n<\/tr>\n<tr>\n<td valign=\"top\" width=\"142\">4<\/td>\n<td valign=\"top\" width=\"142\">Boulon<\/td>\n<td valign=\"top\" width=\"142\">Acier galvanis\u00e9<\/td>\n<\/tr>\n<tr>\n<td valign=\"top\" width=\"142\">5<\/td>\n<td valign=\"top\" width=\"142\">Machine \u00e0 laver<\/td>\n<td valign=\"top\" width=\"142\">Acier galvanis\u00e9<\/td>\n<\/tr>\n<tr>\n<td valign=\"top\" width=\"142\">6<\/td>\n<td valign=\"top\" width=\"142\">Noix<\/td>\n<td valign=\"top\" width=\"142\">Acier galvanis\u00e9<\/td>\n<\/tr>\n<tr>\n<td valign=\"top\" width=\"142\">7<\/td>\n<td valign=\"top\" width=\"142\">Casquette<\/td>\n<td valign=\"top\" width=\"142\">Plastique<\/td>\n<\/tr>\n<\/tbody>\n<\/table>\n<\/div>\n<p>&nbsp;<\/p>\n<p><strong>Dimensions (mm)\u00a0:<\/strong><\/p>\n<div class=\"table-responsive\">\n<table class=\"table\" border=\"0\" width=\"100%\" cellspacing=\"0\" cellpadding=\"0\">\n<tbody>\n<tr class=\"firstRow\">\n<td valign=\"top\" width=\"81\">Pouce<\/td>\n<td valign=\"top\" width=\"81\">DN<\/td>\n<td valign=\"top\" width=\"81\">DO<\/td>\n<td valign=\"top\" width=\"81\">L<\/td>\n<\/tr>\n<tr>\n<td valign=\"top\" width=\"81\">1-1\/2\u2033<\/td>\n<td valign=\"top\" width=\"81\">40<\/td>\n<td valign=\"top\" width=\"81\">56<\/td>\n<td valign=\"top\" width=\"81\">105<\/td>\n<\/tr>\n<tr>\n<td valign=\"top\" width=\"81\">2\u2033<\/td>\n<td valign=\"top\" width=\"81\">50<\/td>\n<td valign=\"top\" width=\"81\">66<\/td>\n<td valign=\"top\" width=\"81\">105<\/td>\n<\/tr>\n<tr>\n<td valign=\"top\" width=\"81\">3\u2033<\/td>\n<td valign=\"top\" width=\"81\">80<\/td>\n<td valign=\"top\" width=\"81\">98<\/td>\n<td valign=\"top\" width=\"81\">105<\/td>\n<\/tr>\n<tr>\n<td valign=\"top\" width=\"81\">4\u2033<\/td>\n<td valign=\"top\" width=\"81\">100<\/td>\n<td valign=\"top\" width=\"81\">118<\/td>\n<td valign=\"top\" width=\"81\">105<\/td>\n<\/tr>\n<tr>\n<td valign=\"top\" width=\"81\">5\u2033<\/td>\n<td valign=\"top\" width=\"81\">125<\/td>\n<td valign=\"top\" width=\"81\">144<\/td>\n<td valign=\"top\" width=\"81\">115<\/td>\n<\/tr>\n<tr>\n<td valign=\"top\" width=\"81\">6\u2033<\/td>\n<td valign=\"top\" width=\"81\">150<\/td>\n<td valign=\"top\" width=\"81\">170<\/td>\n<td valign=\"top\" width=\"81\">115<\/td>\n<\/tr>\n<tr>\n<td valign=\"top\" width=\"81\">8\u2033<\/td>\n<td valign=\"top\" width=\"81\">200<\/td>\n<td valign=\"top\" width=\"81\">222<\/td>\n<td valign=\"top\" width=\"81\">115<\/td>\n<\/tr>\n<tr>\n<td valign=\"top\" width=\"81\">dix&quot;<\/td>\n<td valign=\"top\" width=\"81\">250<\/td>\n<td valign=\"top\" width=\"81\">274<\/td>\n<td valign=\"top\" width=\"81\">130<\/td>\n<\/tr>\n<tr>\n<td valign=\"top\" width=\"81\">12\u2033<\/td>\n<td valign=\"top\" width=\"81\">300<\/td>\n<td valign=\"top\" width=\"81\">326<\/td>\n<td valign=\"top\" width=\"81\">130<\/td>\n<\/tr>\n<tr>\n<td valign=\"top\" width=\"81\">14\u2033<\/td>\n<td valign=\"top\" width=\"81\">350<\/td>\n<td valign=\"top\" width=\"81\">378<\/td>\n<td valign=\"top\" width=\"81\">180<\/td>\n<\/tr>\n<tr>\n<td valign=\"top\" width=\"81\">16\u2033<\/td>\n<td valign=\"top\" width=\"81\">400<\/td>\n<td valign=\"top\" width=\"81\">429<\/td>\n<td valign=\"top\" width=\"81\">180<\/td>\n<\/tr>\n<tr>\n<td valign=\"top\" width=\"81\">18\u2033<\/td>\n<td valign=\"top\" width=\"81\">450<\/td>\n<td valign=\"top\" width=\"81\">480<\/td>\n<td valign=\"top\" width=\"81\">190<\/td>\n<\/tr>\n<tr>\n<td valign=\"top\" width=\"81\">20\u2033<\/td>\n<td valign=\"top\" width=\"81\">500<\/td>\n<td valign=\"top\" width=\"81\">532<\/td>\n<td valign=\"top\" width=\"81\">190<\/td>\n<\/tr>\n<tr>\n<td valign=\"top\" width=\"81\">24\u2033<\/td>\n<td valign=\"top\" width=\"81\">600<\/td>\n<td valign=\"top\" width=\"81\">635<\/td>\n<td valign=\"top\" width=\"81\">190<\/td>\n<\/tr>\n<tr>\n<td valign=\"top\" width=\"81\">28\u2033<\/td>\n<td valign=\"top\" width=\"81\">700<\/td>\n<td valign=\"top\" width=\"81\">738<\/td>\n<td valign=\"top\" width=\"81\">190<\/td>\n<\/tr>\n<tr>\n<td valign=\"top\" width=\"81\">32\u2033<\/td>\n<td valign=\"top\" width=\"81\">800<\/td>\n<td valign=\"top\" width=\"81\">842<\/td>\n<td valign=\"top\" width=\"81\">190<\/td>\n<\/tr>\n<tr>\n<td valign=\"top\" width=\"81\">36\u2033<\/td>\n<td valign=\"top\" width=\"81\">900<\/td>\n<td valign=\"top\" width=\"81\">942<\/td>\n<td valign=\"top\" width=\"81\">190<\/td>\n<\/tr>\n<tr>\n<td valign=\"top\" width=\"81\">40\u2033<\/td>\n<td valign=\"top\" width=\"81\">1000<\/td>\n<td valign=\"top\" width=\"81\">1048<\/td>\n<td valign=\"top\" width=\"81\">190<\/td>\n<\/tr>\n<tr>\n<td valign=\"top\" width=\"81\">48\u2033<\/td>\n<td valign=\"top\" width=\"81\">1200<\/td>\n<td valign=\"top\" width=\"81\">1255<\/td>\n<td valign=\"top\" width=\"81\">190<\/td>\n<\/tr>\n<tr>\n<td valign=\"top\" width=\"81\">56\u2033<\/td>\n<td valign=\"top\" width=\"81\">1400<\/td>\n<td valign=\"top\" width=\"81\">1462<\/td>\n<td valign=\"top\" width=\"81\">190<\/td>\n<\/tr>\n<tr>\n<td valign=\"top\" width=\"81\">64\u2033<\/td>\n<td valign=\"top\" width=\"81\">1600<\/td>\n<td valign=\"top\" width=\"81\">1668<\/td>\n<td valign=\"top\" width=\"81\">275<\/td>\n<\/tr>\n<tr>\n<td valign=\"top\" width=\"81\">72\u2033<\/td>\n<td valign=\"top\" width=\"81\">1800<\/td>\n<td valign=\"top\" width=\"81\">1875<\/td>\n<td valign=\"top\" width=\"81\">275<\/td>\n<\/tr>\n<tr>\n<td valign=\"top\" width=\"81\">80\u2033<\/td>\n<td valign=\"top\" width=\"81\">2000<\/td>\n<td valign=\"top\" width=\"81\">2082<\/td>\n<td valign=\"top\" width=\"81\">275<\/td>\n<\/tr>\n<\/tbody>\n<\/table>\n<\/div>\n<p>Les dessins et param\u00e8tres ci-dessus sont uniquement \u00e0 titre de r\u00e9f\u00e9rence, veuillez nous consulter pour les donn\u00e9es exactes.<\/p>\n<p>&nbsp;<\/p>","protected":false},"excerpt":{"rendered":"<p>L&#039;adaptateur \u00e0 bride pour tuyau en fonte ductile relie le tuyau \u00e0 extr\u00e9mit\u00e9 lisse en fonte ductile aux vannes \u00e0 bride, aux pompes, aux raccords et aux tuyaux. C&#039;est avec une protection contre la corrosion de l&#039;int\u00e9rieur et de l&#039;ext\u00e9rieur FBE 300um, la plage de tailles va de DN40 ~ DN2000. Le paquet est un \u00e9tui en polywood avec un film \u00e0 bulles pour chaque article ou \u00e0 la demande des clients.<\/p>","protected":false},"featured_media":2795,"template":"","meta":[],"product_brand":[],"product_cat":[37,167],"product_tag":[238,247,250],"class_list":{"0":"post-2411","1":"product","2":"type-product","3":"status-publish","4":"has-post-thumbnail","6":"product_cat-pipe-joints","7":"product_cat-flange-adaptor","8":"product_tag-ductile-iron","9":"product_tag-flange-adaptor","10":"product_tag-pipe","12":"first","13":"instock","14":"shipping-taxable","15":"product-type-simple"},"aioseo_notices":[],"_links":{"self":[{"href":"https:\/\/www.okval.com\/fr\/wp-json\/wp\/v2\/product\/2411","targetHints":{"allow":["GET"]}}],"collection":[{"href":"https:\/\/www.okval.com\/fr\/wp-json\/wp\/v2\/product"}],"about":[{"href":"https:\/\/www.okval.com\/fr\/wp-json\/wp\/v2\/types\/product"}],"wp:featuredmedia":[{"embeddable":true,"href":"https:\/\/www.okval.com\/fr\/wp-json\/wp\/v2\/media\/2795"}],"wp:attachment":[{"href":"https:\/\/www.okval.com\/fr\/wp-json\/wp\/v2\/media?parent=2411"}],"wp:term":[{"taxonomy":"product_brand","embeddable":true,"href":"https:\/\/www.okval.com\/fr\/wp-json\/wp\/v2\/product_brand?post=2411"},{"taxonomy":"product_cat","embeddable":true,"href":"https:\/\/www.okval.com\/fr\/wp-json\/wp\/v2\/product_cat?post=2411"},{"taxonomy":"product_tag","embeddable":true,"href":"https:\/\/www.okval.com\/fr\/wp-json\/wp\/v2\/product_tag?post=2411"}],"curies":[{"name":"wp","href":"https:\/\/api.w.org\/{rel}","templated":true}]}}