{"id":2398,"date":"2024-03-26T16:30:17","date_gmt":"2024-03-26T08:30:17","guid":{"rendered":"https:\/\/www.okval.com\/?post_type=product&#038;p=2398"},"modified":"2024-04-12T11:31:44","modified_gmt":"2024-04-12T03:31:44","slug":"demontage-du-feu-commun-type-3","status":"publish","type":"product","link":"https:\/\/www.okval.com\/fr\/demontage-joint-leger-type-3-html","title":{"rendered":"D\u00e9montage de la lumi\u00e8re commune Type-3"},"content":{"rendered":"<p><strong>Caract\u00e9ristiques:<\/strong><\/p>\n<p>Type de lumi\u00e8re-3<\/p>\n<ul>\n<li>Boulons longs 25% (pas moins de 4 pi\u00e8ces) n\u00e9cessaires.<\/li>\n<li>convient pour un joint de d\u00e9montage sans pouss\u00e9e si aucun tirant long n&#039;est assembl\u00e9.<\/li>\n<li>Conforme \u00e0 EN545<\/li>\n<li>Type de bride\u00a0: BS EN1092 PN10<\/li>\n<\/ul>\n<p><strong>Mat\u00e9riaux:<\/strong><\/p>\n<div class=\"table100\">\n<table class=\"table1\" width=\"302\" data-sort-table=\"no\" data-show-entry=\"no\" data-searchable=\"no\" data-responsive=\"no\">\n<tbody>\n<tr>\n<td width=\"51\">Sr. Non.<\/td>\n<td width=\"89\">Nom<\/td>\n<td width=\"93\">Mat\u00e9riel<\/td>\n<td width=\"69\">Standard<\/td>\n<\/tr>\n<tr data-entry=\"1\">\n<td width=\"51\" data-title=\"Sr.No.\">1<\/td>\n<td width=\"89\" data-title=\"Name\">Corps long<\/td>\n<td width=\"93\" data-title=\"Material\">Fonte Ductile<\/td>\n<td width=\"69\" data-title=\"Standard\">EN1563<\/td>\n<\/tr>\n<tr data-entry=\"2\">\n<td width=\"51\" data-title=\"Sr.No.\">2<\/td>\n<td width=\"89\" data-title=\"Name\">Corps court<\/td>\n<td width=\"93\" data-title=\"Material\">Fonte Ductile<\/td>\n<td width=\"69\" data-title=\"Standard\">EN1563<\/td>\n<\/tr>\n<tr data-entry=\"3\">\n<td width=\"51\" data-title=\"Sr.No.\">3<\/td>\n<td width=\"89\" data-title=\"Name\">Dispositif de retenue<\/td>\n<td width=\"93\" data-title=\"Material\">Fonte Ductile<\/td>\n<td width=\"69\" data-title=\"Standard\">EN1563<\/td>\n<\/tr>\n<tr data-entry=\"4\">\n<td width=\"51\" data-title=\"Sr.No.\">4<\/td>\n<td width=\"89\" data-title=\"Name\">Joint<\/td>\n<td width=\"93\" data-title=\"Material\">EPDM\/NBR<\/td>\n<td width=\"69\" data-title=\"Standard\">EN681-1<\/td>\n<\/tr>\n<tr data-entry=\"5\">\n<td width=\"51\" data-title=\"Sr.No.\">5<\/td>\n<td width=\"89\" data-title=\"Name\">Tirants<\/td>\n<td width=\"93\" data-title=\"Material\">CS\/SS<\/td>\n<td width=\"69\" data-title=\"Standard\">OIN<\/td>\n<\/tr>\n<\/tbody>\n<\/table>\n<p><strong>Dimensions(mm)<\/strong><\/p>\n<div class=\"table100\">\n<table class=\"table1\" width=\"392\" data-sort-table=\"no\" data-show-entry=\"no\" data-searchable=\"no\" data-responsive=\"no\">\n<tbody>\n<tr>\n<td width=\"70\">TAILLE<\/td>\n<td width=\"74\">PN<\/td>\n<td width=\"52\">D<\/td>\n<td width=\"45\">L<\/td>\n<td width=\"54\">T<\/td>\n<td width=\"45\">L1<\/td>\n<td width=\"52\">D1<\/td>\n<\/tr>\n<tr data-entry=\"1\">\n<td width=\"70\" data-title=\"SIZE\">DN80<\/td>\n<td width=\"74\" data-title=\"PN\">PN10\/16<\/td>\n<td width=\"52\" data-title=\"D\">200<\/td>\n<td width=\"45\" data-title=\"L\">205<\/td>\n<td width=\"54\" data-title=\"T\">+\/-25<\/td>\n<td width=\"45\" data-title=\"L1\">340<\/td>\n<td width=\"52\" data-title=\"D1\">160<\/td>\n<\/tr>\n<tr data-entry=\"2\">\n<td width=\"70\" data-title=\"SIZE\">DN100<\/td>\n<td width=\"74\" data-title=\"PN\">PN10\/16<\/td>\n<td width=\"52\" data-title=\"D\">220<\/td>\n<td width=\"45\" data-title=\"L\">205<\/td>\n<td width=\"54\" data-title=\"T\">+\/-25<\/td>\n<td width=\"45\" data-title=\"L1\">340<\/td>\n<td width=\"52\" data-title=\"D1\">180<\/td>\n<\/tr>\n<tr data-entry=\"3\">\n<td width=\"70\" data-title=\"SIZE\">DN150<\/td>\n<td width=\"74\" data-title=\"PN\">PN10\/16<\/td>\n<td width=\"52\" data-title=\"D\">285<\/td>\n<td width=\"45\" data-title=\"L\">205<\/td>\n<td width=\"54\" data-title=\"T\">+\/-25<\/td>\n<td width=\"45\" data-title=\"L1\">340<\/td>\n<td width=\"52\" data-title=\"D1\">240<\/td>\n<\/tr>\n<tr data-entry=\"4\">\n<td width=\"70\" data-title=\"SIZE\">DN200<\/td>\n<td width=\"74\" data-title=\"PN\">PN10<\/td>\n<td width=\"52\" data-title=\"D\">340<\/td>\n<td width=\"45\" data-title=\"L\">215<\/td>\n<td width=\"54\" data-title=\"T\">+\/-25<\/td>\n<td width=\"45\" data-title=\"L1\">350<\/td>\n<td width=\"52\" data-title=\"D1\">295<\/td>\n<\/tr>\n<tr data-entry=\"5\">\n<td width=\"70\" data-title=\"SIZE\"><\/td>\n<td width=\"74\" data-title=\"PN\">PN16<\/td>\n<td width=\"52\" data-title=\"D\">340<\/td>\n<td width=\"45\" data-title=\"L\">215<\/td>\n<td width=\"54\" data-title=\"T\">+\/-25<\/td>\n<td width=\"45\" data-title=\"L1\">350<\/td>\n<td width=\"52\" data-title=\"D1\">295<\/td>\n<\/tr>\n<tr data-entry=\"6\">\n<td width=\"70\" data-title=\"SIZE\">DN250<\/td>\n<td width=\"74\" data-title=\"PN\">PN10<\/td>\n<td width=\"52\" data-title=\"D\">400<\/td>\n<td width=\"45\" data-title=\"L\">220<\/td>\n<td width=\"54\" data-title=\"T\">+\/-25<\/td>\n<td width=\"45\" data-title=\"L1\">370<\/td>\n<td width=\"52\" data-title=\"D1\">350<\/td>\n<\/tr>\n<tr data-entry=\"7\">\n<td width=\"70\" data-title=\"SIZE\"><\/td>\n<td width=\"74\" data-title=\"PN\">PN16<\/td>\n<td width=\"52\" data-title=\"D\">400<\/td>\n<td width=\"45\" data-title=\"L\">220<\/td>\n<td width=\"54\" data-title=\"T\">+\/-25<\/td>\n<td width=\"45\" data-title=\"L1\">380<\/td>\n<td width=\"52\" data-title=\"D1\">355<\/td>\n<\/tr>\n<tr data-entry=\"8\">\n<td width=\"70\" data-title=\"SIZE\">DN300<\/td>\n<td width=\"74\" data-title=\"PN\">PN10<\/td>\n<td width=\"52\" data-title=\"D\">455<\/td>\n<td width=\"45\" data-title=\"L\">240<\/td>\n<td width=\"54\" data-title=\"T\">+\/-25<\/td>\n<td width=\"45\" data-title=\"L1\">390<\/td>\n<td width=\"52\" data-title=\"D1\">400<\/td>\n<\/tr>\n<tr data-entry=\"9\">\n<td width=\"70\" data-title=\"SIZE\"><\/td>\n<td width=\"74\" data-title=\"PN\">PN16<\/td>\n<td width=\"52\" data-title=\"D\">455<\/td>\n<td width=\"45\" data-title=\"L\">240<\/td>\n<td width=\"54\" data-title=\"T\">+\/-25<\/td>\n<td width=\"45\" data-title=\"L1\">400<\/td>\n<td width=\"52\" data-title=\"D1\">410<\/td>\n<\/tr>\n<tr data-entry=\"10\">\n<td width=\"70\" data-title=\"SIZE\">DN350<\/td>\n<td width=\"74\" data-title=\"PN\">PN10<\/td>\n<td width=\"52\" data-title=\"D\">505<\/td>\n<td width=\"45\" data-title=\"L\">240<\/td>\n<td width=\"54\" data-title=\"T\">+\/-25<\/td>\n<td width=\"45\" data-title=\"L1\">400<\/td>\n<td width=\"52\" data-title=\"D1\">460<\/td>\n<\/tr>\n<tr data-entry=\"11\">\n<td width=\"70\" data-title=\"SIZE\"><\/td>\n<td width=\"74\" data-title=\"PN\">PN16<\/td>\n<td width=\"52\" data-title=\"D\">520<\/td>\n<td width=\"45\" data-title=\"L\">240<\/td>\n<td width=\"54\" data-title=\"T\">+\/-25<\/td>\n<td width=\"45\" data-title=\"L1\">410<\/td>\n<td width=\"52\" data-title=\"D1\">470<\/td>\n<\/tr>\n<tr data-entry=\"12\">\n<td width=\"70\" data-title=\"SIZE\">DN400<\/td>\n<td width=\"74\" data-title=\"PN\">PN10<\/td>\n<td width=\"52\" data-title=\"D\">565<\/td>\n<td width=\"45\" data-title=\"L\">250<\/td>\n<td width=\"54\" data-title=\"T\">+\/-25<\/td>\n<td width=\"45\" data-title=\"L1\">420<\/td>\n<td width=\"52\" data-title=\"D1\">515<\/td>\n<\/tr>\n<tr data-entry=\"13\">\n<td width=\"70\" data-title=\"SIZE\"><\/td>\n<td width=\"74\" data-title=\"PN\">PN16<\/td>\n<td width=\"52\" data-title=\"D\">580<\/td>\n<td width=\"45\" data-title=\"L\">250<\/td>\n<td width=\"54\" data-title=\"T\">+\/-25<\/td>\n<td width=\"45\" data-title=\"L1\">430<\/td>\n<td width=\"52\" data-title=\"D1\">525<\/td>\n<\/tr>\n<tr data-entry=\"14\">\n<td width=\"70\" data-title=\"SIZE\">DN450<\/td>\n<td width=\"74\" data-title=\"PN\">PN10<\/td>\n<td width=\"52\" data-title=\"D\">615<\/td>\n<td width=\"45\" data-title=\"L\">265<\/td>\n<td width=\"54\" data-title=\"T\">+\/-25<\/td>\n<td width=\"45\" data-title=\"L1\">435<\/td>\n<td width=\"52\" data-title=\"D1\">565<\/td>\n<\/tr>\n<tr data-entry=\"15\">\n<td width=\"70\" data-title=\"SIZE\"><\/td>\n<td width=\"74\" data-title=\"PN\">PN16<\/td>\n<td width=\"52\" data-title=\"D\">640<\/td>\n<td width=\"45\" data-title=\"L\">265<\/td>\n<td width=\"54\" data-title=\"T\">+\/-25<\/td>\n<td width=\"45\" data-title=\"L1\">450<\/td>\n<td width=\"52\" data-title=\"D1\">585<\/td>\n<\/tr>\n<tr data-entry=\"16\">\n<td width=\"70\" data-title=\"SIZE\">DN500<\/td>\n<td width=\"74\" data-title=\"PN\">PN10<\/td>\n<td width=\"52\" data-title=\"D\">670<\/td>\n<td width=\"45\" data-title=\"L\">275<\/td>\n<td width=\"54\" data-title=\"T\">+\/-25<\/td>\n<td width=\"45\" data-title=\"L1\">440<\/td>\n<td width=\"52\" data-title=\"D1\">620<\/td>\n<\/tr>\n<tr data-entry=\"17\">\n<td width=\"70\" data-title=\"SIZE\"><\/td>\n<td width=\"74\" data-title=\"PN\">PN16<\/td>\n<td width=\"52\" data-title=\"D\">715<\/td>\n<td width=\"45\" data-title=\"L\">275<\/td>\n<td width=\"54\" data-title=\"T\">+\/-25<\/td>\n<td width=\"45\" data-title=\"L1\">460<\/td>\n<td width=\"52\" data-title=\"D1\">650<\/td>\n<\/tr>\n<tr data-entry=\"18\">\n<td width=\"70\" data-title=\"SIZE\">DN600<\/td>\n<td width=\"74\" data-title=\"PN\">PN10<\/td>\n<td width=\"52\" data-title=\"D\">780<\/td>\n<td width=\"45\" data-title=\"L\">295<\/td>\n<td width=\"54\" data-title=\"T\">+\/-25<\/td>\n<td width=\"45\" data-title=\"L1\">460<\/td>\n<td width=\"52\" data-title=\"D1\">725<\/td>\n<\/tr>\n<tr data-entry=\"19\">\n<td width=\"70\" data-title=\"SIZE\"><\/td>\n<td width=\"74\" data-title=\"PN\">PN16<\/td>\n<td width=\"52\" data-title=\"D\">840<\/td>\n<td width=\"45\" data-title=\"L\">295<\/td>\n<td width=\"54\" data-title=\"T\">+\/-25<\/td>\n<td width=\"45\" data-title=\"L1\">500<\/td>\n<td width=\"52\" data-title=\"D1\">770<\/td>\n<\/tr>\n<tr data-entry=\"20\">\n<td width=\"70\" data-title=\"SIZE\">DN700<\/td>\n<td width=\"74\" data-title=\"PN\">PN10<\/td>\n<td width=\"52\" data-title=\"D\">895<\/td>\n<td width=\"45\" data-title=\"L\">300<\/td>\n<td width=\"54\" data-title=\"T\">+\/-25<\/td>\n<td width=\"45\" data-title=\"L1\">480<\/td>\n<td width=\"52\" data-title=\"D1\">840<\/td>\n<\/tr>\n<tr data-entry=\"21\">\n<td width=\"70\" data-title=\"SIZE\"><\/td>\n<td width=\"74\" data-title=\"PN\">PN16<\/td>\n<td width=\"52\" data-title=\"D\">910<\/td>\n<td width=\"45\" data-title=\"L\">300<\/td>\n<td width=\"54\" data-title=\"T\">+\/-25<\/td>\n<td width=\"45\" data-title=\"L1\">500<\/td>\n<td width=\"52\" data-title=\"D1\">840<\/td>\n<\/tr>\n<tr data-entry=\"22\">\n<td width=\"70\" data-title=\"SIZE\">DN800<\/td>\n<td width=\"74\" data-title=\"PN\">PN10<\/td>\n<td width=\"52\" data-title=\"D\">1015<\/td>\n<td width=\"45\" data-title=\"L\">320<\/td>\n<td width=\"54\" data-title=\"T\">+\/-25<\/td>\n<td width=\"45\" data-title=\"L1\">500<\/td>\n<td width=\"52\" data-title=\"D1\">950<\/td>\n<\/tr>\n<tr data-entry=\"23\">\n<td width=\"70\" data-title=\"SIZE\"><\/td>\n<td width=\"74\" data-title=\"PN\">PN16<\/td>\n<td width=\"52\" data-title=\"D\">1025<\/td>\n<td width=\"45\" data-title=\"L\">320<\/td>\n<td width=\"54\" data-title=\"T\">+\/-25<\/td>\n<td width=\"45\" data-title=\"L1\">530<\/td>\n<td width=\"52\" data-title=\"D1\">950<\/td>\n<\/tr>\n<tr data-entry=\"24\">\n<td width=\"70\" data-title=\"SIZE\">DN900<\/td>\n<td width=\"74\" data-title=\"PN\">PN10<\/td>\n<td width=\"52\" data-title=\"D\">1115<\/td>\n<td width=\"45\" data-title=\"L\">320<\/td>\n<td width=\"54\" data-title=\"T\">+\/-25<\/td>\n<td width=\"45\" data-title=\"L1\">500<\/td>\n<td width=\"52\" data-title=\"D1\">1050<\/td>\n<\/tr>\n<tr data-entry=\"25\">\n<td width=\"70\" data-title=\"SIZE\"><\/td>\n<td width=\"74\" data-title=\"PN\">PN16<\/td>\n<td width=\"52\" data-title=\"D\">1125<\/td>\n<td width=\"45\" data-title=\"L\">320<\/td>\n<td width=\"54\" data-title=\"T\">+\/-25<\/td>\n<td width=\"45\" data-title=\"L1\">530<\/td>\n<td width=\"52\" data-title=\"D1\">1050<\/td>\n<\/tr>\n<tr data-entry=\"26\">\n<td width=\"70\" data-title=\"SIZE\">DN1000<\/td>\n<td width=\"74\" data-title=\"PN\">PN10<\/td>\n<td width=\"52\" data-title=\"D\">1230<\/td>\n<td width=\"45\" data-title=\"L\">330<\/td>\n<td width=\"54\" data-title=\"T\">+\/-25<\/td>\n<td width=\"45\" data-title=\"L1\">545<\/td>\n<td width=\"52\" data-title=\"D1\">1160<\/td>\n<\/tr>\n<tr data-entry=\"27\">\n<td width=\"70\" data-title=\"SIZE\"><\/td>\n<td width=\"74\" data-title=\"PN\">PN16<\/td>\n<td width=\"52\" data-title=\"D\">1255<\/td>\n<td width=\"45\" data-title=\"L\">330<\/td>\n<td width=\"54\" data-title=\"T\">+\/-25<\/td>\n<td width=\"45\" data-title=\"L1\">570<\/td>\n<td width=\"52\" data-title=\"D1\">1170<\/td>\n<\/tr>\n<tr data-entry=\"28\">\n<td width=\"70\" data-title=\"SIZE\">DN1200<\/td>\n<td width=\"74\" data-title=\"PN\">PN10<\/td>\n<td width=\"52\" data-title=\"D\">1455<\/td>\n<td width=\"45\" data-title=\"L\">350<\/td>\n<td width=\"54\" data-title=\"T\">+\/-25<\/td>\n<td width=\"45\" data-title=\"L1\">580<\/td>\n<td width=\"52\" data-title=\"D1\">1380<\/td>\n<\/tr>\n<tr data-entry=\"29\">\n<td width=\"70\" data-title=\"SIZE\"><\/td>\n<td width=\"74\" data-title=\"PN\">PN16<\/td>\n<td width=\"52\" data-title=\"D\">1485<\/td>\n<td width=\"45\" data-title=\"L\">350<\/td>\n<td width=\"54\" data-title=\"T\">+\/-25<\/td>\n<td width=\"45\" data-title=\"L1\">620<\/td>\n<td width=\"52\" data-title=\"D1\">1390<\/td>\n<\/tr>\n<\/tbody>\n<\/table>\n<\/div>\n<\/div>","protected":false},"excerpt":{"rendered":"<p>OKVAL est l&#039;un des plus grands fabricants de joints de d\u00e9montage et usine de joints de d\u00e9montage en Chine. Nous pouvons fabriquer et fournir des joints de d\u00e9montage selon vos besoins. Plus de types de joints de d\u00e9montage recherch\u00e9s, veuillez nous contacter d\u00e8s maintenant\u00a0!<br \/>\nLes joints de d\u00e9montage sont sp\u00e9cialement con\u00e7us pour fournir une m\u00e9thode simple de retrait ou d&#039;installation de tout type d&#039;objet \u00e0 bride dans une canalisation, tel que des vannes, des pompes, des raccords de tuyauterie \u00e0 bride ou d&#039;autres objets similaires. L&#039;ancrage final est assur\u00e9 par la fourniture de tirants, qui servent \u00e9galement de boulons d&#039;assemblage des brides, ce qui r\u00e9duit le nombre de boulons n\u00e9cessaires.<\/p>","protected":false},"featured_media":2403,"template":"","meta":[],"product_brand":[],"product_cat":[37,211],"product_tag":[212,253],"class_list":{"0":"post-2398","1":"product","2":"type-product","3":"status-publish","4":"has-post-thumbnail","6":"product_cat-pipe-joints","7":"product_cat-dismantling-joint","8":"product_tag-dismantling-joint","9":"product_tag-light","11":"first","12":"instock","13":"shipping-taxable","14":"product-type-simple"},"aioseo_notices":[],"_links":{"self":[{"href":"https:\/\/www.okval.com\/fr\/wp-json\/wp\/v2\/product\/2398","targetHints":{"allow":["GET"]}}],"collection":[{"href":"https:\/\/www.okval.com\/fr\/wp-json\/wp\/v2\/product"}],"about":[{"href":"https:\/\/www.okval.com\/fr\/wp-json\/wp\/v2\/types\/product"}],"wp:featuredmedia":[{"embeddable":true,"href":"https:\/\/www.okval.com\/fr\/wp-json\/wp\/v2\/media\/2403"}],"wp:attachment":[{"href":"https:\/\/www.okval.com\/fr\/wp-json\/wp\/v2\/media?parent=2398"}],"wp:term":[{"taxonomy":"product_brand","embeddable":true,"href":"https:\/\/www.okval.com\/fr\/wp-json\/wp\/v2\/product_brand?post=2398"},{"taxonomy":"product_cat","embeddable":true,"href":"https:\/\/www.okval.com\/fr\/wp-json\/wp\/v2\/product_cat?post=2398"},{"taxonomy":"product_tag","embeddable":true,"href":"https:\/\/www.okval.com\/fr\/wp-json\/wp\/v2\/product_tag?post=2398"}],"curies":[{"name":"wp","href":"https:\/\/api.w.org\/{rel}","templated":true}]}}