{"id":2179,"date":"2024-03-01T10:40:56","date_gmt":"2024-03-01T02:40:56","guid":{"rendered":"https:\/\/www.okval.com\/?post_type=product&#038;p=2179"},"modified":"2024-03-31T14:27:39","modified_gmt":"2024-03-31T06:27:39","slug":"vanne-papillon-bi-excentrique","status":"publish","type":"product","link":"https:\/\/www.okval.com\/fr\/vanne-papillon-bi-excentrique-html","title":{"rendered":"Vanne papillon bi-excentrique"},"content":{"rendered":"<p class=\"p1\"><strong>Propri\u00e9t\u00e9s<\/strong><\/p>\n<ul>\n<li class=\"p2\"><strong>Conception:<\/strong>\u00a0double excentrique, double bride BS EN 593<\/li>\n<li class=\"p2\"><strong>Norme de bride\u00a0:<\/strong>\u00a0BS EN 1092-2 PN16<\/li>\n<li class=\"p2\"><strong>Rapport de pression:<\/strong>\u00a0PN 10\/16<\/li>\n<li class=\"p2\"><strong>Distance entre les brides\u00a0:<\/strong>\u00a0BS EN 558 s\u00e9rie 14<\/li>\n<li class=\"p2\"><strong>Corps:<\/strong>\u00a0Fonte ductile GGG50, rev\u00eatement \u00e9poxy<\/li>\n<li class=\"p2\"><strong>Normes d&#039;essai\u00a0:<\/strong>\u00a0BS EN 12266-1 Taux A<\/li>\n<\/ul>\n<p>&nbsp;<\/p>","protected":false},"excerpt":{"rendered":"<p class=\"p1\"><strong>Donn\u00e9es g\u00e9n\u00e9riques<\/strong><\/p>\n<ul>\n<li class=\"p2\"><strong>Pression nominale (Mpa)\u00a0:<\/strong>\u00a01,0 \u2013 1,6<\/li>\n<li class=\"p2\"><strong>Pression d&#039;essai (Mpa)\u00a0:<\/strong>\u00a0Carrosserie 1,5 \u2013 2,4, Test du si\u00e8ge 1,1 \u2013 1,76<\/li>\n<li><strong>Pression de travail\u00a0:<\/strong>\u00a0PN10 \/ PN16<\/li>\n<li class=\"p2\"><strong>Temp\u00e9rature id\u00e9ale (\u00baC)\u00a0:<\/strong>\u00a0\u2264 80<\/li>\n<li class=\"p2\"><strong>Milieu id\u00e9al :<\/strong>\u00a0Eau, huile<\/li>\n<\/ul>","protected":false},"featured_media":2180,"template":"","meta":[],"product_brand":[],"product_cat":[179,159],"product_tag":[254,255,258],"class_list":{"0":"post-2179","1":"product","2":"type-product","3":"status-publish","4":"has-post-thumbnail","6":"product_cat-butterfly-valve","7":"product_cat-valves","8":"product_tag-butterfly","9":"product_tag-valve","10":"product_tag-bi-eccentric","12":"first","13":"instock","14":"featured","15":"shipping-taxable","16":"product-type-simple"},"aioseo_notices":[],"_links":{"self":[{"href":"https:\/\/www.okval.com\/fr\/wp-json\/wp\/v2\/product\/2179","targetHints":{"allow":["GET"]}}],"collection":[{"href":"https:\/\/www.okval.com\/fr\/wp-json\/wp\/v2\/product"}],"about":[{"href":"https:\/\/www.okval.com\/fr\/wp-json\/wp\/v2\/types\/product"}],"wp:featuredmedia":[{"embeddable":true,"href":"https:\/\/www.okval.com\/fr\/wp-json\/wp\/v2\/media\/2180"}],"wp:attachment":[{"href":"https:\/\/www.okval.com\/fr\/wp-json\/wp\/v2\/media?parent=2179"}],"wp:term":[{"taxonomy":"product_brand","embeddable":true,"href":"https:\/\/www.okval.com\/fr\/wp-json\/wp\/v2\/product_brand?post=2179"},{"taxonomy":"product_cat","embeddable":true,"href":"https:\/\/www.okval.com\/fr\/wp-json\/wp\/v2\/product_cat?post=2179"},{"taxonomy":"product_tag","embeddable":true,"href":"https:\/\/www.okval.com\/fr\/wp-json\/wp\/v2\/product_tag?post=2179"}],"curies":[{"name":"wp","href":"https:\/\/api.w.org\/{rel}","templated":true}]}}