{"id":2174,"date":"2024-03-30T09:57:23","date_gmt":"2024-03-30T01:57:23","guid":{"rendered":"https:\/\/www.okval.com\/?post_type=product&#038;p=2174"},"modified":"2024-04-03T14:45:09","modified_gmt":"2024-04-03T06:45:09","slug":"clapet-anti-retour-a-bille","status":"publish","type":"product","link":"https:\/\/www.okval.com\/fr\/clapet-anti-retour-a-bille-html","title":{"rendered":"Clapet anti-retour \u00e0 bille"},"content":{"rendered":"<p class=\"p1\"><strong>Donn\u00e9es techniques<\/strong><\/p>\n<ul>\n<li class=\"p2\">Gamme.<\/li>\n<li class=\"p2\">Extr\u00e9mit\u00e9s filet\u00e9es du DN32 au DN80.<\/li>\n<li class=\"p2\">Extr\u00e9mit\u00e9s \u00e0 brides du DN40 au DN300.<\/li>\n<li class=\"p2\">Type filet\u00e9 : BSP selon ISO 228-1.<\/li>\n<li class=\"p2\">Type \u00e0 bride : EN 1092-2 PN16 et AS4087 (AS2129 Talbe E).<\/li>\n<li class=\"p2\">Pression de service maximale 16bars.<\/li>\n<li class=\"p2\">Temp\u00e9ratures de fonctionnement 10\u00baC ~ 80\u00baC.<\/li>\n<li class=\"p2\">Si\u00e8ges selon la cat\u00e9gorie A standard ISO 5208.<\/li>\n<li class=\"p2\">Contre-pression minimale d&#039;\u00e9tanch\u00e9it\u00e9 : 0,3bar \u00e0 0,5bar.<\/li>\n<li class=\"p2\">Dimensions face \u00e0 face pour type \u00e0 bride selon EN-558-1 s\u00e9rie 48 (DIN3202 F6).<\/li>\n<\/ul>\n<p>&nbsp;<\/p>\n<p class=\"p1\"><strong>Applications<\/strong><\/p>\n<p class=\"p2\">Stations de pompage pour eaux propres, us\u00e9es et fluides charg\u00e9s ou visqueux.<\/p>\n<p>&nbsp;<\/p>\n<p class=\"p1\"><strong>Essai hydraulique<\/strong><\/p>\n<ul>\n<li class=\"p2\">Si\u00e8ge\u00a0: 1,1x pression normale.<\/li>\n<li class=\"p2\">Corps\u00a0: 1,5x pression normale<\/li>\n<\/ul>","protected":false},"excerpt":{"rendered":"<p class=\"p1\"><strong>Performances techniques<\/strong><\/p>\n<ul>\n<li class=\"p2\">Passage int\u00e9gral assur\u00e9.<\/li>\n<li class=\"p2\">Boule autonettoyante.<\/li>\n<li class=\"p2\">Faible chute de pression.<\/li>\n<li class=\"p2\">Silencieux.<\/li>\n<li class=\"p2\">Bonnet amovible pour nettoyer ou changer la boule sans d\u00e9montage hors de la canalisation.<\/li>\n<li class=\"p2\">Installation horizontale et verticale dans la canalisation.<\/li>\n<\/ul>","protected":false},"featured_media":2175,"template":"","meta":[],"product_brand":[],"product_cat":[159],"product_tag":[255,259],"class_list":{"0":"post-2174","1":"product","2":"type-product","3":"status-publish","4":"has-post-thumbnail","6":"product_cat-valves","7":"product_tag-valve","8":"product_tag-ball-check","10":"first","11":"instock","12":"shipping-taxable","13":"product-type-simple"},"aioseo_notices":[],"_links":{"self":[{"href":"https:\/\/www.okval.com\/fr\/wp-json\/wp\/v2\/product\/2174","targetHints":{"allow":["GET"]}}],"collection":[{"href":"https:\/\/www.okval.com\/fr\/wp-json\/wp\/v2\/product"}],"about":[{"href":"https:\/\/www.okval.com\/fr\/wp-json\/wp\/v2\/types\/product"}],"wp:featuredmedia":[{"embeddable":true,"href":"https:\/\/www.okval.com\/fr\/wp-json\/wp\/v2\/media\/2175"}],"wp:attachment":[{"href":"https:\/\/www.okval.com\/fr\/wp-json\/wp\/v2\/media?parent=2174"}],"wp:term":[{"taxonomy":"product_brand","embeddable":true,"href":"https:\/\/www.okval.com\/fr\/wp-json\/wp\/v2\/product_brand?post=2174"},{"taxonomy":"product_cat","embeddable":true,"href":"https:\/\/www.okval.com\/fr\/wp-json\/wp\/v2\/product_cat?post=2174"},{"taxonomy":"product_tag","embeddable":true,"href":"https:\/\/www.okval.com\/fr\/wp-json\/wp\/v2\/product_tag?post=2174"}],"curies":[{"name":"wp","href":"https:\/\/api.w.org\/{rel}","templated":true}]}}