{"id":2857,"date":"2024-04-15T09:18:36","date_gmt":"2024-04-15T01:18:36","guid":{"rendered":"https:\/\/www.okval.com\/?post_type=product&#038;p=2857"},"modified":"2024-04-15T09:20:36","modified_gmt":"2024-04-15T01:20:36","slug":"abrazadera-de-reparacion-de-juntas-de-campana","status":"publish","type":"product","link":"https:\/\/www.okval.com\/es\/abrazadera-de-reparacion-de-juntas-de-campana-html","title":{"rendered":"Abrazadera de reparaci\u00f3n de juntas de campana"},"content":{"rendered":"<p>Brida: fundici\u00f3n d\u00factil EN-GJS-500-7 EN1092 EN545<br \/>\nJunta :EPDM NBR<br \/>\nPernos, tuercas: acero inoxidable, perno Dacromet.<br \/>\nRecubrimiento epoxi RAL5015, espesor m\u00ednimo 250 \u03bcm DIN30677<br \/>\nPresi\u00f3n normal PN10 Prueba: EN 12266-1<br \/>\nTemperatura m\u00e1xima -10\u00b0C a +70\u00b0C;<br \/>\nAdecuado para agua port\u00e1til, l\u00edquidos neutros y aguas residuales.<\/p>\n<table width=\"600\">\n<tbody>\n<tr>\n<td width=\"99\">DN<\/td>\n<td width=\"279\">RANGO<\/td>\n<td width=\"222\">Peso<\/td>\n<\/tr>\n<tr>\n<td width=\"99\">50<\/td>\n<td width=\"279\">62-68<\/td>\n<td width=\"222\">3.3<\/td>\n<\/tr>\n<tr>\n<td width=\"99\">65<\/td>\n<td width=\"279\">75-84<\/td>\n<td width=\"222\">4.3<\/td>\n<\/tr>\n<tr>\n<td width=\"99\">80<\/td>\n<td width=\"279\">94-100<\/td>\n<td width=\"222\">8.5<\/td>\n<\/tr>\n<tr>\n<td width=\"99\">100<\/td>\n<td width=\"279\">114-120<\/td>\n<td width=\"222\">9.1<\/td>\n<\/tr>\n<tr>\n<td width=\"99\">150<\/td>\n<td width=\"279\">166-173<\/td>\n<td width=\"222\">11.25<\/td>\n<\/tr>\n<tr>\n<td width=\"99\">200<\/td>\n<td width=\"279\">217-224<\/td>\n<td width=\"222\">13.45<\/td>\n<\/tr>\n<tr>\n<td width=\"99\">250<\/td>\n<td width=\"279\">270-276<\/td>\n<td width=\"222\">18.2<\/td>\n<\/tr>\n<tr>\n<td width=\"99\">300<\/td>\n<td width=\"279\">321-328<\/td>\n<td width=\"222\">19.6<\/td>\n<\/tr>\n<tr>\n<td width=\"99\">350<\/td>\n<td width=\"279\">373-380<\/td>\n<td width=\"222\">26.95<\/td>\n<\/tr>\n<tr>\n<td width=\"99\">400<\/td>\n<td width=\"279\">424-431<\/td>\n<td width=\"222\">30.35<\/td>\n<\/tr>\n<tr>\n<td width=\"99\">500<\/td>\n<td width=\"279\">527-534<\/td>\n<td width=\"222\">37.2<\/td>\n<\/tr>\n<tr>\n<td width=\"99\">600<\/td>\n<td width=\"279\">630-638<\/td>\n<td width=\"222\">50<\/td>\n<\/tr>\n<\/tbody>\n<\/table>","protected":false},"excerpt":{"rendered":"<p>Las abrazaderas OKVAL Bell Joint Repair han sido desarrolladas para reparar collarines. Proporciona una reparaci\u00f3n permanente eficaz y permanente de juntas de espiga y casquillo con fugas. Abrazadera de reparaci\u00f3n de espiga Una vez instalada, la junta refuerza el sello de la junta de espiga y casquillo. Abrazadera de reparaci\u00f3n de juntas de campana Repare la junta bajo presi\u00f3n, elimine la reparaci\u00f3n de corte abierto, encapsulaci\u00f3n de campana de manga r\u00e1pida Competitivo con los productos utilizados para una reparaci\u00f3n de corte abierto.<br \/>\nConexi\u00f3n o reparaci\u00f3n de tomas con fugas y juntas de espiga en tuber\u00edas de hierro fundido d\u00factil, reparaci\u00f3n de fugas en juntas de tuber\u00edas de otro material (A\/C, fibra de vidrio, acero, pl\u00e1stico)<\/p>\n<p>&nbsp;<\/p>\n<p>&nbsp;<\/p>","protected":false},"featured_media":2858,"template":"","meta":[],"product_brand":[],"product_cat":[157],"product_tag":[266,267],"class_list":{"0":"post-2857","1":"product","2":"type-product","3":"status-publish","4":"has-post-thumbnail","6":"product_cat-repair-clamp","7":"product_tag-bell-joints-repair-clamp","8":"product_tag-spigot-repair-clamp","10":"first","11":"instock","12":"shipping-taxable","13":"product-type-simple"},"aioseo_notices":[],"_links":{"self":[{"href":"https:\/\/www.okval.com\/es\/wp-json\/wp\/v2\/product\/2857","targetHints":{"allow":["GET"]}}],"collection":[{"href":"https:\/\/www.okval.com\/es\/wp-json\/wp\/v2\/product"}],"about":[{"href":"https:\/\/www.okval.com\/es\/wp-json\/wp\/v2\/types\/product"}],"wp:featuredmedia":[{"embeddable":true,"href":"https:\/\/www.okval.com\/es\/wp-json\/wp\/v2\/media\/2858"}],"wp:attachment":[{"href":"https:\/\/www.okval.com\/es\/wp-json\/wp\/v2\/media?parent=2857"}],"wp:term":[{"taxonomy":"product_brand","embeddable":true,"href":"https:\/\/www.okval.com\/es\/wp-json\/wp\/v2\/product_brand?post=2857"},{"taxonomy":"product_cat","embeddable":true,"href":"https:\/\/www.okval.com\/es\/wp-json\/wp\/v2\/product_cat?post=2857"},{"taxonomy":"product_tag","embeddable":true,"href":"https:\/\/www.okval.com\/es\/wp-json\/wp\/v2\/product_tag?post=2857"}],"curies":[{"name":"wp","href":"https:\/\/api.w.org\/{rel}","templated":true}]}}