{"id":2844,"date":"2024-04-13T16:42:28","date_gmt":"2024-04-13T08:42:28","guid":{"rendered":"https:\/\/www.okval.com\/?post_type=product&#038;p=2844"},"modified":"2024-04-13T16:42:29","modified_gmt":"2024-04-13T08:42:29","slug":"valvula-de-aire-de-un-solo-orificio","status":"publish","type":"product","link":"https:\/\/www.okval.com\/es\/valvula-de-aire-de-un-solo-orificio-html","title":{"rendered":"V\u00e1lvula de aire de un solo orificio"},"content":{"rendered":"<p><strong>Caracter\u00edsticas:<\/strong><\/p>\n<ul>\n<li>Dise\u00f1o seg\u00fan BS EN 1074-4:2000<\/li>\n<li>con orificios oblongos para adaptarse a brida DN40\/50\/60\/65, EN1092-2 PN10\/16<\/li>\n<li>Ensayo seg\u00fan EN 12266-1:2012<\/li>\n<li>Presi\u00f3n de trabajo: 16 kg\/cm<sup>3<\/sup><\/li>\n<li>Presi\u00f3n de prueba de la carcasa: 25 kg\/cm<sup>3<\/sup><\/li>\n<li>Presi\u00f3n de prueba del asiento: 18 kg\/cm<sup>3<\/sup><\/li>\n<li>Medios: agua, aceite neutro.<\/li>\n<li>Recubrimiento externo e interno: epoxi adherido por fusi\u00f3n 100%<\/li>\n<li>SS304, 316 pernos\/tuercas\/arandelas est\u00e1n disponibles bajo pedido<\/li>\n<\/ul>\n<p><strong>Materiales:<\/strong><\/p>\n<table width=\"264\">\n<tbody>\n<tr>\n<td rowspan=\"2\" width=\"26\">No..<\/td>\n<td rowspan=\"2\" width=\"67\">Nombre de la pieza<\/td>\n<td rowspan=\"2\" width=\"65\">Material<\/td>\n<td colspan=\"2\" width=\"106\">Est\u00e1ndares<\/td>\n<\/tr>\n<tr>\n<td colspan=\"2\" width=\"106\">No.<\/td>\n<\/tr>\n<tr>\n<td width=\"26\">1<\/td>\n<td width=\"67\">Cuerpo<\/td>\n<td width=\"65\">Hierro d\u00factil<\/td>\n<td width=\"64\">EN1563-GJS-450<\/td>\n<td width=\"42\">BS2789<\/td>\n<\/tr>\n<tr>\n<td width=\"26\">2<\/td>\n<td width=\"67\">Flotar<\/td>\n<td width=\"65\">abdominales<\/td>\n<td width=\"64\"><\/td>\n<td width=\"42\"><\/td>\n<\/tr>\n<tr>\n<td width=\"26\">3<\/td>\n<td width=\"67\">Tuerca<\/td>\n<td width=\"65\">Acero carbono<\/td>\n<td width=\"64\">ENISO4032<\/td>\n<td width=\"42\">BS3692<\/td>\n<\/tr>\n<tr>\n<td width=\"26\">4<\/td>\n<td width=\"67\">Lavadora<\/td>\n<td width=\"65\">Acero carbono<\/td>\n<td width=\"64\">EN ISO7089<\/td>\n<td width=\"42\">BS4320<\/td>\n<\/tr>\n<tr>\n<td width=\"26\">5<\/td>\n<td width=\"67\">junta t\u00f3rica<\/td>\n<td width=\"65\">EPDM<\/td>\n<td width=\"64\">EN681-1<\/td>\n<td width=\"42\">BS2494<\/td>\n<\/tr>\n<tr>\n<td width=\"26\">6<\/td>\n<td width=\"67\">Cubrir<\/td>\n<td width=\"65\">Hierro d\u00factil<\/td>\n<td width=\"64\">EN1563-GJS-450<\/td>\n<td width=\"42\">BS2789<\/td>\n<\/tr>\n<tr>\n<td width=\"26\">7<\/td>\n<td width=\"67\">Tornillo hexagonal<\/td>\n<td width=\"65\">Acero carbono<\/td>\n<td width=\"64\">EN ISO4017<\/td>\n<td width=\"42\">BS3692<\/td>\n<\/tr>\n<tr>\n<td width=\"26\">8<\/td>\n<td width=\"67\">Tornillo de ajuste<\/td>\n<td width=\"65\">Acero inoxidable<\/td>\n<td width=\"64\">ENISO15481<\/td>\n<td width=\"42\">BS4174<\/td>\n<\/tr>\n<tr>\n<td width=\"26\">9<\/td>\n<td width=\"67\">Empaquetadura<\/td>\n<td width=\"65\">EPDM<\/td>\n<td width=\"64\">EN681-1<\/td>\n<td width=\"42\">BS2494<\/td>\n<\/tr>\n<tr>\n<td width=\"26\">10<\/td>\n<td width=\"67\">Gorra<\/td>\n<td width=\"65\">Nailon\/Lat\u00f3n<\/td>\n<td width=\"64\"><\/td>\n<td width=\"42\"><\/td>\n<\/tr>\n<tr>\n<td width=\"26\">11<\/td>\n<td width=\"67\">Asiento<\/td>\n<td width=\"65\">EPDM<\/td>\n<td width=\"64\">EN681-1<\/td>\n<td width=\"42\">BS2494<\/td>\n<\/tr>\n<tr>\n<td width=\"26\">12<\/td>\n<td width=\"67\">Soporte<\/td>\n<td width=\"65\">Nylon<\/td>\n<td width=\"64\"><\/td>\n<td width=\"42\"><\/td>\n<\/tr>\n<tr>\n<td width=\"26\">13<\/td>\n<td width=\"67\">Pasador de la bisagra<\/td>\n<td width=\"65\">Acero inoxidable<\/td>\n<td width=\"64\">ENISO1234<\/td>\n<td width=\"42\">BS1574<\/td>\n<\/tr>\n<tr>\n<td width=\"26\">14<\/td>\n<td width=\"67\">V\u00e1lvula de aislamiento<\/td>\n<td width=\"65\">Lat\u00f3n<\/td>\n<td width=\"64\">EN12164<\/td>\n<td width=\"42\">BS2874<\/td>\n<\/tr>\n<tr>\n<td width=\"26\">15<\/td>\n<td width=\"67\">Brida<\/td>\n<td width=\"65\">Hierro d\u00factil<\/td>\n<td width=\"64\">EN1563-GJS-450<\/td>\n<td width=\"42\">BS2789<\/td>\n<\/tr>\n<\/tbody>\n<\/table>\n<p><strong>Dimensiones:<\/strong><\/p>\n<table width=\"163\">\n<tbody>\n<tr>\n<td width=\"42\">DN<\/td>\n<td width=\"60\">W.<\/td>\n<td width=\"60\">h<\/td>\n<\/tr>\n<tr>\n<td width=\"42\">15<\/td>\n<td width=\"60\">132<\/td>\n<td width=\"60\">224<\/td>\n<\/tr>\n<tr>\n<td width=\"42\">20<\/td>\n<td width=\"60\">132<\/td>\n<td width=\"60\">224<\/td>\n<\/tr>\n<tr>\n<td width=\"42\">25<\/td>\n<td width=\"60\">132<\/td>\n<td width=\"60\">224<\/td>\n<\/tr>\n<tr>\n<td width=\"42\">32<\/td>\n<td width=\"60\">132<\/td>\n<td width=\"60\">224<\/td>\n<\/tr>\n<\/tbody>\n<\/table>","protected":false},"excerpt":{"rendered":"<p><span class=\"fontstyle0\">V\u00e1lvula de aire de orificio peque\u00f1o y \u00fanico con v\u00e1lvula de aislamiento de lat\u00f3n, cuerpo de hierro d\u00factil, flotador\/soporte\/tapa de ABS, sello de caucho EPDM, galvanizado<br \/>\nPernos\/tuercas, revestimiento epoxi azul oscuro (RAL5005).<\/span><\/p>","protected":false},"featured_media":2845,"template":"","meta":[],"product_brand":[],"product_cat":[180,159],"product_tag":[235],"class_list":{"0":"post-2844","1":"product","2":"type-product","3":"status-publish","4":"has-post-thumbnail","6":"product_cat-air-release-valve","7":"product_cat-valves","8":"product_tag-air-release-valve","10":"first","11":"instock","12":"shipping-taxable","13":"product-type-simple"},"aioseo_notices":[],"_links":{"self":[{"href":"https:\/\/www.okval.com\/es\/wp-json\/wp\/v2\/product\/2844","targetHints":{"allow":["GET"]}}],"collection":[{"href":"https:\/\/www.okval.com\/es\/wp-json\/wp\/v2\/product"}],"about":[{"href":"https:\/\/www.okval.com\/es\/wp-json\/wp\/v2\/types\/product"}],"wp:featuredmedia":[{"embeddable":true,"href":"https:\/\/www.okval.com\/es\/wp-json\/wp\/v2\/media\/2845"}],"wp:attachment":[{"href":"https:\/\/www.okval.com\/es\/wp-json\/wp\/v2\/media?parent=2844"}],"wp:term":[{"taxonomy":"product_brand","embeddable":true,"href":"https:\/\/www.okval.com\/es\/wp-json\/wp\/v2\/product_brand?post=2844"},{"taxonomy":"product_cat","embeddable":true,"href":"https:\/\/www.okval.com\/es\/wp-json\/wp\/v2\/product_cat?post=2844"},{"taxonomy":"product_tag","embeddable":true,"href":"https:\/\/www.okval.com\/es\/wp-json\/wp\/v2\/product_tag?post=2844"}],"curies":[{"name":"wp","href":"https:\/\/api.w.org\/{rel}","templated":true}]}}