{"id":2841,"date":"2024-04-13T16:16:41","date_gmt":"2024-04-13T08:16:41","guid":{"rendered":"https:\/\/www.okval.com\/?post_type=product&#038;p=2841"},"modified":"2024-04-13T16:16:42","modified_gmt":"2024-04-13T08:16:42","slug":"abrazadera-de-reparacion-completa-de-acero-inoxidable","status":"publish","type":"product","link":"https:\/\/www.okval.com\/es\/abrazadera-de-reparacion-de-acero-inoxidable-completa-html","title":{"rendered":"Abrazadera de reparaci\u00f3n completa de acero inoxidable"},"content":{"rendered":"<p><span class=\"fontstyle0\">\u25a0 Piezas y materiales principales<br \/>\n<\/span><span class=\"fontstyle2\">\u00b7 La banda, los pernos, las tuercas, la arandela, la barra elevadora y la barra lateral son<br \/>\ntodo acero inoxidable AISI304.<br \/>\n\u00b7 AISI201 est\u00e1 disponible bajo petici\u00f3n.<br \/>\n<\/span><span class=\"fontstyle0\">\u25a0 Junta<br \/>\n<\/span><span class=\"fontstyle2\">\u00b7 EPDM para aplicaci\u00f3n normal, NBR para opci\u00f3n.<br \/>\n\u00b7 EPDM seg\u00fan BS EN681-1 \/ NBR seg\u00fan EN682 (WRAS)<br \/>\n<\/span><span class=\"fontstyle0\">\u25a0 Terminal<br \/>\n<\/span><span class=\"fontstyle2\">\u00b7 Terminales de Acero Inoxidable AISI304.<\/span><\/p>\n<p><span class=\"fontstyle0\">\u25a0RC100<br \/>\n<\/span><\/p>\n<table style=\"border-collapse: collapse; width: 432pt;\" border=\"0\" width=\"576\" cellspacing=\"0\" cellpadding=\"0\">\n<tbody>\n<tr style=\"height: 26.4pt;\">\n<td class=\"xl66\" style=\"height: 26.4pt; width: 54pt;\" width=\"72\" height=\"35\">Rango de di\u00e1metro exterior<\/td>\n<td class=\"xl67\" style=\"border-left: none; width: 54pt;\" width=\"72\">No. de banda<\/td>\n<td class=\"xl67\" style=\"border-left: none; width: 54pt;\" width=\"72\">Rango de di\u00e1metro exterior<\/td>\n<td class=\"xl67\" style=\"border-left: none; width: 54pt;\" width=\"72\">No. de banda<\/td>\n<td class=\"xl67\" style=\"border-left: none; width: 54pt;\" width=\"72\">Rango de di\u00e1metro exterior<\/td>\n<td class=\"xl67\" style=\"border-left: none; width: 54pt;\" width=\"72\">No. de banda<\/td>\n<td class=\"xl67\" style=\"border-left: none; width: 54pt;\" width=\"72\">Presi\u00f3n<\/td>\n<td class=\"xl68\" style=\"border-left: none; width: 54pt;\" width=\"72\">Longitud (mm)<\/td>\n<\/tr>\n<tr style=\"height: 15.6pt;\">\n<td class=\"xl66\" style=\"height: 15.6pt; border-top: none; width: 54pt;\" width=\"72\" height=\"21\">(mm)<\/td>\n<td class=\"xl67\" style=\"border-top: none; border-left: none; width: 54pt;\" width=\"72\"><\/td>\n<td class=\"xl67\" style=\"border-top: none; border-left: none; width: 54pt;\" width=\"72\">(mm)<\/td>\n<td class=\"xl67\" style=\"border-top: none; border-left: none; width: 54pt;\" width=\"72\"><\/td>\n<td class=\"xl67\" style=\"border-top: none; border-left: none; width: 54pt;\" width=\"72\">(mm)<\/td>\n<td class=\"xl67\" style=\"border-top: none; border-left: none; width: 54pt;\" width=\"72\"><\/td>\n<td class=\"xl67\" style=\"border-top: none; border-left: none; width: 54pt;\" width=\"72\"><\/td>\n<td class=\"xl68\" style=\"border-top: none; border-left: none; width: 54pt;\" width=\"72\"><\/td>\n<\/tr>\n<tr style=\"height: 15.6pt;\">\n<td class=\"xl69\" style=\"height: 15.6pt; border-top: none; width: 54pt;\" width=\"72\" height=\"21\">48-58<\/td>\n<td class=\"xl70\" style=\"border-top: none; border-left: none; width: 54pt;\" width=\"72\">1<\/td>\n<td class=\"xl70\" style=\"border-top: none; border-left: none; width: 54pt;\" width=\"72\">195-205<\/td>\n<td class=\"xl70\" style=\"border-top: none; border-left: none; width: 54pt;\" width=\"72\">1<\/td>\n<td class=\"xl70\" style=\"border-top: none; border-left: none; width: 54pt;\" width=\"72\">195-205<\/td>\n<td class=\"xl70\" style=\"border-top: none; border-left: none; width: 54pt;\" width=\"72\">1<\/td>\n<td class=\"xl70\" style=\"border-top: none; border-left: none; width: 54pt;\" width=\"72\">PN10\/16<\/td>\n<td class=\"xl71\" style=\"border-top: none; border-left: none; width: 54pt;\" width=\"72\">150-600<\/td>\n<\/tr>\n<tr style=\"height: 15.6pt;\">\n<td class=\"xl69\" style=\"height: 15.6pt; border-top: none; width: 54pt;\" width=\"72\" height=\"21\">55-65<\/td>\n<td class=\"xl70\" style=\"border-top: none; border-left: none; width: 54pt;\" width=\"72\">1<\/td>\n<td class=\"xl70\" style=\"border-top: none; border-left: none; width: 54pt;\" width=\"72\">218-228<\/td>\n<td class=\"xl70\" style=\"border-top: none; border-left: none; width: 54pt;\" width=\"72\">1<\/td>\n<td class=\"xl70\" style=\"border-top: none; border-left: none; width: 54pt;\" width=\"72\">218-228<\/td>\n<td class=\"xl70\" style=\"border-top: none; border-left: none; width: 54pt;\" width=\"72\">1<\/td>\n<td class=\"xl70\" style=\"border-top: none; border-left: none; width: 54pt;\" width=\"72\">PN10\/16<\/td>\n<td class=\"xl71\" style=\"border-top: none; border-left: none; width: 54pt;\" width=\"72\">150-600<\/td>\n<\/tr>\n<tr style=\"height: 15.6pt;\">\n<td class=\"xl69\" style=\"height: 15.6pt; border-top: none; width: 54pt;\" width=\"72\" height=\"21\">67-77<\/td>\n<td class=\"xl70\" style=\"border-top: none; border-left: none; width: 54pt;\" width=\"72\">1<\/td>\n<td class=\"xl70\" style=\"border-top: none; border-left: none; width: 54pt;\" width=\"72\">228-238<\/td>\n<td class=\"xl70\" style=\"border-top: none; border-left: none; width: 54pt;\" width=\"72\">1<\/td>\n<td class=\"xl70\" style=\"border-top: none; border-left: none; width: 54pt;\" width=\"72\">228-238<\/td>\n<td class=\"xl70\" style=\"border-top: none; border-left: none; width: 54pt;\" width=\"72\">1<\/td>\n<td class=\"xl70\" style=\"border-top: none; border-left: none; width: 54pt;\" width=\"72\">PN10\/16<\/td>\n<td class=\"xl71\" style=\"border-top: none; border-left: none; width: 54pt;\" width=\"72\">150-600<\/td>\n<\/tr>\n<tr style=\"height: 15.6pt;\">\n<td class=\"xl69\" style=\"height: 15.6pt; border-top: none; width: 54pt;\" width=\"72\" height=\"21\">83-93<\/td>\n<td class=\"xl70\" style=\"border-top: none; border-left: none; width: 54pt;\" width=\"72\">1<\/td>\n<td class=\"xl70\" style=\"border-top: none; border-left: none; width: 54pt;\" width=\"72\">238-248<\/td>\n<td class=\"xl70\" style=\"border-top: none; border-left: none; width: 54pt;\" width=\"72\">1<\/td>\n<td class=\"xl70\" style=\"border-top: none; border-left: none; width: 54pt;\" width=\"72\">238-248<\/td>\n<td class=\"xl70\" style=\"border-top: none; border-left: none; width: 54pt;\" width=\"72\">1<\/td>\n<td class=\"xl70\" style=\"border-top: none; border-left: none; width: 54pt;\" width=\"72\">PN10\/16<\/td>\n<td class=\"xl71\" style=\"border-top: none; border-left: none; width: 54pt;\" width=\"72\">150-600<\/td>\n<\/tr>\n<tr style=\"height: 15.6pt;\">\n<td class=\"xl69\" style=\"height: 15.6pt; border-top: none; width: 54pt;\" width=\"72\" height=\"21\">92-102<\/td>\n<td class=\"xl70\" style=\"border-top: none; border-left: none; width: 54pt;\" width=\"72\">1<\/td>\n<td class=\"xl70\" style=\"border-top: none; border-left: none; width: 54pt;\" width=\"72\">247-257<\/td>\n<td class=\"xl70\" style=\"border-top: none; border-left: none; width: 54pt;\" width=\"72\">1<\/td>\n<td class=\"xl70\" style=\"border-top: none; border-left: none; width: 54pt;\" width=\"72\">247-257<\/td>\n<td class=\"xl70\" style=\"border-top: none; border-left: none; width: 54pt;\" width=\"72\">1<\/td>\n<td class=\"xl70\" style=\"border-top: none; border-left: none; width: 54pt;\" width=\"72\">PN10\/16<\/td>\n<td class=\"xl71\" style=\"border-top: none; border-left: none; width: 54pt;\" width=\"72\">150-600<\/td>\n<\/tr>\n<tr style=\"height: 15.6pt;\">\n<td class=\"xl69\" style=\"height: 15.6pt; border-top: none; width: 54pt;\" width=\"72\" height=\"21\">107-117<\/td>\n<td class=\"xl70\" style=\"border-top: none; border-left: none; width: 54pt;\" width=\"72\">1<\/td>\n<td class=\"xl70\" style=\"border-top: none; border-left: none; width: 54pt;\" width=\"72\">258-268<\/td>\n<td class=\"xl70\" style=\"border-top: none; border-left: none; width: 54pt;\" width=\"72\">1<\/td>\n<td class=\"xl70\" style=\"border-top: none; border-left: none; width: 54pt;\" width=\"72\">258-268<\/td>\n<td class=\"xl70\" style=\"border-top: none; border-left: none; width: 54pt;\" width=\"72\">1<\/td>\n<td class=\"xl70\" style=\"border-top: none; border-left: none; width: 54pt;\" width=\"72\">PN10\/16<\/td>\n<td class=\"xl71\" style=\"border-top: none; border-left: none; width: 54pt;\" width=\"72\">150-600<\/td>\n<\/tr>\n<tr style=\"height: 15.6pt;\">\n<td class=\"xl69\" style=\"height: 15.6pt; border-top: none; width: 54pt;\" width=\"72\" height=\"21\">123-130<\/td>\n<td class=\"xl70\" style=\"border-top: none; border-left: none; width: 54pt;\" width=\"72\">1<\/td>\n<td class=\"xl70\" style=\"border-top: none; border-left: none; width: 54pt;\" width=\"72\">271-281<\/td>\n<td class=\"xl70\" style=\"border-top: none; border-left: none; width: 54pt;\" width=\"72\">1<\/td>\n<td class=\"xl70\" style=\"border-top: none; border-left: none; width: 54pt;\" width=\"72\">271-281<\/td>\n<td class=\"xl70\" style=\"border-top: none; border-left: none; width: 54pt;\" width=\"72\">1<\/td>\n<td class=\"xl70\" style=\"border-top: none; border-left: none; width: 54pt;\" width=\"72\">PN10\/16<\/td>\n<td class=\"xl71\" style=\"border-top: none; border-left: none; width: 54pt;\" width=\"72\">150-600<\/td>\n<\/tr>\n<tr style=\"height: 15.6pt;\">\n<td class=\"xl69\" style=\"height: 15.6pt; border-top: none; width: 54pt;\" width=\"72\" height=\"21\">135-145<\/td>\n<td class=\"xl70\" style=\"border-top: none; border-left: none; width: 54pt;\" width=\"72\">1<\/td>\n<td class=\"xl70\" style=\"border-top: none; border-left: none; width: 54pt;\" width=\"72\">282-292<\/td>\n<td class=\"xl70\" style=\"border-top: none; border-left: none; width: 54pt;\" width=\"72\">1<\/td>\n<td class=\"xl70\" style=\"border-top: none; border-left: none; width: 54pt;\" width=\"72\">282-292<\/td>\n<td class=\"xl70\" style=\"border-top: none; border-left: none; width: 54pt;\" width=\"72\">1<\/td>\n<td class=\"xl70\" style=\"border-top: none; border-left: none; width: 54pt;\" width=\"72\">PN10\/16<\/td>\n<td class=\"xl71\" style=\"border-top: none; border-left: none; width: 54pt;\" width=\"72\">150-600<\/td>\n<\/tr>\n<tr style=\"height: 15.6pt;\">\n<td class=\"xl69\" style=\"height: 15.6pt; border-top: none; width: 54pt;\" width=\"72\" height=\"21\">145-155<\/td>\n<td class=\"xl70\" style=\"border-top: none; border-left: none; width: 54pt;\" width=\"72\">1<\/td>\n<td class=\"xl70\" style=\"border-top: none; border-left: none; width: 54pt;\" width=\"72\">294-304<\/td>\n<td class=\"xl70\" style=\"border-top: none; border-left: none; width: 54pt;\" width=\"72\">1<\/td>\n<td class=\"xl70\" style=\"border-top: none; border-left: none; width: 54pt;\" width=\"72\">294-304<\/td>\n<td class=\"xl70\" style=\"border-top: none; border-left: none; width: 54pt;\" width=\"72\">1<\/td>\n<td class=\"xl70\" style=\"border-top: none; border-left: none; width: 54pt;\" width=\"72\">PN10\/16<\/td>\n<td class=\"xl71\" style=\"border-top: none; border-left: none; width: 54pt;\" width=\"72\">150-600<\/td>\n<\/tr>\n<tr style=\"height: 15.6pt;\">\n<td class=\"xl69\" style=\"height: 15.6pt; border-top: none; width: 54pt;\" width=\"72\" height=\"21\">158-168<\/td>\n<td class=\"xl70\" style=\"border-top: none; border-left: none; width: 54pt;\" width=\"72\">1<\/td>\n<td class=\"xl70\" style=\"border-top: none; border-left: none; width: 54pt;\" width=\"72\">302-312<\/td>\n<td class=\"xl70\" style=\"border-top: none; border-left: none; width: 54pt;\" width=\"72\">1<\/td>\n<td class=\"xl70\" style=\"border-top: none; border-left: none; width: 54pt;\" width=\"72\">302-312<\/td>\n<td class=\"xl70\" style=\"border-top: none; border-left: none; width: 54pt;\" width=\"72\">1<\/td>\n<td class=\"xl70\" style=\"border-top: none; border-left: none; width: 54pt;\" width=\"72\">PN10\/16<\/td>\n<td class=\"xl71\" style=\"border-top: none; border-left: none; width: 54pt;\" width=\"72\">150-600<\/td>\n<\/tr>\n<tr style=\"height: 15.6pt;\">\n<td class=\"xl69\" style=\"height: 15.6pt; border-top: none; width: 54pt;\" width=\"72\" height=\"21\">166-176<\/td>\n<td class=\"xl70\" style=\"border-top: none; border-left: none; width: 54pt;\" width=\"72\">1<\/td>\n<td class=\"xl70\" style=\"border-top: none; border-left: none; width: 54pt;\" width=\"72\">310-320<\/td>\n<td class=\"xl70\" style=\"border-top: none; border-left: none; width: 54pt;\" width=\"72\">1<\/td>\n<td class=\"xl70\" style=\"border-top: none; border-left: none; width: 54pt;\" width=\"72\">310-320<\/td>\n<td class=\"xl70\" style=\"border-top: none; border-left: none; width: 54pt;\" width=\"72\">1<\/td>\n<td class=\"xl70\" style=\"border-top: none; border-left: none; width: 54pt;\" width=\"72\">PN10\/16<\/td>\n<td class=\"xl71\" style=\"border-top: none; border-left: none; width: 54pt;\" width=\"72\">150-600<\/td>\n<\/tr>\n<tr style=\"height: 15.6pt;\">\n<td class=\"xl69\" style=\"height: 15.6pt; border-top: none; width: 54pt;\" width=\"72\" height=\"21\">173-183<\/td>\n<td class=\"xl70\" style=\"border-top: none; border-left: none; width: 54pt;\" width=\"72\">1<\/td>\n<td class=\"xl70\" style=\"border-top: none; border-left: none; width: 54pt;\" width=\"72\">327-337<\/td>\n<td class=\"xl70\" style=\"border-top: none; border-left: none; width: 54pt;\" width=\"72\">1<\/td>\n<td class=\"xl70\" style=\"border-top: none; border-left: none; width: 54pt;\" width=\"72\">327-337<\/td>\n<td class=\"xl70\" style=\"border-top: none; border-left: none; width: 54pt;\" width=\"72\">1<\/td>\n<td class=\"xl70\" style=\"border-top: none; border-left: none; width: 54pt;\" width=\"72\">PN10\/16<\/td>\n<td class=\"xl71\" style=\"border-top: none; border-left: none; width: 54pt;\" width=\"72\">150-600<\/td>\n<\/tr>\n<tr style=\"height: 15.6pt;\">\n<td class=\"xl69\" style=\"height: 15.6pt; border-top: none; width: 54pt;\" width=\"72\" height=\"21\">180-190<\/td>\n<td class=\"xl70\" style=\"border-top: none; border-left: none; width: 54pt;\" width=\"72\">1<\/td>\n<td class=\"xl70\" style=\"border-top: none; border-left: none; width: 54pt;\" width=\"72\">342-352<\/td>\n<td class=\"xl70\" style=\"border-top: none; border-left: none; width: 54pt;\" width=\"72\">1<\/td>\n<td class=\"xl70\" style=\"border-top: none; border-left: none; width: 54pt;\" width=\"72\">342-352<\/td>\n<td class=\"xl70\" style=\"border-top: none; border-left: none; width: 54pt;\" width=\"72\">1<\/td>\n<td class=\"xl70\" style=\"border-top: none; border-left: none; width: 54pt;\" width=\"72\">PN10\/16<\/td>\n<td class=\"xl71\" style=\"border-top: none; border-left: none; width: 54pt;\" width=\"72\">150-600<\/td>\n<\/tr>\n<tr style=\"height: 16.2pt;\">\n<td class=\"xl72\" style=\"height: 16.2pt; border-top: none; width: 54pt;\" width=\"72\" height=\"22\">188-198<\/td>\n<td class=\"xl73\" style=\"border-top: none; border-left: none; width: 54pt;\" width=\"72\">1<\/td>\n<td class=\"xl73\" style=\"border-top: none; border-left: none; width: 54pt;\" width=\"72\">356-366<\/td>\n<td class=\"xl73\" style=\"border-top: none; border-left: none; width: 54pt;\" width=\"72\">1<\/td>\n<td class=\"xl73\" style=\"border-top: none; border-left: none; width: 54pt;\" width=\"72\">356-366<\/td>\n<td class=\"xl73\" style=\"border-top: none; border-left: none; width: 54pt;\" width=\"72\">1<\/td>\n<td class=\"xl73\" style=\"border-top: none; border-left: none; width: 54pt;\" width=\"72\">PN10\/16<\/td>\n<td class=\"xl74\" style=\"border-top: none; border-left: none; width: 54pt;\" width=\"72\">150-600<\/td>\n<\/tr>\n<\/tbody>\n<\/table>\n<p><span class=\"fontstyle0\">\u25a0 RC200<\/span><\/p>\n<table style=\"border-collapse: collapse; width: 432pt;\" border=\"0\" width=\"576\" cellspacing=\"0\" cellpadding=\"0\">\n<tbody>\n<tr style=\"height: 27.0pt;\">\n<td class=\"xl66\" style=\"height: 27.0pt; width: 54pt;\" width=\"72\" height=\"36\">Rango de di\u00e1metro exterior<\/td>\n<td class=\"xl66\" style=\"border-left: none; width: 54pt;\" width=\"72\">No. de banda<\/td>\n<td class=\"xl66\" style=\"border-left: none; width: 54pt;\" width=\"72\">Rango de di\u00e1metro exterior<\/td>\n<td class=\"xl66\" style=\"border-left: none; width: 54pt;\" width=\"72\">No. de banda<\/td>\n<td class=\"xl66\" style=\"border-left: none; width: 54pt;\" width=\"72\">Rango de di\u00e1metro exterior<\/td>\n<td class=\"xl66\" style=\"border-left: none; width: 54pt;\" width=\"72\">No. de banda<\/td>\n<td class=\"xl67\" style=\"border-left: none; width: 54pt;\" width=\"72\">Presi\u00f3n<\/td>\n<td class=\"xl66\" style=\"border-left: none; width: 54pt;\" width=\"72\">Longitud<\/td>\n<\/tr>\n<tr style=\"height: 16.2pt;\">\n<td class=\"xl66\" style=\"height: 16.2pt; border-top: none; width: 54pt;\" width=\"72\" height=\"22\">(mm)<\/td>\n<td class=\"xl66\" style=\"border-top: none; border-left: none; width: 54pt;\" width=\"72\"><\/td>\n<td class=\"xl66\" style=\"border-top: none; border-left: none; width: 54pt;\" width=\"72\">(mm)<\/td>\n<td class=\"xl66\" style=\"border-top: none; border-left: none; width: 54pt;\" width=\"72\"><\/td>\n<td class=\"xl66\" style=\"border-top: none; border-left: none; width: 54pt;\" width=\"72\">(mm)<\/td>\n<td class=\"xl66\" style=\"border-top: none; border-left: none; width: 54pt;\" width=\"72\"><\/td>\n<td class=\"xl67\" style=\"border-top: none; border-left: none; width: 54pt;\" width=\"72\"><\/td>\n<td class=\"xl66\" style=\"border-top: none; border-left: none; width: 54pt;\" width=\"72\">(mm)<\/td>\n<\/tr>\n<tr style=\"height: 16.2pt;\">\n<td class=\"xl68\" style=\"height: 16.2pt; border-top: none; width: 54pt;\" width=\"72\" height=\"22\">86-106<\/td>\n<td class=\"xl68\" style=\"border-top: none; border-left: none; width: 54pt;\" width=\"72\">2<\/td>\n<td class=\"xl68\" style=\"border-top: none; border-left: none; width: 54pt;\" width=\"72\">282-302<\/td>\n<td class=\"xl68\" style=\"border-top: none; border-left: none; width: 54pt;\" width=\"72\">2<\/td>\n<td class=\"xl69\" style=\"border-top: none; border-left: none; width: 54pt;\" width=\"72\">421-441<\/td>\n<td class=\"xl68\" style=\"border-top: none; border-left: none; width: 54pt;\" width=\"72\">2<\/td>\n<td class=\"xl69\" style=\"border-top: none; border-left: none; width: 54pt;\" width=\"72\">PN10\/16<\/td>\n<td class=\"xl68\" style=\"border-top: none; border-left: none; width: 54pt;\" width=\"72\">150-600<\/td>\n<\/tr>\n<tr style=\"height: 16.2pt;\">\n<td class=\"xl70\" style=\"height: 16.2pt; border-top: none; width: 54pt;\" width=\"72\" height=\"22\">113-133<\/td>\n<td class=\"xl70\" style=\"border-top: none; border-left: none; width: 54pt;\" width=\"72\">2<\/td>\n<td class=\"xl70\" style=\"border-top: none; border-left: none; width: 54pt;\" width=\"72\">295-315<\/td>\n<td class=\"xl70\" style=\"border-top: none; border-left: none; width: 54pt;\" width=\"72\">2<\/td>\n<td class=\"xl71\" style=\"border-top: none; border-left: none; width: 54pt;\" width=\"72\">436-456<\/td>\n<td class=\"xl70\" style=\"border-top: none; border-left: none; width: 54pt;\" width=\"72\">2<\/td>\n<td class=\"xl71\" style=\"border-top: none; border-left: none; width: 54pt;\" width=\"72\">PN10\/16<\/td>\n<td class=\"xl70\" style=\"border-top: none; border-left: none; width: 54pt;\" width=\"72\">150-600<\/td>\n<\/tr>\n<tr style=\"height: 16.2pt;\">\n<td class=\"xl68\" style=\"height: 16.2pt; border-top: none; width: 54pt;\" width=\"72\" height=\"22\">120-141<\/td>\n<td class=\"xl68\" style=\"border-top: none; border-left: none; width: 54pt;\" width=\"72\">2<\/td>\n<td class=\"xl68\" style=\"border-top: none; border-left: none; width: 54pt;\" width=\"72\">324-344<\/td>\n<td class=\"xl68\" style=\"border-top: none; border-left: none; width: 54pt;\" width=\"72\">2<\/td>\n<td class=\"xl69\" style=\"border-top: none; border-left: none; width: 54pt;\" width=\"72\">453-473<\/td>\n<td class=\"xl68\" style=\"border-top: none; border-left: none; width: 54pt;\" width=\"72\">2<\/td>\n<td class=\"xl69\" style=\"border-top: none; border-left: none; width: 54pt;\" width=\"72\">PN10\/16<\/td>\n<td class=\"xl68\" style=\"border-top: none; border-left: none; width: 54pt;\" width=\"72\">150-600<\/td>\n<\/tr>\n<tr style=\"height: 16.2pt;\">\n<td class=\"xl70\" style=\"height: 16.2pt; border-top: none; width: 54pt;\" width=\"72\" height=\"22\">168-188<\/td>\n<td class=\"xl70\" style=\"border-top: none; border-left: none; width: 54pt;\" width=\"72\">2<\/td>\n<td class=\"xl70\" style=\"border-top: none; border-left: none; width: 54pt;\" width=\"72\">335-355<\/td>\n<td class=\"xl70\" style=\"border-top: none; border-left: none; width: 54pt;\" width=\"72\">2<\/td>\n<td class=\"xl71\" style=\"border-top: none; border-left: none; width: 54pt;\" width=\"72\">469-489<\/td>\n<td class=\"xl70\" style=\"border-top: none; border-left: none; width: 54pt;\" width=\"72\">2<\/td>\n<td class=\"xl71\" style=\"border-top: none; border-left: none; width: 54pt;\" width=\"72\">PN10\/16<\/td>\n<td class=\"xl70\" style=\"border-top: none; border-left: none; width: 54pt;\" width=\"72\">150-600<\/td>\n<\/tr>\n<tr style=\"height: 16.2pt;\">\n<td class=\"xl68\" style=\"height: 16.2pt; border-top: none; width: 54pt;\" width=\"72\" height=\"22\">174-194<\/td>\n<td class=\"xl68\" style=\"border-top: none; border-left: none; width: 54pt;\" width=\"72\">2<\/td>\n<td class=\"xl68\" style=\"border-top: none; border-left: none; width: 54pt;\" width=\"72\">347-367<\/td>\n<td class=\"xl68\" style=\"border-top: none; border-left: none; width: 54pt;\" width=\"72\">2<\/td>\n<td class=\"xl69\" style=\"border-top: none; border-left: none; width: 54pt;\" width=\"72\">488-508<\/td>\n<td class=\"xl68\" style=\"border-top: none; border-left: none; width: 54pt;\" width=\"72\">2<\/td>\n<td class=\"xl69\" style=\"border-top: none; border-left: none; width: 54pt;\" width=\"72\">PN10\/16<\/td>\n<td class=\"xl68\" style=\"border-top: none; border-left: none; width: 54pt;\" width=\"72\">150-600<\/td>\n<\/tr>\n<tr style=\"height: 16.2pt;\">\n<td class=\"xl70\" style=\"height: 16.2pt; border-top: none; width: 54pt;\" width=\"72\" height=\"22\">219-239<\/td>\n<td class=\"xl70\" style=\"border-top: none; border-left: none; width: 54pt;\" width=\"72\">2<\/td>\n<td class=\"xl70\" style=\"border-top: none; border-left: none; width: 54pt;\" width=\"72\">357-377<\/td>\n<td class=\"xl70\" style=\"border-top: none; border-left: none; width: 54pt;\" width=\"72\">2<\/td>\n<td class=\"xl71\" style=\"border-top: none; border-left: none; width: 54pt;\" width=\"72\">505-525<\/td>\n<td class=\"xl70\" style=\"border-top: none; border-left: none; width: 54pt;\" width=\"72\">2<\/td>\n<td class=\"xl71\" style=\"border-top: none; border-left: none; width: 54pt;\" width=\"72\">PN10\/16<\/td>\n<td class=\"xl70\" style=\"border-top: none; border-left: none; width: 54pt;\" width=\"72\">150-600<\/td>\n<\/tr>\n<tr style=\"height: 16.2pt;\">\n<td class=\"xl68\" style=\"height: 16.2pt; border-top: none; width: 54pt;\" width=\"72\" height=\"22\">228-249<\/td>\n<td class=\"xl68\" style=\"border-top: none; border-left: none; width: 54pt;\" width=\"72\">2<\/td>\n<td class=\"xl68\" style=\"border-top: none; border-left: none; width: 54pt;\" width=\"72\">365-385<\/td>\n<td class=\"xl68\" style=\"border-top: none; border-left: none; width: 54pt;\" width=\"72\">2<\/td>\n<td class=\"xl69\" style=\"border-top: none; border-left: none; width: 54pt;\" width=\"72\">525-545<\/td>\n<td class=\"xl69\" style=\"border-top: none; border-left: none; width: 54pt;\" width=\"72\">2<\/td>\n<td class=\"xl69\" style=\"border-top: none; border-left: none; width: 54pt;\" width=\"72\">PN10\/16<\/td>\n<td class=\"xl68\" style=\"border-top: none; border-left: none; width: 54pt;\" width=\"72\">150-600<\/td>\n<\/tr>\n<tr style=\"height: 16.2pt;\">\n<td class=\"xl70\" style=\"height: 16.2pt; border-top: none; width: 54pt;\" width=\"72\" height=\"22\">250-260<\/td>\n<td class=\"xl70\" style=\"border-top: none; border-left: none; width: 54pt;\" width=\"72\">2<\/td>\n<td class=\"xl71\" style=\"border-top: none; border-left: none; width: 54pt;\" width=\"72\">383-403<\/td>\n<td class=\"xl70\" style=\"border-top: none; border-left: none; width: 54pt;\" width=\"72\">2<\/td>\n<td class=\"xl71\" style=\"border-top: none; border-left: none; width: 54pt;\" width=\"72\">546-566<\/td>\n<td class=\"xl71\" style=\"border-top: none; border-left: none; width: 54pt;\" width=\"72\">2<\/td>\n<td class=\"xl71\" style=\"border-top: none; border-left: none; width: 54pt;\" width=\"72\">PN10\/16<\/td>\n<td class=\"xl70\" style=\"border-top: none; border-left: none; width: 54pt;\" width=\"72\">150-600<\/td>\n<\/tr>\n<tr style=\"height: 15.6pt;\">\n<td class=\"xl68\" style=\"height: 15.6pt; border-top: none; width: 54pt;\" width=\"72\" height=\"21\">273-293<\/td>\n<td class=\"xl68\" style=\"border-top: none; border-left: none; width: 54pt;\" width=\"72\">2<\/td>\n<td class=\"xl69\" style=\"border-top: none; border-left: none; width: 54pt;\" width=\"72\">404-424<\/td>\n<td class=\"xl68\" style=\"border-top: none; border-left: none; width: 54pt;\" width=\"72\">2<\/td>\n<td class=\"xl69\" style=\"border-top: none; border-left: none; width: 54pt;\" width=\"72\">562-582<\/td>\n<td class=\"xl69\" style=\"border-top: none; border-left: none; width: 54pt;\" width=\"72\">2<\/td>\n<td class=\"xl69\" style=\"border-top: none; border-left: none; width: 54pt;\" width=\"72\">PN10\/16<\/td>\n<td class=\"xl68\" style=\"border-top: none; border-left: none; width: 54pt;\" width=\"72\">150-600<\/td>\n<\/tr>\n<\/tbody>\n<\/table>","protected":false},"excerpt":{"rendered":"<p>Una abrazadera de reparaci\u00f3n es una soluci\u00f3n pr\u00e1ctica para solucionar fugas, grietas o roturas completas en tuber\u00edas. Estas abrazaderas est\u00e1n dise\u00f1adas para proporcionar una reparaci\u00f3n permanente y se usan com\u00fanmente en diversas aplicaciones.<\/p>","protected":false},"featured_media":2842,"template":"","meta":[],"product_brand":[],"product_cat":[157],"product_tag":[242],"class_list":{"0":"post-2841","1":"product","2":"type-product","3":"status-publish","4":"has-post-thumbnail","6":"product_cat-repair-clamp","7":"product_tag-repair-clamp","9":"first","10":"instock","11":"shipping-taxable","12":"product-type-simple"},"aioseo_notices":[],"_links":{"self":[{"href":"https:\/\/www.okval.com\/es\/wp-json\/wp\/v2\/product\/2841","targetHints":{"allow":["GET"]}}],"collection":[{"href":"https:\/\/www.okval.com\/es\/wp-json\/wp\/v2\/product"}],"about":[{"href":"https:\/\/www.okval.com\/es\/wp-json\/wp\/v2\/types\/product"}],"wp:featuredmedia":[{"embeddable":true,"href":"https:\/\/www.okval.com\/es\/wp-json\/wp\/v2\/media\/2842"}],"wp:attachment":[{"href":"https:\/\/www.okval.com\/es\/wp-json\/wp\/v2\/media?parent=2841"}],"wp:term":[{"taxonomy":"product_brand","embeddable":true,"href":"https:\/\/www.okval.com\/es\/wp-json\/wp\/v2\/product_brand?post=2841"},{"taxonomy":"product_cat","embeddable":true,"href":"https:\/\/www.okval.com\/es\/wp-json\/wp\/v2\/product_cat?post=2841"},{"taxonomy":"product_tag","embeddable":true,"href":"https:\/\/www.okval.com\/es\/wp-json\/wp\/v2\/product_tag?post=2841"}],"curies":[{"name":"wp","href":"https:\/\/api.w.org\/{rel}","templated":true}]}}