{"id":2837,"date":"2024-04-13T15:23:46","date_gmt":"2024-04-13T07:23:46","guid":{"rendered":"https:\/\/www.okval.com\/?post_type=product&#038;p=2837"},"modified":"2024-04-13T15:23:47","modified_gmt":"2024-04-13T07:23:47","slug":"acoplamiento-flexible-avk","status":"publish","type":"product","link":"https:\/\/www.okval.com\/es\/acoplamiento-flexible-avk-html","title":{"rendered":"Acoplamiento flexible-AVK"},"content":{"rendered":"<p><span class=\"fontstyle0\"><strong>Caracter\u00edsticas:<\/strong><br \/>\n<\/span><span class=\"fontstyle1\">\u00a0 Hierro d\u00factil GGG50 con revestimiento FBE<br \/>\nPN10,PN16<br \/>\nDeflexi\u00f3n angular +\/- 6\u00b0<\/span><\/p>\n<p><span class=\"fontstyle0\"><strong>Piezas y materiales principales:<\/strong><br \/>\n<\/span><\/p>\n<table width=\"446\">\n<tbody>\n<tr>\n<td width=\"53\">Art\u00edculo No<\/td>\n<td width=\"146\">Nombre de las piezas<\/td>\n<td width=\"139\">Material<\/td>\n<td width=\"108\">Especificaci\u00f3n<\/td>\n<\/tr>\n<tr>\n<td>1<\/td>\n<td width=\"146\">Manga central<\/td>\n<td>Hierro d\u00factil<\/td>\n<td>\u00a0GGG50<\/td>\n<\/tr>\n<tr>\n<td>2<\/td>\n<td width=\"146\">\u00a0Anillo final<\/td>\n<td>Hierro d\u00factil<\/td>\n<td>GGG50<\/td>\n<\/tr>\n<tr>\n<td>3<\/td>\n<td width=\"146\">Junta de goma<\/td>\n<td>Goma<\/td>\n<td>EPDM<\/td>\n<\/tr>\n<tr>\n<td>4<\/td>\n<td width=\"146\">Tornillo<\/td>\n<td>Acero galvanizado<\/td>\n<td>\u00a0ISO898<\/td>\n<\/tr>\n<tr>\n<td>5<\/td>\n<td width=\"146\">Lavadora<\/td>\n<td>Acero galvanizado<\/td>\n<td><\/td>\n<\/tr>\n<tr>\n<td>6<\/td>\n<td width=\"146\">Tuerca<\/td>\n<td>Acero galvanizado<\/td>\n<td>ISO898<\/td>\n<\/tr>\n<tr>\n<td>7<\/td>\n<td width=\"146\">Gorra<\/td>\n<td>El plastico<\/td>\n<td><\/td>\n<\/tr>\n<\/tbody>\n<\/table>\n<p><strong> <span class=\"fontstyle0\">Dimensiones (mm):<\/span><\/strong><\/p>\n<table width=\"490\">\n<tbody>\n<tr>\n<td colspan=\"2\" width=\"128\">Tama\u00f1o<\/td>\n<td rowspan=\"2\" width=\"64\">Di\u00e1metro exterior del tubo (mm)<\/td>\n<td rowspan=\"2\" width=\"64\">l<\/td>\n<td rowspan=\"2\" width=\"64\">L1<\/td>\n<td rowspan=\"2\" width=\"92\">Perno x No<\/td>\n<td rowspan=\"2\" width=\"78\">Peso (kg)<\/td>\n<\/tr>\n<tr>\n<td>Pulgada<\/td>\n<td>DN<\/td>\n<\/tr>\n<tr>\n<td>2\u2033<\/td>\n<td>DN50<\/td>\n<td>58-74<\/td>\n<td>100<\/td>\n<td>190<\/td>\n<td>M12x4<\/td>\n<td>2.5<\/td>\n<\/tr>\n<tr>\n<td>2 1\/2\u2033<\/td>\n<td>DN65<\/td>\n<td>68-84<\/td>\n<td>100<\/td>\n<td>190<\/td>\n<td>M12x4<\/td>\n<td>2.9<\/td>\n<\/tr>\n<tr>\n<td>3\u2033<\/td>\n<td>DN80<\/td>\n<td>84-105<\/td>\n<td>100<\/td>\n<td>190<\/td>\n<td>M12x4<\/td>\n<td>4.7<\/td>\n<\/tr>\n<tr>\n<td>4\u2033<\/td>\n<td>DN100<\/td>\n<td>99-118<\/td>\n<td>100<\/td>\n<td>190<\/td>\n<td>M12x4<\/td>\n<td>5<\/td>\n<\/tr>\n<tr>\n<td>4\u2033<\/td>\n<td>DN100<\/td>\n<td>109-133<\/td>\n<td>100<\/td>\n<td>190<\/td>\n<td>M12x4<\/td>\n<td>5.3<\/td>\n<\/tr>\n<tr>\n<td>5\u2033<\/td>\n<td>DN125<\/td>\n<td>133-157<\/td>\n<td>100<\/td>\n<td>190<\/td>\n<td>M12x4<\/td>\n<td>6.4<\/td>\n<\/tr>\n<tr>\n<td>6\u2033<\/td>\n<td>DN150<\/td>\n<td>157-182<\/td>\n<td>115<\/td>\n<td>210<\/td>\n<td>M12x4<\/td>\n<td>8.7<\/td>\n<\/tr>\n<tr>\n<td>6\u2033<\/td>\n<td>DN150<\/td>\n<td>177-201<\/td>\n<td>115<\/td>\n<td>210<\/td>\n<td>M12x4<\/td>\n<td>9.1<\/td>\n<\/tr>\n<tr>\n<td>7\u2033<\/td>\n<td>DN200<\/td>\n<td>194-215<\/td>\n<td>115<\/td>\n<td>210<\/td>\n<td>M12x4<\/td>\n<td>9.2<\/td>\n<\/tr>\n<tr>\n<td>8\u2033<\/td>\n<td>DN200<\/td>\n<td>218-242<\/td>\n<td>160<\/td>\n<td>230<\/td>\n<td>M12x4<\/td>\n<td>13.1<\/td>\n<\/tr>\n<tr>\n<td>9\u2033<\/td>\n<td>DN225<\/td>\n<td>242-268<\/td>\n<td>160<\/td>\n<td>230<\/td>\n<td>M12x6<\/td>\n<td>16.5<\/td>\n<\/tr>\n<tr>\n<td>10\u2033<\/td>\n<td>DN250<\/td>\n<td>266-291<\/td>\n<td>160<\/td>\n<td>250<\/td>\n<td>M12x6<\/td>\n<td>16.9<\/td>\n<\/tr>\n<tr>\n<td>12\u2033<\/td>\n<td>DN250<\/td>\n<td>280-305<\/td>\n<td>160<\/td>\n<td>250<\/td>\n<td>M12x6<\/td>\n<td>18.4<\/td>\n<\/tr>\n<tr>\n<td>12\u2033<\/td>\n<td>DN300<\/td>\n<td>302-327<\/td>\n<td>160<\/td>\n<td>250<\/td>\n<td>M12x6<\/td>\n<td>19.9<\/td>\n<\/tr>\n<tr>\n<td>12\u2033<\/td>\n<td>DN300<\/td>\n<td>324-350<\/td>\n<td>160<\/td>\n<td>260<\/td>\n<td>M14x6<\/td>\n<td>22.7<\/td>\n<\/tr>\n<tr>\n<td>14\u2033<\/td>\n<td>DN350<\/td>\n<td>351-378<\/td>\n<td>160<\/td>\n<td>260<\/td>\n<td>M14x8<\/td>\n<td>30.2<\/td>\n<\/tr>\n<tr>\n<td>14\u2033<\/td>\n<td>DN350<\/td>\n<td>386-410<\/td>\n<td>160<\/td>\n<td>260<\/td>\n<td>M14x8<\/td>\n<td>29<\/td>\n<\/tr>\n<tr>\n<td>diecis\u00e9is&quot;<\/td>\n<td>DN400<\/td>\n<td>410-436<\/td>\n<td>160<\/td>\n<td>260<\/td>\n<td>M14x8<\/td>\n<td>29.6<\/td>\n<\/tr>\n<tr>\n<td>diecis\u00e9is&quot;<\/td>\n<td>DN400<\/td>\n<td>436-462<\/td>\n<td>160<\/td>\n<td>260<\/td>\n<td>M14x8<\/td>\n<td>38.4<\/td>\n<\/tr>\n<\/tbody>\n<\/table>","protected":false},"excerpt":{"rendered":"<p>El acoplamiento flexible de hierro d\u00factil (tambi\u00e9n llamado acoplamiento universal) est\u00e1 dise\u00f1ado para acomodar tubos de extremo plano de diferentes di\u00e1metros exteriores. Un acoplamiento puede conectar tuber\u00edas de acero, fundici\u00f3n nodular, PVC, fundici\u00f3n, fibrocemento, etc.<\/p>","protected":false},"featured_media":2838,"template":"","meta":[],"product_brand":[],"product_cat":[37,168],"product_tag":[],"class_list":{"0":"post-2837","1":"product","2":"type-product","3":"status-publish","4":"has-post-thumbnail","6":"product_cat-pipe-joints","7":"product_cat-flexible-coupling","9":"first","10":"instock","11":"shipping-taxable","12":"product-type-simple"},"aioseo_notices":[],"_links":{"self":[{"href":"https:\/\/www.okval.com\/es\/wp-json\/wp\/v2\/product\/2837","targetHints":{"allow":["GET"]}}],"collection":[{"href":"https:\/\/www.okval.com\/es\/wp-json\/wp\/v2\/product"}],"about":[{"href":"https:\/\/www.okval.com\/es\/wp-json\/wp\/v2\/types\/product"}],"wp:featuredmedia":[{"embeddable":true,"href":"https:\/\/www.okval.com\/es\/wp-json\/wp\/v2\/media\/2838"}],"wp:attachment":[{"href":"https:\/\/www.okval.com\/es\/wp-json\/wp\/v2\/media?parent=2837"}],"wp:term":[{"taxonomy":"product_brand","embeddable":true,"href":"https:\/\/www.okval.com\/es\/wp-json\/wp\/v2\/product_brand?post=2837"},{"taxonomy":"product_cat","embeddable":true,"href":"https:\/\/www.okval.com\/es\/wp-json\/wp\/v2\/product_cat?post=2837"},{"taxonomy":"product_tag","embeddable":true,"href":"https:\/\/www.okval.com\/es\/wp-json\/wp\/v2\/product_tag?post=2837"}],"curies":[{"name":"wp","href":"https:\/\/api.w.org\/{rel}","templated":true}]}}