{"id":2824,"date":"2024-04-13T00:10:51","date_gmt":"2024-04-12T16:10:51","guid":{"rendered":"https:\/\/www.okval.com\/?post_type=product&#038;p=2824"},"modified":"2024-04-13T15:54:37","modified_gmt":"2024-04-13T07:54:37","slug":"abrazadera-doble-universal-uu","status":"publish","type":"product","link":"https:\/\/www.okval.com\/es\/abrazadera-doble-universal-uu-html","title":{"rendered":"Abrazadera doble universal (UU)"},"content":{"rendered":"<p><strong>Caracter\u00edsticas:<\/strong><\/p>\n<ul>\n<li>Media carcasa fabricada en fundici\u00f3n d\u00factil.<\/li>\n<li>Recubrimiento: Recubrimiento epoxi adherido por fusi\u00f3n RAL5017 RAL5005 RAL5015<\/li>\n<li>Elemento de sellado: EPDM\/NBR\/SBR<\/li>\n<li>Torniller\u00eda: acero al carbono Galvanizado<\/li>\n<li>PFA 16 de DN 40 a 150<\/li>\n<li>PFA 10 de DN 175 a 300<\/li>\n<li>Temperaturas de funcionamiento: +0\u00b0 a +60\u00b0C.<\/li>\n<\/ul>\n<p><strong>Dibujo:<\/strong><\/p>\n<div id=\"attachment_2825\" style=\"width: 664px\" class=\"wp-caption alignnone\"><img decoding=\"async\" aria-describedby=\"caption-attachment-2825\" class=\"size-full wp-image-2825\" src=\"https:\/\/www.okval.com\/wp-content\/uploads\/2024\/04\/REPAIR-CLAMP.jpg\" alt=\"Abrazadera universal doble (UU) Abrazadera de reparaci\u00f3n de tuber\u00edas de Hierro D\u00factil Abrazadera de reparaci\u00f3n de tuber\u00edas para la reparaci\u00f3n r\u00e1pida, segura y permanente en el sector del agua potable. Acoplamientos OKVAL Abrazadera dual universal, abrazaderas para reparaci\u00f3n de tuber\u00edas disponibles desde tama\u00f1o DN80 a DN300. Abrazadera de emergencia para reparaci\u00f3n de fugas en tuber\u00edas OKVAL Carcasas de dos partes, conectadas entre s\u00ed apretando 6 tuercas y pernos. OKVAL Abrazadera de reparaci\u00f3n de hierro d\u00factil de amplia gama, manga larga de reparaci\u00f3n Permite la reparaci\u00f3n de todo tipo de tuber\u00edas Descripci\u00f3n Para tuber\u00edas de acero, hierro fundido, PVC\/PE y fibrocemento. Gran tolerancia: n\u00famero reducido de modelos para un di\u00e1metro nominal F\u00e1cil instalaci\u00f3n: Desviaci\u00f3n angular \u00b1 4\u00b0\" width=\"654\" height=\"431\" srcset=\"https:\/\/www.okval.com\/wp-content\/uploads\/2024\/04\/REPAIR-CLAMP.jpg 654w, https:\/\/www.okval.com\/wp-content\/uploads\/2024\/04\/REPAIR-CLAMP-300x198.jpg 300w, https:\/\/www.okval.com\/wp-content\/uploads\/2024\/04\/REPAIR-CLAMP-18x12.jpg 18w, https:\/\/www.okval.com\/wp-content\/uploads\/2024\/04\/REPAIR-CLAMP-600x395.jpg 600w, https:\/\/www.okval.com\/wp-content\/uploads\/2024\/04\/REPAIR-CLAMP-150x99.jpg 150w\" sizes=\"(max-width: 654px) 100vw, 654px\" \/><p id=\"caption-attachment-2825\" class=\"wp-caption-text\">Abrazadera doble universal (UU)<br \/>Abrazadera de reparaci\u00f3n de tuber\u00edas de hierro d\u00factil<br \/>Abrazadera de reparaci\u00f3n de tuber\u00edas para la reparaci\u00f3n r\u00e1pida, segura y permanente en el sector del agua potable.<br \/>Acoplamientos OKVAL Abrazadera dual universal, abrazaderas para reparaci\u00f3n de tuber\u00edas disponibles desde tama\u00f1o DN80 a DN300.<br \/>Abrazadera de emergencia para reparaci\u00f3n de fugas en tuber\u00edas OKVAL Carcasas de dos partes, conectadas entre s\u00ed apretando 6 tuercas y pernos.<br \/>OKVAL Abrazadera de reparaci\u00f3n de hierro d\u00factil de amplia gama, manga larga de reparaci\u00f3n Permite la reparaci\u00f3n de todo tipo de tuber\u00edas Descripci\u00f3n Para tuber\u00edas de acero, hierro fundido, PVC\/PE y fibrocemento.<br \/>Gran tolerancia: n\u00famero reducido de modelos para un di\u00e1metro nominal<br \/>F\u00e1cil instalaci\u00f3n: Desviaci\u00f3n angular \u00b1 4\u00b0<\/p><\/div>\n<p>&nbsp;<\/p>\n<p>&nbsp;<\/p>","protected":false},"excerpt":{"rendered":"<p>Abrazadera doble universal (UU)<br \/>\nAbrazadera de reparaci\u00f3n de tuber\u00edas de hierro d\u00factil<br \/>\nAbrazadera de reparaci\u00f3n de tuber\u00edas para la reparaci\u00f3n r\u00e1pida, segura y permanente en el sector del agua potable.<br \/>\nAcoplamientos OKVAL Abrazadera dual universal, abrazaderas para reparaci\u00f3n de tuber\u00edas disponibles desde tama\u00f1o DN80 a DN300.<br \/>\nAbrazadera de emergencia para reparaci\u00f3n de fugas en tuber\u00edas OKVAL Carcasas de dos partes, conectadas entre s\u00ed apretando 6 tuercas y pernos.<br \/>\nOKVAL Abrazadera de reparaci\u00f3n de hierro d\u00factil de amplia gama, manga larga de reparaci\u00f3n Permite la reparaci\u00f3n de todo tipo de tuber\u00edas Descripci\u00f3n Para tuber\u00edas de acero, hierro fundido, PVC\/PE y fibrocemento.<br \/>\nGran tolerancia: n\u00famero reducido de modelos para un di\u00e1metro nominal<br \/>\nF\u00e1cil instalaci\u00f3n: Desviaci\u00f3n angular \u00b1 4\u00b0<\/p>","protected":false},"featured_media":2826,"template":"","meta":[],"product_brand":[],"product_cat":[157],"product_tag":[242,262,263],"class_list":{"0":"post-2824","1":"product","2":"type-product","3":"status-publish","4":"has-post-thumbnail","6":"product_cat-repair-clamp","7":"product_tag-repair-clamp","8":"product_tag-pipe-repair-clamp","9":"product_tag-pipe-leak-repair-clamp","11":"first","12":"instock","13":"shipping-taxable","14":"product-type-simple"},"aioseo_notices":[],"_links":{"self":[{"href":"https:\/\/www.okval.com\/es\/wp-json\/wp\/v2\/product\/2824","targetHints":{"allow":["GET"]}}],"collection":[{"href":"https:\/\/www.okval.com\/es\/wp-json\/wp\/v2\/product"}],"about":[{"href":"https:\/\/www.okval.com\/es\/wp-json\/wp\/v2\/types\/product"}],"wp:featuredmedia":[{"embeddable":true,"href":"https:\/\/www.okval.com\/es\/wp-json\/wp\/v2\/media\/2826"}],"wp:attachment":[{"href":"https:\/\/www.okval.com\/es\/wp-json\/wp\/v2\/media?parent=2824"}],"wp:term":[{"taxonomy":"product_brand","embeddable":true,"href":"https:\/\/www.okval.com\/es\/wp-json\/wp\/v2\/product_brand?post=2824"},{"taxonomy":"product_cat","embeddable":true,"href":"https:\/\/www.okval.com\/es\/wp-json\/wp\/v2\/product_cat?post=2824"},{"taxonomy":"product_tag","embeddable":true,"href":"https:\/\/www.okval.com\/es\/wp-json\/wp\/v2\/product_tag?post=2824"}],"curies":[{"name":"wp","href":"https:\/\/api.w.org\/{rel}","templated":true}]}}