{"id":2820,"date":"2024-04-12T16:09:03","date_gmt":"2024-04-12T08:09:03","guid":{"rendered":"https:\/\/www.okval.com\/?post_type=product&#038;p=2820"},"modified":"2024-04-12T16:09:07","modified_gmt":"2024-04-12T08:09:07","slug":"abrazadera-de-silla-de-hierro-fundido-gris-para-tuberia-de-pvc","status":"publish","type":"product","link":"https:\/\/www.okval.com\/es\/abrazadera-de-sillin-de-hierro-fundido-gris-para-tuberia-de-pvc","title":{"rendered":"Abrazadera de sill\u00edn de fundici\u00f3n gris para tubo de PVC"},"content":{"rendered":"<p><span class=\"fontstyle3\">\u25a0 Caracter\u00edsticas<br \/>\n<\/span><span class=\"fontstyle2\">\u00b7 Presi\u00f3n de trabajo PN16<\/span><\/p>\n<p><span class=\"fontstyle3\">\u25a0 Piezas y materiales principales<br \/>\n<\/span><span class=\"fontstyle2\">\u00b7 Material de hierro fundido gris con pintura negra.<br \/>\n\u00b7 Pernos y tuercas de acero galvanizado;<br \/>\nDacromet est\u00e1 disponible seg\u00fan pedido.<\/span><\/p>\n<p><span class=\"fontstyle2\"><br \/>\n<\/span><span class=\"fontstyle3\">\u25a0 Junta<br \/>\n<\/span><span class=\"fontstyle2\">\u00b7 Junta EPDM<\/span><\/p>\n<p><span class=\"fontstyle2\"><br \/>\n<\/span><span class=\"fontstyle3\">\u25a0 Dimensiones (MM)<br \/>\n<\/span><\/p>\n<table class=\"NormalTable\">\n<tbody>\n<tr>\n<td width=\"136\"><span class=\"fontstyle0\">DN <\/span><\/td>\n<td width=\"136\"><span class=\"fontstyle0\">Hilo <\/span><\/td>\n<\/tr>\n<tr>\n<td width=\"136\"><span class=\"fontstyle2\">40 <\/span><\/td>\n<td width=\"136\"><span class=\"fontstyle2\">3\/4\u2033 <\/span><\/td>\n<\/tr>\n<tr>\n<td width=\"136\"><span class=\"fontstyle2\">50 <\/span><\/td>\n<td width=\"136\"><span class=\"fontstyle2\">3\/4\u2033 <\/span><\/td>\n<\/tr>\n<tr>\n<td width=\"136\"><span class=\"fontstyle2\">50 <\/span><\/td>\n<td width=\"136\"><span class=\"fontstyle2\">1\u2033 <\/span><\/td>\n<\/tr>\n<tr>\n<td width=\"136\"><span class=\"fontstyle2\">63 <\/span><\/td>\n<td width=\"136\"><span class=\"fontstyle2\">3\/4\u2033 <\/span><\/td>\n<\/tr>\n<tr>\n<td width=\"136\"><span class=\"fontstyle2\">63 <\/span><\/td>\n<td width=\"136\"><span class=\"fontstyle2\">1\u2033 <\/span><\/td>\n<\/tr>\n<tr>\n<td width=\"136\"><span class=\"fontstyle2\">63 <\/span><\/td>\n<td width=\"136\"><span class=\"fontstyle2\">1 1\/4\u2033 <\/span><\/td>\n<\/tr>\n<tr>\n<td width=\"136\"><span class=\"fontstyle2\">75 <\/span><\/td>\n<td width=\"136\"><span class=\"fontstyle2\">3\/4\u2033 <\/span><\/td>\n<\/tr>\n<tr>\n<td width=\"136\"><span class=\"fontstyle2\">75 <\/span><\/td>\n<td width=\"136\"><span class=\"fontstyle2\">1\u2033 <\/span><\/td>\n<\/tr>\n<tr>\n<td width=\"136\"><span class=\"fontstyle2\">75 <\/span><\/td>\n<td width=\"136\"><span class=\"fontstyle2\">1 1\/4\u2033 <\/span><\/td>\n<\/tr>\n<tr>\n<td width=\"136\"><span class=\"fontstyle2\">90 <\/span><\/td>\n<td width=\"136\"><span class=\"fontstyle2\">3\/4\u2033 <\/span><\/td>\n<\/tr>\n<tr>\n<td width=\"136\"><span class=\"fontstyle2\">90 <\/span><\/td>\n<td width=\"136\"><span class=\"fontstyle2\">1\u2033 <\/span><\/td>\n<\/tr>\n<tr>\n<td width=\"136\"><span class=\"fontstyle2\">90 <\/span><\/td>\n<td width=\"136\"><span class=\"fontstyle2\">1 1\/4\u2033 <\/span><\/td>\n<\/tr>\n<tr>\n<td width=\"136\"><span class=\"fontstyle2\">90 <\/span><\/td>\n<td width=\"136\"><span class=\"fontstyle2\">1 1\/2\u2033 <\/span><\/td>\n<\/tr>\n<tr>\n<td width=\"136\"><span class=\"fontstyle2\">90 <\/span><\/td>\n<td width=\"136\"><span class=\"fontstyle2\">2\u2033 <\/span><\/td>\n<\/tr>\n<tr>\n<td width=\"136\"><span class=\"fontstyle2\">110 <\/span><\/td>\n<td width=\"136\"><span class=\"fontstyle2\">3\/4\u2033 <\/span><\/td>\n<\/tr>\n<tr>\n<td width=\"136\"><span class=\"fontstyle2\">110 <\/span><\/td>\n<td width=\"136\"><span class=\"fontstyle2\">1\u2033 <\/span><\/td>\n<\/tr>\n<tr>\n<td width=\"136\"><span class=\"fontstyle2\">110 <\/span><\/td>\n<td width=\"136\"><span class=\"fontstyle2\">1 1\/4\u2033 <\/span><\/td>\n<\/tr>\n<tr>\n<td width=\"136\"><span class=\"fontstyle2\">110 <\/span><\/td>\n<td width=\"136\"><span class=\"fontstyle2\">1 1\/2\u2033 <\/span><\/td>\n<\/tr>\n<tr>\n<td width=\"136\"><span class=\"fontstyle2\">110 <\/span><\/td>\n<td width=\"136\"><span class=\"fontstyle2\">2\u2033 <\/span><\/td>\n<\/tr>\n<tr>\n<td width=\"136\"><span class=\"fontstyle2\">125 <\/span><\/td>\n<td width=\"136\"><span class=\"fontstyle2\">3\/4\u2033 <\/span><\/td>\n<\/tr>\n<\/tbody>\n<\/table>\n<p>&nbsp;<\/p>\n<table class=\"NormalTable\">\n<tbody>\n<tr>\n<td width=\"137\"><span class=\"fontstyle0\">DN <\/span><\/td>\n<td width=\"136\"><span class=\"fontstyle0\">Hilo <\/span><\/td>\n<\/tr>\n<tr>\n<td width=\"137\"><span class=\"fontstyle2\">125 <\/span><\/td>\n<td width=\"136\"><span class=\"fontstyle2\">1\u2033 <\/span><\/td>\n<\/tr>\n<tr>\n<td width=\"137\"><span class=\"fontstyle2\">125 <\/span><\/td>\n<td width=\"136\"><span class=\"fontstyle2\">1 1\/4\u2033 <\/span><\/td>\n<\/tr>\n<tr>\n<td width=\"137\"><span class=\"fontstyle2\">125 <\/span><\/td>\n<td width=\"136\"><span class=\"fontstyle2\">1 1\/2\u2033 <\/span><\/td>\n<\/tr>\n<tr>\n<td width=\"137\"><span class=\"fontstyle2\">125 <\/span><\/td>\n<td width=\"136\"><span class=\"fontstyle2\">2\u2033 <\/span><\/td>\n<\/tr>\n<tr>\n<td width=\"137\"><span class=\"fontstyle2\">125 <\/span><\/td>\n<td width=\"136\"><span class=\"fontstyle2\">2 1\/2\u2033 <\/span><\/td>\n<\/tr>\n<tr>\n<td width=\"137\"><span class=\"fontstyle2\">125 <\/span><\/td>\n<td width=\"136\"><span class=\"fontstyle2\">3\u2033 <\/span><\/td>\n<\/tr>\n<tr>\n<td width=\"137\"><span class=\"fontstyle2\">140 <\/span><\/td>\n<td width=\"136\"><span class=\"fontstyle2\">1\u2033 <\/span><\/td>\n<\/tr>\n<tr>\n<td width=\"137\"><span class=\"fontstyle2\">140 <\/span><\/td>\n<td width=\"136\"><span class=\"fontstyle2\">1 1\/4\u2033 <\/span><\/td>\n<\/tr>\n<tr>\n<td width=\"137\"><span class=\"fontstyle2\">140 <\/span><\/td>\n<td width=\"136\"><span class=\"fontstyle2\">1 1\/2\u2033 <\/span><\/td>\n<\/tr>\n<tr>\n<td width=\"137\"><span class=\"fontstyle2\">140 <\/span><\/td>\n<td width=\"136\"><span class=\"fontstyle2\">2\u2033 <\/span><\/td>\n<\/tr>\n<tr>\n<td width=\"137\"><span class=\"fontstyle2\">140 <\/span><\/td>\n<td width=\"136\"><span class=\"fontstyle2\">2 1\/2\u2033 <\/span><\/td>\n<\/tr>\n<tr>\n<td width=\"137\"><span class=\"fontstyle2\">140 <\/span><\/td>\n<td width=\"136\"><span class=\"fontstyle2\">3\u2033 <\/span><\/td>\n<\/tr>\n<tr>\n<td width=\"137\"><span class=\"fontstyle2\">160 <\/span><\/td>\n<td width=\"136\"><span class=\"fontstyle2\">3\/4\u2033 <\/span><\/td>\n<\/tr>\n<tr>\n<td width=\"137\"><span class=\"fontstyle2\">160 <\/span><\/td>\n<td width=\"136\"><span class=\"fontstyle2\">1\u2033 <\/span><\/td>\n<\/tr>\n<tr>\n<td width=\"137\"><span class=\"fontstyle2\">160 <\/span><\/td>\n<td width=\"136\"><span class=\"fontstyle2\">1 1\/4\u2033 <\/span><\/td>\n<\/tr>\n<tr>\n<td width=\"137\"><span class=\"fontstyle2\">160 <\/span><\/td>\n<td width=\"136\"><span class=\"fontstyle2\">1 1\/2\u2033 <\/span><\/td>\n<\/tr>\n<tr>\n<td width=\"137\"><span class=\"fontstyle2\">160 <\/span><\/td>\n<td width=\"136\"><span class=\"fontstyle2\">2\u2033 <\/span><\/td>\n<\/tr>\n<tr>\n<td width=\"137\"><span class=\"fontstyle2\">160 <\/span><\/td>\n<td width=\"136\"><span class=\"fontstyle2\">2 1\/2\u2033 <\/span><\/td>\n<\/tr>\n<tr>\n<td width=\"137\"><span class=\"fontstyle2\">160 <\/span><\/td>\n<td width=\"136\"><span class=\"fontstyle2\">3\u2033 <\/span><\/td>\n<\/tr>\n<tr>\n<td width=\"137\"><span class=\"fontstyle2\">180 <\/span><\/td>\n<td width=\"136\"><span class=\"fontstyle2\">1\u2033 <\/span><\/td>\n<\/tr>\n<\/tbody>\n<\/table>\n<p>&nbsp;<\/p>\n<table class=\"NormalTable\">\n<tbody>\n<tr>\n<td width=\"136\"><span class=\"fontstyle0\">DN <\/span><\/td>\n<td width=\"136\"><span class=\"fontstyle0\">Hilo<\/span><\/td>\n<\/tr>\n<tr>\n<td width=\"136\"><span class=\"fontstyle2\">180 <\/span><\/td>\n<td width=\"136\"><span class=\"fontstyle2\">1 1\/4\u2033<\/span><\/td>\n<\/tr>\n<tr>\n<td width=\"136\"><span class=\"fontstyle2\">180 <\/span><\/td>\n<td width=\"136\"><span class=\"fontstyle2\">1 1\/2\u2033<\/span><\/td>\n<\/tr>\n<tr>\n<td width=\"136\"><span class=\"fontstyle2\">180 <\/span><\/td>\n<td width=\"136\"><span class=\"fontstyle2\">2\u2033<\/span><\/td>\n<\/tr>\n<tr>\n<td width=\"136\"><span class=\"fontstyle2\">180 <\/span><\/td>\n<td width=\"136\"><span class=\"fontstyle2\">3\u2033<\/span><\/td>\n<\/tr>\n<tr>\n<td width=\"136\"><span class=\"fontstyle2\">200 <\/span><\/td>\n<td width=\"136\"><span class=\"fontstyle2\">3\/4\u2033<\/span><\/td>\n<\/tr>\n<tr>\n<td width=\"136\"><span class=\"fontstyle2\">200 <\/span><\/td>\n<td width=\"136\"><span class=\"fontstyle2\">1\u2033<\/span><\/td>\n<\/tr>\n<tr>\n<td width=\"136\"><span class=\"fontstyle2\">200 <\/span><\/td>\n<td width=\"136\"><span class=\"fontstyle2\">1 1\/4\u2033<\/span><\/td>\n<\/tr>\n<tr>\n<td width=\"136\"><span class=\"fontstyle2\">200 <\/span><\/td>\n<td width=\"136\"><span class=\"fontstyle2\">1 1\/2\u2033<\/span><\/td>\n<\/tr>\n<tr>\n<td width=\"136\"><span class=\"fontstyle2\">200 <\/span><\/td>\n<td width=\"136\"><span class=\"fontstyle2\">2\u2033<\/span><\/td>\n<\/tr>\n<tr>\n<td width=\"136\"><span class=\"fontstyle2\">200 <\/span><\/td>\n<td width=\"136\"><span class=\"fontstyle2\">2 1\/2\u2033<\/span><\/td>\n<\/tr>\n<tr>\n<td width=\"136\"><span class=\"fontstyle2\">200 <\/span><\/td>\n<td width=\"136\"><span class=\"fontstyle2\">3\u2033<\/span><\/td>\n<\/tr>\n<tr>\n<td width=\"136\"><span class=\"fontstyle2\">250 <\/span><\/td>\n<td width=\"136\"><span class=\"fontstyle2\">1\u2033<\/span><\/td>\n<\/tr>\n<tr>\n<td width=\"136\"><span class=\"fontstyle2\">250 <\/span><\/td>\n<td width=\"136\"><span class=\"fontstyle2\">1 1\/4\u2033<\/span><\/td>\n<\/tr>\n<tr>\n<td width=\"136\"><span class=\"fontstyle2\">250 <\/span><\/td>\n<td width=\"136\"><span class=\"fontstyle2\">1 1\/2\u2033<\/span><\/td>\n<\/tr>\n<tr>\n<td width=\"136\"><span class=\"fontstyle2\">250 <\/span><\/td>\n<td width=\"136\"><span class=\"fontstyle2\">2\u2033<\/span><\/td>\n<\/tr>\n<tr>\n<td width=\"136\"><span class=\"fontstyle2\">250 <\/span><\/td>\n<td width=\"136\"><span class=\"fontstyle2\">2 1\/2\u2033<\/span><\/td>\n<\/tr>\n<tr>\n<td width=\"136\"><span class=\"fontstyle2\">250 <\/span><\/td>\n<td width=\"136\"><span class=\"fontstyle2\">3\u2033<\/span><\/td>\n<\/tr>\n<tr>\n<td width=\"136\"><span class=\"fontstyle2\">315 <\/span><\/td>\n<td width=\"136\"><span class=\"fontstyle2\">2\u2033<\/span><\/td>\n<\/tr>\n<tr>\n<td width=\"136\"><span class=\"fontstyle2\">315 <\/span><\/td>\n<td width=\"136\"><span class=\"fontstyle2\">2 1\/2\u2033<\/span><\/td>\n<\/tr>\n<tr>\n<td width=\"136\"><span class=\"fontstyle2\">315 <\/span><\/td>\n<td width=\"136\"><span class=\"fontstyle2\">3\u2033<\/span><\/td>\n<\/tr>\n<\/tbody>\n<\/table>\n<p>&nbsp;<\/p>","protected":false},"excerpt":{"rendered":"<p>Las abrazaderas de montura son dispositivos de sujeci\u00f3n vers\u00e1tiles que se utilizan para asegurar tuber\u00edas o tubos. Estas abrazaderas brindan estabilidad, soporte y un punto de fijaci\u00f3n seguro para tuber\u00edas, silenciadores y otros componentes. Ya sea en aplicaciones industriales o sistemas de escape, las abrazaderas de sill\u00edn desempe\u00f1an un papel crucial en el mantenimiento de la integridad estructural.<\/p>","protected":false},"featured_media":2822,"template":"","meta":[],"product_brand":[],"product_cat":[37,172],"product_tag":[245],"class_list":{"0":"post-2820","1":"product","2":"type-product","3":"status-publish","4":"has-post-thumbnail","6":"product_cat-pipe-joints","7":"product_cat-saddle-clamp","8":"product_tag-saddle-clamp","10":"first","11":"instock","12":"shipping-taxable","13":"product-type-simple"},"aioseo_notices":[],"_links":{"self":[{"href":"https:\/\/www.okval.com\/es\/wp-json\/wp\/v2\/product\/2820","targetHints":{"allow":["GET"]}}],"collection":[{"href":"https:\/\/www.okval.com\/es\/wp-json\/wp\/v2\/product"}],"about":[{"href":"https:\/\/www.okval.com\/es\/wp-json\/wp\/v2\/types\/product"}],"wp:featuredmedia":[{"embeddable":true,"href":"https:\/\/www.okval.com\/es\/wp-json\/wp\/v2\/media\/2822"}],"wp:attachment":[{"href":"https:\/\/www.okval.com\/es\/wp-json\/wp\/v2\/media?parent=2820"}],"wp:term":[{"taxonomy":"product_brand","embeddable":true,"href":"https:\/\/www.okval.com\/es\/wp-json\/wp\/v2\/product_brand?post=2820"},{"taxonomy":"product_cat","embeddable":true,"href":"https:\/\/www.okval.com\/es\/wp-json\/wp\/v2\/product_cat?post=2820"},{"taxonomy":"product_tag","embeddable":true,"href":"https:\/\/www.okval.com\/es\/wp-json\/wp\/v2\/product_tag?post=2820"}],"curies":[{"name":"wp","href":"https:\/\/api.w.org\/{rel}","templated":true}]}}