{"id":2810,"date":"2024-04-12T15:11:05","date_gmt":"2024-04-12T07:11:05","guid":{"rendered":"https:\/\/www.okval.com\/?post_type=product&#038;p=2810"},"modified":"2024-04-12T18:14:55","modified_gmt":"2024-04-12T10:14:55","slug":"abrazadera-de-sillin-con-2-orificios-para-tubo-di","status":"publish","type":"product","link":"https:\/\/www.okval.com\/es\/abrazadera-de-sillin-con-2-agujeros-para-tubo-di-html","title":{"rendered":"Abrazadera de sill\u00edn con 2 orificios para tuber\u00eda de CA"},"content":{"rendered":"<p><span class=\"fontstyle3\">\u25a0 Caracter\u00edsticas<br \/>\n<\/span><span class=\"fontstyle2\">\u00b7 Revestimiento epoxi m\u00edn. 250 micras.<br \/>\n\u00b7 Presi\u00f3n de trabajo PN10, PN16<\/span><span class=\"fontstyle4\">.<\/span><\/p>\n<p><span class=\"fontstyle3\">\u25a0 Piezas y materiales principales<br \/>\n<\/span><span class=\"fontstyle2\">\u00b7 Material de hierro d\u00factil con revestimiento FBE<br \/>\n\u00b7 Pernos, tuercas de acero galvanizado.<br \/>\n<\/span><span class=\"fontstyle3\">\u25a0 Junta<br \/>\n<\/span><span class=\"fontstyle2\">\u00b7 Junta EPDM<br \/>\n<\/span><span class=\"fontstyle3\">\u25a0 Dimensiones (MM)<br \/>\n<\/span><\/p>\n<table class=\"NormalTable\">\n<tbody>\n<tr>\n<td width=\"126\"><span class=\"fontstyle0\">Tama\u00f1o <\/span><\/td>\n<td width=\"126\"><span class=\"fontstyle0\">GRAMO <\/span><\/td>\n<td width=\"126\"><span class=\"fontstyle0\">h1 <\/span><\/td>\n<td width=\"126\"><span class=\"fontstyle0\">h2 <\/span><\/td>\n<td width=\"126\"><span class=\"fontstyle0\">h3 <\/span><\/td>\n<td width=\"126\"><span class=\"fontstyle0\">r1<\/span><\/td>\n<\/tr>\n<tr>\n<td width=\"126\"><span class=\"fontstyle2\">60\u00d720 <\/span><\/td>\n<td width=\"126\"><span class=\"fontstyle2\">M40x3 <\/span><\/td>\n<td width=\"126\"><span class=\"fontstyle2\">22 <\/span><\/td>\n<td width=\"126\"><span class=\"fontstyle2\">31.5 <\/span><\/td>\n<td width=\"126\"><span class=\"fontstyle2\">31.5 <\/span><\/td>\n<td width=\"126\"><span class=\"fontstyle2\">43<\/span><\/td>\n<\/tr>\n<tr>\n<td width=\"126\"><span class=\"fontstyle2\">80\u00d720 <\/span><\/td>\n<td width=\"126\"><span class=\"fontstyle2\">M40x3 <\/span><\/td>\n<td width=\"126\"><span class=\"fontstyle2\">22 <\/span><\/td>\n<td width=\"126\"><span class=\"fontstyle2\">42.5 <\/span><\/td>\n<td width=\"126\"><span class=\"fontstyle2\">42.5 <\/span><\/td>\n<td width=\"126\"><span class=\"fontstyle2\">54<\/span><\/td>\n<\/tr>\n<tr>\n<td width=\"126\"><span class=\"fontstyle2\">100\u00d720 <\/span><\/td>\n<td width=\"126\"><span class=\"fontstyle2\">M40x3 <\/span><\/td>\n<td width=\"126\"><span class=\"fontstyle2\">22 <\/span><\/td>\n<td width=\"126\"><span class=\"fontstyle2\">54.5 <\/span><\/td>\n<td width=\"126\"><span class=\"fontstyle2\">54.5 <\/span><\/td>\n<td width=\"126\"><span class=\"fontstyle2\">66<\/span><\/td>\n<\/tr>\n<tr>\n<td width=\"126\"><span class=\"fontstyle2\">125\u00d720 <\/span><\/td>\n<td width=\"126\"><span class=\"fontstyle2\">M40x3 <\/span><\/td>\n<td width=\"126\"><span class=\"fontstyle2\">22 <\/span><\/td>\n<td width=\"126\"><span class=\"fontstyle2\">68.5 <\/span><\/td>\n<td width=\"126\"><span class=\"fontstyle2\">68.5 <\/span><\/td>\n<td width=\"126\"><span class=\"fontstyle2\">79<\/span><\/td>\n<\/tr>\n<tr>\n<td width=\"126\"><span class=\"fontstyle2\">150\u00d720 <\/span><\/td>\n<td width=\"126\"><span class=\"fontstyle2\">M40x3 <\/span><\/td>\n<td width=\"126\"><span class=\"fontstyle2\">22 <\/span><\/td>\n<td width=\"126\"><span class=\"fontstyle2\">82.5 <\/span><\/td>\n<td width=\"126\"><span class=\"fontstyle2\">82.5 <\/span><\/td>\n<td width=\"126\"><span class=\"fontstyle2\">94<\/span><\/td>\n<\/tr>\n<tr>\n<td width=\"126\"><span class=\"fontstyle2\">200\u00d720 <\/span><\/td>\n<td width=\"126\"><span class=\"fontstyle2\">M40x3 <\/span><\/td>\n<td width=\"126\"><span class=\"fontstyle2\">22 <\/span><\/td>\n<td width=\"126\"><span class=\"fontstyle2\">113.5 <\/span><\/td>\n<td width=\"126\"><span class=\"fontstyle2\">113.5 <\/span><\/td>\n<td width=\"126\"><span class=\"fontstyle2\">125<\/span><\/td>\n<\/tr>\n<tr>\n<td width=\"126\"><span class=\"fontstyle2\">250\u00d720 <\/span><\/td>\n<td width=\"126\"><span class=\"fontstyle2\">M40x3 <\/span><\/td>\n<td width=\"126\"><span class=\"fontstyle2\">22 <\/span><\/td>\n<td width=\"126\"><span class=\"fontstyle2\">139.5 <\/span><\/td>\n<td width=\"126\"><span class=\"fontstyle2\">139.5 <\/span><\/td>\n<td width=\"126\"><span class=\"fontstyle2\">151<\/span><\/td>\n<\/tr>\n<tr>\n<td width=\"126\"><span class=\"fontstyle2\">300\u00d720 <\/span><\/td>\n<td width=\"126\"><span class=\"fontstyle2\">M40x3 <\/span><\/td>\n<td width=\"126\"><span class=\"fontstyle2\">22 <\/span><\/td>\n<td width=\"126\"><span class=\"fontstyle2\">169 <\/span><\/td>\n<td width=\"126\"><span class=\"fontstyle2\">169 <\/span><\/td>\n<td width=\"126\"><span class=\"fontstyle2\">180.5<\/span><\/td>\n<\/tr>\n<tr>\n<td width=\"126\"><span class=\"fontstyle2\">60\u00d740 <\/span><\/td>\n<td width=\"126\"><span class=\"fontstyle2\">M55x3 <\/span><\/td>\n<td width=\"126\"><span class=\"fontstyle2\">22 <\/span><\/td>\n<td width=\"126\"><span class=\"fontstyle2\">31.5 <\/span><\/td>\n<td width=\"126\"><span class=\"fontstyle2\">31.5 <\/span><\/td>\n<td width=\"126\"><span class=\"fontstyle2\">43<\/span><\/td>\n<\/tr>\n<tr>\n<td width=\"126\"><span class=\"fontstyle2\">80\u00d740 <\/span><\/td>\n<td width=\"126\"><span class=\"fontstyle2\">M55x3 <\/span><\/td>\n<td width=\"126\"><span class=\"fontstyle2\">22 <\/span><\/td>\n<td width=\"126\"><span class=\"fontstyle2\">42.5 <\/span><\/td>\n<td width=\"126\"><span class=\"fontstyle2\">42.5 <\/span><\/td>\n<td width=\"126\"><span class=\"fontstyle2\">54<\/span><\/td>\n<\/tr>\n<tr>\n<td width=\"126\"><span class=\"fontstyle2\">100\u00d740 <\/span><\/td>\n<td width=\"126\"><span class=\"fontstyle2\">M55x3 <\/span><\/td>\n<td width=\"126\"><span class=\"fontstyle2\">22 <\/span><\/td>\n<td width=\"126\"><span class=\"fontstyle2\">54.5 <\/span><\/td>\n<td width=\"126\"><span class=\"fontstyle2\">54.5 <\/span><\/td>\n<td width=\"126\"><span class=\"fontstyle2\">66<\/span><\/td>\n<\/tr>\n<tr>\n<td width=\"126\"><span class=\"fontstyle2\">125\u00d740 <\/span><\/td>\n<td width=\"126\"><span class=\"fontstyle2\">M55x3 <\/span><\/td>\n<td width=\"126\"><span class=\"fontstyle2\">22 <\/span><\/td>\n<td width=\"126\"><span class=\"fontstyle2\">68 <\/span><\/td>\n<td width=\"126\"><span class=\"fontstyle2\">68 <\/span><\/td>\n<td width=\"126\"><span class=\"fontstyle2\">79<\/span><\/td>\n<\/tr>\n<tr>\n<td width=\"126\"><span class=\"fontstyle2\">150\u00d740 <\/span><\/td>\n<td width=\"126\"><span class=\"fontstyle2\">M55x3 <\/span><\/td>\n<td width=\"126\"><span class=\"fontstyle2\">22 <\/span><\/td>\n<td width=\"126\"><span class=\"fontstyle2\">82.5 <\/span><\/td>\n<td width=\"126\"><span class=\"fontstyle2\">82.5 <\/span><\/td>\n<td width=\"126\"><span class=\"fontstyle2\">94<\/span><\/td>\n<\/tr>\n<tr>\n<td width=\"126\"><span class=\"fontstyle2\">200\u00d740 <\/span><\/td>\n<td width=\"126\"><span class=\"fontstyle2\">M55x3 <\/span><\/td>\n<td width=\"126\"><span class=\"fontstyle2\">22 <\/span><\/td>\n<td width=\"126\"><span class=\"fontstyle2\">113.5 <\/span><\/td>\n<td width=\"126\"><span class=\"fontstyle2\">113.5 <\/span><\/td>\n<td width=\"126\"><span class=\"fontstyle2\">125<\/span><\/td>\n<\/tr>\n<tr>\n<td width=\"126\"><span class=\"fontstyle2\">250\u00d740 <\/span><\/td>\n<td width=\"126\"><span class=\"fontstyle2\">M55x3 <\/span><\/td>\n<td width=\"126\"><span class=\"fontstyle2\">22 <\/span><\/td>\n<td width=\"126\"><span class=\"fontstyle2\">139.5 <\/span><\/td>\n<td width=\"126\"><span class=\"fontstyle2\">139.5 <\/span><\/td>\n<td width=\"126\"><span class=\"fontstyle2\">151<\/span><\/td>\n<\/tr>\n<tr>\n<td width=\"126\"><span class=\"fontstyle2\">300\u00d740 <\/span><\/td>\n<td width=\"126\"><span class=\"fontstyle2\">M55x3 <\/span><\/td>\n<td width=\"126\"><span class=\"fontstyle2\">22 <\/span><\/td>\n<td width=\"126\"><span class=\"fontstyle2\">169 <\/span><\/td>\n<td width=\"126\"><span class=\"fontstyle2\">169 <\/span><\/td>\n<td width=\"126\"><span class=\"fontstyle2\">180.5<\/span><\/td>\n<\/tr>\n<\/tbody>\n<\/table>\n<p>&nbsp;<\/p>","protected":false},"excerpt":{"rendered":"<p>Las abrazaderas de montura son dispositivos de sujeci\u00f3n vers\u00e1tiles que se utilizan para asegurar tuber\u00edas o tubos. Estas abrazaderas brindan estabilidad, soporte y un punto de fijaci\u00f3n seguro para tuber\u00edas, silenciadores y otros componentes. Ya sea en aplicaciones industriales o sistemas de escape, las abrazaderas de sill\u00edn desempe\u00f1an un papel crucial en el mantenimiento de la integridad estructural.<\/p>","protected":false},"featured_media":2812,"template":"","meta":[],"product_brand":[],"product_cat":[37,172],"product_tag":[245],"class_list":{"0":"post-2810","1":"product","2":"type-product","3":"status-publish","4":"has-post-thumbnail","6":"product_cat-pipe-joints","7":"product_cat-saddle-clamp","8":"product_tag-saddle-clamp","10":"first","11":"instock","12":"shipping-taxable","13":"product-type-simple"},"aioseo_notices":[],"_links":{"self":[{"href":"https:\/\/www.okval.com\/es\/wp-json\/wp\/v2\/product\/2810","targetHints":{"allow":["GET"]}}],"collection":[{"href":"https:\/\/www.okval.com\/es\/wp-json\/wp\/v2\/product"}],"about":[{"href":"https:\/\/www.okval.com\/es\/wp-json\/wp\/v2\/types\/product"}],"wp:featuredmedia":[{"embeddable":true,"href":"https:\/\/www.okval.com\/es\/wp-json\/wp\/v2\/media\/2812"}],"wp:attachment":[{"href":"https:\/\/www.okval.com\/es\/wp-json\/wp\/v2\/media?parent=2810"}],"wp:term":[{"taxonomy":"product_brand","embeddable":true,"href":"https:\/\/www.okval.com\/es\/wp-json\/wp\/v2\/product_brand?post=2810"},{"taxonomy":"product_cat","embeddable":true,"href":"https:\/\/www.okval.com\/es\/wp-json\/wp\/v2\/product_cat?post=2810"},{"taxonomy":"product_tag","embeddable":true,"href":"https:\/\/www.okval.com\/es\/wp-json\/wp\/v2\/product_tag?post=2810"}],"curies":[{"name":"wp","href":"https:\/\/api.w.org\/{rel}","templated":true}]}}