{"id":2804,"date":"2024-04-12T15:00:57","date_gmt":"2024-04-12T07:00:57","guid":{"rendered":"https:\/\/www.okval.com\/?post_type=product&#038;p=2804"},"modified":"2024-04-12T15:01:01","modified_gmt":"2024-04-12T07:01:01","slug":"abrazadera-de-sillin-con-banda-ss","status":"publish","type":"product","link":"https:\/\/www.okval.com\/es\/abrazadera-de-sillin-con-banda-de-acero-inoxidable","title":{"rendered":"Abrazadera de sill\u00edn con banda SS"},"content":{"rendered":"<p><span class=\"fontstyle0\"><strong>Caracter\u00edsticas:<\/strong><br \/>\n<\/span><span class=\"fontstyle1\">\u00b7 Cuerpo de salida seg\u00fan norma EN 545.<br \/>\n\u00b7 Ancho de banda 40 mm y 60 mm, espesor 1,\uff08m\u00ednimo\uff09<br \/>\n\u00b7 Revestimiento epoxi m\u00edn. 250 micras.<br \/>\n\u00b7 Presi\u00f3n de trabajo PN16<\/span><br \/>\n<span class=\"fontstyle0\">\u00b7 EPDM seg\u00fan BS EN681-1 (WRAS)<\/span><\/p>\n<p><strong>Materiales:<\/strong><\/p>\n<p><span class=\"fontstyle1\">\u00b7 Cuerpo de fundici\u00f3n d\u00factil.<br \/>\n\u00b7 Banda, Pernos, Tuercas y Arandelas son de acero inoxidable.<\/span><\/p>\n<p><strong><span class=\"fontstyle0\">\u00a0Dimensiones (MM):<\/span><\/strong><\/p>\n<table class=\"NormalTable\">\n<tbody>\n<tr>\n<td width=\"89\"><span class=\"fontstyle0\">Tama\u00f1o <\/span><\/td>\n<td width=\"120\"><span class=\"fontstyle0\">Normal <\/span><\/td>\n<td width=\"90\"><span class=\"fontstyle0\">Rango <\/span><\/td>\n<td width=\"116\"><span class=\"fontstyle0\">Pernos <\/span><\/td>\n<td width=\"89\"><span class=\"fontstyle0\">Tama\u00f1o <\/span><\/td>\n<td width=\"121\"><span class=\"fontstyle0\">Normal <\/span><\/td>\n<td width=\"89\"><span class=\"fontstyle0\">Rango <\/span><\/td>\n<td width=\"115\"><span class=\"fontstyle0\">Pernos<\/span><\/td>\n<\/tr>\n<tr>\n<td width=\"120\"><span class=\"fontstyle0\">DN <\/span><\/td>\n<td width=\"90\"><span class=\"fontstyle0\">mil\u00edmetros <\/span><\/td>\n<td width=\"116\"><span class=\"fontstyle0\">Di\u00e1metro y longitud <\/span><\/td>\n<td width=\"121\"><span class=\"fontstyle0\">DN <\/span><\/td>\n<td width=\"89\"><span class=\"fontstyle0\">mil\u00edmetros <\/span><\/td>\n<td width=\"115\"><span class=\"fontstyle0\">Di\u00e1metro y longitud<\/span><\/td>\n<\/tr>\n<tr>\n<td width=\"89\"><span class=\"fontstyle2\">DN50 <\/span><\/td>\n<td width=\"120\"><span class=\"fontstyle2\">340 x 1, 1 1\/4 <\/span><\/td>\n<td width=\"90\"><span class=\"fontstyle2\">55-75 <\/span><\/td>\n<td width=\"116\"><span class=\"fontstyle2\">M12x130 <\/span><\/td>\n<td width=\"89\"><span class=\"fontstyle2\">DN200 <\/span><\/td>\n<td width=\"121\"><span class=\"fontstyle2\">350 x 1 1\/2, 2 <\/span><\/td>\n<td width=\"89\"><span class=\"fontstyle2\">200-227 <\/span><\/td>\n<td width=\"115\"><span class=\"fontstyle2\">M16x120<\/span><\/td>\n<\/tr>\n<tr>\n<td width=\"89\"><span class=\"fontstyle2\">DN65 <\/span><\/td>\n<td width=\"120\"><span class=\"fontstyle2\">340 x 1, 1 1\/4 <\/span><\/td>\n<td width=\"90\"><span class=\"fontstyle2\">70-90 <\/span><\/td>\n<td width=\"116\"><span class=\"fontstyle2\">M12x130 <\/span><\/td>\n<td width=\"89\"><span class=\"fontstyle2\">DN200 <\/span><\/td>\n<td width=\"121\"><span class=\"fontstyle2\">350 x 1 1\/2, 2 <\/span><\/td>\n<td width=\"89\"><span class=\"fontstyle2\">215-240 <\/span><\/td>\n<td width=\"115\"><span class=\"fontstyle2\">M16x120<\/span><\/td>\n<\/tr>\n<tr>\n<td width=\"89\"><span class=\"fontstyle2\">DN80 <\/span><\/td>\n<td width=\"120\"><span class=\"fontstyle2\">340 x 1, 1 1\/4 <\/span><\/td>\n<td width=\"90\"><span class=\"fontstyle2\">75-98 <\/span><\/td>\n<td width=\"116\"><span class=\"fontstyle2\">M12x130 <\/span><\/td>\n<td width=\"89\"><span class=\"fontstyle2\">DN200 <\/span><\/td>\n<td width=\"121\"><span class=\"fontstyle2\">350 x 1 1\/2, 2 <\/span><\/td>\n<td width=\"89\"><span class=\"fontstyle2\">230-255 <\/span><\/td>\n<td width=\"115\"><span class=\"fontstyle2\">M16x120<\/span><\/td>\n<\/tr>\n<tr>\n<td width=\"89\"><span class=\"fontstyle2\">DN80 <\/span><\/td>\n<td width=\"120\"><span class=\"fontstyle2\">340 x 1, 1 1\/4 <\/span><\/td>\n<td width=\"90\"><span class=\"fontstyle2\">87-107 <\/span><\/td>\n<td width=\"116\"><span class=\"fontstyle2\">M12x130 <\/span><\/td>\n<td width=\"89\"><span class=\"fontstyle2\">DN250 <\/span><\/td>\n<td width=\"121\"><span class=\"fontstyle2\">350 x 1 1\/2, 2 <\/span><\/td>\n<td width=\"89\"><span class=\"fontstyle2\">260-285 <\/span><\/td>\n<td width=\"115\"><span class=\"fontstyle2\">M16x120<\/span><\/td>\n<\/tr>\n<tr>\n<td width=\"89\"><span class=\"fontstyle2\">DN100 <\/span><\/td>\n<td width=\"120\"><span class=\"fontstyle2\">340 x 1, 1 1\/4 <\/span><\/td>\n<td width=\"90\"><span class=\"fontstyle2\">97-118 <\/span><\/td>\n<td width=\"116\"><span class=\"fontstyle2\">M12x130 <\/span><\/td>\n<td width=\"89\"><span class=\"fontstyle2\">DN250 <\/span><\/td>\n<td width=\"121\"><span class=\"fontstyle2\">350 x 1 1\/2, 2 <\/span><\/td>\n<td width=\"89\"><span class=\"fontstyle2\">285-310 <\/span><\/td>\n<td width=\"115\"><span class=\"fontstyle2\">M16x120<\/span><\/td>\n<\/tr>\n<tr>\n<td width=\"89\"><span class=\"fontstyle2\">DN100 <\/span><\/td>\n<td width=\"120\"><span class=\"fontstyle2\">340 x 1, 1 1\/4 <\/span><\/td>\n<td width=\"90\"><span class=\"fontstyle2\">105-125 <\/span><\/td>\n<td width=\"116\"><span class=\"fontstyle2\">M12x130 <\/span><\/td>\n<td width=\"89\"><span class=\"fontstyle2\">DN300 <\/span><\/td>\n<td width=\"121\"><span class=\"fontstyle2\">350 x 1 1\/2, 2 <\/span><\/td>\n<td width=\"89\"><span class=\"fontstyle2\">315-340 <\/span><\/td>\n<td width=\"115\"><span class=\"fontstyle2\">M16x120<\/span><\/td>\n<\/tr>\n<tr>\n<td width=\"89\"><span class=\"fontstyle2\">DN100 <\/span><\/td>\n<td width=\"120\"><span class=\"fontstyle2\">340 x 1, 1 1\/4 <\/span><\/td>\n<td width=\"90\"><span class=\"fontstyle2\">110-133 <\/span><\/td>\n<td width=\"116\"><span class=\"fontstyle2\">M12x130 <\/span><\/td>\n<td width=\"89\"><span class=\"fontstyle2\">DN300 <\/span><\/td>\n<td width=\"121\"><span class=\"fontstyle2\">350 x 1 1\/2, 2 <\/span><\/td>\n<td width=\"89\"><span class=\"fontstyle2\">338-365 <\/span><\/td>\n<td width=\"115\"><span class=\"fontstyle2\">M16x120<\/span><\/td>\n<\/tr>\n<tr>\n<td width=\"89\"><span class=\"fontstyle2\">DN125 <\/span><\/td>\n<td width=\"120\"><span class=\"fontstyle2\">340 x 1, 1 1\/4 <\/span><\/td>\n<td width=\"90\"><span class=\"fontstyle2\">130-155 <\/span><\/td>\n<td width=\"116\"><span class=\"fontstyle2\">M12x130 <\/span><\/td>\n<td width=\"89\"><span class=\"fontstyle2\">DN350 <\/span><\/td>\n<td width=\"121\"><span class=\"fontstyle2\">350 x 1 1\/2, 2 <\/span><\/td>\n<td width=\"89\"><span class=\"fontstyle2\">344-372 <\/span><\/td>\n<td width=\"115\"><span class=\"fontstyle2\">M16x120<\/span><\/td>\n<\/tr>\n<tr>\n<td width=\"89\"><span class=\"fontstyle2\">DN150 <\/span><\/td>\n<td width=\"120\"><span class=\"fontstyle2\">350 x 1 1\/2, 2 <\/span><\/td>\n<td width=\"90\"><span class=\"fontstyle2\">158-177 <\/span><\/td>\n<td width=\"116\"><span class=\"fontstyle2\">M12x130 <\/span><\/td>\n<td width=\"89\"><span class=\"fontstyle2\">DN350 <\/span><\/td>\n<td width=\"121\"><span class=\"fontstyle2\">350 x 1 1\/2, 2 <\/span><\/td>\n<td width=\"89\"><span class=\"fontstyle2\">368-384 <\/span><\/td>\n<td width=\"115\"><span class=\"fontstyle2\">M16x120<\/span><\/td>\n<\/tr>\n<tr>\n<td width=\"89\"><span class=\"fontstyle2\">DN150 <\/span><\/td>\n<td width=\"120\"><span class=\"fontstyle2\">350 x 1 1\/2, 2 <\/span><\/td>\n<td width=\"90\"><span class=\"fontstyle2\">158-190 <\/span><\/td>\n<td width=\"116\"><span class=\"fontstyle2\">M12x130 <\/span><\/td>\n<td width=\"89\"><span class=\"fontstyle2\">DN400 <\/span><\/td>\n<td width=\"121\"><span class=\"fontstyle2\">350 x 1 1\/2, 2 <\/span><\/td>\n<td width=\"89\"><span class=\"fontstyle2\">394-420 <\/span><\/td>\n<td width=\"115\"><span class=\"fontstyle2\">M16x120<\/span><\/td>\n<\/tr>\n<tr>\n<td width=\"89\"><span class=\"fontstyle2\">DN150 <\/span><\/td>\n<td width=\"120\"><span class=\"fontstyle2\">350 x 1 1\/2, 2 <\/span><\/td>\n<td width=\"90\"><span class=\"fontstyle2\">161-186 <\/span><\/td>\n<td width=\"116\"><span class=\"fontstyle2\">M16x120 <\/span><\/td>\n<td width=\"89\"><span class=\"fontstyle2\">DN400 <\/span><\/td>\n<td width=\"121\"><span class=\"fontstyle2\">350 x 1 1\/2, 2 <\/span><\/td>\n<td width=\"89\"><span class=\"fontstyle2\">404-430 <\/span><\/td>\n<td width=\"115\"><span class=\"fontstyle2\">M16x120<\/span><\/td>\n<\/tr>\n<tr>\n<td width=\"89\"><span class=\"fontstyle2\">DN175 <\/span><\/td>\n<td width=\"120\"><span class=\"fontstyle2\">350 x 1 1\/2, 2 <\/span><\/td>\n<td width=\"90\"><span class=\"fontstyle2\">185-210 <\/span><\/td>\n<td width=\"116\"><span class=\"fontstyle2\">M16x120 <\/span><\/td>\n<td width=\"89\"><span class=\"fontstyle2\">DN400 <\/span><\/td>\n<td width=\"121\"><span class=\"fontstyle2\">350 x 1 1\/2, 2 <\/span><\/td>\n<td width=\"89\"><span class=\"fontstyle2\">418-443 <\/span><\/td>\n<td width=\"115\"><span class=\"fontstyle2\">M16x120<\/span><\/td>\n<\/tr>\n<tr>\n<td width=\"89\"><span class=\"fontstyle2\">DN200 <\/span><\/td>\n<td width=\"120\"><span class=\"fontstyle2\">350 x 1 1\/2, 2 <\/span><\/td>\n<td width=\"90\"><span class=\"fontstyle2\">190-230 <\/span><\/td>\n<td width=\"116\"><span class=\"fontstyle2\">M16x120 <\/span><\/td>\n<td width=\"89\"><span class=\"fontstyle2\">DN450 <\/span><\/td>\n<td width=\"121\"><span class=\"fontstyle2\">350 x 1 1\/2, 2 <\/span><\/td>\n<td width=\"89\"><span class=\"fontstyle2\">474-493 <\/span><\/td>\n<td width=\"115\"><span class=\"fontstyle2\">M16x120<\/span><\/td>\n<\/tr>\n<\/tbody>\n<\/table>\n<p>&nbsp;<\/p>","protected":false},"excerpt":{"rendered":"<p>Las abrazaderas de montura son dispositivos de sujeci\u00f3n vers\u00e1tiles que se utilizan para asegurar tuber\u00edas o tubos. Estas abrazaderas brindan estabilidad, soporte y un punto de fijaci\u00f3n seguro para tuber\u00edas, silenciadores y otros componentes. Ya sea en aplicaciones industriales o sistemas de escape, las abrazaderas de sill\u00edn desempe\u00f1an un papel crucial en el mantenimiento de la integridad estructural.<\/p>","protected":false},"featured_media":2807,"template":"","meta":[],"product_brand":[],"product_cat":[37,172],"product_tag":[245],"class_list":{"0":"post-2804","1":"product","2":"type-product","3":"status-publish","4":"has-post-thumbnail","6":"product_cat-pipe-joints","7":"product_cat-saddle-clamp","8":"product_tag-saddle-clamp","10":"first","11":"instock","12":"shipping-taxable","13":"product-type-simple"},"aioseo_notices":[],"_links":{"self":[{"href":"https:\/\/www.okval.com\/es\/wp-json\/wp\/v2\/product\/2804","targetHints":{"allow":["GET"]}}],"collection":[{"href":"https:\/\/www.okval.com\/es\/wp-json\/wp\/v2\/product"}],"about":[{"href":"https:\/\/www.okval.com\/es\/wp-json\/wp\/v2\/types\/product"}],"wp:featuredmedia":[{"embeddable":true,"href":"https:\/\/www.okval.com\/es\/wp-json\/wp\/v2\/media\/2807"}],"wp:attachment":[{"href":"https:\/\/www.okval.com\/es\/wp-json\/wp\/v2\/media?parent=2804"}],"wp:term":[{"taxonomy":"product_brand","embeddable":true,"href":"https:\/\/www.okval.com\/es\/wp-json\/wp\/v2\/product_brand?post=2804"},{"taxonomy":"product_cat","embeddable":true,"href":"https:\/\/www.okval.com\/es\/wp-json\/wp\/v2\/product_cat?post=2804"},{"taxonomy":"product_tag","embeddable":true,"href":"https:\/\/www.okval.com\/es\/wp-json\/wp\/v2\/product_tag?post=2804"}],"curies":[{"name":"wp","href":"https:\/\/api.w.org\/{rel}","templated":true}]}}