{"id":2779,"date":"2024-04-09T13:30:59","date_gmt":"2024-04-09T05:30:59","guid":{"rendered":"https:\/\/www.okval.com\/?post_type=product&#038;p=2779"},"modified":"2024-04-09T13:36:08","modified_gmt":"2024-04-09T05:36:08","slug":"junta-gibault-para-tuberia-de-ca","status":"publish","type":"product","link":"https:\/\/www.okval.com\/es\/junta-gibault-para-tuberia-de-ca-html","title":{"rendered":"Junta Gibault para tuber\u00eda de CA"},"content":{"rendered":"<p><strong>Caracter\u00edsticas:<\/strong><\/p>\n<ul>\n<li>Hierro fundido resistente, reparaci\u00f3n de tuber\u00edas de estilo antiguo.<\/li>\n<li>Recubrimiento bituminoso para evitar el \u00f3xido y la corrosi\u00f3n.<\/li>\n<li>Se suministra con tuercas y tornillos galvanizados.<\/li>\n<li>Gomas de repuesto disponibles para todas las tallas, consultar<\/li>\n<li>DN80-DN300<\/li>\n<\/ul>\n<p><meta name=\"keywords\" content=\"gibault\uff0cGibault joints \uff0cConnection Joints\uff0ccampana gibault\uff0cUnion Gibault copia\uff0cDismantling Joints,Ductile Iron Grooved Fittings,Fundici\u00f3n,brida,PVC Ductile Iron Pipe Fitting,Flexible Coupling,Flanged Adaptor,Dismantling Joint,GIBAULT JOINT,ISO 2531, EN 545\uff0cen598,rubber gaskets,BS 4772,AINSI \/AWWA C151,AWWA C104,pipe fittings,Gibault Joints,Union gibault,Uni\u00f3n Gibault ,mec\u00e1nica universal,Junta gibault,\u0e22\u0e35\u0e42\u0e1a\u0e25\u0e17\u0e4c,Pipe Repair Coupling,Joints gibault Adduction eau potable,Gibault joints for PVC pipe,Gibault joints for AC pipe,Gasket epdm O ring, A gasket,Gibault joints and couplings,EN545,ISO2531,Pipe joints\"><\/p>","protected":false},"excerpt":{"rendered":"<p>Esta junta Gibault est\u00e1 dise\u00f1ada espec\u00edficamente para el extremo plano de tuber\u00eda de CA. Para otras tuber\u00edas, normalmente las llamamos acoplamiento que se utiliza para conectar los extremos lisos de la tuber\u00eda. En comparaci\u00f3n con el acoplamiento universal, la junta gibault est\u00e1 dise\u00f1ada espec\u00edficamente para el di\u00e1metro exterior de una tuber\u00eda, por lo que su dimensi\u00f3n se ajusta con precisi\u00f3n al di\u00e1metro exterior de la tuber\u00eda. haciendo que el ajuste sea muy r\u00e1pido y f\u00e1cil. El rendimiento del sellado es muy bueno. La junta gibault puede soportar presiones m\u00e1s altas que una <a href=\"https:\/\/pipefittingandvalve.com\/flexible-pipe-coupling\/\" target=\"_blank\" rel=\"noopener\">Acoplamiento de amplio rango<\/a>\u00a0del mismo tama\u00f1o.<\/p>","protected":false},"featured_media":2780,"template":"","meta":[],"product_brand":[],"product_cat":[37,173],"product_tag":[244],"class_list":{"0":"post-2779","1":"product","2":"type-product","3":"status-publish","4":"has-post-thumbnail","6":"product_cat-pipe-joints","7":"product_cat-gibault-joints","8":"product_tag-gibault-joints","10":"first","11":"instock","12":"shipping-taxable","13":"product-type-simple"},"aioseo_notices":[],"_links":{"self":[{"href":"https:\/\/www.okval.com\/es\/wp-json\/wp\/v2\/product\/2779","targetHints":{"allow":["GET"]}}],"collection":[{"href":"https:\/\/www.okval.com\/es\/wp-json\/wp\/v2\/product"}],"about":[{"href":"https:\/\/www.okval.com\/es\/wp-json\/wp\/v2\/types\/product"}],"wp:featuredmedia":[{"embeddable":true,"href":"https:\/\/www.okval.com\/es\/wp-json\/wp\/v2\/media\/2780"}],"wp:attachment":[{"href":"https:\/\/www.okval.com\/es\/wp-json\/wp\/v2\/media?parent=2779"}],"wp:term":[{"taxonomy":"product_brand","embeddable":true,"href":"https:\/\/www.okval.com\/es\/wp-json\/wp\/v2\/product_brand?post=2779"},{"taxonomy":"product_cat","embeddable":true,"href":"https:\/\/www.okval.com\/es\/wp-json\/wp\/v2\/product_cat?post=2779"},{"taxonomy":"product_tag","embeddable":true,"href":"https:\/\/www.okval.com\/es\/wp-json\/wp\/v2\/product_tag?post=2779"}],"curies":[{"name":"wp","href":"https:\/\/api.w.org\/{rel}","templated":true}]}}