{"id":2770,"date":"2024-04-09T12:37:00","date_gmt":"2024-04-09T04:37:00","guid":{"rendered":"https:\/\/www.okval.com\/?post_type=product&#038;p=2770"},"modified":"2024-04-09T13:38:00","modified_gmt":"2024-04-09T05:38:00","slug":"junta-gibault-con-junta-plana","status":"publish","type":"product","link":"https:\/\/www.okval.com\/es\/junta-gibault-con-junta-plana-html","title":{"rendered":"Junta Gibault para tuber\u00eda de PVC con junta tipo plana"},"content":{"rendered":"<p><meta name=\"keywords\" content=\"gibault\uff0cGibault joints \uff0cConnection Joints\uff0ccampana gibault\uff0cUnion Gibault copia\uff0cDismantling Joints,Ductile Iron Grooved Fittings,Fundici\u00f3n,brida,PVC Ductile Iron Pipe Fitting,Flexible Coupling,Flanged Adaptor,Dismantling Joint,GIBAULT JOINT,ISO 2531, EN 545\uff0cen598,rubber gaskets,BS 4772,AINSI \/AWWA C151,AWWA C104,pipe fittings,Gibault Joints,Union gibault,Uni\u00f3n Gibault ,mec\u00e1nica universal,Junta gibault,\u0e22\u0e35\u0e42\u0e1a\u0e25\u0e17\u0e4c,Pipe Repair Coupling,Joints gibault Adduction eau potable,Gibault joints for PVC pipe,Gibault joints for AC pipe,Gasket epdm O ring, A gasket,Gibault joints and couplings,EN545,ISO2531,Pipe joints\"><\/p>\n<p>Caracter\u00edsticas<\/p>\n<p style=\"padding-left: 40px;\">\u2022 Hierro fundido gris con pintura negra<br \/>\n\u2022 Presi\u00f3n de trabajo PN16<br \/>\n\u2022 Equipado con pernos y tuercas de acero galvanizado.<br \/>\n\u2022 Sellos de caucho EPDM o NBR de tipo plano<br \/>\n\u2022 Tama\u00f1o: DN50-500<\/p>\n<p>Dimensiones (mm)<\/p>\n<table style=\"height: 453px;\" width=\"474\">\n<tbody>\n<tr>\n<td colspan=\"7\" width=\"131\">DN<\/td>\n<td colspan=\"6\" width=\"175\">Longitud del perno<\/td>\n<td colspan=\"5\" width=\"147\">l<\/td>\n<td colspan=\"11\" width=\"160\">h<\/td>\n<td colspan=\"12\" width=\"169\">Nuevo M\u00e9jico<\/td>\n<\/tr>\n<tr>\n<td colspan=\"7\" width=\"131\">50<\/td>\n<td colspan=\"6\" width=\"175\">120<\/td>\n<td colspan=\"5\" width=\"147\">96<\/td>\n<td colspan=\"11\" width=\"160\">70<\/td>\n<td colspan=\"12\" width=\"169\">2xM10<\/td>\n<\/tr>\n<tr>\n<td colspan=\"7\" width=\"131\">63<\/td>\n<td colspan=\"6\" width=\"175\">180<\/td>\n<td colspan=\"5\" width=\"147\">139<\/td>\n<td colspan=\"11\" width=\"160\">100<\/td>\n<td colspan=\"12\" width=\"169\">2xM10<\/td>\n<\/tr>\n<tr>\n<td colspan=\"7\" width=\"131\">75<\/td>\n<td colspan=\"6\" width=\"175\">180<\/td>\n<td colspan=\"5\" width=\"147\">135<\/td>\n<td colspan=\"11\" width=\"160\">100<\/td>\n<td colspan=\"12\" width=\"169\">2xM10<\/td>\n<\/tr>\n<tr>\n<td colspan=\"7\" width=\"131\">90<\/td>\n<td colspan=\"6\" width=\"175\">180<\/td>\n<td colspan=\"5\" width=\"147\">140<\/td>\n<td colspan=\"11\" width=\"160\">110<\/td>\n<td colspan=\"12\" width=\"169\">2xM10<\/td>\n<\/tr>\n<tr>\n<td colspan=\"7\" width=\"131\">110<\/td>\n<td colspan=\"6\" width=\"175\">180<\/td>\n<td colspan=\"5\" width=\"147\">150<\/td>\n<td colspan=\"11\" width=\"160\">120<\/td>\n<td colspan=\"12\" width=\"169\">3xM10<\/td>\n<\/tr>\n<tr>\n<td colspan=\"7\" width=\"131\">125<\/td>\n<td colspan=\"6\" width=\"175\">200<\/td>\n<td colspan=\"5\" width=\"147\">147<\/td>\n<td colspan=\"11\" width=\"160\">\n<table>\n<tbody>\n<tr>\n<td colspan=\"11\" width=\"160\">120<\/td>\n<\/tr>\n<\/tbody>\n<\/table>\n<\/td>\n<td colspan=\"12\" width=\"169\">3xM12<\/td>\n<\/tr>\n<tr>\n<td colspan=\"7\" width=\"131\">140<\/td>\n<td colspan=\"6\" width=\"175\">200<\/td>\n<td colspan=\"5\" width=\"147\">157<\/td>\n<td colspan=\"11\" width=\"160\">120<\/td>\n<td colspan=\"12\" width=\"169\">3xM12<\/td>\n<\/tr>\n<tr>\n<td colspan=\"7\" width=\"131\">160<\/td>\n<td colspan=\"6\" width=\"175\">220<\/td>\n<td colspan=\"5\" width=\"147\">176<\/td>\n<td colspan=\"11\" width=\"160\">140<\/td>\n<td colspan=\"12\" width=\"169\">3xM12<\/td>\n<\/tr>\n<tr>\n<td colspan=\"7\" width=\"131\">180<\/td>\n<td colspan=\"6\" width=\"175\">220<\/td>\n<td colspan=\"5\" width=\"147\">176<\/td>\n<td colspan=\"11\" width=\"160\">140<\/td>\n<td colspan=\"12\" width=\"169\">3xM12<\/td>\n<\/tr>\n<tr>\n<td colspan=\"7\" width=\"131\">200<\/td>\n<td colspan=\"6\" width=\"175\">220<\/td>\n<td colspan=\"5\" width=\"147\">176<\/td>\n<td colspan=\"11\" width=\"160\">140<\/td>\n<td colspan=\"12\" width=\"169\">3xM12<\/td>\n<\/tr>\n<tr>\n<td colspan=\"7\" width=\"131\">250<\/td>\n<td colspan=\"6\" width=\"175\">250<\/td>\n<td colspan=\"5\" width=\"147\">204<\/td>\n<td colspan=\"11\" width=\"160\">160<\/td>\n<td colspan=\"12\" width=\"169\">4xM14<\/td>\n<\/tr>\n<tr>\n<td colspan=\"7\" width=\"131\">315<\/td>\n<td colspan=\"6\" width=\"175\">250<\/td>\n<td colspan=\"5\" width=\"147\">204<\/td>\n<td colspan=\"11\" width=\"160\">160<\/td>\n<td colspan=\"12\" width=\"169\">4xM14<\/td>\n<\/tr>\n<tr>\n<td colspan=\"7\" width=\"131\">400<\/td>\n<td colspan=\"6\" width=\"175\">250<\/td>\n<td colspan=\"5\" width=\"147\">208<\/td>\n<td colspan=\"11\" width=\"160\">160<\/td>\n<td colspan=\"12\" width=\"169\">6xM14<\/td>\n<\/tr>\n<tr>\n<td colspan=\"7\" width=\"131\">500<\/td>\n<td colspan=\"6\" width=\"175\">250<\/td>\n<td colspan=\"5\" width=\"147\">201<\/td>\n<td colspan=\"11\" width=\"160\">160<\/td>\n<td colspan=\"12\" width=\"169\">6xM14<\/td>\n<\/tr>\n<\/tbody>\n<\/table>\n<p>&nbsp;<\/p>","protected":false},"excerpt":{"rendered":"<p>La junta Gibault est\u00e1 dise\u00f1ada espec\u00edficamente para el extremo plano de tuber\u00eda de PVC. Para otras tuber\u00edas, normalmente las llamamos acoplamiento que se utiliza para conectar los extremos lisos de la tuber\u00eda. En comparaci\u00f3n con el acoplamiento universal, la junta gibault est\u00e1 dise\u00f1ada espec\u00edficamente para el di\u00e1metro exterior de una tuber\u00eda, por lo que su dimensi\u00f3n se ajusta con precisi\u00f3n al di\u00e1metro exterior de la tuber\u00eda. haciendo que el ajuste sea muy r\u00e1pido y f\u00e1cil. El rendimiento del sellado es muy bueno. La junta gibault puede soportar presiones m\u00e1s altas que una <a href=\"https:\/\/pipefittingandvalve.com\/flexible-pipe-coupling\/\" target=\"_blank\" rel=\"noopener\">Acoplamiento de amplio rango<\/a> del mismo tama\u00f1o.<\/p>","protected":false},"featured_media":2771,"template":"","meta":[],"product_brand":[],"product_cat":[37,173],"product_tag":[244],"class_list":{"0":"post-2770","1":"product","2":"type-product","3":"status-publish","4":"has-post-thumbnail","6":"product_cat-pipe-joints","7":"product_cat-gibault-joints","8":"product_tag-gibault-joints","10":"first","11":"instock","12":"shipping-taxable","13":"product-type-simple"},"aioseo_notices":[],"_links":{"self":[{"href":"https:\/\/www.okval.com\/es\/wp-json\/wp\/v2\/product\/2770","targetHints":{"allow":["GET"]}}],"collection":[{"href":"https:\/\/www.okval.com\/es\/wp-json\/wp\/v2\/product"}],"about":[{"href":"https:\/\/www.okval.com\/es\/wp-json\/wp\/v2\/types\/product"}],"wp:featuredmedia":[{"embeddable":true,"href":"https:\/\/www.okval.com\/es\/wp-json\/wp\/v2\/media\/2771"}],"wp:attachment":[{"href":"https:\/\/www.okval.com\/es\/wp-json\/wp\/v2\/media?parent=2770"}],"wp:term":[{"taxonomy":"product_brand","embeddable":true,"href":"https:\/\/www.okval.com\/es\/wp-json\/wp\/v2\/product_brand?post=2770"},{"taxonomy":"product_cat","embeddable":true,"href":"https:\/\/www.okval.com\/es\/wp-json\/wp\/v2\/product_cat?post=2770"},{"taxonomy":"product_tag","embeddable":true,"href":"https:\/\/www.okval.com\/es\/wp-json\/wp\/v2\/product_tag?post=2770"}],"curies":[{"name":"wp","href":"https:\/\/api.w.org\/{rel}","templated":true}]}}