{"id":2595,"date":"2024-03-28T21:52:37","date_gmt":"2024-03-28T13:52:37","guid":{"rendered":"https:\/\/www.okval.com\/?post_type=product&#038;p=2595"},"modified":"2024-04-03T14:45:43","modified_gmt":"2024-04-03T06:45:43","slug":"tapa-de-alcantarilla","status":"publish","type":"product","link":"https:\/\/www.okval.com\/es\/tapa-de-alcantarilla-html","title":{"rendered":"Tapa de alcantarilla"},"content":{"rendered":"<p>DESCRIPCI\u00d3N<br \/>\nDispositivo circular fabricado en acero d\u00factil.<br \/>\nCumple con la clase D.400 de la norma UNI AT 124.<br \/>\nFuerza de prueba 400 KN. Aro de placa plana de acero de 5 mm de espesor. Refuerzo de barras redondas de acero de 012 mm.<\/p>\n<p>\u00c1REA DE INSTALACI\u00d3N<br \/>\nSe recomienda la instalaci\u00f3n de NCH2080 en aceras de aparcamientos y v\u00edas de acceso con tr\u00e1fico en la ciudad. Adem\u00e1s, zonas peatonales y zonas similares.<\/p>\n<p>REVESTIMIENTO<br \/>\nEl revestimiento anticorrosi\u00f3n.<\/p>","protected":false},"excerpt":{"rendered":"<p>La tapa de registro o la tapa del orificio de mantenimiento es una placa removible que forma la tapa sobre la abertura de un pozo de registro, una abertura lo suficientemente grande para que pase una persona y que se utiliza como punto de acceso a una b\u00f3veda o tuber\u00eda subterr\u00e1nea. Est\u00e1 dise\u00f1ado para evitar que cualquier persona o cosa caiga dentro y para mantener fuera a personas y materiales no autorizados.<\/p>","protected":false},"featured_media":2642,"template":"","meta":[],"product_brand":[],"product_cat":[161],"product_tag":[230],"class_list":{"0":"post-2595","1":"product","2":"type-product","3":"status-publish","4":"has-post-thumbnail","6":"product_cat-manhole-cover","7":"product_tag-manhole-cover","9":"first","10":"instock","11":"featured","12":"shipping-taxable","13":"product-type-simple"},"aioseo_notices":[],"_links":{"self":[{"href":"https:\/\/www.okval.com\/es\/wp-json\/wp\/v2\/product\/2595","targetHints":{"allow":["GET"]}}],"collection":[{"href":"https:\/\/www.okval.com\/es\/wp-json\/wp\/v2\/product"}],"about":[{"href":"https:\/\/www.okval.com\/es\/wp-json\/wp\/v2\/types\/product"}],"wp:featuredmedia":[{"embeddable":true,"href":"https:\/\/www.okval.com\/es\/wp-json\/wp\/v2\/media\/2642"}],"wp:attachment":[{"href":"https:\/\/www.okval.com\/es\/wp-json\/wp\/v2\/media?parent=2595"}],"wp:term":[{"taxonomy":"product_brand","embeddable":true,"href":"https:\/\/www.okval.com\/es\/wp-json\/wp\/v2\/product_brand?post=2595"},{"taxonomy":"product_cat","embeddable":true,"href":"https:\/\/www.okval.com\/es\/wp-json\/wp\/v2\/product_cat?post=2595"},{"taxonomy":"product_tag","embeddable":true,"href":"https:\/\/www.okval.com\/es\/wp-json\/wp\/v2\/product_tag?post=2595"}],"curies":[{"name":"wp","href":"https:\/\/api.w.org\/{rel}","templated":true}]}}