{"id":2591,"date":"2024-03-28T21:29:49","date_gmt":"2024-03-28T13:29:49","guid":{"rendered":"https:\/\/www.okval.com\/?post_type=product&#038;p=2591"},"modified":"2024-06-19T14:37:33","modified_gmt":"2024-06-19T06:37:33","slug":"valvula-de-retencion-de-pie","status":"publish","type":"product","link":"https:\/\/www.okval.com\/es\/valvula-de-pie-html","title":{"rendered":"V\u00e1lvula de pie"},"content":{"rendered":"<p>&nbsp;<\/p>\n<p>V\u00e1lvula de pie OKVAL<br \/>\nV\u00e1lvula de retenci\u00f3n de pie<br \/>\nAccesorios para bombas<br \/>\nClasificaci\u00f3n de presi\u00f3n: PN16 \/ PN10<br \/>\nMedio de trabajo: agua<br \/>\nTemperatura de trabajo: -20\u02daC\u202680\u02daC para EPDM<br \/>\nPantalla de acero inoxidable<br \/>\nBridado seg\u00fan BS 4504 \/ BS EN1092<\/p>\n<p>V\u00e1lvula de retenci\u00f3n pie<br \/>\n#Bombas<br \/>\nDisco en hierro d\u00factil GJS 500-7.<br \/>\nCollar\u00edn en lat\u00f3n forjado BS2874 CA104.<br \/>\nEje en acero inoxidable BS970.<br \/>\nSello en EPDM EN 681-1.<br \/>\nFiltro en acero inoxidable SS431.<\/p>\n<p>CLAPET DE PIED CREPINE<\/p>\n<p>Conector de novia PN10 perforado, para conector de conducto<br \/>\nGran di\u00e1metro de la perforaci\u00f3n del filtro.<br \/>\nFalla resistencia de admisi\u00f3n gracias a una configuraci\u00f3n que favorece el encuentro<br \/>\nFuente moul\u00e9e\/caoutchouc \u00e0 joint sopale<br \/>\nNovias selon EN 1092-2<br \/>\nCuerpo de fuente EN GJL-250 rev\u00eatu \u00e9poxy (Sauf DN 500 : EN-GJS-400).<br \/>\nResorte en acero inoxidable.<br \/>\nCrepina en acero galvanizado.<img decoding=\"async\" class=\"alignnone size-full wp-image-2880\" src=\"https:\/\/www.okval.com\/wp-content\/uploads\/2024\/03\/FOOT-VALVE-S1-1.jpg\" alt=\"V\u00e1lvula de pie OKVAL V\u00e1lvula de retenci\u00f3n de pie Accesorios de bomba Presi\u00f3n nominal: PN16 \/ PN10 Medio de trabajo: Agua Temperatura de trabajo: -20\u02daC...80\u02daC para malla de acero inoxidable EPDM con bridas seg\u00fan BS 4504 \/ BS EN1092 V\u00e1lvula de retenci\u00f3n pie #Bombas Disco es hierro d\u00factil GJS 500-7. Collar\u00edn en lat\u00f3n forjado BS2874 CA104. Eje en acero inoxidable BS970. Sello en EPDM EN 681-1. Filtro en acero inoxidable SS431. CLAPET DE PIED CR\u00c9PINE Cord\u00f3n de novia PN10 perforado, para cord\u00f3n de conducto Gran di\u00e1metro de la perforaci\u00f3n del filtro Faible r\u00e9sistance d&#039;admision gracias a una configuraci\u00f3n favorisant l&#039;\u00e9coulement Fonte moul\u00e9e\/caoutchouc \u00e0 joint sopale Brides selon EN 1092-2 Corps fonte EN GJL -250 rev\u00eatu \u00e9poxy (Sauf DN 500: EN-GJS-400). Resorte en acero inoxidable. Crepina en acero galvanizado.\" \/><\/p>\n<p>&nbsp;<\/p>","protected":false},"excerpt":{"rendered":"<p>Las v\u00e1lvulas de pie se utilizan al final de una l\u00ednea de succi\u00f3n desde una fuente de agua externa para mantener la bomba cebada en todo momento con la v\u00e1lvula antirretorno incorporada y para evitar que lodos, desechos, hojas o biomateria no deseados entren en la bomba a trav\u00e9s de la l\u00ednea, usando un colador o filtro.<\/p>","protected":false},"featured_media":2879,"template":"","meta":[],"product_brand":[],"product_cat":[159,187],"product_tag":[269],"class_list":{"0":"post-2591","1":"product","2":"type-product","3":"status-publish","4":"has-post-thumbnail","6":"product_cat-valves","7":"product_cat-foot-valve","8":"product_tag-foot-valvefoot-check-valvepump-accessoriesvalvula-de-retencion-pie","10":"first","11":"instock","12":"shipping-taxable","13":"product-type-simple"},"aioseo_notices":[],"_links":{"self":[{"href":"https:\/\/www.okval.com\/es\/wp-json\/wp\/v2\/product\/2591","targetHints":{"allow":["GET"]}}],"collection":[{"href":"https:\/\/www.okval.com\/es\/wp-json\/wp\/v2\/product"}],"about":[{"href":"https:\/\/www.okval.com\/es\/wp-json\/wp\/v2\/types\/product"}],"wp:featuredmedia":[{"embeddable":true,"href":"https:\/\/www.okval.com\/es\/wp-json\/wp\/v2\/media\/2879"}],"wp:attachment":[{"href":"https:\/\/www.okval.com\/es\/wp-json\/wp\/v2\/media?parent=2591"}],"wp:term":[{"taxonomy":"product_brand","embeddable":true,"href":"https:\/\/www.okval.com\/es\/wp-json\/wp\/v2\/product_brand?post=2591"},{"taxonomy":"product_cat","embeddable":true,"href":"https:\/\/www.okval.com\/es\/wp-json\/wp\/v2\/product_cat?post=2591"},{"taxonomy":"product_tag","embeddable":true,"href":"https:\/\/www.okval.com\/es\/wp-json\/wp\/v2\/product_tag?post=2591"}],"curies":[{"name":"wp","href":"https:\/\/api.w.org\/{rel}","templated":true}]}}