{"id":2588,"date":"2024-03-28T21:05:16","date_gmt":"2024-03-28T13:05:16","guid":{"rendered":"https:\/\/www.okval.com\/?post_type=product&#038;p=2588"},"modified":"2024-03-31T15:42:19","modified_gmt":"2024-03-31T07:42:19","slug":"valvula-de-control","status":"publish","type":"product","link":"https:\/\/www.okval.com\/es\/valvula-de-control-html","title":{"rendered":"V\u00e1lvula de control"},"content":{"rendered":"<p>Dise\u00f1o: DN1074, ANSI<\/p>\n<p>Conexi\u00f3n: Extremo embridado<\/p>\n<p>Presi\u00f3n: PN10, PN16, PN25, 125LB, 150LB<\/p>\n<p>Tama\u00f1o: DN40 \u2013 DN600 (1-1\/2\u201d-24\u201d)<\/p>","protected":false},"excerpt":{"rendered":"<p>Las v\u00e1lvulas de control son dispositivos de control que se utilizan para gestionar y controlar el flujo, la presi\u00f3n, la temperatura o el nivel del l\u00edquido variando el tama\u00f1o del paso del flujo. En sistemas de proceso de pozos de producci\u00f3n, plantas de petr\u00f3leo y gas, industrias qu\u00edmicas y petroqu\u00edmicas, refiner\u00edas y plantas de energ\u00eda, las v\u00e1lvulas de control se utilizan con frecuencia para controlar o gestionar cualquiera de los par\u00e1metros del proceso.<\/p>","protected":false},"featured_media":2558,"template":"","meta":[],"product_brand":[],"product_cat":[159,208],"product_tag":[223],"class_list":{"0":"post-2588","1":"product","2":"type-product","3":"status-publish","4":"has-post-thumbnail","6":"product_cat-valves","7":"product_cat-control-valve","8":"product_tag-control-valve","10":"first","11":"instock","12":"shipping-taxable","13":"product-type-simple"},"aioseo_notices":[],"_links":{"self":[{"href":"https:\/\/www.okval.com\/es\/wp-json\/wp\/v2\/product\/2588","targetHints":{"allow":["GET"]}}],"collection":[{"href":"https:\/\/www.okval.com\/es\/wp-json\/wp\/v2\/product"}],"about":[{"href":"https:\/\/www.okval.com\/es\/wp-json\/wp\/v2\/types\/product"}],"wp:featuredmedia":[{"embeddable":true,"href":"https:\/\/www.okval.com\/es\/wp-json\/wp\/v2\/media\/2558"}],"wp:attachment":[{"href":"https:\/\/www.okval.com\/es\/wp-json\/wp\/v2\/media?parent=2588"}],"wp:term":[{"taxonomy":"product_brand","embeddable":true,"href":"https:\/\/www.okval.com\/es\/wp-json\/wp\/v2\/product_brand?post=2588"},{"taxonomy":"product_cat","embeddable":true,"href":"https:\/\/www.okval.com\/es\/wp-json\/wp\/v2\/product_cat?post=2588"},{"taxonomy":"product_tag","embeddable":true,"href":"https:\/\/www.okval.com\/es\/wp-json\/wp\/v2\/product_tag?post=2588"}],"curies":[{"name":"wp","href":"https:\/\/api.w.org\/{rel}","templated":true}]}}