{"id":2587,"date":"2024-03-28T20:57:03","date_gmt":"2024-03-28T12:57:03","guid":{"rendered":"https:\/\/www.okval.com\/?post_type=product&#038;p=2587"},"modified":"2024-03-31T15:41:33","modified_gmt":"2024-03-31T07:41:33","slug":"valvula-de-charnela","status":"publish","type":"product","link":"https:\/\/www.okval.com\/es\/valvula-de-aleta-html","title":{"rendered":"Valvula de charnela"},"content":{"rendered":"<p>Est\u00e1ndar de brida: EN1092-2, ANSI B16.1<\/p>\n<p>Conexi\u00f3n: extremo embridado<\/p>\n<p>Sello: Caucho\/Metal<\/p>\n<p>Presi\u00f3n: PN10, PN16, 125LB, 150LB<\/p>\n<p>Tama\u00f1o: DN40 \u2013 600 (1-1\/2\u201d-24\u201d)<\/p>","protected":false},"excerpt":{"rendered":"<p>Las v\u00e1lvulas unidireccionales que se colocan en el extremo abierto de una tuber\u00eda o alcantarilla se conocen como v\u00e1lvulas de aleta. Su funci\u00f3n es permitir que el agua corriente abajo salga de la tuber\u00eda a trav\u00e9s de una puerta abatible unidireccional y al mismo tiempo evitar que los niveles crecientes de agua fuera de la tuber\u00eda entren en la tuber\u00eda e inunden el \u00e1rea protegida.<\/p>","protected":false},"featured_media":2550,"template":"","meta":[],"product_brand":[],"product_cat":[159,185],"product_tag":[222],"class_list":{"0":"post-2587","1":"product","2":"type-product","3":"status-publish","4":"has-post-thumbnail","6":"product_cat-valves","7":"product_cat-flap-valve","8":"product_tag-flap-valve","10":"first","11":"instock","12":"shipping-taxable","13":"product-type-simple"},"aioseo_notices":[],"_links":{"self":[{"href":"https:\/\/www.okval.com\/es\/wp-json\/wp\/v2\/product\/2587","targetHints":{"allow":["GET"]}}],"collection":[{"href":"https:\/\/www.okval.com\/es\/wp-json\/wp\/v2\/product"}],"about":[{"href":"https:\/\/www.okval.com\/es\/wp-json\/wp\/v2\/types\/product"}],"wp:featuredmedia":[{"embeddable":true,"href":"https:\/\/www.okval.com\/es\/wp-json\/wp\/v2\/media\/2550"}],"wp:attachment":[{"href":"https:\/\/www.okval.com\/es\/wp-json\/wp\/v2\/media?parent=2587"}],"wp:term":[{"taxonomy":"product_brand","embeddable":true,"href":"https:\/\/www.okval.com\/es\/wp-json\/wp\/v2\/product_brand?post=2587"},{"taxonomy":"product_cat","embeddable":true,"href":"https:\/\/www.okval.com\/es\/wp-json\/wp\/v2\/product_cat?post=2587"},{"taxonomy":"product_tag","embeddable":true,"href":"https:\/\/www.okval.com\/es\/wp-json\/wp\/v2\/product_tag?post=2587"}],"curies":[{"name":"wp","href":"https:\/\/api.w.org\/{rel}","templated":true}]}}