{"id":2576,"date":"2024-03-28T20:09:38","date_gmt":"2024-03-28T12:09:38","guid":{"rendered":"https:\/\/www.okval.com\/?post_type=product&#038;p=2576"},"modified":"2024-03-31T15:43:16","modified_gmt":"2024-03-31T07:43:16","slug":"valvula-de-globo","status":"publish","type":"product","link":"https:\/\/www.okval.com\/es\/valvula-de-globo-html","title":{"rendered":"V\u00e1lvula de globo"},"content":{"rendered":"<p><strong>Par\u00e1metros t\u00e9cnicos<\/strong><\/p>\n<div class=\"table-responsive\">\n<table class=\"table\" border=\"1\" cellspacing=\"1\" cellpadding=\"1\">\n<tbody>\n<tr>\n<td>DIMENSIONES<\/p>\n<div class=\"table-responsive\">\n<table class=\"table\" border=\"1\" cellspacing=\"1\" cellpadding=\"1\">\n<tbody>\n<tr>\n<td class=\"et2\" rowspan=\"2\">DN<\/td>\n<td class=\"et2\">40<\/td>\n<td class=\"et2\">50<\/td>\n<td class=\"et2\">65<\/td>\n<td class=\"et2\">80<\/td>\n<td class=\"et2\">100<\/td>\n<td class=\"et2\">125<\/td>\n<td class=\"et2\">150<\/td>\n<td class=\"et2\">200<\/td>\n<td class=\"et2\">250<\/td>\n<td class=\"et2\">300<\/td>\n<\/tr>\n<tr>\n<td class=\"et2\">1,5\u2033<\/td>\n<td class=\"et2\">2\u2033<\/td>\n<td class=\"et2\">2,5\u2033<\/td>\n<td class=\"et2\">3\u2033<\/td>\n<td class=\"et2\">4\u2033<\/td>\n<td class=\"et2\">5\u2033<\/td>\n<td class=\"et2\">6\u2033<\/td>\n<td class=\"et2\">8\u2033<\/td>\n<td class=\"et2\">10\u2033<\/td>\n<td class=\"et2\">12\u2033<\/td>\n<\/tr>\n<tr>\n<td class=\"et2\">l<\/td>\n<td class=\"et2\">190<\/td>\n<td class=\"et2\">203<\/td>\n<td class=\"et2\">216<\/td>\n<td class=\"et2\">241<\/td>\n<td class=\"et2\">292<\/td>\n<td class=\"et2\">360<\/td>\n<td class=\"et2\">410<\/td>\n<td class=\"et2\">495<\/td>\n<td class=\"et2\">620<\/td>\n<td class=\"et2\">700<\/td>\n<\/tr>\n<tr>\n<td class=\"et2\">h<\/td>\n<td class=\"et2\">260<\/td>\n<td class=\"et2\">277<\/td>\n<td class=\"et2\">307<\/td>\n<td class=\"et2\">353<\/td>\n<td class=\"et2\">404<\/td>\n<td class=\"et2\">454<\/td>\n<td class=\"et2\">533<\/td>\n<td class=\"et2\">642<\/td>\n<td class=\"et2\">665<\/td>\n<td class=\"et2\">755<\/td>\n<\/tr>\n<tr>\n<td class=\"et2\">D(PN10)<\/td>\n<td class=\"et2\">150<\/td>\n<td class=\"et2\">165<\/td>\n<td class=\"et2\">185<\/td>\n<td class=\"et2\">200<\/td>\n<td class=\"et2\">220<\/td>\n<td class=\"et2\">250<\/td>\n<td class=\"et2\">285<\/td>\n<td class=\"et2\">340<\/td>\n<td class=\"et2\">395<\/td>\n<td class=\"et2\">445<\/td>\n<\/tr>\n<tr>\n<td class=\"et2\">D(PN16)<\/td>\n<td class=\"et2\">150<\/td>\n<td class=\"et2\">165<\/td>\n<td class=\"et2\">185<\/td>\n<td class=\"et2\">200<\/td>\n<td class=\"et2\">220<\/td>\n<td class=\"et2\">250<\/td>\n<td class=\"et2\">285<\/td>\n<td class=\"et2\">340<\/td>\n<td class=\"et2\">405<\/td>\n<td class=\"et2\">460<\/td>\n<\/tr>\n<\/tbody>\n<\/table>\n<\/div>\n<\/td>\n<td><img decoding=\"async\" title=\"v\u00e1lvula de globo\" src=\"https:\/\/www.ametekiron.com\/Content\/uploads\/2023677727\/202310201620130288e823d11048e08bae54c8a7c615c9.png?size=350x0\" alt=\"v\u00e1lvula de globo\" width=\"350\" height=\"393\" \/><\/td>\n<\/tr>\n<\/tbody>\n<\/table>\n<p><strong>PRUEBA<\/strong><\/p>\n<div class=\"table-responsive\">\n<table class=\"table\" border=\"1\" cellspacing=\"1\" cellpadding=\"1\">\n<tbody>\n<tr>\n<td>Presi\u00f3n laboral<\/td>\n<td>PN10\/PN16<\/td>\n<\/tr>\n<tr>\n<td>Carcasa de presi\u00f3n de prueba<\/td>\n<td>21,1 kgf\/cm\u00b2 24 kgf\/cm\u00b2<\/td>\n<\/tr>\n<tr>\n<td>Asiento<\/td>\n<td>15,0 kgf\/cm\u00b2 17,6 kgf\/cm\u00b2<\/td>\n<\/tr>\n<\/tbody>\n<\/table>\n<\/div>\n<p>&nbsp;<\/p>\n<p><strong>COMPONENTES<\/strong><\/p>\n<div class=\"table-responsive\">\n<table class=\"table\" border=\"1\" cellspacing=\"1\" cellpadding=\"1\">\n<tbody>\n<tr>\n<td>1<\/td>\n<td>CUERPO<\/td>\n<td>HIERRO FUNDIDO<\/td>\n<\/tr>\n<tr>\n<td>2<\/td>\n<td>CAP\u00d3<\/td>\n<td>HIERRO FUNDIDO<\/td>\n<\/tr>\n<tr>\n<td>3<\/td>\n<td>PROVENIR<\/td>\n<td>ACERO INOXIDABLE<\/td>\n<\/tr>\n<tr>\n<td>4<\/td>\n<td>DESCT<\/td>\n<td>HIERRO FUNDIDO<\/td>\n<\/tr>\n<tr>\n<td>5<\/td>\n<td>ANILLO DE ASIENTO<\/td>\n<td>BRONCE FUNDIDO\/ACERO INOXIDABLE<\/td>\n<\/tr>\n<tr>\n<td>6<\/td>\n<td>GL\u00c1NDULA<\/td>\n<td>HIERRO D\u00daCTIL<\/td>\n<\/tr>\n<tr>\n<td>7<\/td>\n<td>EMBALAJE<\/td>\n<td>NO ASBESTO<\/td>\n<\/tr>\n<tr>\n<td>8<\/td>\n<td>VOLANTE<\/td>\n<td>HIERRO FUNDIDO<\/td>\n<\/tr>\n<\/tbody>\n<\/table>\n<p><strong>Ventajas del producto<\/strong><\/p>\n<p><strong>Compatibilidad ambiental:<\/strong>\u00a0Cumple con la normativa medioambiental y minimiza el impacto en los ecosistemas.<\/p>\n<p><strong>Respuesta r\u00e1pida:<\/strong>\u00a0Facilita ajustes r\u00e1pidos, cr\u00edticos para emergencias o condiciones operativas cambiantes.<\/p>\n<p><strong>Larga vida \u00fatil:<\/strong>\u00a0Garantiza una vida \u00fatil prolongada, reduciendo la frecuencia de reemplazos.<\/p>\n<p><strong>P\u00e9rdida m\u00ednima de energ\u00eda:<\/strong>\u00a0Minimiza el desperdicio de energ\u00eda, contribuyendo al ahorro de costes y a la sostenibilidad.<\/p>\n<p><strong>Dise\u00f1o f\u00e1cil de usar:<\/strong>\u00a0Cuenta con controles intuitivos y etiquetado claro para facilitar la operaci\u00f3n y el mantenimiento.<\/p>\n<\/div>\n<\/div>","protected":false},"excerpt":{"rendered":"<p>Las v\u00e1lvulas de globo se utilizan para regular el flujo de un fluido y para cerrarlo (aunque para las operaciones de cierre siempre se preferir\u00e1n v\u00e1lvulas de bola y v\u00e1lvulas de compuerta). Las v\u00e1lvulas de globo son v\u00e1lvulas bidireccionales, a diferencia de las v\u00e1lvulas de retenci\u00f3n, lo que significa que el fluido puede fluir en cualquier direcci\u00f3n dentro de la v\u00e1lvula.<\/p>\n<p>&nbsp;<\/p>","protected":false},"featured_media":2579,"template":"","meta":[],"product_brand":[],"product_cat":[159,184],"product_tag":[220],"class_list":{"0":"post-2576","1":"product","2":"type-product","3":"status-publish","4":"has-post-thumbnail","6":"product_cat-valves","7":"product_cat-globe-valve","8":"product_tag-globe-valve","10":"first","11":"instock","12":"shipping-taxable","13":"product-type-simple"},"aioseo_notices":[],"_links":{"self":[{"href":"https:\/\/www.okval.com\/es\/wp-json\/wp\/v2\/product\/2576","targetHints":{"allow":["GET"]}}],"collection":[{"href":"https:\/\/www.okval.com\/es\/wp-json\/wp\/v2\/product"}],"about":[{"href":"https:\/\/www.okval.com\/es\/wp-json\/wp\/v2\/types\/product"}],"wp:featuredmedia":[{"embeddable":true,"href":"https:\/\/www.okval.com\/es\/wp-json\/wp\/v2\/media\/2579"}],"wp:attachment":[{"href":"https:\/\/www.okval.com\/es\/wp-json\/wp\/v2\/media?parent=2576"}],"wp:term":[{"taxonomy":"product_brand","embeddable":true,"href":"https:\/\/www.okval.com\/es\/wp-json\/wp\/v2\/product_brand?post=2576"},{"taxonomy":"product_cat","embeddable":true,"href":"https:\/\/www.okval.com\/es\/wp-json\/wp\/v2\/product_cat?post=2576"},{"taxonomy":"product_tag","embeddable":true,"href":"https:\/\/www.okval.com\/es\/wp-json\/wp\/v2\/product_tag?post=2576"}],"curies":[{"name":"wp","href":"https:\/\/api.w.org\/{rel}","templated":true}]}}