{"id":2574,"date":"2024-03-28T17:31:01","date_gmt":"2024-03-28T09:31:01","guid":{"rendered":"https:\/\/www.okval.com\/?post_type=product&#038;p=2574"},"modified":"2024-03-31T15:48:30","modified_gmt":"2024-03-31T07:48:30","slug":"colador-de-cesta","status":"publish","type":"product","link":"https:\/\/www.okval.com\/es\/filtro-de-cesta-html","title":{"rendered":"Filtro en Y"},"content":{"rendered":"<ul>\n<li>Est\u00e1ndar de brida: EN1092-2<\/li>\n<li>Conexi\u00f3n: Extremo embridado<\/li>\n<li>Sello: EPDM\/NBR<\/li>\n<li>Presi\u00f3n: PN10, PN16,<\/li>\n<li>Tama\u00f1o: DN40 \u2013 600 (1-1\/2\u201d \u2013 24\u201d)<\/li>\n<\/ul>","protected":false},"excerpt":{"rendered":"<p>Los filtros tipo Y reciben su nombre por su forma y se utilizan para la filtraci\u00f3n de cursos y se utilizan para proteger los sistemas de manejo de fluidos contra v\u00e1lvulas, bombas, medidores de flujo y otros equipos de plantas de proceso da\u00f1inos debido a part\u00edculas extra\u00f1as como incrustaciones, suciedad y rebabas de soldadura que viajan a trav\u00e9s de el tubo.<\/p>","protected":false},"featured_media":2553,"template":"","meta":[],"product_brand":[],"product_cat":[159,182],"product_tag":[219],"class_list":{"0":"post-2574","1":"product","2":"type-product","3":"status-publish","4":"has-post-thumbnail","6":"product_cat-valves","7":"product_cat-y-strainer","8":"product_tag-y-strainer","10":"first","11":"instock","12":"shipping-taxable","13":"product-type-simple"},"aioseo_notices":[],"_links":{"self":[{"href":"https:\/\/www.okval.com\/es\/wp-json\/wp\/v2\/product\/2574","targetHints":{"allow":["GET"]}}],"collection":[{"href":"https:\/\/www.okval.com\/es\/wp-json\/wp\/v2\/product"}],"about":[{"href":"https:\/\/www.okval.com\/es\/wp-json\/wp\/v2\/types\/product"}],"wp:featuredmedia":[{"embeddable":true,"href":"https:\/\/www.okval.com\/es\/wp-json\/wp\/v2\/media\/2553"}],"wp:attachment":[{"href":"https:\/\/www.okval.com\/es\/wp-json\/wp\/v2\/media?parent=2574"}],"wp:term":[{"taxonomy":"product_brand","embeddable":true,"href":"https:\/\/www.okval.com\/es\/wp-json\/wp\/v2\/product_brand?post=2574"},{"taxonomy":"product_cat","embeddable":true,"href":"https:\/\/www.okval.com\/es\/wp-json\/wp\/v2\/product_cat?post=2574"},{"taxonomy":"product_tag","embeddable":true,"href":"https:\/\/www.okval.com\/es\/wp-json\/wp\/v2\/product_tag?post=2574"}],"curies":[{"name":"wp","href":"https:\/\/api.w.org\/{rel}","templated":true}]}}