{"id":2570,"date":"2024-03-28T17:19:55","date_gmt":"2024-03-28T09:19:55","guid":{"rendered":"https:\/\/www.okval.com\/?post_type=product&#038;p=2570"},"modified":"2024-04-15T09:36:25","modified_gmt":"2024-04-15T01:36:25","slug":"valvula-de-retencion-de-bola-2","status":"publish","type":"product","link":"https:\/\/www.okval.com\/es\/valvula-de-retencion-de-bola-2-html","title":{"rendered":"V\u00e1lvula de retenci\u00f3n de bola"},"content":{"rendered":"<p><strong>V\u00e1lvula de retenci\u00f3n de bola<\/strong><\/p>\n<ul>\n<li>Dise\u00f1o: DIN\/DIN\/ANSI<\/li>\n<li>Conexi\u00f3n: Extremo con brida y tornillo<\/li>\n<li>Sello: EPDM\/NBR<\/li>\n<li>Presi\u00f3n: PN10, PN16, 125LB, 150LB<\/li>\n<li>Tama\u00f1o: DN40 \u2013 600(1-1\/2\u201d \u2013 24\u201d), DN25-80(1\/2\u201d- 3\u201d)<\/li>\n<\/ul>","protected":false},"excerpt":{"rendered":"<p>Ball Check Valve Design: DIN\/DIN\/ANSI Connection: Flanged&amp; screw end Seal: EPDM\/NBR Pressure: PN10, PN16,\u00a0 125LB, 150LB Size: DN40 \u2013 600(1-1\/2\u201d<\/p>","protected":false},"featured_media":2545,"template":"","meta":[],"product_brand":[],"product_cat":[159,181],"product_tag":[216],"class_list":{"0":"post-2570","1":"product","2":"type-product","3":"status-publish","4":"has-post-thumbnail","6":"product_cat-valves","7":"product_cat-check-valve","8":"product_tag-ball-check-valve","10":"first","11":"instock","12":"shipping-taxable","13":"product-type-simple"},"aioseo_notices":[],"_links":{"self":[{"href":"https:\/\/www.okval.com\/es\/wp-json\/wp\/v2\/product\/2570","targetHints":{"allow":["GET"]}}],"collection":[{"href":"https:\/\/www.okval.com\/es\/wp-json\/wp\/v2\/product"}],"about":[{"href":"https:\/\/www.okval.com\/es\/wp-json\/wp\/v2\/types\/product"}],"wp:featuredmedia":[{"embeddable":true,"href":"https:\/\/www.okval.com\/es\/wp-json\/wp\/v2\/media\/2545"}],"wp:attachment":[{"href":"https:\/\/www.okval.com\/es\/wp-json\/wp\/v2\/media?parent=2570"}],"wp:term":[{"taxonomy":"product_brand","embeddable":true,"href":"https:\/\/www.okval.com\/es\/wp-json\/wp\/v2\/product_brand?post=2570"},{"taxonomy":"product_cat","embeddable":true,"href":"https:\/\/www.okval.com\/es\/wp-json\/wp\/v2\/product_cat?post=2570"},{"taxonomy":"product_tag","embeddable":true,"href":"https:\/\/www.okval.com\/es\/wp-json\/wp\/v2\/product_tag?post=2570"}],"curies":[{"name":"wp","href":"https:\/\/api.w.org\/{rel}","templated":true}]}}