{"id":2568,"date":"2024-03-28T17:13:22","date_gmt":"2024-03-28T09:13:22","guid":{"rendered":"https:\/\/www.okval.com\/?post_type=product&#038;p=2568"},"modified":"2024-03-31T15:49:56","modified_gmt":"2024-03-31T07:49:56","slug":"valvula-de-retencion-oscilante","status":"publish","type":"product","link":"https:\/\/www.okval.com\/es\/valvula-de-retencion-oscilante-html","title":{"rendered":"V\u00e1lvula de retenci\u00f3n oscilante"},"content":{"rendered":"<p><strong>V\u00e1lvula de retenci\u00f3n oscilante<\/strong><\/p>\n<ul>\n<li>Dise\u00f1o: BS5153, DIN3202-F6, ANSI<\/li>\n<li>Conexi\u00f3n: Extremo embridado<\/li>\n<li>Sello: Caucho o Metal<\/li>\n<li>Asiento: Hierro d\u00factil o Lat\u00f3n\/Brone<\/li>\n<li>Presi\u00f3n: PN10, PN16, PN25, 125LB, 150LB<\/li>\n<li>Tama\u00f1o: DN40 \u2013 800(1-1\/2\u201d \u2013 32\u201d<\/li>\n<\/ul>","protected":false},"excerpt":{"rendered":"<p>Swing Check Valve Design: BS5153, DIN3202-F6, ANSI Connection: Flanged end Seal: Rubber or Metal Seat: Ductile Iron or Brass\/Brone Pressure:<\/p>","protected":false},"featured_media":2544,"template":"","meta":[],"product_brand":[],"product_cat":[159,181],"product_tag":[214],"class_list":{"0":"post-2568","1":"product","2":"type-product","3":"status-publish","4":"has-post-thumbnail","6":"product_cat-valves","7":"product_cat-check-valve","8":"product_tag-swing-check-valve","10":"first","11":"instock","12":"shipping-taxable","13":"product-type-simple"},"aioseo_notices":[],"_links":{"self":[{"href":"https:\/\/www.okval.com\/es\/wp-json\/wp\/v2\/product\/2568","targetHints":{"allow":["GET"]}}],"collection":[{"href":"https:\/\/www.okval.com\/es\/wp-json\/wp\/v2\/product"}],"about":[{"href":"https:\/\/www.okval.com\/es\/wp-json\/wp\/v2\/types\/product"}],"wp:featuredmedia":[{"embeddable":true,"href":"https:\/\/www.okval.com\/es\/wp-json\/wp\/v2\/media\/2544"}],"wp:attachment":[{"href":"https:\/\/www.okval.com\/es\/wp-json\/wp\/v2\/media?parent=2568"}],"wp:term":[{"taxonomy":"product_brand","embeddable":true,"href":"https:\/\/www.okval.com\/es\/wp-json\/wp\/v2\/product_brand?post=2568"},{"taxonomy":"product_cat","embeddable":true,"href":"https:\/\/www.okval.com\/es\/wp-json\/wp\/v2\/product_cat?post=2568"},{"taxonomy":"product_tag","embeddable":true,"href":"https:\/\/www.okval.com\/es\/wp-json\/wp\/v2\/product_tag?post=2568"}],"curies":[{"name":"wp","href":"https:\/\/api.w.org\/{rel}","templated":true}]}}