{"id":2536,"date":"2024-03-28T16:32:50","date_gmt":"2024-03-28T08:32:50","guid":{"rendered":"https:\/\/www.okval.com\/?post_type=product&#038;p=2536"},"modified":"2024-03-31T15:54:47","modified_gmt":"2024-03-31T07:54:47","slug":"valvula-de-liberacion-de-aire","status":"publish","type":"product","link":"https:\/\/www.okval.com\/es\/valvula-de-liberacion-de-aire-html","title":{"rendered":"V\u00e1lvula de liberaci\u00f3n de aire"},"content":{"rendered":"<p><strong>V\u00e1lvula de aire de doble orificio<\/strong><\/p>\n<ul>\n<li>Est\u00e1ndar de brida: EN1092 -2, ANSI B16.1<\/li>\n<li>Conexi\u00f3n: Extremo bridado y roscado<\/li>\n<li>Presi\u00f3n: PN10, PN16, 125LB, 150LB<\/li>\n<li>Tama\u00f1o: DN50 \u2013 200 (2\u201d -8\u201d)<\/li>\n<\/ul>\n<p><strong>V\u00e1lvula de escape multifunci\u00f3n<\/strong><\/p>\n<ul>\n<li>Est\u00e1ndar de brida: EN1092 -2, ANSI B16.1<\/li>\n<li>Conexi\u00f3n: Extremo bridado y roscado<\/li>\n<li>Presi\u00f3n: PN10, PN16, 125LB, 150LB<\/li>\n<li>Tama\u00f1o: DN50 \u2013 200 (2\u201d -8\u201d)<\/li>\n<\/ul>","protected":false},"excerpt":{"rendered":"<p>La v\u00e1lvula de liberaci\u00f3n de aire es un componente vital dise\u00f1ado para una liberaci\u00f3n de aire eficiente en los sistemas de protecci\u00f3n contra incendios. Garantiza un rendimiento \u00f3ptimo al ventilar autom\u00e1ticamente las bolsas de aire, evitar el bloqueo de aire y mantener la integridad del sistema. Con su certificaci\u00f3n UL y FM, garantiza el cumplimiento de los est\u00e1ndares de la industria en materia de seguridad y confiabilidad. Construida para soportar condiciones dif\u00edciles, esta v\u00e1lvula es una soluci\u00f3n confiable para mantener la efectividad de los sistemas de extinci\u00f3n de incendios.<\/p>","protected":false},"featured_media":2537,"template":"","meta":[],"product_brand":[],"product_cat":[180,159],"product_tag":[235],"class_list":{"0":"post-2536","1":"product","2":"type-product","3":"status-publish","4":"has-post-thumbnail","6":"product_cat-air-release-valve","7":"product_cat-valves","8":"product_tag-air-release-valve","10":"first","11":"instock","12":"shipping-taxable","13":"product-type-simple"},"aioseo_notices":[],"_links":{"self":[{"href":"https:\/\/www.okval.com\/es\/wp-json\/wp\/v2\/product\/2536","targetHints":{"allow":["GET"]}}],"collection":[{"href":"https:\/\/www.okval.com\/es\/wp-json\/wp\/v2\/product"}],"about":[{"href":"https:\/\/www.okval.com\/es\/wp-json\/wp\/v2\/types\/product"}],"wp:featuredmedia":[{"embeddable":true,"href":"https:\/\/www.okval.com\/es\/wp-json\/wp\/v2\/media\/2537"}],"wp:attachment":[{"href":"https:\/\/www.okval.com\/es\/wp-json\/wp\/v2\/media?parent=2536"}],"wp:term":[{"taxonomy":"product_brand","embeddable":true,"href":"https:\/\/www.okval.com\/es\/wp-json\/wp\/v2\/product_brand?post=2536"},{"taxonomy":"product_cat","embeddable":true,"href":"https:\/\/www.okval.com\/es\/wp-json\/wp\/v2\/product_cat?post=2536"},{"taxonomy":"product_tag","embeddable":true,"href":"https:\/\/www.okval.com\/es\/wp-json\/wp\/v2\/product_tag?post=2536"}],"curies":[{"name":"wp","href":"https:\/\/api.w.org\/{rel}","templated":true}]}}