{"id":2530,"date":"2024-03-28T16:13:00","date_gmt":"2024-03-28T08:13:00","guid":{"rendered":"https:\/\/www.okval.com\/?post_type=product&#038;p=2530"},"modified":"2024-03-31T15:54:24","modified_gmt":"2024-03-31T07:54:24","slug":"valvula-de-mariposa","status":"publish","type":"product","link":"https:\/\/www.okval.com\/es\/valvula-de-mariposa-html","title":{"rendered":"V\u00e1lvula de mariposa"},"content":{"rendered":"<p><strong>V\u00e1lvula de mariposa de doble brida<\/strong><\/p>\n<ul>\n<li>Dise\u00f1o: DIN\/BS\/JIS\/ANSI<\/li>\n<li>Disco: DI+Nie\/epoxi, SS304, SS316, Brone<\/li>\n<li>Operar: Palanca, caja de cambios, actuador el\u00e9ctrico.<\/li>\n<li>Presi\u00f3n: PN10, PN16, PN25, 150LB<\/li>\n<li>Tama\u00f1o: DN40-1200 (1-1\/2\u201d \u2013 48\u201d)<\/li>\n<li>V\u00e1lvula de mariposa conc\u00e9ntrica<\/li>\n<\/ul>\n<p><strong>V\u00e1lvula de mariposa conc\u00e9ntrica<\/strong><\/p>\n<ul>\n<li>Dise\u00f1o: DIN\/BS\/JIS\/ANSI<\/li>\n<li>Disco: DI+Nie\/epoxi, SS304, SS316, Brone<\/li>\n<li>Operar: Palanca, caja de cambios, actuador el\u00e9ctrico.<\/li>\n<li>Presi\u00f3n: PN10, PN16, PN25, 150LB<\/li>\n<li>Tama\u00f1o: DN40-1200 (1-1\/2\u201d \u2013 48\u201d)<\/li>\n<\/ul>","protected":false},"excerpt":{"rendered":"<p>El tipo oblea de mariposa son dispositivos compactos de control de flujo utilizados en aplicaciones industriales. Est\u00e1n dise\u00f1ados para regular o aislar el flujo de l\u00edquidos o gases en tuber\u00edas. Estas v\u00e1lvulas tienen una construcci\u00f3n liviana, lo que les permite instalarse entre bridas sin soporte adicional. Estas v\u00e1lvulas, que constan de un disco, un v\u00e1stago, un cuerpo y un actuador, ofrecen un funcionamiento eficiente. El disco, conectado al v\u00e1stago, gira dentro del cuerpo de la v\u00e1lvula para controlar el flujo. Ideal para industrias como tratamiento de agua, procesamiento qu\u00edmico y m\u00e1s. Estas v\u00e1lvulas se utilizan ampliamente en aplicaciones que requieren altos caudales y condiciones de baja presi\u00f3n.<\/p>","protected":false},"featured_media":2531,"template":"","meta":[],"product_brand":[],"product_cat":[179,159],"product_tag":[236],"class_list":{"0":"post-2530","1":"product","2":"type-product","3":"status-publish","4":"has-post-thumbnail","6":"product_cat-butterfly-valve","7":"product_cat-valves","8":"product_tag-butterfly-valve","10":"first","11":"instock","12":"shipping-taxable","13":"product-type-simple"},"aioseo_notices":[],"_links":{"self":[{"href":"https:\/\/www.okval.com\/es\/wp-json\/wp\/v2\/product\/2530","targetHints":{"allow":["GET"]}}],"collection":[{"href":"https:\/\/www.okval.com\/es\/wp-json\/wp\/v2\/product"}],"about":[{"href":"https:\/\/www.okval.com\/es\/wp-json\/wp\/v2\/types\/product"}],"wp:featuredmedia":[{"embeddable":true,"href":"https:\/\/www.okval.com\/es\/wp-json\/wp\/v2\/media\/2531"}],"wp:attachment":[{"href":"https:\/\/www.okval.com\/es\/wp-json\/wp\/v2\/media?parent=2530"}],"wp:term":[{"taxonomy":"product_brand","embeddable":true,"href":"https:\/\/www.okval.com\/es\/wp-json\/wp\/v2\/product_brand?post=2530"},{"taxonomy":"product_cat","embeddable":true,"href":"https:\/\/www.okval.com\/es\/wp-json\/wp\/v2\/product_cat?post=2530"},{"taxonomy":"product_tag","embeddable":true,"href":"https:\/\/www.okval.com\/es\/wp-json\/wp\/v2\/product_tag?post=2530"}],"curies":[{"name":"wp","href":"https:\/\/api.w.org\/{rel}","templated":true}]}}