{"id":2449,"date":"2024-03-28T00:33:58","date_gmt":"2024-03-27T16:33:58","guid":{"rendered":"https:\/\/www.okval.com\/?post_type=product&#038;p=2449"},"modified":"2024-03-31T15:56:40","modified_gmt":"2024-03-31T07:56:40","slug":"valvula-de-compuerta","status":"publish","type":"product","link":"https:\/\/www.okval.com\/es\/valvula-de-compuerta-html","title":{"rendered":"V\u00e1lvula de compuerta"},"content":{"rendered":"<p><strong>V\u00e1lvula de compuerta de asiento blando resistente<\/strong><\/p>\n<ul>\n<li>Dise\u00f1o:BS5163,DIN3352-F4\/F5,ANSI<\/li>\n<li>Conexi\u00f3n: NRS,OS&amp;Y Extremo con brida<\/li>\n<li>Operar: Volante, tapa, bridas ISO, caja de cambios, actuador el\u00e9ctrico<\/li>\n<li>Presi\u00f3n: PN10, PN16, PN25, 125LB, 150LB<\/li>\n<li>Tama\u00f1o: DN40-1200 (1-1\/2\u201d-48\u201d)<\/li>\n<\/ul>\n<p><strong>V\u00e1lvula de compuerta con asiento de metal<\/strong><\/p>\n<ul>\n<li>Dise\u00f1o:BS5163,DIN3352-F4\/F5,ANSI<\/li>\n<li>Conexi\u00f3n: NRS,OS&amp;Y Extremo con brida<\/li>\n<li>Operar: Volante, tapa, bridas ISO, caja de cambios, actuador el\u00e9ctrico<\/li>\n<li>Presi\u00f3n: PN10, PN16, PN25, 125LB, 150LB<\/li>\n<li>Tama\u00f1o: DN40-1200 (1-1\/2\u201d-48\u201d)<\/li>\n<\/ul>","protected":false},"excerpt":{"rendered":"<p>Una v\u00e1lvula de compuerta se usa generalmente para cerrar completamente el flujo de fluido o, en la posici\u00f3n completamente abierta, proporcionar flujo total en una tuber\u00eda. Por lo tanto, se utiliza en la posici\u00f3n completamente cerrada o completamente abierta. Una v\u00e1lvula de compuerta consta de un cuerpo de v\u00e1lvula, un asiento y un disco, un eje, un casquillo y una rueda para operar la v\u00e1lvula.<\/p>","protected":false},"featured_media":2527,"template":"","meta":[],"product_brand":[],"product_cat":[178,159],"product_tag":[237],"class_list":{"0":"post-2449","1":"product","2":"type-product","3":"status-publish","4":"has-post-thumbnail","6":"product_cat-gate-valve","7":"product_cat-valves","8":"product_tag-gate-valve","10":"first","11":"instock","12":"shipping-taxable","13":"product-type-simple"},"aioseo_notices":[],"_links":{"self":[{"href":"https:\/\/www.okval.com\/es\/wp-json\/wp\/v2\/product\/2449","targetHints":{"allow":["GET"]}}],"collection":[{"href":"https:\/\/www.okval.com\/es\/wp-json\/wp\/v2\/product"}],"about":[{"href":"https:\/\/www.okval.com\/es\/wp-json\/wp\/v2\/types\/product"}],"wp:featuredmedia":[{"embeddable":true,"href":"https:\/\/www.okval.com\/es\/wp-json\/wp\/v2\/media\/2527"}],"wp:attachment":[{"href":"https:\/\/www.okval.com\/es\/wp-json\/wp\/v2\/media?parent=2449"}],"wp:term":[{"taxonomy":"product_brand","embeddable":true,"href":"https:\/\/www.okval.com\/es\/wp-json\/wp\/v2\/product_brand?post=2449"},{"taxonomy":"product_cat","embeddable":true,"href":"https:\/\/www.okval.com\/es\/wp-json\/wp\/v2\/product_cat?post=2449"},{"taxonomy":"product_tag","embeddable":true,"href":"https:\/\/www.okval.com\/es\/wp-json\/wp\/v2\/product_tag?post=2449"}],"curies":[{"name":"wp","href":"https:\/\/api.w.org\/{rel}","templated":true}]}}