{"id":2439,"date":"2024-03-27T22:16:11","date_gmt":"2024-03-27T14:16:11","guid":{"rendered":"https:\/\/www.okval.com\/?post_type=product&#038;p=2439"},"modified":"2024-03-31T15:59:37","modified_gmt":"2024-03-31T07:59:37","slug":"accesorios-de-tuberia-de-hierro-ductil-para-zocalo-de-pvc","status":"publish","type":"product","link":"https:\/\/www.okval.com\/es\/accesorios-para-tuberias-de-hierro-ductil-para-conectores-de-pvc","title":{"rendered":"Accesorios de tuber\u00eda de hierro d\u00factil para z\u00f3calo de PVC"},"content":{"rendered":"<p><strong>Caracter\u00edsticas<\/strong><\/p>\n<p>1-Protecci\u00f3n duradera: con fundici\u00f3n d\u00factil recubierta de FBE de 250um, altamente resistente a la agresividad del suelo.<\/p>\n<p>2-Montaje f\u00e1cil y fiable: el montaje enchufable requiere un peque\u00f1o esfuerzo para encajar.<\/p>\n<p>3-Listo para instalar: los racores se venden con juntas. Entonces los productos estar\u00e1n listos para instalar cuando los reciba.<\/p>\n<p><strong>Par\u00e1metros t\u00e9cnicos<\/strong><\/p>\n<p>1-Dibujo<\/p>\n<p><img decoding=\"async\" title=\"Dibujo de la camiseta con todos los z\u00f3calos\" src=\"https:\/\/www.ametekiron.com\/Content\/uploads\/2020677727\/20200902114558a17a6d16b9a34795835a80a518b1c35b.jpg\" alt=\"Accesorios de tuber\u00eda de hierro d\u00factil para z\u00f3calo de PVC\" \/><\/p>\n<p>Especificaci\u00f3n de 2 materiales<\/p>\n<div class=\"table-responsive\">\n<table class=\"table\" border=\"0\" width=\"100%\" cellspacing=\"0\" cellpadding=\"0\">\n<tbody>\n<tr class=\"firstRow\">\n<td valign=\"top\" width=\"142\">Art\u00edculo No.<\/td>\n<td valign=\"top\" width=\"142\">Nombre del \u00e1rticulo<\/td>\n<td valign=\"top\" width=\"196\">Material<\/td>\n<\/tr>\n<tr>\n<td valign=\"top\" width=\"142\">1<\/td>\n<td valign=\"top\" width=\"142\">Cuerpo<\/td>\n<td valign=\"top\" width=\"196\">Hierro fundido\/hierro d\u00factil<\/td>\n<\/tr>\n<tr>\n<td valign=\"top\" width=\"142\">2<\/td>\n<td valign=\"top\" width=\"142\">Goma<\/td>\n<td valign=\"top\" width=\"196\">EPDM\/NBR<\/td>\n<\/tr>\n<\/tbody>\n<\/table>\n<\/div>\n<p>3 dimensiones (mm)<\/p>\n<div class=\"table-responsive\">\n<table class=\"table\" border=\"0\" width=\"100%\" cellspacing=\"0\" cellpadding=\"0\">\n<tbody>\n<tr class=\"firstRow\">\n<td valign=\"top\" width=\"88\">Pulgada<\/td>\n<td valign=\"top\" width=\"94\">DN<\/td>\n<td valign=\"top\" width=\"54\">OD-1<\/td>\n<td valign=\"top\" width=\"45\">OD-2<\/td>\n<td valign=\"top\" width=\"45\">l<\/td>\n<\/tr>\n<tr>\n<td valign=\"top\" width=\"88\">2\u2033*2\u2033<\/td>\n<td valign=\"top\" width=\"94\">50*50<\/td>\n<td valign=\"top\" width=\"54\">63<\/td>\n<td valign=\"top\" width=\"45\">63<\/td>\n<td valign=\"top\" width=\"45\">255<\/td>\n<\/tr>\n<tr>\n<td valign=\"top\" width=\"88\">3\u2033*2\u2033<\/td>\n<td valign=\"top\" width=\"94\">75*50<\/td>\n<td valign=\"top\" width=\"54\">63<\/td>\n<td valign=\"top\" width=\"45\">90<\/td>\n<td valign=\"top\" width=\"45\">275<\/td>\n<\/tr>\n<tr>\n<td valign=\"top\" width=\"88\">3\u2033*3\u2033<\/td>\n<td valign=\"top\" width=\"94\">75*75<\/td>\n<td valign=\"top\" width=\"54\">90<\/td>\n<td valign=\"top\" width=\"45\">90<\/td>\n<td valign=\"top\" width=\"45\">291<\/td>\n<\/tr>\n<tr>\n<td valign=\"top\" width=\"88\">4\u2033*2\u2033<\/td>\n<td valign=\"top\" width=\"94\">100*50<\/td>\n<td valign=\"top\" width=\"54\">63<\/td>\n<td valign=\"top\" width=\"45\">110<\/td>\n<td valign=\"top\" width=\"45\">300<\/td>\n<\/tr>\n<tr>\n<td valign=\"top\" width=\"88\">4\u2033*3\u2033<\/td>\n<td valign=\"top\" width=\"94\">100*75<\/td>\n<td valign=\"top\" width=\"54\">90<\/td>\n<td valign=\"top\" width=\"45\">110<\/td>\n<td valign=\"top\" width=\"45\">315<\/td>\n<\/tr>\n<tr>\n<td valign=\"top\" width=\"88\">4\u2033*4\u2033<\/td>\n<td valign=\"top\" width=\"94\">100*100<\/td>\n<td valign=\"top\" width=\"54\">110<\/td>\n<td valign=\"top\" width=\"45\">110<\/td>\n<td valign=\"top\" width=\"45\">345<\/td>\n<\/tr>\n<tr>\n<td valign=\"top\" width=\"88\">6\u2033*2\u2033<\/td>\n<td valign=\"top\" width=\"94\">150*50<\/td>\n<td valign=\"top\" width=\"54\">63<\/td>\n<td valign=\"top\" width=\"45\">160<\/td>\n<td valign=\"top\" width=\"45\">350<\/td>\n<\/tr>\n<tr>\n<td valign=\"top\" width=\"88\">6\u2033*3\u2033<\/td>\n<td valign=\"top\" width=\"94\">150*75<\/td>\n<td valign=\"top\" width=\"54\">90<\/td>\n<td valign=\"top\" width=\"45\">160<\/td>\n<td valign=\"top\" width=\"45\">365<\/td>\n<\/tr>\n<tr>\n<td valign=\"top\" width=\"88\">6\u2033*4\u2033<\/td>\n<td valign=\"top\" width=\"94\">150*100<\/td>\n<td valign=\"top\" width=\"54\">110<\/td>\n<td valign=\"top\" width=\"45\">160<\/td>\n<td valign=\"top\" width=\"45\">400<\/td>\n<\/tr>\n<tr>\n<td valign=\"top\" width=\"88\">6\u2033*6\u2033<\/td>\n<td valign=\"top\" width=\"94\">150*150<\/td>\n<td valign=\"top\" width=\"54\">160<\/td>\n<td valign=\"top\" width=\"45\">160<\/td>\n<td valign=\"top\" width=\"45\">446<\/td>\n<\/tr>\n<tr>\n<td valign=\"top\" width=\"88\">8\u2033*2\u2033<\/td>\n<td valign=\"top\" width=\"94\">200*50<\/td>\n<td valign=\"top\" width=\"54\">63<\/td>\n<td valign=\"top\" width=\"45\">225<\/td>\n<td valign=\"top\" width=\"45\">380<\/td>\n<\/tr>\n<tr>\n<td valign=\"top\" width=\"88\">8\u2033*3\u2033<\/td>\n<td valign=\"top\" width=\"94\">200*75<\/td>\n<td valign=\"top\" width=\"54\">90<\/td>\n<td valign=\"top\" width=\"45\">225<\/td>\n<td valign=\"top\" width=\"45\">390<\/td>\n<\/tr>\n<tr>\n<td valign=\"top\" width=\"88\">8\u2033*4\u2033<\/td>\n<td valign=\"top\" width=\"94\">200*100<\/td>\n<td valign=\"top\" width=\"54\">110<\/td>\n<td valign=\"top\" width=\"45\">225<\/td>\n<td valign=\"top\" width=\"45\">430<\/td>\n<\/tr>\n<tr>\n<td valign=\"top\" width=\"88\">8&quot;*6&quot;<\/td>\n<td valign=\"top\" width=\"94\">200*150<\/td>\n<td valign=\"top\" width=\"54\">160<\/td>\n<td valign=\"top\" width=\"45\">225<\/td>\n<td valign=\"top\" width=\"45\">480<\/td>\n<\/tr>\n<tr>\n<td valign=\"top\" width=\"88\">8\u2033*8\u2033<\/td>\n<td valign=\"top\" width=\"94\">200*200<\/td>\n<td valign=\"top\" width=\"54\">225<\/td>\n<td valign=\"top\" width=\"45\">225<\/td>\n<td valign=\"top\" width=\"45\">520<\/td>\n<\/tr>\n<\/tbody>\n<\/table>\n<\/div>\n<p>Los dibujos y par\u00e1metros anteriores son solo como referencia; cons\u00faltenos para obtener datos exactos.<\/p>\n<p>&nbsp;<\/p>","protected":false},"excerpt":{"rendered":"<p>Los accesorios de tuber\u00eda de hierro d\u00factil para casquillo de PVC est\u00e1n hechos de hierro d\u00factil con un di\u00e1metro exterior de 63 mm a un di\u00e1metro exterior de 225 mm. Presi\u00f3n de PN10 a PN16. Est\u00e1 dise\u00f1ado y fabricado para Tuber\u00edas de PVC. Es ampliamente utilizado en aplicaciones tales como: suministro de agua, agua reciclada, riego, tratamiento de alcantarillado, drenaje, tuber\u00edas de agua de lluvia, gas y aplicaciones industriales.<\/p>","protected":false},"featured_media":2441,"template":"","meta":[],"product_brand":[],"product_cat":[176,158],"product_tag":[238,240,241],"class_list":{"0":"post-2439","1":"product","2":"type-product","3":"status-publish","4":"has-post-thumbnail","6":"product_cat-ductile-iron-pipe-fittings-for-pvc-socket","7":"product_cat-pipe-fittings","8":"product_tag-ductile-iron","9":"product_tag-pipe-fittings","10":"product_tag-pvc-socket","12":"first","13":"instock","14":"shipping-taxable","15":"product-type-simple"},"aioseo_notices":[],"_links":{"self":[{"href":"https:\/\/www.okval.com\/es\/wp-json\/wp\/v2\/product\/2439","targetHints":{"allow":["GET"]}}],"collection":[{"href":"https:\/\/www.okval.com\/es\/wp-json\/wp\/v2\/product"}],"about":[{"href":"https:\/\/www.okval.com\/es\/wp-json\/wp\/v2\/types\/product"}],"wp:featuredmedia":[{"embeddable":true,"href":"https:\/\/www.okval.com\/es\/wp-json\/wp\/v2\/media\/2441"}],"wp:attachment":[{"href":"https:\/\/www.okval.com\/es\/wp-json\/wp\/v2\/media?parent=2439"}],"wp:term":[{"taxonomy":"product_brand","embeddable":true,"href":"https:\/\/www.okval.com\/es\/wp-json\/wp\/v2\/product_brand?post=2439"},{"taxonomy":"product_cat","embeddable":true,"href":"https:\/\/www.okval.com\/es\/wp-json\/wp\/v2\/product_cat?post=2439"},{"taxonomy":"product_tag","embeddable":true,"href":"https:\/\/www.okval.com\/es\/wp-json\/wp\/v2\/product_tag?post=2439"}],"curies":[{"name":"wp","href":"https:\/\/api.w.org\/{rel}","templated":true}]}}