{"id":2435,"date":"2024-03-27T22:08:05","date_gmt":"2024-03-27T14:08:05","guid":{"rendered":"https:\/\/www.okval.com\/?post_type=product&#038;p=2435"},"modified":"2024-04-13T17:33:42","modified_gmt":"2024-04-13T09:33:42","slug":"instalaciones-de-tuberias-del-reborde-del-hierro-ductil","status":"publish","type":"product","link":"https:\/\/www.okval.com\/es\/accesorios-de-tuberia-con-brida-de-hierro-ductil-html","title":{"rendered":"Accesorios de tuber\u00eda con brida de hierro d\u00factil"},"content":{"rendered":"<p><strong>Par\u00e1metros t\u00e9cnicos<\/strong><\/p>\n<p>1-Dibujo<\/p>\n<p><img decoding=\"async\" title=\"Dibujo de una T con bridas de hierro d\u00factil\" src=\"https:\/\/www.ametekiron.com\/Content\/uploads\/2020677727\/20200907172011a289c854bd574297ba444d86f5b284be.jpg\" \/><\/p>\n<p>Especificaci\u00f3n de 2 materiales<\/p>\n<div class=\"table-responsive\">\n<table class=\"table\" border=\"0\" width=\"100%\" cellspacing=\"0\" cellpadding=\"0\">\n<tbody>\n<tr class=\"firstRow\">\n<td valign=\"top\" width=\"142\">Art\u00edculo No.<\/td>\n<td valign=\"top\" width=\"142\">Nombre del \u00e1rticulo<\/td>\n<td valign=\"top\" width=\"196\">Material<\/td>\n<\/tr>\n<tr>\n<td valign=\"top\" width=\"142\">1<\/td>\n<td valign=\"top\" width=\"142\">Cuerpo<\/td>\n<td valign=\"top\" width=\"196\">Hierro fundido\/hierro d\u00factil<\/td>\n<\/tr>\n<tr>\n<td valign=\"top\" width=\"142\">2<\/td>\n<td valign=\"top\" width=\"142\">Brida<\/td>\n<td valign=\"top\" width=\"196\">Hierro fundido\/hierro d\u00factil<\/td>\n<\/tr>\n<\/tbody>\n<\/table>\n<\/div>\n<p>3 dimensiones (mm)<\/p>\n<div class=\"table-responsive\">\n<table class=\"table\" border=\"0\" width=\"100%\" cellspacing=\"0\" cellpadding=\"0\">\n<tbody>\n<tr class=\"firstRow\">\n<td valign=\"top\" width=\"41\">DN<\/td>\n<td valign=\"top\" width=\"41\">l<\/td>\n<td valign=\"top\" width=\"79\">Est\u00e1ndar<\/td>\n<\/tr>\n<tr>\n<td width=\"41\">80<\/td>\n<td width=\"41\">135<\/td>\n<td rowspan=\"4\" width=\"79\">ISO2531<\/td>\n<\/tr>\n<tr>\n<td width=\"41\">100<\/td>\n<td width=\"41\">140<\/td>\n<\/tr>\n<tr>\n<td width=\"41\">150<\/td>\n<td width=\"41\">155<\/td>\n<\/tr>\n<tr>\n<td width=\"41\">200<\/td>\n<td width=\"41\">170<\/td>\n<\/tr>\n<\/tbody>\n<\/table>\n<\/div>\n<div class=\"table-responsive\">\n<table class=\"table\" border=\"0\" width=\"100%\" cellspacing=\"0\" cellpadding=\"0\">\n<tbody>\n<tr class=\"firstRow\">\n<td valign=\"top\" width=\"114\">DN<\/td>\n<td valign=\"top\" width=\"114\">dn<\/td>\n<td valign=\"top\" width=\"114\">l<\/td>\n<td valign=\"top\" width=\"114\">yo<\/td>\n<td valign=\"top\" width=\"114\">Est\u00e1ndar<\/td>\n<\/tr>\n<tr>\n<td rowspan=\"2\" width=\"114\">40<\/td>\n<td rowspan=\"2\" width=\"114\">40<\/td>\n<td valign=\"top\" width=\"114\">255<\/td>\n<td valign=\"top\" width=\"114\">130<\/td>\n<td valign=\"top\" width=\"114\">EN545B<\/td>\n<\/tr>\n<tr>\n<td valign=\"top\" width=\"114\">280<\/td>\n<td valign=\"top\" width=\"114\">140<\/td>\n<td valign=\"top\" width=\"114\">EN545 A<\/td>\n<\/tr>\n<tr>\n<td rowspan=\"2\" width=\"114\">50<\/td>\n<td rowspan=\"2\" width=\"114\">50<\/td>\n<td valign=\"top\" width=\"114\">280<\/td>\n<td valign=\"top\" width=\"114\">140<\/td>\n<td valign=\"top\" width=\"114\">EN545B<\/td>\n<\/tr>\n<tr>\n<td valign=\"top\" width=\"114\">300<\/td>\n<td valign=\"top\" width=\"114\">150<\/td>\n<td valign=\"top\" width=\"114\">EN545 A<\/td>\n<\/tr>\n<tr>\n<td rowspan=\"2\" width=\"114\">60<\/td>\n<td rowspan=\"2\" width=\"114\">60<\/td>\n<td width=\"114\">300<\/td>\n<td width=\"114\">150<\/td>\n<td width=\"114\">EN545B<\/td>\n<\/tr>\n<tr>\n<td valign=\"top\" width=\"114\">320<\/td>\n<td valign=\"top\" width=\"114\">160<\/td>\n<td valign=\"top\" width=\"114\">EN545 A<\/td>\n<\/tr>\n<tr>\n<td rowspan=\"2\" width=\"114\">65<\/td>\n<td valign=\"top\" width=\"114\">50<\/td>\n<td valign=\"top\" width=\"114\">330<\/td>\n<td valign=\"top\" width=\"114\">165<\/td>\n<td valign=\"top\" width=\"114\">EN545<\/td>\n<\/tr>\n<tr>\n<td valign=\"top\" width=\"114\">65<\/td>\n<td valign=\"top\" width=\"114\">330<\/td>\n<td valign=\"top\" width=\"114\">165<\/td>\n<td valign=\"top\" width=\"114\">EN545A<\/td>\n<\/tr>\n<tr>\n<td rowspan=\"8\" width=\"114\">80<\/td>\n<td valign=\"top\" width=\"114\">40<\/td>\n<td valign=\"top\" width=\"114\">330<\/td>\n<td valign=\"top\" width=\"114\">165<\/td>\n<td valign=\"top\" width=\"114\">EN545<\/td>\n<\/tr>\n<tr>\n<td rowspan=\"2\" width=\"114\">50<\/td>\n<td valign=\"top\" width=\"114\">310<\/td>\n<td valign=\"top\" width=\"114\">145<\/td>\n<td valign=\"top\" width=\"114\">EN545<\/td>\n<\/tr>\n<tr>\n<td valign=\"top\" width=\"114\">330<\/td>\n<td valign=\"top\" width=\"114\">160<\/td>\n<td valign=\"top\" width=\"114\">EN545<\/td>\n<\/tr>\n<tr>\n<td rowspan=\"2\" width=\"114\">60<\/td>\n<td valign=\"top\" width=\"114\">310<\/td>\n<td valign=\"top\" width=\"114\">155<\/td>\n<td valign=\"top\" width=\"114\">EN545B<\/td>\n<\/tr>\n<tr>\n<td valign=\"top\" width=\"114\">330<\/td>\n<td valign=\"top\" width=\"114\">160<\/td>\n<td valign=\"top\" width=\"114\">EN545<\/td>\n<\/tr>\n<tr>\n<td valign=\"top\" width=\"114\">65<\/td>\n<td valign=\"top\" width=\"114\">330<\/td>\n<td valign=\"top\" width=\"114\">160<\/td>\n<td valign=\"top\" width=\"114\">EN545<\/td>\n<\/tr>\n<tr>\n<td rowspan=\"2\" width=\"114\">80<\/td>\n<td valign=\"top\" width=\"114\">280<\/td>\n<td valign=\"top\" width=\"114\">140<\/td>\n<td valign=\"top\" width=\"114\">EN545<\/td>\n<\/tr>\n<tr>\n<td valign=\"top\" width=\"114\">330<\/td>\n<td valign=\"top\" width=\"114\">165<\/td>\n<td valign=\"top\" width=\"114\">EN545 A\/B<\/td>\n<\/tr>\n<tr>\n<td rowspan=\"9\" width=\"114\">100<\/td>\n<td rowspan=\"2\" width=\"114\">50<\/td>\n<td valign=\"top\" width=\"114\">320<\/td>\n<td valign=\"top\" width=\"114\">165<\/td>\n<td valign=\"top\" width=\"114\">EN545<\/td>\n<\/tr>\n<tr>\n<td valign=\"top\" width=\"114\">360<\/td>\n<td valign=\"top\" width=\"114\">170<\/td>\n<td valign=\"top\" width=\"114\">EN545<\/td>\n<\/tr>\n<tr>\n<td rowspan=\"2\" width=\"114\">60<\/td>\n<td valign=\"top\" width=\"114\">320<\/td>\n<td valign=\"top\" width=\"114\">165<\/td>\n<td valign=\"top\" width=\"114\">EN545B<\/td>\n<\/tr>\n<tr>\n<td valign=\"top\" width=\"114\">360<\/td>\n<td valign=\"top\" width=\"114\">165<\/td>\n<td valign=\"top\" width=\"114\">EN545<\/td>\n<\/tr>\n<tr>\n<td width=\"114\">65<\/td>\n<td valign=\"top\" width=\"114\">360<\/td>\n<td valign=\"top\" width=\"114\">165<\/td>\n<td valign=\"top\" width=\"114\">EN545<\/td>\n<\/tr>\n<tr>\n<td rowspan=\"2\" width=\"114\">80<\/td>\n<td valign=\"top\" width=\"114\">330<\/td>\n<td valign=\"top\" width=\"114\">170<\/td>\n<td width=\"114\">EN545B<\/td>\n<\/tr>\n<tr>\n<td valign=\"top\" width=\"114\">360<\/td>\n<td valign=\"top\" width=\"114\">175<\/td>\n<td valign=\"top\" width=\"114\">EN545 A<\/td>\n<\/tr>\n<tr>\n<td rowspan=\"2\" width=\"114\">100<\/td>\n<td valign=\"top\" width=\"114\">310<\/td>\n<td valign=\"top\" width=\"114\">155<\/td>\n<td valign=\"top\" width=\"114\">EN545<\/td>\n<\/tr>\n<tr>\n<td valign=\"top\" width=\"114\">360<\/td>\n<td valign=\"top\" width=\"114\">180<\/td>\n<td valign=\"top\" width=\"114\">EN545 A\/B<\/td>\n<\/tr>\n<tr>\n<td rowspan=\"8\" width=\"114\">125<\/td>\n<td width=\"114\">50<\/td>\n<td valign=\"top\" width=\"114\">400<\/td>\n<td valign=\"top\" width=\"114\">180<\/td>\n<td valign=\"top\" width=\"114\">EN545<\/td>\n<\/tr>\n<tr>\n<td rowspan=\"2\" width=\"114\">60<\/td>\n<td valign=\"top\" width=\"114\">330<\/td>\n<td valign=\"top\" width=\"114\">180<\/td>\n<td valign=\"top\" width=\"114\">EN545B<\/td>\n<\/tr>\n<tr>\n<td valign=\"top\" width=\"114\">400<\/td>\n<td valign=\"top\" width=\"114\">180<\/td>\n<td valign=\"top\" width=\"114\">EN545<\/td>\n<\/tr>\n<tr>\n<td rowspan=\"2\" width=\"114\">80<\/td>\n<td valign=\"top\" width=\"114\">350<\/td>\n<td valign=\"top\" width=\"114\">185<\/td>\n<td width=\"114\">EN545B<\/td>\n<\/tr>\n<tr>\n<td valign=\"top\" width=\"114\">400<\/td>\n<td valign=\"top\" width=\"114\">190<\/td>\n<td valign=\"top\" width=\"114\">EN545 A<\/td>\n<\/tr>\n<tr>\n<td rowspan=\"2\" width=\"114\">100<\/td>\n<td valign=\"top\" width=\"114\">370<\/td>\n<td valign=\"top\" width=\"114\">195<\/td>\n<td width=\"114\">EN545B<\/td>\n<\/tr>\n<tr>\n<td valign=\"top\" width=\"114\">400<\/td>\n<td valign=\"top\" width=\"114\">195<\/td>\n<td valign=\"top\" width=\"114\">EN545 A<\/td>\n<\/tr>\n<tr>\n<td width=\"114\">125<\/td>\n<td valign=\"top\" width=\"114\">400<\/td>\n<td valign=\"top\" width=\"114\">200<\/td>\n<td valign=\"top\" width=\"114\">EN545 A\/B<\/td>\n<\/tr>\n<tr>\n<td rowspan=\"12\" width=\"114\">150<\/td>\n<td rowspan=\"2\" width=\"114\">50<\/td>\n<td valign=\"top\" width=\"114\">335<\/td>\n<td valign=\"top\" width=\"114\">175<\/td>\n<td valign=\"top\" width=\"114\">EN545<\/td>\n<\/tr>\n<tr>\n<td valign=\"top\" width=\"114\">440<\/td>\n<td valign=\"top\" width=\"114\">200<\/td>\n<td valign=\"top\" width=\"114\">EN545<\/td>\n<\/tr>\n<tr>\n<td rowspan=\"2\" width=\"114\">60<\/td>\n<td valign=\"top\" width=\"114\">340<\/td>\n<td valign=\"top\" width=\"114\">190<\/td>\n<td valign=\"top\" width=\"114\">EN545B<\/td>\n<\/tr>\n<tr>\n<td valign=\"top\" width=\"114\">440<\/td>\n<td valign=\"top\" width=\"114\">195<\/td>\n<td valign=\"top\" width=\"114\">EN545<\/td>\n<\/tr>\n<tr>\n<td width=\"114\">65<\/td>\n<td valign=\"top\" width=\"114\">440<\/td>\n<td valign=\"top\" width=\"114\">195<\/td>\n<td valign=\"top\" width=\"114\">EN545<\/td>\n<\/tr>\n<tr>\n<td rowspan=\"2\" width=\"114\">80<\/td>\n<td valign=\"top\" width=\"114\">360<\/td>\n<td valign=\"top\" width=\"114\">200<\/td>\n<td width=\"114\">EN545B<\/td>\n<\/tr>\n<tr>\n<td valign=\"top\" width=\"114\">440<\/td>\n<td valign=\"top\" width=\"114\">205<\/td>\n<td valign=\"top\" width=\"114\">EN545 A<\/td>\n<\/tr>\n<tr>\n<td rowspan=\"2\" width=\"114\">100<\/td>\n<td valign=\"top\" width=\"114\">380<\/td>\n<td valign=\"top\" width=\"114\">205<\/td>\n<td width=\"114\">EN545B<\/td>\n<\/tr>\n<tr>\n<td valign=\"top\" width=\"114\">440<\/td>\n<td valign=\"top\" width=\"114\">210<\/td>\n<td valign=\"top\" width=\"114\">EN545 A<\/td>\n<\/tr>\n<tr>\n<td width=\"114\">125<\/td>\n<td valign=\"top\" width=\"114\">410<\/td>\n<td valign=\"top\" width=\"114\">215<\/td>\n<td valign=\"top\" width=\"114\">EN545B<\/td>\n<\/tr>\n<tr>\n<td rowspan=\"2\" width=\"114\">150<\/td>\n<td valign=\"top\" width=\"114\">390<\/td>\n<td valign=\"top\" width=\"114\">195<\/td>\n<td valign=\"top\" width=\"114\">EN545<\/td>\n<\/tr>\n<tr>\n<td valign=\"top\" width=\"114\">440<\/td>\n<td valign=\"top\" width=\"114\">220<\/td>\n<td valign=\"top\" width=\"114\">EN545 A\/B<\/td>\n<\/tr>\n<tr>\n<td rowspan=\"13\" width=\"114\">200<\/td>\n<td width=\"114\">50<\/td>\n<td width=\"114\">520<\/td>\n<td width=\"114\">220<\/td>\n<td width=\"114\">EN545<\/td>\n<\/tr>\n<tr>\n<td rowspan=\"2\" width=\"114\">60<\/td>\n<td width=\"114\">365<\/td>\n<td width=\"114\">215<\/td>\n<td width=\"114\">EN545B<\/td>\n<\/tr>\n<tr>\n<td width=\"114\">520<\/td>\n<td width=\"114\">220<\/td>\n<td width=\"114\">EN545<\/td>\n<\/tr>\n<tr>\n<td width=\"114\">65<\/td>\n<td width=\"114\">520<\/td>\n<td width=\"114\">220<\/td>\n<td width=\"114\">EN545<\/td>\n<\/tr>\n<tr>\n<td rowspan=\"2\" width=\"114\">80<\/td>\n<td width=\"114\">380<\/td>\n<td width=\"114\">225<\/td>\n<td width=\"114\">EN545B<\/td>\n<\/tr>\n<tr>\n<td width=\"114\">520<\/td>\n<td width=\"114\">235<\/td>\n<td width=\"114\">EN545 A<\/td>\n<\/tr>\n<tr>\n<td rowspan=\"2\" width=\"114\">100<\/td>\n<td width=\"114\">400<\/td>\n<td width=\"114\">230<\/td>\n<td width=\"114\">EN545B<\/td>\n<\/tr>\n<tr>\n<td width=\"114\">520<\/td>\n<td width=\"114\">240<\/td>\n<td width=\"114\">EN545 A<\/td>\n<\/tr>\n<tr>\n<td width=\"114\">125<\/td>\n<td width=\"114\">520<\/td>\n<td width=\"114\">240<\/td>\n<td width=\"114\">EN545<\/td>\n<\/tr>\n<tr>\n<td rowspan=\"2\" width=\"114\">150<\/td>\n<td width=\"114\">460<\/td>\n<td width=\"114\">245<\/td>\n<td width=\"114\">EN545B<\/td>\n<\/tr>\n<tr>\n<td width=\"114\">520<\/td>\n<td width=\"114\">250<\/td>\n<td width=\"114\">EN545 A<\/td>\n<\/tr>\n<tr>\n<td rowspan=\"2\" width=\"114\">200<\/td>\n<td width=\"114\">460<\/td>\n<td width=\"114\">230<\/td>\n<td width=\"114\">EN545<\/td>\n<\/tr>\n<tr>\n<td width=\"114\">520<\/td>\n<td width=\"114\">260<\/td>\n<td width=\"114\">EN545 A\/B<\/td>\n<\/tr>\n<\/tbody>\n<\/table>\n<\/div>\n<p>&nbsp;<\/p>\n<p><strong>Caracter\u00edsticas<\/strong><\/p>\n<p>1-Presi\u00f3n de trabajo PN10\/16\/25\/40.<\/p>\n<p>2-Hierro d\u00factil con revestimiento FBE<\/p>","protected":false},"excerpt":{"rendered":"<p>Los accesorios de tuber\u00eda, tambi\u00e9n conocidos como conectores de tuber\u00eda, unen una tuber\u00eda a otra para alargar el recorrido o cambiar la direcci\u00f3n del flujo en un sistema de plomer\u00eda. Se utilizan para combinar, desviar o reducir el flujo del suministro de agua y vienen en una variedad de tama\u00f1os para adaptarse a la tuber\u00eda que conectar\u00e1n.<\/p>","protected":false},"featured_media":2438,"template":"","meta":[],"product_brand":[],"product_cat":[175,158],"product_tag":[231,238,240],"class_list":{"0":"post-2435","1":"product","2":"type-product","3":"status-publish","4":"has-post-thumbnail","6":"product_cat-ductile-iron-flange-pipe-fittings","7":"product_cat-pipe-fittings","8":"product_tag-flange","9":"product_tag-ductile-iron","10":"product_tag-pipe-fittings","12":"first","13":"instock","14":"shipping-taxable","15":"product-type-simple"},"aioseo_notices":[],"_links":{"self":[{"href":"https:\/\/www.okval.com\/es\/wp-json\/wp\/v2\/product\/2435","targetHints":{"allow":["GET"]}}],"collection":[{"href":"https:\/\/www.okval.com\/es\/wp-json\/wp\/v2\/product"}],"about":[{"href":"https:\/\/www.okval.com\/es\/wp-json\/wp\/v2\/types\/product"}],"wp:featuredmedia":[{"embeddable":true,"href":"https:\/\/www.okval.com\/es\/wp-json\/wp\/v2\/media\/2438"}],"wp:attachment":[{"href":"https:\/\/www.okval.com\/es\/wp-json\/wp\/v2\/media?parent=2435"}],"wp:term":[{"taxonomy":"product_brand","embeddable":true,"href":"https:\/\/www.okval.com\/es\/wp-json\/wp\/v2\/product_brand?post=2435"},{"taxonomy":"product_cat","embeddable":true,"href":"https:\/\/www.okval.com\/es\/wp-json\/wp\/v2\/product_cat?post=2435"},{"taxonomy":"product_tag","embeddable":true,"href":"https:\/\/www.okval.com\/es\/wp-json\/wp\/v2\/product_tag?post=2435"}],"curies":[{"name":"wp","href":"https:\/\/api.w.org\/{rel}","templated":true}]}}