{"id":2429,"date":"2024-03-27T10:18:28","date_gmt":"2024-03-27T02:18:28","guid":{"rendered":"https:\/\/www.okval.com\/?post_type=product&#038;p=2429"},"modified":"2024-12-15T23:31:22","modified_gmt":"2024-12-15T15:31:22","slug":"acoplamiento-de-tocador","status":"publish","type":"product","link":"https:\/\/www.okval.com\/es\/acoplamiento-de-tocador-html","title":{"rendered":"Acoplamiento de manguito de tocador (ACOPLAMIENTO DE MANGUITO ATORNILLADO)"},"content":{"rendered":"<p><span style=\"color: #ff0000;\"><a style=\"color: #ff0000;\" href=\"https:\/\/www.okval.com\/wp-content\/uploads\/2024\/03\/Dresser-coupling.pdf\">Acoplamiento de manguito OKVAL (ACOPLAMIENTO DE MANGUITO ATORNILLADO)<\/a><\/span><\/p>\n<p>\u25a0 Caracter\u00edsticas<br \/>\n\u2022 Tama\u00f1os: 2\u2033 \u2013 12\u2033<br \/>\n\u2022 Longitudes: 2\u2033 \u2013 24\u2033<br \/>\n\u2022 Clasificaci\u00f3n de presi\u00f3n:<br \/>\n\u2022 2\u2033 \u2013 2,5\u2033: 250 psi<br \/>\n\u2022 3\u2033 \u2013 16\u2033: 300 psi<br \/>\n\u2022 Material:<br \/>\n\u2022 Manguito: acero al carbono ASTM A192<br \/>\n\u2022 Perno\/Tuerca: Acero al carbono galvanizado ASTM A307<br \/>\n\u2022 Seguidor\/prensaestopas: hierro d\u00factil ASTM A395<br \/>\n\u2022 Junta: Buna (-20 \u00b0F a 200 \u00b0F) EPDM \/ NBR \/ Viton \/ Junta<\/p>\n<p>\u25a0 Piezas y materiales principales<\/p>\n<p>\u00b7 Anillo Medio Cil\u00edndrico: Este anillo central conecta los dos extremos del tubo.<br \/>\n\u00b7 Anillos seguidores: Hay dos anillos seguidores, uno a cada lado del anillo central. Ayudan a asegurar las tuber\u00edas.<br \/>\n\u00b7 Juntas resilientes: Estas juntas compuestas especiales de Dresser absorben la vibraci\u00f3n y el movimiento mientras mantienen un sello.<br \/>\n\u00b7 Pernos de cabeza de oruga de acero: Estos pernos mantienen unido el acoplamiento.<\/p>\n<p><img decoding=\"async\" class=\"alignnone wp-image-2796\" src=\"https:\/\/www.okval.com\/wp-content\/uploads\/2024\/03\/\u56fe\u7eb8.jpg\" alt=\"\" width=\"258\" height=\"249\" srcset=\"https:\/\/www.okval.com\/wp-content\/uploads\/2024\/03\/\u56fe\u7eb8.jpg 815w, https:\/\/www.okval.com\/wp-content\/uploads\/2024\/03\/\u56fe\u7eb8-300x289.jpg 300w, https:\/\/www.okval.com\/wp-content\/uploads\/2024\/03\/\u56fe\u7eb8-768x741.jpg 768w, https:\/\/www.okval.com\/wp-content\/uploads\/2024\/03\/\u56fe\u7eb8-12x12.jpg 12w, https:\/\/www.okval.com\/wp-content\/uploads\/2024\/03\/\u56fe\u7eb8-600x579.jpg 600w, https:\/\/www.okval.com\/wp-content\/uploads\/2024\/03\/\u56fe\u7eb8-150x145.jpg 150w\" sizes=\"(max-width: 258px) 100vw, 258px\" \/><\/p>\n<p>Articulaciones<strong>\u25a0 Dimensiones (mm):<\/strong><\/p>\n<table style=\"border-collapse: collapse; width: 476.52pt;\" border=\"0\" width=\"953\" cellspacing=\"0\" cellpadding=\"0\">\n<tbody>\n<tr style=\"height: 18.00pt;\">\n<td class=\"et3\" style=\"height: 18.00pt; width: 58.45pt;\" width=\"116\" height=\"36\">Tama\u00f1o<\/td>\n<td class=\"et3\" style=\"width: 58.45pt;\" width=\"116\">Di\u00e1metro exterior de la tuber\u00eda<\/td>\n<td class=\"et3\" style=\"width: 58.45pt;\" width=\"116\">sobredosis<\/td>\n<td class=\"et3\" style=\"width: 58.45pt;\" width=\"116\">Longitud<\/td>\n<td class=\"et2\" style=\"width: 8.95pt;\" width=\"17\"><\/td>\n<td class=\"et3\" style=\"width: 58.45pt;\" width=\"116\">Tama\u00f1o<\/td>\n<td class=\"et3\" style=\"width: 58.45pt;\" width=\"116\">Di\u00e1metro exterior de la tuber\u00eda<\/td>\n<td class=\"et3\" style=\"width: 58.45pt;\" width=\"116\">sobredosis<\/td>\n<td class=\"et3\" style=\"width: 58.45pt;\" width=\"116\">Longitud<\/td>\n<\/tr>\n<tr style=\"height: 18.00pt;\">\n<td class=\"et4\" style=\"height: 18.00pt;\" height=\"36\">Pulgada<\/td>\n<td class=\"et4\">Pulgada<\/td>\n<td class=\"et4\">mil\u00edmetros<\/td>\n<td class=\"et4\">mil\u00edmetros<\/td>\n<td class=\"et2\"><\/td>\n<td class=\"et4\">Pulgada<\/td>\n<td class=\"et4\">Pulgada<\/td>\n<td class=\"et4\">mil\u00edmetros<\/td>\n<td class=\"et4\">mil\u00edmetros<\/td>\n<\/tr>\n<tr style=\"height: 18.00pt;\">\n<td class=\"et5\" style=\"height: 18.00pt;\" height=\"36\">2\u2033<\/td>\n<td class=\"et5\">2,38\u2033<\/td>\n<td class=\"et5\">60.3<\/td>\n<td class=\"et5\">4\u2033<\/td>\n<td class=\"et2\"><\/td>\n<td class=\"et5\">4\u2033<\/td>\n<td class=\"et5\">4,5\u2033<\/td>\n<td class=\"et5\">114.3<\/td>\n<td class=\"et5\">24\u2033<\/td>\n<\/tr>\n<tr style=\"height: 18.00pt;\">\n<td class=\"et6\" style=\"height: 18.00pt;\" height=\"36\">2\u2033<\/td>\n<td class=\"et6\">2,38\u2033<\/td>\n<td class=\"et6\">60.3<\/td>\n<td class=\"et6\">5\u2033<\/td>\n<td class=\"et2\"><\/td>\n<td class=\"et6\">5\u2033<\/td>\n<td class=\"et6\">5,56\u2033<\/td>\n<td class=\"et6\">139.7<\/td>\n<td class=\"et6\">12\u2033<\/td>\n<\/tr>\n<tr style=\"height: 18.00pt;\">\n<td class=\"et5\" style=\"height: 18.00pt;\" height=\"36\">2\u2033<\/td>\n<td class=\"et5\">2,38\u2033<\/td>\n<td class=\"et5\">60.3<\/td>\n<td class=\"et5\">7\u2033<\/td>\n<td class=\"et2\"><\/td>\n<td class=\"et5\">6\u2033<\/td>\n<td class=\"et5\">6,63\u2033<\/td>\n<td class=\"et5\">168.3<\/td>\n<td class=\"et5\">4\u2033<\/td>\n<\/tr>\n<tr style=\"height: 18.00pt;\">\n<td class=\"et6\" style=\"height: 18.00pt;\" height=\"36\">2\u2033<\/td>\n<td class=\"et6\">2,38\u2033<\/td>\n<td class=\"et6\">60.3<\/td>\n<td class=\"et6\">12\u2033<\/td>\n<td class=\"et2\"><\/td>\n<td class=\"et6\">6\u2033<\/td>\n<td class=\"et6\">6,63\u2033<\/td>\n<td class=\"et6\">168.3<\/td>\n<td class=\"et6\">5\u2033<\/td>\n<\/tr>\n<tr style=\"height: 18.00pt;\">\n<td class=\"et5\" style=\"height: 18.00pt;\" height=\"36\">2\u2033<\/td>\n<td class=\"et5\">2,38\u2033<\/td>\n<td class=\"et5\">60.3<\/td>\n<td class=\"et5\">14\u2033<\/td>\n<td class=\"et2\"><\/td>\n<td class=\"et5\">6\u2033<\/td>\n<td class=\"et5\">6,63\u2033<\/td>\n<td class=\"et5\">168.3<\/td>\n<td class=\"et5\">7\u2033<\/td>\n<\/tr>\n<tr style=\"height: 18.00pt;\">\n<td class=\"et6\" style=\"height: 18.00pt;\" height=\"36\">21\/2\u2033<\/td>\n<td class=\"et6\">2,5\u2033<\/td>\n<td class=\"et6\">76.1<\/td>\n<td class=\"et6\">7\u2033<\/td>\n<td class=\"et2\"><\/td>\n<td class=\"et6\">6\u2033<\/td>\n<td class=\"et6\">6,63\u2033<\/td>\n<td class=\"et6\">168.3<\/td>\n<td class=\"et6\">12\u2033<\/td>\n<\/tr>\n<tr style=\"height: 18.00pt;\">\n<td class=\"et5\" style=\"height: 18.00pt;\" height=\"36\">21\/2\u2033<\/td>\n<td class=\"et5\">2,5\u2033<\/td>\n<td class=\"et5\">76.1<\/td>\n<td class=\"et5\">12\u2033<\/td>\n<td class=\"et2\"><\/td>\n<td class=\"et5\">6\u2033<\/td>\n<td class=\"et5\">6,63\u2033<\/td>\n<td class=\"et5\">168.3<\/td>\n<td class=\"et5\">diecis\u00e9is&quot;<\/td>\n<\/tr>\n<tr style=\"height: 18.00pt;\">\n<td class=\"et6\" style=\"height: 18.00pt;\" height=\"36\">3\u2033<\/td>\n<td class=\"et6\">3,5\u2033<\/td>\n<td class=\"et6\">88.9<\/td>\n<td class=\"et6\">4\u2033<\/td>\n<td class=\"et2\"><\/td>\n<td class=\"et6\">6\u2033<\/td>\n<td class=\"et6\">6,63\u2033<\/td>\n<td class=\"et6\">168.3<\/td>\n<td class=\"et6\">24\u2033<\/td>\n<\/tr>\n<tr style=\"height: 18.00pt;\">\n<td class=\"et5\" style=\"height: 18.00pt;\" height=\"36\">3\u2033<\/td>\n<td class=\"et5\">3,5\u2033<\/td>\n<td class=\"et5\">88.9<\/td>\n<td class=\"et5\">5\u2033<\/td>\n<td class=\"et2\"><\/td>\n<td class=\"et5\">8\u2033<\/td>\n<td class=\"et5\">8,63\u2033<\/td>\n<td class=\"et5\">219.1<\/td>\n<td class=\"et5\">4\u2033<\/td>\n<\/tr>\n<tr style=\"height: 18.00pt;\">\n<td class=\"et6\" style=\"height: 18.00pt;\" height=\"36\">3\u2033<\/td>\n<td class=\"et6\">3,5\u2033<\/td>\n<td class=\"et6\">88.9<\/td>\n<td class=\"et6\">7\u2033<\/td>\n<td class=\"et2\"><\/td>\n<td class=\"et6\">8\u2033<\/td>\n<td class=\"et6\">8,63\u2033<\/td>\n<td class=\"et6\">219.1<\/td>\n<td class=\"et6\">12\u2033<\/td>\n<\/tr>\n<tr style=\"height: 18.00pt;\">\n<td class=\"et5\" style=\"height: 18.00pt;\" height=\"36\">3\u2033<\/td>\n<td class=\"et5\">3,5\u2033<\/td>\n<td class=\"et5\">88.9<\/td>\n<td class=\"et5\">12\u2033<\/td>\n<td class=\"et2\"><\/td>\n<td class=\"et5\">8\u2033<\/td>\n<td class=\"et5\">8,63\u2033<\/td>\n<td class=\"et5\">219.1<\/td>\n<td class=\"et5\">diecis\u00e9is&quot;<\/td>\n<\/tr>\n<tr style=\"height: 18.00pt;\">\n<td class=\"et6\" style=\"height: 18.00pt;\" height=\"36\">3\u2033<\/td>\n<td class=\"et6\">3,5\u2033<\/td>\n<td class=\"et6\">88.9<\/td>\n<td class=\"et6\">diecis\u00e9is&quot;<\/td>\n<td class=\"et2\"><\/td>\n<td class=\"et6\">8\u2033<\/td>\n<td class=\"et6\">8,63\u2033<\/td>\n<td class=\"et6\">219.1<\/td>\n<td class=\"et6\">24\u2033<\/td>\n<\/tr>\n<tr style=\"height: 18.00pt;\">\n<td class=\"et5\" style=\"height: 18.00pt;\" height=\"36\">3\u2033<\/td>\n<td class=\"et5\">3,5\u2033<\/td>\n<td class=\"et5\">88.9<\/td>\n<td class=\"et5\">24\u2033<\/td>\n<td class=\"et2\"><\/td>\n<td class=\"et5\">10\u2033<\/td>\n<td class=\"et5\">10,75\u2033<\/td>\n<td class=\"et5\">273<\/td>\n<td class=\"et5\">4\u2033<\/td>\n<\/tr>\n<tr style=\"height: 18.00pt;\">\n<td class=\"et6\" style=\"height: 18.00pt;\" height=\"36\">4\u2033<\/td>\n<td class=\"et6\">4,5\u2033<\/td>\n<td class=\"et6\">114.3<\/td>\n<td class=\"et6\">4\u2033<\/td>\n<td class=\"et2\"><\/td>\n<td class=\"et6\">10\u2033<\/td>\n<td class=\"et6\">10,75\u2033<\/td>\n<td class=\"et6\">273<\/td>\n<td class=\"et6\">12\u2033<\/td>\n<\/tr>\n<tr style=\"height: 18.00pt;\">\n<td class=\"et5\" style=\"height: 18.00pt;\" height=\"36\">4\u2033<\/td>\n<td class=\"et5\">4,5\u2033<\/td>\n<td class=\"et5\">114.3<\/td>\n<td class=\"et5\">5\u2033<\/td>\n<td class=\"et2\"><\/td>\n<td class=\"et5\">10\u2033<\/td>\n<td class=\"et5\">10,75\u2033<\/td>\n<td class=\"et5\">273<\/td>\n<td class=\"et5\">diecis\u00e9is&quot;<\/td>\n<\/tr>\n<tr style=\"height: 18.00pt;\">\n<td class=\"et6\" style=\"height: 18.00pt;\" height=\"36\">4\u2033<\/td>\n<td class=\"et6\">4,5\u2033<\/td>\n<td class=\"et6\">114.3<\/td>\n<td class=\"et6\">7\u2033<\/td>\n<td class=\"et2\"><\/td>\n<td class=\"et6\">12\u2033<\/td>\n<td class=\"et6\">12,75\u2033<\/td>\n<td class=\"et6\">323.9<\/td>\n<td class=\"et6\">4\u2033<\/td>\n<\/tr>\n<tr style=\"height: 18.00pt;\">\n<td class=\"et6\" style=\"height: 18.00pt;\" height=\"36\">4\u2033<\/td>\n<td class=\"et6\">4,5\u2033<\/td>\n<td class=\"et6\">114.3<\/td>\n<td class=\"et6\">12\u2033<\/td>\n<td class=\"et2\"><\/td>\n<td class=\"et6\">12\u2033<\/td>\n<td class=\"et6\">12,75\u2033<\/td>\n<td class=\"et6\">323.9<\/td>\n<td class=\"et6\">diecis\u00e9is&quot;<\/td>\n<\/tr>\n<tr style=\"height: 18.00pt;\">\n<td class=\"et6\" style=\"height: 18.00pt;\" height=\"36\">4\u2033<\/td>\n<td class=\"et6\">4,5\u2033<\/td>\n<td class=\"et6\">114.3<\/td>\n<td class=\"et6\">diecis\u00e9is&quot;<\/td>\n<td class=\"et2\"><\/td>\n<td class=\"et6\">12\u2033<\/td>\n<td class=\"et6\">12,75\u2033<\/td>\n<td class=\"et6\">323.9<\/td>\n<td class=\"et6\">24\u2033<\/td>\n<\/tr>\n<\/tbody>\n<\/table>\n<p>&nbsp;<\/p>\n<p><img decoding=\"async\" class=\"wp-image-2969\" src=\"https:\/\/www.okval.com\/wp-content\/uploads\/2024\/03\/dresser-coupling-red.jpg\" alt=\"\" width=\"403\" height=\"403\" srcset=\"https:\/\/www.okval.com\/wp-content\/uploads\/2024\/03\/dresser-coupling-red.jpg 1000w, https:\/\/www.okval.com\/wp-content\/uploads\/2024\/03\/dresser-coupling-red-300x300.jpg 300w, https:\/\/www.okval.com\/wp-content\/uploads\/2024\/03\/dresser-coupling-red-150x150.jpg 150w, https:\/\/www.okval.com\/wp-content\/uploads\/2024\/03\/dresser-coupling-red-768x768.jpg 768w, https:\/\/www.okval.com\/wp-content\/uploads\/2024\/03\/dresser-coupling-red-12x12.jpg 12w, https:\/\/www.okval.com\/wp-content\/uploads\/2024\/03\/dresser-coupling-red-600x600.jpg 600w\" sizes=\"(max-width: 403px) 100vw, 403px\" \/><\/p>\n<p><strong>Proceso de instalaci\u00f3n de la c\u00f3moda Coplue:<\/strong><br \/>\nColoque el acoplamiento alrededor de los extremos de la tuber\u00eda.<br \/>\nInsertar las juntas entre los anillos seguidores y el tubo.<br \/>\nApriete los pernos para comprimir las juntas y crear una conexi\u00f3n segura.<br \/>\nLas juntas resistentes permiten el movimiento manteniendo una junta sin fugas.<br \/>\nFlexibilidad: Los acoplamientos Dresser se adaptan al movimiento de la tuber\u00eda debido a cambios de temperatura o asentamiento del suelo.<br \/>\nInstalaci\u00f3n r\u00e1pida: Son f\u00e1ciles de instalar, ahorrando tiempo y mano de obra.<br \/>\nAbsorci\u00f3n de vibraciones: Las juntas absorben vibraciones fuertes, reduciendo la tensi\u00f3n en las tuber\u00edas.<br \/>\nRecuerde, los acoplamientos Dresser son una opci\u00f3n confiable cuando necesita una conexi\u00f3n de tuber\u00eda flexible y eficiente.<\/p>","protected":false},"excerpt":{"rendered":"<p>Los acoplamientos de vestir de la marca OKVAL se utilizan para unir tuber\u00edas de extremo liso, el dise\u00f1o de los acoplamientos de manguito atornillado Okval tiene manguitos que se deslizan sobre los extremos de la tuber\u00eda a la que se van a conectar, lo que proporciona un acoplamiento ajustado entre las tuber\u00edas. Los acoplamientos de vestir Okval proporcionan conexiones flexibles y a prueba de fugas que duran toda la vida \u00fatil de la tuber\u00eda a la que est\u00e1n conectados.<\/p>\n<p>&nbsp;<\/p>","protected":false},"featured_media":2430,"template":"","meta":[],"product_brand":[],"product_cat":[37,174],"product_tag":[303,304,305,306,243,307,297,308,298,309,299,310,300,301,302],"class_list":{"0":"post-2429","1":"product","2":"type-product","3":"status-publish","4":"has-post-thumbnail","6":"product_cat-pipe-joints","7":"product_cat-dresser-coupling","8":"product_tag-dresser-type-pipe-coupling","9":"product_tag-dresser-pipe-fittings","10":"product_tag-carbon-steel-pipe-coupling","11":"product_tag-dresser-coupling-repair","12":"product_tag-dresser-coupling","13":"product_tag-dresser-coupler-coupling","14":"product_tag-dresser-coupler","15":"product_tag-marine-industry","16":"product_tag-bolted-pipe-couplings","17":"product_tag-dresser-coupling-gasket","18":"product_tag-dresser-pipe-coupling","19":"product_tag-bolted-sleeve-coupling","20":"product_tag-dresser-joint","21":"product_tag-quick-coupler","22":"product_tag-style-38-dresser-coupling","24":"first","25":"instock","26":"shipping-taxable","27":"product-type-simple"},"aioseo_notices":[],"_links":{"self":[{"href":"https:\/\/www.okval.com\/es\/wp-json\/wp\/v2\/product\/2429","targetHints":{"allow":["GET"]}}],"collection":[{"href":"https:\/\/www.okval.com\/es\/wp-json\/wp\/v2\/product"}],"about":[{"href":"https:\/\/www.okval.com\/es\/wp-json\/wp\/v2\/types\/product"}],"wp:featuredmedia":[{"embeddable":true,"href":"https:\/\/www.okval.com\/es\/wp-json\/wp\/v2\/media\/2430"}],"wp:attachment":[{"href":"https:\/\/www.okval.com\/es\/wp-json\/wp\/v2\/media?parent=2429"}],"wp:term":[{"taxonomy":"product_brand","embeddable":true,"href":"https:\/\/www.okval.com\/es\/wp-json\/wp\/v2\/product_brand?post=2429"},{"taxonomy":"product_cat","embeddable":true,"href":"https:\/\/www.okval.com\/es\/wp-json\/wp\/v2\/product_cat?post=2429"},{"taxonomy":"product_tag","embeddable":true,"href":"https:\/\/www.okval.com\/es\/wp-json\/wp\/v2\/product_tag?post=2429"}],"curies":[{"name":"wp","href":"https:\/\/api.w.org\/{rel}","templated":true}]}}