{"id":2426,"date":"2024-03-27T10:11:17","date_gmt":"2024-03-27T02:11:17","guid":{"rendered":"https:\/\/www.okval.com\/?post_type=product&#038;p=2426"},"modified":"2024-04-09T13:38:45","modified_gmt":"2024-04-09T05:38:45","slug":"juntas-de-gibault","status":"publish","type":"product","link":"https:\/\/www.okval.com\/es\/articulaciones-gibault-html","title":{"rendered":"Junta Gibault para tuber\u00eda de PVC con junta tipo O"},"content":{"rendered":"<p><meta name=\"keywords\" content=\"gibault\uff0cGibault joints \uff0cConnection Joints\uff0ccampana gibault\uff0cUnion Gibault copia\uff0cDismantling Joints,Ductile Iron Grooved Fittings,Fundici\u00f3n,brida,PVC Ductile Iron Pipe Fitting,Flexible Coupling,Flanged Adaptor,Dismantling Joint,GIBAULT JOINT,ISO 2531, EN 545\uff0cen598,rubber gaskets,BS 4772,AINSI \/AWWA C151,AWWA C104,pipe fittings,Gibault Joints,Union gibault,Uni\u00f3n Gibault ,mec\u00e1nica universal,Junta gibault,\u0e22\u0e35\u0e42\u0e1a\u0e25\u0e17\u0e4c,Pipe Repair Coupling,Joints gibault Adduction eau potable,Gibault joints for PVC pipe,Gibault joints for AC pipe,Gasket epdm O ring, A gasket,Gibault joints and couplings,EN545,ISO2531,Pipe joints\"><\/p>\n<div class=\"elementor-element elementor-element-ee2e42a elementor-widget elementor-widget-heading nitro-offscreen nitro-lazy-render\" data-id=\"ee2e42a\" data-element_type=\"widget\" data-widget_type=\"heading.default\">\n<div class=\"elementor-widget-container\">\n<p><strong>Caracter\u00edsticas<\/strong><\/p>\n<p style=\"padding-left: 40px;\">\u2022 Hierro D\u00factil con recubrimiento FBE.<br \/>\n\u2022 Presi\u00f3n de trabajo PN10, PN16.<br \/>\n\u2022 Equipado con pernos y tuercas de acero galvanizado.<br \/>\n\u2022 Juntas de caucho tipo O EPDM o NBR<br \/>\n\u2022 Rango de tama\u00f1o de 2\u2033 a 12\u2033<\/p>\n<p><strong>Par\u00e1metros t\u00e9cnicos<\/strong><\/p>\n<p>1-Dibujo<\/p>\n<p><img decoding=\"async\" title=\"Dibujo de la articulaci\u00f3n Gibault\" src=\"https:\/\/www.ametekiron.com\/Content\/uploads\/2020677727\/202009011725218110444feaaa4594a7672101e428ce6b.jpg\" \/><\/p>\n<p>Especificaci\u00f3n de 2 materiales<\/p>\n<div class=\"table-responsive\">\n<table class=\"table\" border=\"0\" width=\"100%\" cellspacing=\"0\" cellpadding=\"0\">\n<tbody>\n<tr class=\"firstRow\">\n<td valign=\"top\" width=\"142\">Art\u00edculo No.<\/td>\n<td valign=\"top\" width=\"142\">Nombre del \u00e1rticulo<\/td>\n<td valign=\"top\" width=\"142\">Material<\/td>\n<td valign=\"top\" width=\"142\">Especificaci\u00f3n<\/td>\n<\/tr>\n<tr>\n<td valign=\"top\" width=\"142\">1<\/td>\n<td valign=\"top\" width=\"142\">Manga<\/td>\n<td valign=\"top\" width=\"142\">Hierro d\u00factil<\/td>\n<td valign=\"top\" width=\"142\">GGG50<\/td>\n<\/tr>\n<tr>\n<td valign=\"top\" width=\"142\">2<\/td>\n<td valign=\"top\" width=\"142\">Anillo final<\/td>\n<td valign=\"top\" width=\"142\">Hierro d\u00factil<\/td>\n<td valign=\"top\" width=\"142\">GGG50<\/td>\n<\/tr>\n<tr>\n<td valign=\"top\" width=\"142\">3<\/td>\n<td valign=\"top\" width=\"142\">Empaquetadura<\/td>\n<td valign=\"top\" width=\"142\">Goma<\/td>\n<td valign=\"top\" width=\"142\">EPDM<\/td>\n<\/tr>\n<tr>\n<td valign=\"top\" width=\"142\">4<\/td>\n<td valign=\"top\" width=\"142\">Tornillo<\/td>\n<td valign=\"top\" width=\"142\">Acero galvanizado<\/td>\n<td valign=\"top\" width=\"142\">ISO898-1:1999<\/td>\n<\/tr>\n<tr>\n<td valign=\"top\" width=\"142\">5<\/td>\n<td valign=\"top\" width=\"142\">Lavadora<\/td>\n<td valign=\"top\" width=\"142\">Acero galvanizado<\/td>\n<td valign=\"top\" width=\"142\"><\/td>\n<\/tr>\n<tr>\n<td valign=\"top\" width=\"142\">6<\/td>\n<td valign=\"top\" width=\"142\">Tuerca<\/td>\n<td valign=\"top\" width=\"142\">Acero galvanizado<\/td>\n<td valign=\"top\" width=\"142\">ISO898-1:1992<\/td>\n<\/tr>\n<tr>\n<td valign=\"top\" width=\"142\">7<\/td>\n<td valign=\"top\" width=\"142\">Gorra<\/td>\n<td valign=\"top\" width=\"142\">El plastico<\/td>\n<td valign=\"top\" width=\"142\"><\/td>\n<\/tr>\n<\/tbody>\n<\/table>\n<\/div>\n<p>3 dimensiones (mm)<\/p>\n<div class=\"table-responsive\">\n<table class=\"table\" border=\"0\" width=\"100%\" cellspacing=\"0\" cellpadding=\"0\">\n<tbody>\n<tr class=\"firstRow\">\n<td valign=\"top\" width=\"73\">Pulgada<\/td>\n<td valign=\"top\" width=\"71\">DN<\/td>\n<td valign=\"top\" width=\"71\">sobredosis<\/td>\n<td valign=\"top\" width=\"70\">l<\/td>\n<td valign=\"top\" width=\"70\">Perno No.<\/td>\n<td valign=\"top\" width=\"70\">Perno L<\/td>\n<\/tr>\n<tr>\n<td valign=\"top\" width=\"73\">2\u2033<\/td>\n<td valign=\"top\" width=\"71\">50<\/td>\n<td valign=\"top\" width=\"71\">63<\/td>\n<td valign=\"top\" width=\"70\">125<\/td>\n<td valign=\"top\" width=\"70\">2<\/td>\n<td valign=\"top\" width=\"70\">M12*180<\/td>\n<\/tr>\n<tr>\n<td valign=\"top\" width=\"73\">2-1\/2\u2033<\/td>\n<td valign=\"top\" width=\"71\">65<\/td>\n<td valign=\"top\" width=\"71\">75<\/td>\n<td valign=\"top\" width=\"70\">130<\/td>\n<td valign=\"top\" width=\"70\">2<\/td>\n<td valign=\"top\" width=\"70\">M12*180<\/td>\n<\/tr>\n<tr>\n<td valign=\"top\" width=\"73\">3\u2033<\/td>\n<td valign=\"top\" width=\"71\">80<\/td>\n<td valign=\"top\" width=\"71\">90<\/td>\n<td valign=\"top\" width=\"70\">130<\/td>\n<td valign=\"top\" width=\"70\">3<\/td>\n<td valign=\"top\" width=\"70\">M12*190<\/td>\n<\/tr>\n<tr>\n<td valign=\"top\" width=\"73\">4\u2033<\/td>\n<td valign=\"top\" width=\"71\">100<\/td>\n<td valign=\"top\" width=\"71\">110<\/td>\n<td valign=\"top\" width=\"70\">130<\/td>\n<td valign=\"top\" width=\"70\">3<\/td>\n<td valign=\"top\" width=\"70\">M12*210<\/td>\n<\/tr>\n<tr>\n<td valign=\"top\" width=\"73\">5\u2033<\/td>\n<td valign=\"top\" width=\"71\">125<\/td>\n<td valign=\"top\" width=\"71\">125<\/td>\n<td valign=\"top\" width=\"70\">150<\/td>\n<td valign=\"top\" width=\"70\">4<\/td>\n<td valign=\"top\" width=\"70\">M12*210<\/td>\n<\/tr>\n<tr>\n<td valign=\"top\" width=\"73\">5\u2033<\/td>\n<td valign=\"top\" width=\"71\">125<\/td>\n<td valign=\"top\" width=\"71\">140<\/td>\n<td valign=\"top\" width=\"70\">150<\/td>\n<td valign=\"top\" width=\"70\">4<\/td>\n<td valign=\"top\" width=\"70\">M12*210<\/td>\n<\/tr>\n<tr>\n<td valign=\"top\" width=\"73\">6\u2033<\/td>\n<td valign=\"top\" width=\"71\">150<\/td>\n<td valign=\"top\" width=\"71\">160<\/td>\n<td valign=\"top\" width=\"70\">150<\/td>\n<td valign=\"top\" width=\"70\">4<\/td>\n<td valign=\"top\" width=\"70\">M12*210<\/td>\n<\/tr>\n<tr>\n<td valign=\"top\" width=\"73\">6\u2033<\/td>\n<td valign=\"top\" width=\"71\">150<\/td>\n<td valign=\"top\" width=\"71\">180<\/td>\n<td valign=\"top\" width=\"70\">170<\/td>\n<td valign=\"top\" width=\"70\">4<\/td>\n<td valign=\"top\" width=\"70\">M12*240<\/td>\n<\/tr>\n<tr>\n<td valign=\"top\" width=\"73\">8\u2033<\/td>\n<td valign=\"top\" width=\"71\">200<\/td>\n<td valign=\"top\" width=\"71\">200<\/td>\n<td valign=\"top\" width=\"70\">180<\/td>\n<td valign=\"top\" width=\"70\">4<\/td>\n<td valign=\"top\" width=\"70\">M12*240<\/td>\n<\/tr>\n<tr>\n<td valign=\"top\" width=\"73\">8\u2033<\/td>\n<td valign=\"top\" width=\"71\">200<\/td>\n<td valign=\"top\" width=\"71\">225<\/td>\n<td valign=\"top\" width=\"70\">180<\/td>\n<td valign=\"top\" width=\"70\">4<\/td>\n<td valign=\"top\" width=\"70\">M12*250<\/td>\n<\/tr>\n<tr>\n<td valign=\"top\" width=\"73\">10\u2033<\/td>\n<td valign=\"top\" width=\"71\">250<\/td>\n<td valign=\"top\" width=\"71\">250<\/td>\n<td valign=\"top\" width=\"70\">180<\/td>\n<td valign=\"top\" width=\"70\">6<\/td>\n<td valign=\"top\" width=\"70\">M12*260<\/td>\n<\/tr>\n<tr>\n<td valign=\"top\" width=\"73\">10\u2033<\/td>\n<td valign=\"top\" width=\"71\">250<\/td>\n<td valign=\"top\" width=\"71\">280<\/td>\n<td valign=\"top\" width=\"70\">180<\/td>\n<td valign=\"top\" width=\"70\">6<\/td>\n<td valign=\"top\" width=\"70\">M12*260<\/td>\n<\/tr>\n<tr>\n<td valign=\"top\" width=\"73\">12\u2033<\/td>\n<td valign=\"top\" width=\"71\">300<\/td>\n<td valign=\"top\" width=\"71\">315<\/td>\n<td valign=\"top\" width=\"70\">180<\/td>\n<td valign=\"top\" width=\"70\">6<\/td>\n<td valign=\"top\" width=\"70\">M12*260<\/td>\n<\/tr>\n<\/tbody>\n<\/table>\n<\/div>\n<p>&nbsp;<\/p>\n<\/div>\n<\/div>","protected":false},"excerpt":{"rendered":"<p>La junta Gibault est\u00e1 dise\u00f1ada espec\u00edficamente para el extremo liso de tuber\u00edas de PVC y tuber\u00edas de HDPE. Para otras tuber\u00edas, normalmente las llamamos acoplamiento que se utiliza para conectar los extremos lisos de la tuber\u00eda. En comparaci\u00f3n con el acoplamiento universal, la junta gibault est\u00e1 dise\u00f1ada espec\u00edficamente para el di\u00e1metro exterior de una tuber\u00eda, por lo que su dimensi\u00f3n se ajusta con precisi\u00f3n al di\u00e1metro exterior de la tuber\u00eda. haciendo que el ajuste sea muy r\u00e1pido y f\u00e1cil. El rendimiento del sellado es muy bueno. La junta gibault puede soportar presiones m\u00e1s altas que una\u00a0<a href=\"https:\/\/pipefittingandvalve.com\/flexible-pipe-coupling\/\" target=\"_blank\" rel=\"noopener\">Acoplamiento de amplio rango<\/a>\u00a0del mismo tama\u00f1o.<\/p>","protected":false},"featured_media":2723,"template":"","meta":[],"product_brand":[],"product_cat":[37,173],"product_tag":[244],"class_list":{"0":"post-2426","1":"product","2":"type-product","3":"status-publish","4":"has-post-thumbnail","6":"product_cat-pipe-joints","7":"product_cat-gibault-joints","8":"product_tag-gibault-joints","10":"first","11":"instock","12":"featured","13":"shipping-taxable","14":"product-type-simple"},"aioseo_notices":[],"_links":{"self":[{"href":"https:\/\/www.okval.com\/es\/wp-json\/wp\/v2\/product\/2426","targetHints":{"allow":["GET"]}}],"collection":[{"href":"https:\/\/www.okval.com\/es\/wp-json\/wp\/v2\/product"}],"about":[{"href":"https:\/\/www.okval.com\/es\/wp-json\/wp\/v2\/types\/product"}],"wp:featuredmedia":[{"embeddable":true,"href":"https:\/\/www.okval.com\/es\/wp-json\/wp\/v2\/media\/2723"}],"wp:attachment":[{"href":"https:\/\/www.okval.com\/es\/wp-json\/wp\/v2\/media?parent=2426"}],"wp:term":[{"taxonomy":"product_brand","embeddable":true,"href":"https:\/\/www.okval.com\/es\/wp-json\/wp\/v2\/product_brand?post=2426"},{"taxonomy":"product_cat","embeddable":true,"href":"https:\/\/www.okval.com\/es\/wp-json\/wp\/v2\/product_cat?post=2426"},{"taxonomy":"product_tag","embeddable":true,"href":"https:\/\/www.okval.com\/es\/wp-json\/wp\/v2\/product_tag?post=2426"}],"curies":[{"name":"wp","href":"https:\/\/api.w.org\/{rel}","templated":true}]}}