{"id":2422,"date":"2024-03-27T09:41:08","date_gmt":"2024-03-27T01:41:08","guid":{"rendered":"https:\/\/www.okval.com\/?post_type=product&#038;p=2422"},"modified":"2024-04-09T20:02:30","modified_gmt":"2024-04-09T12:02:30","slug":"abrazadera-de-sillin","status":"publish","type":"product","link":"https:\/\/www.okval.com\/es\/abrazadera-de-sillin-html","title":{"rendered":"Abrazaderas de sill\u00edn"},"content":{"rendered":"<p><meta name=\"Keywords\" content=\"fittings,pipe fittings,fitting\uff0cpipe fitting,bathroom fittings ,hose fittings ,compression fittings ,plumbing fittings ,tube fittings ,pipes and fittings ,valves,valve, Saddle Clamp ,Tapping Saddle \uff0cSaddle clamp for pvc pipe\uff0cSaddle camlock for AC pipe\uff0cSaddle clamp for DI pipe\uff0cSaddle Clamp ,Tapping Saddle \u2800\uff0cSaddle clamp for pvc pipe\uff0cSaddle camlock for AC pipe\uff0cSaddle clamp for DI pipe\uff0cclampsaddle\uff0csaddleclamp \u2800\u2800\uff0ctappingsaddle #pvc #pe \uff0cCollar\u00edn \uff0cColliers de \uff0ctappingsaddle\uff0csaddle\u2800\uff0cCollier de prise en charge \u2800\uff0cRobinet \u2800\uff0cbrides \u2800\uff0cClapet \u2800\uff0cRaccords #fonte \u2800\"><\/p>\n<div class=\"elementor-element elementor-element-9597f3c elementor-widget elementor-widget-heading\" data-id=\"9597f3c\" data-element_type=\"widget\" data-widget_type=\"heading.default\">\n<div class=\"elementor-widget-container\">\n<p><strong>Caracter\u00edsticas<\/strong><\/p>\n<p>\u25a0 Piezas y materiales principales<br \/>\n\u00b7 Material de hierro d\u00factil con revestimiento FBE<br \/>\n\u00b7 Pernos, tuercas de acero galvanizado.<br \/>\n\u25a0 Junta<br \/>\n\u00b7 Junta EPDM<br \/>\n\u25a0 Dimensiones (MM)<br \/>\n\u25a0 Caracter\u00edsticas<br \/>\n\u00b7 Revestimiento epoxi m\u00edn. 250 micras.<br \/>\n\u00b7 Presi\u00f3n de trabajo PN10, PN16<\/p>\n<p><strong>Par\u00e1metros t\u00e9cnicos<\/strong><\/p>\n<p>1-Dibujo<\/p>\n<p>&nbsp;<\/p>\n<p>Especificaci\u00f3n de 2 materiales<\/p>\n<div class=\"table-responsive\">\n<table class=\"table\" border=\"0\" width=\"100%\" cellspacing=\"0\" cellpadding=\"0\">\n<tbody>\n<tr class=\"firstRow\">\n<td valign=\"top\" width=\"142\">Art\u00edculo No.<\/td>\n<td valign=\"top\" width=\"142\">Nombre del \u00e1rticulo<\/td>\n<td valign=\"top\" width=\"196\">Material<\/td>\n<\/tr>\n<tr>\n<td valign=\"top\" width=\"142\">1<\/td>\n<td valign=\"top\" width=\"142\">Cuerpo<\/td>\n<td valign=\"top\" width=\"196\">Hierro fundido\/hierro d\u00factil<\/td>\n<\/tr>\n<tr>\n<td valign=\"top\" width=\"142\">2<\/td>\n<td valign=\"top\" width=\"142\">Brida<\/td>\n<td valign=\"top\" width=\"196\">Hierro fundido\/hierro d\u00factil<\/td>\n<\/tr>\n<tr>\n<td valign=\"top\" width=\"142\">3<\/td>\n<td valign=\"top\" width=\"142\">Goma<\/td>\n<td valign=\"top\" width=\"196\">EPDM\/NBR\/LAT\u00d3N\/SS<\/td>\n<\/tr>\n<tr>\n<td valign=\"top\" width=\"142\">4<\/td>\n<td valign=\"top\" width=\"142\">Tornillo<\/td>\n<td valign=\"top\" width=\"196\">Acero galvanizado<\/td>\n<\/tr>\n<tr>\n<td valign=\"top\" width=\"142\">5<\/td>\n<td valign=\"top\" width=\"142\">Tuerca<\/td>\n<td valign=\"top\" width=\"196\">Acero galvanizado<\/td>\n<\/tr>\n<\/tbody>\n<\/table>\n<\/div>\n<p>3 dimensiones (mm)<\/p>\n<table width=\"606\">\n<tbody>\n<tr>\n<td style=\"font-weight: 400;\" width=\"101\">Tama\u00f1o<\/td>\n<td style=\"font-weight: 400;\" width=\"101\">GRAMO<\/td>\n<td style=\"font-weight: 400;\" width=\"101\">h1<\/td>\n<td style=\"font-weight: 400;\" width=\"101\">h2<\/td>\n<td style=\"font-weight: 400;\" width=\"101\">h3<\/td>\n<td style=\"font-weight: 400;\" width=\"101\">r1<\/td>\n<\/tr>\n<tr>\n<td style=\"font-weight: 400;\" width=\"101\">50\u00d720<\/td>\n<td style=\"font-weight: 400;\" width=\"101\">M40x3<\/td>\n<td style=\"font-weight: 400;\" width=\"101\">22<\/td>\n<td style=\"font-weight: 400;\" width=\"101\">15.5<\/td>\n<td style=\"font-weight: 400;\" width=\"101\">15.5<\/td>\n<td style=\"font-weight: 400;\" width=\"101\">27<\/td>\n<\/tr>\n<tr>\n<td style=\"font-weight: 400;\" width=\"101\">63\u00d720<\/td>\n<td style=\"font-weight: 400;\" width=\"101\">M40x3<\/td>\n<td style=\"font-weight: 400;\" width=\"101\">22<\/td>\n<td style=\"font-weight: 400;\" width=\"101\">22<\/td>\n<td style=\"font-weight: 400;\" width=\"101\">22<\/td>\n<td style=\"font-weight: 400;\" width=\"101\">33.5<\/td>\n<\/tr>\n<tr>\n<td style=\"font-weight: 400;\" width=\"101\">75\u00d720<\/td>\n<td style=\"font-weight: 400;\" width=\"101\">M40x3<\/td>\n<td style=\"font-weight: 400;\" width=\"101\">22<\/td>\n<td style=\"font-weight: 400;\" width=\"101\">28<\/td>\n<td style=\"font-weight: 400;\" width=\"101\">28<\/td>\n<td style=\"font-weight: 400;\" width=\"101\">39.5<\/td>\n<\/tr>\n<tr>\n<td style=\"font-weight: 400;\" width=\"101\">90\u00d720<\/td>\n<td style=\"font-weight: 400;\" width=\"101\">M40x3<\/td>\n<td style=\"font-weight: 400;\" width=\"101\">22<\/td>\n<td style=\"font-weight: 400;\" width=\"101\">35.5<\/td>\n<td style=\"font-weight: 400;\" width=\"101\">35.5<\/td>\n<td style=\"font-weight: 400;\" width=\"101\">47<\/td>\n<\/tr>\n<tr>\n<td style=\"font-weight: 400;\" width=\"101\">110\u00d720<\/td>\n<td style=\"font-weight: 400;\" width=\"101\">M40x3<\/td>\n<td style=\"font-weight: 400;\" width=\"101\">22<\/td>\n<td style=\"font-weight: 400;\" width=\"101\">45.5<\/td>\n<td style=\"font-weight: 400;\" width=\"101\">45.5<\/td>\n<td style=\"font-weight: 400;\" width=\"101\">57<\/td>\n<\/tr>\n<tr>\n<td style=\"font-weight: 400;\" width=\"101\">125\u00d720<\/td>\n<td style=\"font-weight: 400;\" width=\"101\">M40x3<\/td>\n<td style=\"font-weight: 400;\" width=\"101\">22<\/td>\n<td style=\"font-weight: 400;\" width=\"101\">53<\/td>\n<td style=\"font-weight: 400;\" width=\"101\">53<\/td>\n<td style=\"font-weight: 400;\" width=\"101\">64.5<\/td>\n<\/tr>\n<tr>\n<td style=\"font-weight: 400;\" width=\"101\">140\u00d720<\/td>\n<td style=\"font-weight: 400;\" width=\"101\">M40x3<\/td>\n<td style=\"font-weight: 400;\" width=\"101\">22<\/td>\n<td style=\"font-weight: 400;\" width=\"101\">60.5<\/td>\n<td style=\"font-weight: 400;\" width=\"101\">60.5<\/td>\n<td style=\"font-weight: 400;\" width=\"101\">72<\/td>\n<\/tr>\n<tr>\n<td style=\"font-weight: 400;\" width=\"101\">160\u00d720<\/td>\n<td style=\"font-weight: 400;\" width=\"101\">M40x3<\/td>\n<td style=\"font-weight: 400;\" width=\"101\">22<\/td>\n<td style=\"font-weight: 400;\" width=\"101\">70.5<\/td>\n<td style=\"font-weight: 400;\" width=\"101\">70.5<\/td>\n<td style=\"font-weight: 400;\" width=\"101\">82<\/td>\n<\/tr>\n<tr>\n<td style=\"font-weight: 400;\" width=\"101\">200\u00d720<\/td>\n<td style=\"font-weight: 400;\" width=\"101\">M40x3<\/td>\n<td style=\"font-weight: 400;\" width=\"101\">22<\/td>\n<td style=\"font-weight: 400;\" width=\"101\">90.5<\/td>\n<td style=\"font-weight: 400;\" width=\"101\">90.5<\/td>\n<td style=\"font-weight: 400;\" width=\"101\">102<\/td>\n<\/tr>\n<tr>\n<td style=\"font-weight: 400;\" width=\"101\">225\u00d720<\/td>\n<td style=\"font-weight: 400;\" width=\"101\">M40x3<\/td>\n<td style=\"font-weight: 400;\" width=\"101\">22<\/td>\n<td style=\"font-weight: 400;\" width=\"101\">103<\/td>\n<td style=\"font-weight: 400;\" width=\"101\">103<\/td>\n<td style=\"font-weight: 400;\" width=\"101\">114.5<\/td>\n<\/tr>\n<tr>\n<td style=\"font-weight: 400;\" width=\"101\">250\u00d720<\/td>\n<td style=\"font-weight: 400;\" width=\"101\">M40x3<\/td>\n<td style=\"font-weight: 400;\" width=\"101\">22<\/td>\n<td style=\"font-weight: 400;\" width=\"101\">115.5<\/td>\n<td style=\"font-weight: 400;\" width=\"101\">115.5<\/td>\n<td style=\"font-weight: 400;\" width=\"101\">127<\/td>\n<\/tr>\n<tr>\n<td style=\"font-weight: 400;\" width=\"101\">315\u00d720<\/td>\n<td style=\"font-weight: 400;\" width=\"101\">M40x3<\/td>\n<td style=\"font-weight: 400;\" width=\"101\">22<\/td>\n<td style=\"font-weight: 400;\" width=\"101\">148<\/td>\n<td style=\"font-weight: 400;\" width=\"101\">148<\/td>\n<td style=\"font-weight: 400;\" width=\"101\">159.5<\/td>\n<\/tr>\n<tr>\n<td style=\"font-weight: 400;\" width=\"101\">63\u00d740<\/td>\n<td style=\"font-weight: 400;\" width=\"101\">M55x3<\/td>\n<td style=\"font-weight: 400;\" width=\"101\">22<\/td>\n<td style=\"font-weight: 400;\" width=\"101\">22<\/td>\n<td style=\"font-weight: 400;\" width=\"101\">22<\/td>\n<td style=\"font-weight: 400;\" width=\"101\">33.5<\/td>\n<\/tr>\n<tr>\n<td style=\"font-weight: 400;\" width=\"101\">75\u00d740<\/td>\n<td style=\"font-weight: 400;\" width=\"101\">M55x3<\/td>\n<td style=\"font-weight: 400;\" width=\"101\">22<\/td>\n<td style=\"font-weight: 400;\" width=\"101\">28<\/td>\n<td style=\"font-weight: 400;\" width=\"101\">28<\/td>\n<td style=\"font-weight: 400;\" width=\"101\">39.5<\/td>\n<\/tr>\n<tr>\n<td style=\"font-weight: 400;\" width=\"101\">90\u00d740<\/td>\n<td style=\"font-weight: 400;\" width=\"101\">M55x3<\/td>\n<td style=\"font-weight: 400;\" width=\"101\">22<\/td>\n<td style=\"font-weight: 400;\" width=\"101\">35.5<\/td>\n<td style=\"font-weight: 400;\" width=\"101\">35.5<\/td>\n<td style=\"font-weight: 400;\" width=\"101\">47<\/td>\n<\/tr>\n<tr>\n<td style=\"font-weight: 400;\" width=\"101\">110\u00d740<\/td>\n<td style=\"font-weight: 400;\" width=\"101\">M55x3<\/td>\n<td style=\"font-weight: 400;\" width=\"101\">22<\/td>\n<td style=\"font-weight: 400;\" width=\"101\">45.5<\/td>\n<td style=\"font-weight: 400;\" width=\"101\">45.5<\/td>\n<td style=\"font-weight: 400;\" width=\"101\">57<\/td>\n<\/tr>\n<tr>\n<td style=\"font-weight: 400;\" width=\"101\">125\u00d740<\/td>\n<td style=\"font-weight: 400;\" width=\"101\">M55x3<\/td>\n<td style=\"font-weight: 400;\" width=\"101\">22<\/td>\n<td style=\"font-weight: 400;\" width=\"101\">53<\/td>\n<td style=\"font-weight: 400;\" width=\"101\">53<\/td>\n<td style=\"font-weight: 400;\" width=\"101\">64.5<\/td>\n<\/tr>\n<tr>\n<td style=\"font-weight: 400;\" width=\"101\">140\u00d740<\/td>\n<td style=\"font-weight: 400;\" width=\"101\">M55x3<\/td>\n<td style=\"font-weight: 400;\" width=\"101\">22<\/td>\n<td style=\"font-weight: 400;\" width=\"101\">60.5<\/td>\n<td style=\"font-weight: 400;\" width=\"101\">60.5<\/td>\n<td style=\"font-weight: 400;\" width=\"101\">72<\/td>\n<\/tr>\n<tr>\n<td style=\"font-weight: 400;\" width=\"101\">160\u00d740<\/td>\n<td style=\"font-weight: 400;\" width=\"101\">M55x3<\/td>\n<td style=\"font-weight: 400;\" width=\"101\">22<\/td>\n<td style=\"font-weight: 400;\" width=\"101\">70.5<\/td>\n<td style=\"font-weight: 400;\" width=\"101\">70.5<\/td>\n<td style=\"font-weight: 400;\" width=\"101\">82<\/td>\n<\/tr>\n<tr>\n<td style=\"font-weight: 400;\" width=\"101\">200\u00d740<\/td>\n<td style=\"font-weight: 400;\" width=\"101\">M55x3<\/td>\n<td style=\"font-weight: 400;\" width=\"101\">22<\/td>\n<td style=\"font-weight: 400;\" width=\"101\">90.5<\/td>\n<td style=\"font-weight: 400;\" width=\"101\">90.5<\/td>\n<td style=\"font-weight: 400;\" width=\"101\">102<\/td>\n<\/tr>\n<tr>\n<td style=\"font-weight: 400;\" width=\"101\">225\u00d740<\/td>\n<td style=\"font-weight: 400;\" width=\"101\">M55x3<\/td>\n<td style=\"font-weight: 400;\" width=\"101\">22<\/td>\n<td style=\"font-weight: 400;\" width=\"101\">103<\/td>\n<td style=\"font-weight: 400;\" width=\"101\">103<\/td>\n<td style=\"font-weight: 400;\" width=\"101\">114.5<\/td>\n<\/tr>\n<tr>\n<td style=\"font-weight: 400;\" width=\"101\">250\u00d740<\/td>\n<td style=\"font-weight: 400;\" width=\"101\">M55x3<\/td>\n<td style=\"font-weight: 400;\" width=\"101\">22<\/td>\n<td style=\"font-weight: 400;\" width=\"101\">115.5<\/td>\n<td style=\"font-weight: 400;\" width=\"101\">115.5<\/td>\n<td style=\"font-weight: 400;\" width=\"101\">127<\/td>\n<\/tr>\n<tr>\n<td style=\"font-weight: 400;\" width=\"101\">315\u00d740<\/td>\n<td style=\"font-weight: 400;\" width=\"101\">M55x3<\/td>\n<td style=\"font-weight: 400;\" width=\"101\">22<\/td>\n<td style=\"font-weight: 400;\" width=\"101\">148<\/td>\n<td style=\"font-weight: 400;\" width=\"101\">148<\/td>\n<td style=\"font-weight: 400;\" width=\"101\">159.5<\/td>\n<\/tr>\n<\/tbody>\n<\/table>\n<\/div>\n<\/div>","protected":false},"excerpt":{"rendered":"<p>Una abrazadera de sill\u00edn es un soporte de tubo semicircular dise\u00f1ado para encajar alrededor de tubos o tuber\u00edas. Su objetivo principal es proporcionar un punto de conexi\u00f3n seguro para diversas tareas, entre ellas:<br \/>\nRoscado de silla: creaci\u00f3n de una conexi\u00f3n de rama en una tuber\u00eda existente.<br \/>\nSoporte de tuber\u00edas: Estabilizaci\u00f3n de tuber\u00edas sobre superficies planas.<br \/>\nConexiones de ramales: Uni\u00f3n de tuber\u00edas adicionales a la tuber\u00eda principal.<br \/>\nEstas abrazaderas vienen en diferentes materiales, como acero o acero inoxidable, y pueden soportar altas presiones y temperaturas.<\/p>","protected":false},"featured_media":2423,"template":"","meta":[],"product_brand":[],"product_cat":[37,172],"product_tag":[245],"class_list":{"0":"post-2422","1":"product","2":"type-product","3":"status-publish","4":"has-post-thumbnail","6":"product_cat-pipe-joints","7":"product_cat-saddle-clamp","8":"product_tag-saddle-clamp","10":"first","11":"instock","12":"shipping-taxable","13":"product-type-simple"},"aioseo_notices":[],"_links":{"self":[{"href":"https:\/\/www.okval.com\/es\/wp-json\/wp\/v2\/product\/2422","targetHints":{"allow":["GET"]}}],"collection":[{"href":"https:\/\/www.okval.com\/es\/wp-json\/wp\/v2\/product"}],"about":[{"href":"https:\/\/www.okval.com\/es\/wp-json\/wp\/v2\/types\/product"}],"wp:featuredmedia":[{"embeddable":true,"href":"https:\/\/www.okval.com\/es\/wp-json\/wp\/v2\/media\/2423"}],"wp:attachment":[{"href":"https:\/\/www.okval.com\/es\/wp-json\/wp\/v2\/media?parent=2422"}],"wp:term":[{"taxonomy":"product_brand","embeddable":true,"href":"https:\/\/www.okval.com\/es\/wp-json\/wp\/v2\/product_brand?post=2422"},{"taxonomy":"product_cat","embeddable":true,"href":"https:\/\/www.okval.com\/es\/wp-json\/wp\/v2\/product_cat?post=2422"},{"taxonomy":"product_tag","embeddable":true,"href":"https:\/\/www.okval.com\/es\/wp-json\/wp\/v2\/product_tag?post=2422"}],"curies":[{"name":"wp","href":"https:\/\/api.w.org\/{rel}","templated":true}]}}