{"id":2415,"date":"2024-03-26T22:58:45","date_gmt":"2024-03-26T14:58:45","guid":{"rendered":"https:\/\/www.okval.com\/?post_type=product&#038;p=2415"},"modified":"2024-04-13T15:01:54","modified_gmt":"2024-04-13T07:01:54","slug":"acoplamiento-flexible","status":"publish","type":"product","link":"https:\/\/www.okval.com\/es\/acoplamiento-flexible-html","title":{"rendered":"Acoplamiento flexible"},"content":{"rendered":"<p><span class=\"fontstyle2\">\u25a0 Caracter\u00edsticas:<br \/>\n<\/span><span class=\"fontstyle0\">\u00b7 Revestimiento epoxi m\u00edn. 250 micras<br \/>\n\u00b7 Presi\u00f3n de trabajo PN10, PN16<br \/>\n\u00b7 WRAS est\u00e1 disponible seg\u00fan solicitud.<\/span><\/p>\n<p><span class=\"fontstyle2\">\u25a0 Piezas y materiales principales:<br \/>\n<\/span><span class=\"fontstyle0\">\u00b7 Prensaestopas y manguito central de hierro d\u00factil con revestimiento de FBE<br \/>\nLa funda central de acero est\u00e1 disponible seg\u00fan pedido.<br \/>\n\u00b7 Pernos y tuercas de acero al carbono galvanizado<br \/>\nDacromet est\u00e1 disponible seg\u00fan pedido.<br \/>\n<\/span><span class=\"fontstyle2\">\u25a0 Junta<br \/>\n<\/span><span class=\"fontstyle0\">\u00b7 Junta EPDM<br \/>\n<\/span><span class=\"fontstyle2\"><br \/>\n<\/span><span class=\"fontstyle0\"><span class=\"fontstyle2\"><strong>\u25a0 Dimensiones (mm):<\/strong><\/span><\/span><\/p>\n<table width=\"614\">\n<tbody>\n<tr>\n<td colspan=\"2\" width=\"240\">Tama\u00f1o<\/td>\n<td colspan=\"2\" width=\"240\">Rango (mm)<\/td>\n<td rowspan=\"2\" width=\"134\">Pernos x No.<\/td>\n<\/tr>\n<tr>\n<td>Pulgada<\/td>\n<td>DN<\/td>\n<td>m\u00edn.<\/td>\n<td>m\u00e1x.<\/td>\n<\/tr>\n<tr>\n<td>1 1\/2\u2033<\/td>\n<td>DN40<\/td>\n<td>48<\/td>\n<td>58<\/td>\n<td>M12x2<\/td>\n<\/tr>\n<tr>\n<td>2\u2033<\/td>\n<td>DN50<\/td>\n<td>59<\/td>\n<td>73<\/td>\n<td>M12x4<\/td>\n<\/tr>\n<tr>\n<td>2 1\/2\u2033<\/td>\n<td>DN65<\/td>\n<td>72<\/td>\n<td>85<\/td>\n<td>M12x4<\/td>\n<\/tr>\n<tr>\n<td>3\u2033<\/td>\n<td>DN80<\/td>\n<td>88<\/td>\n<td>103<\/td>\n<td>M12x4<\/td>\n<\/tr>\n<tr>\n<td>4\u2033<\/td>\n<td>DN100<\/td>\n<td>109<\/td>\n<td>128<\/td>\n<td>M12x4<\/td>\n<\/tr>\n<tr>\n<td>5\u2033<\/td>\n<td>DN125<\/td>\n<td>132<\/td>\n<td>154<\/td>\n<td>M12x4<\/td>\n<\/tr>\n<tr>\n<td>6\u2033<\/td>\n<td>DN150<\/td>\n<td>159<\/td>\n<td>182<\/td>\n<td>M12x4<\/td>\n<\/tr>\n<tr>\n<td>7\u2033<\/td>\n<td>DN175<\/td>\n<td>192<\/td>\n<td>210<\/td>\n<td>M12x4<\/td>\n<\/tr>\n<tr>\n<td>8\u2033<\/td>\n<td>DN200<\/td>\n<td>218<\/td>\n<td>235<\/td>\n<td>M12x4<\/td>\n<\/tr>\n<tr>\n<td>10\u2033<\/td>\n<td>DN250<\/td>\n<td>266<\/td>\n<td>291<\/td>\n<td>M12x6<\/td>\n<\/tr>\n<tr>\n<td>12\u2033<\/td>\n<td>DN300<\/td>\n<td>315<\/td>\n<td>332<\/td>\n<td>M12x6<\/td>\n<\/tr>\n<tr>\n<td>14\u2033<\/td>\n<td>DN350<\/td>\n<td>374<\/td>\n<td>391<\/td>\n<td>M12x8<\/td>\n<\/tr>\n<tr>\n<td>diecis\u00e9is&quot;<\/td>\n<td>DN400<\/td>\n<td>417<\/td>\n<td>437<\/td>\n<td>M12x8<\/td>\n<\/tr>\n<tr>\n<td>18\u2033<\/td>\n<td>DN450<\/td>\n<td>480<\/td>\n<td>500<\/td>\n<td>M12x10<\/td>\n<\/tr>\n<tr>\n<td>20\u2033<\/td>\n<td>DN500<\/td>\n<td>526<\/td>\n<td>546<\/td>\n<td>M12x12<\/td>\n<\/tr>\n<tr>\n<td>24\u2033<\/td>\n<td>DN600<\/td>\n<td>630<\/td>\n<td>650<\/td>\n<td>M12x12<\/td>\n<\/tr>\n<\/tbody>\n<\/table>","protected":false},"excerpt":{"rendered":"<p>El acoplamiento flexible de hierro d\u00factil (tambi\u00e9n llamado acoplamiento universal) est\u00e1 dise\u00f1ado para acomodar tubos de extremo plano de diferentes di\u00e1metros exteriores. Un acoplamiento puede conectar tuber\u00edas de acero, fundici\u00f3n nodular, PVC, fundici\u00f3n, fibrocemento, etc.<\/p>","protected":false},"featured_media":2421,"template":"","meta":[],"product_brand":[],"product_cat":[37,168],"product_tag":[248,249,265],"class_list":{"0":"post-2415","1":"product","2":"type-product","3":"status-publish","4":"has-post-thumbnail","6":"product_cat-pipe-joints","7":"product_cat-flexible-coupling","8":"product_tag-flexible","9":"product_tag-coupling","10":"product_tag-universal-coupling","12":"first","13":"instock","14":"shipping-taxable","15":"product-type-simple"},"aioseo_notices":[],"_links":{"self":[{"href":"https:\/\/www.okval.com\/es\/wp-json\/wp\/v2\/product\/2415","targetHints":{"allow":["GET"]}}],"collection":[{"href":"https:\/\/www.okval.com\/es\/wp-json\/wp\/v2\/product"}],"about":[{"href":"https:\/\/www.okval.com\/es\/wp-json\/wp\/v2\/types\/product"}],"wp:featuredmedia":[{"embeddable":true,"href":"https:\/\/www.okval.com\/es\/wp-json\/wp\/v2\/media\/2421"}],"wp:attachment":[{"href":"https:\/\/www.okval.com\/es\/wp-json\/wp\/v2\/media?parent=2415"}],"wp:term":[{"taxonomy":"product_brand","embeddable":true,"href":"https:\/\/www.okval.com\/es\/wp-json\/wp\/v2\/product_brand?post=2415"},{"taxonomy":"product_cat","embeddable":true,"href":"https:\/\/www.okval.com\/es\/wp-json\/wp\/v2\/product_cat?post=2415"},{"taxonomy":"product_tag","embeddable":true,"href":"https:\/\/www.okval.com\/es\/wp-json\/wp\/v2\/product_tag?post=2415"}],"curies":[{"name":"wp","href":"https:\/\/api.w.org\/{rel}","templated":true}]}}