{"id":2174,"date":"2024-03-30T09:57:23","date_gmt":"2024-03-30T01:57:23","guid":{"rendered":"https:\/\/www.okval.com\/?post_type=product&#038;p=2174"},"modified":"2024-04-03T14:45:09","modified_gmt":"2024-04-03T06:45:09","slug":"valvula-de-retencion-de-bola","status":"publish","type":"product","link":"https:\/\/www.okval.com\/es\/valvula-de-retencion-de-bola-html","title":{"rendered":"v\u00e1lvula de retenci\u00f3n de bola"},"content":{"rendered":"<p class=\"p1\"><strong>Datos t\u00e9cnicos<\/strong><\/p>\n<ul>\n<li class=\"p2\">Rango.<\/li>\n<li class=\"p2\">Extremos roscados desde DN32 a DN80.<\/li>\n<li class=\"p2\">Extremos bridados desde DN40 a DN300.<\/li>\n<li class=\"p2\">Tipo de rosca: BSP seg\u00fan ISO 228-1.<\/li>\n<li class=\"p2\">Tipo bridada: EN 1092-2 PN16 y AS4087 (AS2129 Talbe E).<\/li>\n<li class=\"p2\">Presi\u00f3n m\u00e1xima de trabajo 16bares.<\/li>\n<li class=\"p2\">Temperaturas de funcionamiento 10\u00baC ~ 80\u00baC.<\/li>\n<li class=\"p2\">Asientos seg\u00fan categor\u00eda A est\u00e1ndar ISO 5208.<\/li>\n<li class=\"p2\">Contrapresi\u00f3n m\u00ednima de estanqueidad: 0,3bar a 0,5bar.<\/li>\n<li class=\"p2\">Dimensiones cara a cara para tipo bridado seg\u00fan EN-558-1 serie 48 (DIN3202 F6).<\/li>\n<\/ul>\n<p>&nbsp;<\/p>\n<p class=\"p1\"><strong>Aplicaciones<\/strong><\/p>\n<p class=\"p2\">Estaciones de bombeo de aguas limpias, residuales y fluidos cargados o viscosos.<\/p>\n<p>&nbsp;<\/p>\n<p class=\"p1\"><strong>Prueba hidr\u00e1ulica<\/strong><\/p>\n<ul>\n<li class=\"p2\">Asiento: 1,1x presi\u00f3n normal.<\/li>\n<li class=\"p2\">Cuerpo: 1,5x presi\u00f3n normal<\/li>\n<\/ul>","protected":false},"excerpt":{"rendered":"<p class=\"p1\"><strong>Actuaciones t\u00e9cnicas<\/strong><\/p>\n<ul>\n<li class=\"p2\">Paso total asegurado.<\/li>\n<li class=\"p2\">Bola autolimpiante.<\/li>\n<li class=\"p2\">Baja ca\u00edda de presi\u00f3n.<\/li>\n<li class=\"p2\">Silencioso.<\/li>\n<li class=\"p2\">Bonete extra\u00edble para limpieza o cambio de bola sin necesidad de desmontarla de la tuber\u00eda.<\/li>\n<li class=\"p2\">Instalaci\u00f3n horizontal y vertical en tuber\u00eda.<\/li>\n<\/ul>","protected":false},"featured_media":2175,"template":"","meta":[],"product_brand":[],"product_cat":[159],"product_tag":[255,259],"class_list":{"0":"post-2174","1":"product","2":"type-product","3":"status-publish","4":"has-post-thumbnail","6":"product_cat-valves","7":"product_tag-valve","8":"product_tag-ball-check","10":"first","11":"instock","12":"shipping-taxable","13":"product-type-simple"},"aioseo_notices":[],"_links":{"self":[{"href":"https:\/\/www.okval.com\/es\/wp-json\/wp\/v2\/product\/2174","targetHints":{"allow":["GET"]}}],"collection":[{"href":"https:\/\/www.okval.com\/es\/wp-json\/wp\/v2\/product"}],"about":[{"href":"https:\/\/www.okval.com\/es\/wp-json\/wp\/v2\/types\/product"}],"wp:featuredmedia":[{"embeddable":true,"href":"https:\/\/www.okval.com\/es\/wp-json\/wp\/v2\/media\/2175"}],"wp:attachment":[{"href":"https:\/\/www.okval.com\/es\/wp-json\/wp\/v2\/media?parent=2174"}],"wp:term":[{"taxonomy":"product_brand","embeddable":true,"href":"https:\/\/www.okval.com\/es\/wp-json\/wp\/v2\/product_brand?post=2174"},{"taxonomy":"product_cat","embeddable":true,"href":"https:\/\/www.okval.com\/es\/wp-json\/wp\/v2\/product_cat?post=2174"},{"taxonomy":"product_tag","embeddable":true,"href":"https:\/\/www.okval.com\/es\/wp-json\/wp\/v2\/product_tag?post=2174"}],"curies":[{"name":"wp","href":"https:\/\/api.w.org\/{rel}","templated":true}]}}