{"id":2891,"date":"2024-06-28T22:17:55","date_gmt":"2024-06-28T14:17:55","guid":{"rendered":"https:\/\/www.okval.com\/?post_type=product&#038;p=2891"},"modified":"2024-07-03T18:38:58","modified_gmt":"2024-07-03T10:38:58","slug":"exzentrisches-absperrventil-flxfl-enden-mjxmj-enden","status":"publish","type":"product","link":"https:\/\/www.okval.com\/de\/produkt\/exzentrisches-absperrventil-flxfl-enden-mjxmj-enden","title":{"rendered":"Exzentrisches K\u00fckenventil FLxFL-Enden und MJxMJ-Enden"},"content":{"rendered":"<p><strong>Besonderheit:<\/strong><\/p>\n<p>Sitzfl\u00e4che mit aufgeschwei\u00dfter Auflage aus mindestens 95% Nickel.<\/p>\n<p>Wellenabdichtung durch Mehrfach-V-Ring-Typ.<\/p>\n<p>Rundstecker bis 12 Zoll vollst\u00e4ndig gummibeschichtet, Stecker von 14 bis 24 Zoll haben eine zylindrische, gummiversiegelte Oberfl\u00e4che.<\/p>\n<p>Flansch- und Bohrausf\u00fchrung gem\u00e4\u00df EN 1092-2 PN10\/16, ANSI B16.1 Klasse 125.<\/p>\n<p>Mechanische Verbindung gem\u00e4\u00df AWWA\/ANSI C153.<\/p>\n<p>Arbeitsdruck 16 bar\/250 psi.<\/p>\n<p><strong>Materialspezifikation:<\/strong><\/p>\n<table width=\"469\">\n<tbody>\n<tr>\n<td width=\"86\">Teil<\/td>\n<td width=\"173\">Material<\/td>\n<td width=\"210\">ASTM-Spezifikation<\/td>\n<\/tr>\n<tr>\n<td width=\"86\">K\u00f6rper<\/td>\n<td width=\"173\">Sph\u00e4roguss<\/td>\n<td width=\"210\">A536 Klasse 65-45-12<\/td>\n<\/tr>\n<tr>\n<td width=\"86\">Stecker<\/td>\n<td colspan=\"2\" width=\"383\">EPDM-ummanteltes duktiles Eisen<\/td>\n<\/tr>\n<tr>\n<td width=\"86\">Motorhaube<\/td>\n<td width=\"173\">Sph\u00e4roguss<\/td>\n<td width=\"210\">A536 Klasse 65-45-12<\/td>\n<\/tr>\n<tr>\n<td width=\"86\">Wellenbuchse<\/td>\n<td width=\"173\">Edelstahl<\/td>\n<td width=\"210\">A276 Typ 316<\/td>\n<\/tr>\n<tr>\n<td width=\"86\">Anlaufscheibe<\/td>\n<td colspan=\"2\" width=\"383\">PTFE<\/td>\n<\/tr>\n<tr>\n<td width=\"86\">Dichtung<\/td>\n<td width=\"173\">Gummi<\/td>\n<td width=\"210\">02000 NBR<\/td>\n<\/tr>\n<tr>\n<td width=\"86\">V-Packung<\/td>\n<td width=\"173\">Gummi<\/td>\n<td width=\"210\">02000 NBR<\/td>\n<\/tr>\n<tr>\n<td width=\"86\">Stopfbuchse<\/td>\n<td width=\"173\">Kohlenstoffstahl<\/td>\n<td width=\"210\">A29 1045<\/td>\n<\/tr>\n<\/tbody>\n<\/table>","protected":false},"excerpt":{"rendered":"<p><b>Eine Art Drehventil mit einem stopfenf\u00f6rmigen, den Durchfluss begrenzenden Element, das bei der Drehung einem exzentrischen Pfad folgt.<\/b>Der Stopfen hat erst dann Kontakt mit seinem Sitz, wenn er sich um wenige Grad von der Absperrposition weg dreht.<\/p>","protected":false},"featured_media":2893,"template":"","meta":[],"product_brand":[],"product_cat":[159,270],"product_tag":[271],"class_list":{"0":"post-2891","1":"product","2":"type-product","3":"status-publish","4":"has-post-thumbnail","6":"product_cat-valves","7":"product_cat-eccentric-plug-valve","8":"product_tag-eccentric-plug-valve","10":"first","11":"instock","12":"shipping-taxable","13":"product-type-simple"},"aioseo_notices":[],"_links":{"self":[{"href":"https:\/\/www.okval.com\/de\/wp-json\/wp\/v2\/product\/2891","targetHints":{"allow":["GET"]}}],"collection":[{"href":"https:\/\/www.okval.com\/de\/wp-json\/wp\/v2\/product"}],"about":[{"href":"https:\/\/www.okval.com\/de\/wp-json\/wp\/v2\/types\/product"}],"wp:featuredmedia":[{"embeddable":true,"href":"https:\/\/www.okval.com\/de\/wp-json\/wp\/v2\/media\/2893"}],"wp:attachment":[{"href":"https:\/\/www.okval.com\/de\/wp-json\/wp\/v2\/media?parent=2891"}],"wp:term":[{"taxonomy":"product_brand","embeddable":true,"href":"https:\/\/www.okval.com\/de\/wp-json\/wp\/v2\/product_brand?post=2891"},{"taxonomy":"product_cat","embeddable":true,"href":"https:\/\/www.okval.com\/de\/wp-json\/wp\/v2\/product_cat?post=2891"},{"taxonomy":"product_tag","embeddable":true,"href":"https:\/\/www.okval.com\/de\/wp-json\/wp\/v2\/product_tag?post=2891"}],"curies":[{"name":"wp","href":"https:\/\/api.w.org\/{rel}","templated":true}]}}