{"id":2824,"date":"2024-04-13T00:10:51","date_gmt":"2024-04-12T16:10:51","guid":{"rendered":"https:\/\/www.okval.com\/?post_type=product&#038;p=2824"},"modified":"2024-04-13T15:54:37","modified_gmt":"2024-04-13T07:54:37","slug":"universal-doppelklemme-uu","status":"publish","type":"product","link":"https:\/\/www.okval.com\/de\/universal-doppelklemme-uu-html","title":{"rendered":"Universelle Doppelklemme (UU)"},"content":{"rendered":"<p><strong>Merkmale:<\/strong><\/p>\n<ul>\n<li>Halbschale aus Sph\u00e4roguss.<\/li>\n<li>Beschichtung: Schmelzgebundene Epoxidbeschichtung RAL5017 RAL5005 RAL5015<\/li>\n<li>Dichtelement: EPDM\/NBR\/SBR<\/li>\n<li>Verschraubungen: Kohlenstoffstahl, Verzinkung<\/li>\n<li>PFA 16 von DN 40 bis 150<\/li>\n<li>PFA 10 von DN 175 bis 300<\/li>\n<li>Betriebstemperaturen: +0\u00b0 bis +60\u00b0C.<\/li>\n<\/ul>\n<p><strong>Zeichnung:<\/strong><\/p>\n<div id=\"attachment_2825\" style=\"width: 664px\" class=\"wp-caption alignnone\"><img decoding=\"async\" aria-describedby=\"caption-attachment-2825\" class=\"size-full wp-image-2825\" src=\"https:\/\/www.okval.com\/wp-content\/uploads\/2024\/04\/REPAIR-CLAMP.jpg\" alt=\"Universal-Doppelschelle (UU) Reparaturschelle f\u00fcr Rohre aus duktilem Gusseisen Rohrreparaturschelle f\u00fcr die schnelle, sichere und dauerhafte Reparatur im Trinkwasserbereich. OKVAL Kupplungen Universal-Doppelschelle, Rohrreparaturschellen erh\u00e4ltlich von Gr\u00f6\u00dfe DN80 bis DN300. OKVAL Notfall-Rohrleck-Reparaturschelle Zweiteilige Geh\u00e4use, miteinander verbunden durch Anziehen von 6 Muttern und Schrauben. OKVAL Breitsortiment-Reparaturschelle aus duktilem Gusseisen, lange Reparaturh\u00fclse Erm\u00f6glicht die Reparatur aller Arten von Rohrleitungen Beschreibung F\u00fcr Stahl-, Gusseisen-, PVC\/PE- und Faserzementrohre. Gro\u00dfe Toleranz: reduzierte Anzahl von Modellen f\u00fcr einen Nenndurchmesser Einfache Installation: Winkelabweichung \u00b1 4 \u00b0\" width=\"654\" height=\"431\" srcset=\"https:\/\/www.okval.com\/wp-content\/uploads\/2024\/04\/REPAIR-CLAMP.jpg 654w, https:\/\/www.okval.com\/wp-content\/uploads\/2024\/04\/REPAIR-CLAMP-300x198.jpg 300w, https:\/\/www.okval.com\/wp-content\/uploads\/2024\/04\/REPAIR-CLAMP-18x12.jpg 18w, https:\/\/www.okval.com\/wp-content\/uploads\/2024\/04\/REPAIR-CLAMP-600x395.jpg 600w, https:\/\/www.okval.com\/wp-content\/uploads\/2024\/04\/REPAIR-CLAMP-150x99.jpg 150w\" sizes=\"(max-width: 654px) 100vw, 654px\" \/><p id=\"caption-attachment-2825\" class=\"wp-caption-text\">Universelle Doppelklemme (UU)<br \/>Reparaturklemme f\u00fcr Rohre aus duktilem Gusseisen<br \/>Rohrreparaturschelle f\u00fcr die schnelle, sichere und dauerhafte Reparatur im Trinkwasserbereich.<br \/>OKVAL-Kupplungen Universal-Doppelklemme, Rohrreparaturklemmen erh\u00e4ltlich in den Gr\u00f6\u00dfen DN80 bis DN300.<br \/>OKVAL Notfall-Rohrleckreparaturklemme. Zweiteilige Geh\u00e4use, die durch Anziehen von 6 Muttern und Schrauben miteinander verbunden werden.<br \/>OKVAL Breitspektrum-Reparaturschelle aus duktilem Gusseisen, lange Reparaturh\u00fclse. Erm\u00f6glicht die Reparatur von Rohrleitungen aller Art. Beschreibung: F\u00fcr Stahl-, Gusseisen-, PVC\/PE- und Faserzementrohre.<br \/>Gro\u00dfe Toleranz: reduzierte Modellanzahl f\u00fcr einen Nenndurchmesser<br \/>Einfache Montage: Winkelabweichung \u00b1 4 \u00b0<\/p><\/div>\n<p>&nbsp;<\/p>\n<p>&nbsp;<\/p>","protected":false},"excerpt":{"rendered":"<p>Universelle Doppelklemme (UU)<br \/>\nReparaturklemme f\u00fcr Rohre aus duktilem Gusseisen<br \/>\nRohrreparaturschelle f\u00fcr die schnelle, sichere und dauerhafte Reparatur im Trinkwasserbereich.<br \/>\nOKVAL-Kupplungen Universal-Doppelklemme, Rohrreparaturklemmen erh\u00e4ltlich in den Gr\u00f6\u00dfen DN80 bis DN300.<br \/>\nOKVAL Notfall-Rohrleckreparaturklemme. Zweiteilige Geh\u00e4use, die durch Anziehen von 6 Muttern und Schrauben miteinander verbunden werden.<br \/>\nOKVAL Breitspektrum-Reparaturschelle aus duktilem Gusseisen, lange Reparaturh\u00fclse. Erm\u00f6glicht die Reparatur von Rohrleitungen aller Art. Beschreibung: F\u00fcr Stahl-, Gusseisen-, PVC\/PE- und Faserzementrohre.<br \/>\nGro\u00dfe Toleranz: reduzierte Modellanzahl f\u00fcr einen Nenndurchmesser<br \/>\nEinfache Montage: Winkelabweichung \u00b1 4 \u00b0<\/p>","protected":false},"featured_media":2826,"template":"","meta":[],"product_brand":[],"product_cat":[157],"product_tag":[242,262,263],"class_list":{"0":"post-2824","1":"product","2":"type-product","3":"status-publish","4":"has-post-thumbnail","6":"product_cat-repair-clamp","7":"product_tag-repair-clamp","8":"product_tag-pipe-repair-clamp","9":"product_tag-pipe-leak-repair-clamp","11":"first","12":"instock","13":"shipping-taxable","14":"product-type-simple"},"aioseo_notices":[],"_links":{"self":[{"href":"https:\/\/www.okval.com\/de\/wp-json\/wp\/v2\/product\/2824","targetHints":{"allow":["GET"]}}],"collection":[{"href":"https:\/\/www.okval.com\/de\/wp-json\/wp\/v2\/product"}],"about":[{"href":"https:\/\/www.okval.com\/de\/wp-json\/wp\/v2\/types\/product"}],"wp:featuredmedia":[{"embeddable":true,"href":"https:\/\/www.okval.com\/de\/wp-json\/wp\/v2\/media\/2826"}],"wp:attachment":[{"href":"https:\/\/www.okval.com\/de\/wp-json\/wp\/v2\/media?parent=2824"}],"wp:term":[{"taxonomy":"product_brand","embeddable":true,"href":"https:\/\/www.okval.com\/de\/wp-json\/wp\/v2\/product_brand?post=2824"},{"taxonomy":"product_cat","embeddable":true,"href":"https:\/\/www.okval.com\/de\/wp-json\/wp\/v2\/product_cat?post=2824"},{"taxonomy":"product_tag","embeddable":true,"href":"https:\/\/www.okval.com\/de\/wp-json\/wp\/v2\/product_tag?post=2824"}],"curies":[{"name":"wp","href":"https:\/\/api.w.org\/{rel}","templated":true}]}}