{"id":2820,"date":"2024-04-12T16:09:03","date_gmt":"2024-04-12T08:09:03","guid":{"rendered":"https:\/\/www.okval.com\/?post_type=product&#038;p=2820"},"modified":"2024-04-12T16:09:07","modified_gmt":"2024-04-12T08:09:07","slug":"sattelklemme-aus-grauguss-fur-pvc-rohre","status":"publish","type":"product","link":"https:\/\/www.okval.com\/de\/sattelklemme-aus-grauguss-fur-pvc-rohre-html","title":{"rendered":"Sattelklemme aus Grauguss f\u00fcr PVC-Rohr"},"content":{"rendered":"<p><span class=\"fontstyle3\">\u25a0 Funktionen<br \/>\n<\/span><span class=\"fontstyle2\">\u00b7 PN16 Betriebsdruck<\/span><\/p>\n<p><span class=\"fontstyle3\">\u25a0 Hauptteile und Materialien<br \/>\n<\/span><span class=\"fontstyle2\">\u00b7 Graugussmaterial mit schwarzer Lackierung<br \/>\n\u00b7 Schrauben und Muttern aus verzinktem Stahl;<br \/>\nDacromet ist auf Anfrage erh\u00e4ltlich<\/span><\/p>\n<p><span class=\"fontstyle2\"><br \/>\n<\/span><span class=\"fontstyle3\">\u25a0 Dichtung<br \/>\n<\/span><span class=\"fontstyle2\">\u00b7 EPDM-Dichtung<\/span><\/p>\n<p><span class=\"fontstyle2\"><br \/>\n<\/span><span class=\"fontstyle3\">\u25a0 Abmessungen (MM)<br \/>\n<\/span><\/p>\n<table class=\"NormalTable\">\n<tbody>\n<tr>\n<td width=\"136\"><span class=\"fontstyle0\">DN <\/span><\/td>\n<td width=\"136\"><span class=\"fontstyle0\">Faden <\/span><\/td>\n<\/tr>\n<tr>\n<td width=\"136\"><span class=\"fontstyle2\">40 <\/span><\/td>\n<td width=\"136\"><span class=\"fontstyle2\">3\/4\u2033 <\/span><\/td>\n<\/tr>\n<tr>\n<td width=\"136\"><span class=\"fontstyle2\">50 <\/span><\/td>\n<td width=\"136\"><span class=\"fontstyle2\">3\/4\u2033 <\/span><\/td>\n<\/tr>\n<tr>\n<td width=\"136\"><span class=\"fontstyle2\">50 <\/span><\/td>\n<td width=\"136\"><span class=\"fontstyle2\">1\u2033 <\/span><\/td>\n<\/tr>\n<tr>\n<td width=\"136\"><span class=\"fontstyle2\">63 <\/span><\/td>\n<td width=\"136\"><span class=\"fontstyle2\">3\/4\u2033 <\/span><\/td>\n<\/tr>\n<tr>\n<td width=\"136\"><span class=\"fontstyle2\">63 <\/span><\/td>\n<td width=\"136\"><span class=\"fontstyle2\">1\u2033 <\/span><\/td>\n<\/tr>\n<tr>\n<td width=\"136\"><span class=\"fontstyle2\">63 <\/span><\/td>\n<td width=\"136\"><span class=\"fontstyle2\">1 1\/4\u2033 <\/span><\/td>\n<\/tr>\n<tr>\n<td width=\"136\"><span class=\"fontstyle2\">75 <\/span><\/td>\n<td width=\"136\"><span class=\"fontstyle2\">3\/4\u2033 <\/span><\/td>\n<\/tr>\n<tr>\n<td width=\"136\"><span class=\"fontstyle2\">75 <\/span><\/td>\n<td width=\"136\"><span class=\"fontstyle2\">1\u2033 <\/span><\/td>\n<\/tr>\n<tr>\n<td width=\"136\"><span class=\"fontstyle2\">75 <\/span><\/td>\n<td width=\"136\"><span class=\"fontstyle2\">1 1\/4\u2033 <\/span><\/td>\n<\/tr>\n<tr>\n<td width=\"136\"><span class=\"fontstyle2\">90 <\/span><\/td>\n<td width=\"136\"><span class=\"fontstyle2\">3\/4\u2033 <\/span><\/td>\n<\/tr>\n<tr>\n<td width=\"136\"><span class=\"fontstyle2\">90 <\/span><\/td>\n<td width=\"136\"><span class=\"fontstyle2\">1\u2033 <\/span><\/td>\n<\/tr>\n<tr>\n<td width=\"136\"><span class=\"fontstyle2\">90 <\/span><\/td>\n<td width=\"136\"><span class=\"fontstyle2\">1 1\/4\u2033 <\/span><\/td>\n<\/tr>\n<tr>\n<td width=\"136\"><span class=\"fontstyle2\">90 <\/span><\/td>\n<td width=\"136\"><span class=\"fontstyle2\">1 1\/2\u2033 <\/span><\/td>\n<\/tr>\n<tr>\n<td width=\"136\"><span class=\"fontstyle2\">90 <\/span><\/td>\n<td width=\"136\"><span class=\"fontstyle2\">2\u2033 <\/span><\/td>\n<\/tr>\n<tr>\n<td width=\"136\"><span class=\"fontstyle2\">110 <\/span><\/td>\n<td width=\"136\"><span class=\"fontstyle2\">3\/4\u2033 <\/span><\/td>\n<\/tr>\n<tr>\n<td width=\"136\"><span class=\"fontstyle2\">110 <\/span><\/td>\n<td width=\"136\"><span class=\"fontstyle2\">1\u2033 <\/span><\/td>\n<\/tr>\n<tr>\n<td width=\"136\"><span class=\"fontstyle2\">110 <\/span><\/td>\n<td width=\"136\"><span class=\"fontstyle2\">1 1\/4\u2033 <\/span><\/td>\n<\/tr>\n<tr>\n<td width=\"136\"><span class=\"fontstyle2\">110 <\/span><\/td>\n<td width=\"136\"><span class=\"fontstyle2\">1 1\/2\u2033 <\/span><\/td>\n<\/tr>\n<tr>\n<td width=\"136\"><span class=\"fontstyle2\">110 <\/span><\/td>\n<td width=\"136\"><span class=\"fontstyle2\">2\u2033 <\/span><\/td>\n<\/tr>\n<tr>\n<td width=\"136\"><span class=\"fontstyle2\">125 <\/span><\/td>\n<td width=\"136\"><span class=\"fontstyle2\">3\/4\u2033 <\/span><\/td>\n<\/tr>\n<\/tbody>\n<\/table>\n<p>&nbsp;<\/p>\n<table class=\"NormalTable\">\n<tbody>\n<tr>\n<td width=\"137\"><span class=\"fontstyle0\">DN <\/span><\/td>\n<td width=\"136\"><span class=\"fontstyle0\">Faden <\/span><\/td>\n<\/tr>\n<tr>\n<td width=\"137\"><span class=\"fontstyle2\">125 <\/span><\/td>\n<td width=\"136\"><span class=\"fontstyle2\">1\u2033 <\/span><\/td>\n<\/tr>\n<tr>\n<td width=\"137\"><span class=\"fontstyle2\">125 <\/span><\/td>\n<td width=\"136\"><span class=\"fontstyle2\">1 1\/4\u2033 <\/span><\/td>\n<\/tr>\n<tr>\n<td width=\"137\"><span class=\"fontstyle2\">125 <\/span><\/td>\n<td width=\"136\"><span class=\"fontstyle2\">1 1\/2\u2033 <\/span><\/td>\n<\/tr>\n<tr>\n<td width=\"137\"><span class=\"fontstyle2\">125 <\/span><\/td>\n<td width=\"136\"><span class=\"fontstyle2\">2\u2033 <\/span><\/td>\n<\/tr>\n<tr>\n<td width=\"137\"><span class=\"fontstyle2\">125 <\/span><\/td>\n<td width=\"136\"><span class=\"fontstyle2\">2 1\/2\u2033 <\/span><\/td>\n<\/tr>\n<tr>\n<td width=\"137\"><span class=\"fontstyle2\">125 <\/span><\/td>\n<td width=\"136\"><span class=\"fontstyle2\">3\u2033 <\/span><\/td>\n<\/tr>\n<tr>\n<td width=\"137\"><span class=\"fontstyle2\">140 <\/span><\/td>\n<td width=\"136\"><span class=\"fontstyle2\">1\u2033 <\/span><\/td>\n<\/tr>\n<tr>\n<td width=\"137\"><span class=\"fontstyle2\">140 <\/span><\/td>\n<td width=\"136\"><span class=\"fontstyle2\">1 1\/4\u2033 <\/span><\/td>\n<\/tr>\n<tr>\n<td width=\"137\"><span class=\"fontstyle2\">140 <\/span><\/td>\n<td width=\"136\"><span class=\"fontstyle2\">1 1\/2\u2033 <\/span><\/td>\n<\/tr>\n<tr>\n<td width=\"137\"><span class=\"fontstyle2\">140 <\/span><\/td>\n<td width=\"136\"><span class=\"fontstyle2\">2\u2033 <\/span><\/td>\n<\/tr>\n<tr>\n<td width=\"137\"><span class=\"fontstyle2\">140 <\/span><\/td>\n<td width=\"136\"><span class=\"fontstyle2\">2 1\/2\u2033 <\/span><\/td>\n<\/tr>\n<tr>\n<td width=\"137\"><span class=\"fontstyle2\">140 <\/span><\/td>\n<td width=\"136\"><span class=\"fontstyle2\">3\u2033 <\/span><\/td>\n<\/tr>\n<tr>\n<td width=\"137\"><span class=\"fontstyle2\">160 <\/span><\/td>\n<td width=\"136\"><span class=\"fontstyle2\">3\/4\u2033 <\/span><\/td>\n<\/tr>\n<tr>\n<td width=\"137\"><span class=\"fontstyle2\">160 <\/span><\/td>\n<td width=\"136\"><span class=\"fontstyle2\">1\u2033 <\/span><\/td>\n<\/tr>\n<tr>\n<td width=\"137\"><span class=\"fontstyle2\">160 <\/span><\/td>\n<td width=\"136\"><span class=\"fontstyle2\">1 1\/4\u2033 <\/span><\/td>\n<\/tr>\n<tr>\n<td width=\"137\"><span class=\"fontstyle2\">160 <\/span><\/td>\n<td width=\"136\"><span class=\"fontstyle2\">1 1\/2\u2033 <\/span><\/td>\n<\/tr>\n<tr>\n<td width=\"137\"><span class=\"fontstyle2\">160 <\/span><\/td>\n<td width=\"136\"><span class=\"fontstyle2\">2\u2033 <\/span><\/td>\n<\/tr>\n<tr>\n<td width=\"137\"><span class=\"fontstyle2\">160 <\/span><\/td>\n<td width=\"136\"><span class=\"fontstyle2\">2 1\/2\u2033 <\/span><\/td>\n<\/tr>\n<tr>\n<td width=\"137\"><span class=\"fontstyle2\">160 <\/span><\/td>\n<td width=\"136\"><span class=\"fontstyle2\">3\u2033 <\/span><\/td>\n<\/tr>\n<tr>\n<td width=\"137\"><span class=\"fontstyle2\">180 <\/span><\/td>\n<td width=\"136\"><span class=\"fontstyle2\">1\u2033 <\/span><\/td>\n<\/tr>\n<\/tbody>\n<\/table>\n<p>&nbsp;<\/p>\n<table class=\"NormalTable\">\n<tbody>\n<tr>\n<td width=\"136\"><span class=\"fontstyle0\">DN <\/span><\/td>\n<td width=\"136\"><span class=\"fontstyle0\">Faden<\/span><\/td>\n<\/tr>\n<tr>\n<td width=\"136\"><span class=\"fontstyle2\">180 <\/span><\/td>\n<td width=\"136\"><span class=\"fontstyle2\">1 1\/4\u2033<\/span><\/td>\n<\/tr>\n<tr>\n<td width=\"136\"><span class=\"fontstyle2\">180 <\/span><\/td>\n<td width=\"136\"><span class=\"fontstyle2\">1 1\/2\u2033<\/span><\/td>\n<\/tr>\n<tr>\n<td width=\"136\"><span class=\"fontstyle2\">180 <\/span><\/td>\n<td width=\"136\"><span class=\"fontstyle2\">2\u2033<\/span><\/td>\n<\/tr>\n<tr>\n<td width=\"136\"><span class=\"fontstyle2\">180 <\/span><\/td>\n<td width=\"136\"><span class=\"fontstyle2\">3\u2033<\/span><\/td>\n<\/tr>\n<tr>\n<td width=\"136\"><span class=\"fontstyle2\">200 <\/span><\/td>\n<td width=\"136\"><span class=\"fontstyle2\">3\/4\u2033<\/span><\/td>\n<\/tr>\n<tr>\n<td width=\"136\"><span class=\"fontstyle2\">200 <\/span><\/td>\n<td width=\"136\"><span class=\"fontstyle2\">1\u2033<\/span><\/td>\n<\/tr>\n<tr>\n<td width=\"136\"><span class=\"fontstyle2\">200 <\/span><\/td>\n<td width=\"136\"><span class=\"fontstyle2\">1 1\/4\u2033<\/span><\/td>\n<\/tr>\n<tr>\n<td width=\"136\"><span class=\"fontstyle2\">200 <\/span><\/td>\n<td width=\"136\"><span class=\"fontstyle2\">1 1\/2\u2033<\/span><\/td>\n<\/tr>\n<tr>\n<td width=\"136\"><span class=\"fontstyle2\">200 <\/span><\/td>\n<td width=\"136\"><span class=\"fontstyle2\">2\u2033<\/span><\/td>\n<\/tr>\n<tr>\n<td width=\"136\"><span class=\"fontstyle2\">200 <\/span><\/td>\n<td width=\"136\"><span class=\"fontstyle2\">2 1\/2\u2033<\/span><\/td>\n<\/tr>\n<tr>\n<td width=\"136\"><span class=\"fontstyle2\">200 <\/span><\/td>\n<td width=\"136\"><span class=\"fontstyle2\">3\u2033<\/span><\/td>\n<\/tr>\n<tr>\n<td width=\"136\"><span class=\"fontstyle2\">250 <\/span><\/td>\n<td width=\"136\"><span class=\"fontstyle2\">1\u2033<\/span><\/td>\n<\/tr>\n<tr>\n<td width=\"136\"><span class=\"fontstyle2\">250 <\/span><\/td>\n<td width=\"136\"><span class=\"fontstyle2\">1 1\/4\u2033<\/span><\/td>\n<\/tr>\n<tr>\n<td width=\"136\"><span class=\"fontstyle2\">250 <\/span><\/td>\n<td width=\"136\"><span class=\"fontstyle2\">1 1\/2\u2033<\/span><\/td>\n<\/tr>\n<tr>\n<td width=\"136\"><span class=\"fontstyle2\">250 <\/span><\/td>\n<td width=\"136\"><span class=\"fontstyle2\">2\u2033<\/span><\/td>\n<\/tr>\n<tr>\n<td width=\"136\"><span class=\"fontstyle2\">250 <\/span><\/td>\n<td width=\"136\"><span class=\"fontstyle2\">2 1\/2\u2033<\/span><\/td>\n<\/tr>\n<tr>\n<td width=\"136\"><span class=\"fontstyle2\">250 <\/span><\/td>\n<td width=\"136\"><span class=\"fontstyle2\">3\u2033<\/span><\/td>\n<\/tr>\n<tr>\n<td width=\"136\"><span class=\"fontstyle2\">315 <\/span><\/td>\n<td width=\"136\"><span class=\"fontstyle2\">2\u2033<\/span><\/td>\n<\/tr>\n<tr>\n<td width=\"136\"><span class=\"fontstyle2\">315 <\/span><\/td>\n<td width=\"136\"><span class=\"fontstyle2\">2 1\/2\u2033<\/span><\/td>\n<\/tr>\n<tr>\n<td width=\"136\"><span class=\"fontstyle2\">315 <\/span><\/td>\n<td width=\"136\"><span class=\"fontstyle2\">3\u2033<\/span><\/td>\n<\/tr>\n<\/tbody>\n<\/table>\n<p>&nbsp;<\/p>","protected":false},"excerpt":{"rendered":"<p>Sattelklemmen sind vielseitige Befestigungselemente zur Befestigung von Rohren oder Schl\u00e4uchen. Sie bieten Stabilit\u00e4t, Halt und einen sicheren Befestigungspunkt f\u00fcr Rohre, Schalld\u00e4mpfer und andere Komponenten. Ob in industriellen Anwendungen oder Abgassystemen \u2013 Sattelklemmen spielen eine entscheidende Rolle f\u00fcr die Aufrechterhaltung der strukturellen Integrit\u00e4t.<\/p>","protected":false},"featured_media":2822,"template":"","meta":[],"product_brand":[],"product_cat":[37,172],"product_tag":[245],"class_list":{"0":"post-2820","1":"product","2":"type-product","3":"status-publish","4":"has-post-thumbnail","6":"product_cat-pipe-joints","7":"product_cat-saddle-clamp","8":"product_tag-saddle-clamp","10":"first","11":"instock","12":"shipping-taxable","13":"product-type-simple"},"aioseo_notices":[],"_links":{"self":[{"href":"https:\/\/www.okval.com\/de\/wp-json\/wp\/v2\/product\/2820","targetHints":{"allow":["GET"]}}],"collection":[{"href":"https:\/\/www.okval.com\/de\/wp-json\/wp\/v2\/product"}],"about":[{"href":"https:\/\/www.okval.com\/de\/wp-json\/wp\/v2\/types\/product"}],"wp:featuredmedia":[{"embeddable":true,"href":"https:\/\/www.okval.com\/de\/wp-json\/wp\/v2\/media\/2822"}],"wp:attachment":[{"href":"https:\/\/www.okval.com\/de\/wp-json\/wp\/v2\/media?parent=2820"}],"wp:term":[{"taxonomy":"product_brand","embeddable":true,"href":"https:\/\/www.okval.com\/de\/wp-json\/wp\/v2\/product_brand?post=2820"},{"taxonomy":"product_cat","embeddable":true,"href":"https:\/\/www.okval.com\/de\/wp-json\/wp\/v2\/product_cat?post=2820"},{"taxonomy":"product_tag","embeddable":true,"href":"https:\/\/www.okval.com\/de\/wp-json\/wp\/v2\/product_tag?post=2820"}],"curies":[{"name":"wp","href":"https:\/\/api.w.org\/{rel}","templated":true}]}}