{"id":2815,"date":"2024-04-12T15:44:12","date_gmt":"2024-04-12T07:44:12","guid":{"rendered":"https:\/\/www.okval.com\/?post_type=product&#038;p=2815"},"modified":"2025-10-28T11:09:27","modified_gmt":"2025-10-28T03:09:27","slug":"sattelklemme-fur-pvc-rohr","status":"publish","type":"product","link":"https:\/\/www.okval.com\/de\/sattelklemme-fur-pvc-rohr-html","title":{"rendered":"Saddle Clamp for PVC HDPE Pipe"},"content":{"rendered":"<p><span class=\"fontstyle0\">\u25a0 Funktionen<br \/>\n<\/span><span class=\"fontstyle2\">\u00b7 Epoxidbeschichtung min. 250 Mikrometer.<br \/>\n\u00b7 Betriebsdruck PN10, PN16<\/span><span class=\"fontstyle3\">.<\/span><\/p>\n<p><span class=\"fontstyle0\">\u25a0 Hauptteile und Materialien<br \/>\n<\/span><span class=\"fontstyle2\">\u00b7 Sph\u00e4rogussmaterial mit FBE-Beschichtung<br \/>\n\u00b7 Schrauben und Muttern aus verzinktem Stahl<br \/>\n<\/span><span class=\"fontstyle0\">\u25a0 Dichtung<br \/>\n<\/span><span class=\"fontstyle2\">\u00b7 EPDM-Dichtung<br \/>\n<\/span><span class=\"fontstyle0\">\u25a0 Abmessungen (MM)<br \/>\n<\/span><\/p>\n<p>Collar\u00edn salida rosca para tuber\u00eda pl\u00e1stica<br \/>\nSoluci\u00f3n r\u00e1pida y fiable para realizar derivaciones y tomas en tuber\u00edas de PVC y PE.<\/p>\n<p>Amplia gama que cubre desde 40 hasta 315 mil\u00edmetros<br \/>\nMecanismo de ajuste m\u00e1ximo del tornillo consiguiendo la estanqueidad<br \/>\nPresi\u00f3n de trabajo PN10 y PN16<br \/>\nFundici\u00f3n nodular GGG50<br \/>\nRevestimiento epoxi de 250\u03bcm de media<br \/>\nTorniller\u00eda inoxidable y juntas de goma EPDM aptas para agua potable<br \/>\nPara instalaci\u00f3n sobre tubos seg\u00fan normas:<br \/>\nPE: EN 12201 \/ ISO 3607 \/ ISO 14236 \/ DIN 8072 \/ DIN 8074 \/ UNI 10910<br \/>\nPP: ISO 3609 \/ DIN 8077 \/ UNI 8318<br \/>\nPVC: EN 1452-2<\/p>\n<table width=\"790\">\n<tbody>\n<tr>\n<td width=\"511\">COLLARIN PARA PVC\/PE DN 40 X 3\/4&#8243; PN16<\/td>\n<td width=\"279\">DN40 X 3\/4&#8243;<\/td>\n<\/tr>\n<tr>\n<td>COLLARIN PARA PVC\/PE DN 40 X 1&#8243; PN16<\/td>\n<td>DN40 X 1&#8243;<\/td>\n<\/tr>\n<tr>\n<td>COLLARIN PARA PVC\/PE DN 50 X 3\/4&#8243; PN16<\/td>\n<td>DN50 X 3\/4&#8243;<\/td>\n<\/tr>\n<tr>\n<td>COLLARIN PARA PVC\/PE DN 50 X 1&#8243; PN16<\/td>\n<td>DN50 X 1&#8243;<\/td>\n<\/tr>\n<tr>\n<td>COLLARIN PARA PVC\/PE DN 63 X 3\/4&#8243; PN16<\/td>\n<td>DN63 X 3\/4&#8243;<\/td>\n<\/tr>\n<tr>\n<td>COLLARIN PARA PVC\/PE DN 63 X 1&#8243; PN16<\/td>\n<td>DN63 X 1&#8243;<\/td>\n<\/tr>\n<tr>\n<td>COLLARIN PARA PVC\/PE DN 63X1 1\/4&#8243; PN16<\/td>\n<td>DN63 X 1 1\/4&#8243;<\/td>\n<\/tr>\n<tr>\n<td>COLLARIN PARA PVC\/PE DN 63X1 1\/2&#8243; PN16<\/td>\n<td>DN63 X 1 1\/2&#8243;<\/td>\n<\/tr>\n<tr>\n<td>COLLARIN PARA PVC\/PE DN 63 X 2&#8243; PN16<\/td>\n<td>DN63 X 2&#8243;<\/td>\n<\/tr>\n<tr>\n<td>COLLARIN PARA PVC\/PE DN 75 X 3\/4&#8243; PN16<\/td>\n<td>DN75 X 3\/4&#8243;<\/td>\n<\/tr>\n<tr>\n<td>COLLARIN PARA PVC\/PE DN 75 X 1&#8243; PN16<\/td>\n<td>DN75 X 1&#8243;<\/td>\n<\/tr>\n<tr>\n<td>COLLARIN PARA PVC\/PE DN 75X1 1\/4&#8243; PN16<\/td>\n<td>DN75 X 1 1\/4&#8243;<\/td>\n<\/tr>\n<tr>\n<td>COLLARIN PARA PVC\/PE DN 75X1 1\/2&#8243; PN16<\/td>\n<td>DN75 X 1 1\/2&#8243;<\/td>\n<\/tr>\n<tr>\n<td>COLLARIN PARA PVC\/PE DN 75 X 2&#8243; PN16<\/td>\n<td>DN75 X 2&#8243;<\/td>\n<\/tr>\n<tr>\n<td>COLLARIN PARA PVC\/PE DN 90 X 3\/4&#8243; PN16<\/td>\n<td>DN90 X 3\/4&#8243;<\/td>\n<\/tr>\n<tr>\n<td>COLLARIN PARA PVC\/PE DN 90 X 1&#8243; PN16<\/td>\n<td>DN90 X 1&#8243;<\/td>\n<\/tr>\n<tr>\n<td>COLLARIN PARA PVC\/PE DN 90X1 1\/4&#8243; PN16<\/td>\n<td>DN90 X 1 1\/4&#8243;<\/td>\n<\/tr>\n<tr>\n<td>COLLARIN PARA PVC\/PE DN 90X1 1\/2&#8243; PN16<\/td>\n<td>DN90 X 1 1\/2&#8243;<\/td>\n<\/tr>\n<tr>\n<td>COLLARIN PARA PVC\/PE DN 90 X 2&#8243; PN16<\/td>\n<td>DN90 X 2&#8243;<\/td>\n<\/tr>\n<tr>\n<td>COLLARIN PARA PVC\/PE DN 110 X 3\/4&#8243; PN16<\/td>\n<td>DN110 X 3\/4&#8243;<\/td>\n<\/tr>\n<tr>\n<td>COLLARIN PARA PVC\/PE DN 110 X 1&#8243; PN16<\/td>\n<td>DN110 X 1&#8243;<\/td>\n<\/tr>\n<tr>\n<td>COLLARIN PARA PVC\/PE DN 110X1 1\/4&#8243; PN16<\/td>\n<td>DN110 X 1 1\/4&#8243;<\/td>\n<\/tr>\n<tr>\n<td>COLLARIN PARA PVC\/PE DN 110X1 1\/2&#8243; PN16<\/td>\n<td>DN110 X 1 1\/2&#8243;<\/td>\n<\/tr>\n<tr>\n<td>COLLARIN PARA PVC\/PE DN 110 X 2&#8243; PN16<\/td>\n<td>DN110 X 2&#8243;<\/td>\n<\/tr>\n<tr>\n<td>COLLARIN PARA PVC\/PE DN 125 X 3\/4&#8243; PN16<\/td>\n<td>DN 125 X 3\/4&#8243;<\/td>\n<\/tr>\n<tr>\n<td>COLLARIN PARA PVC\/PE DN 125 X 1&#8243; PN16<\/td>\n<td>DN 125 X 1&#8243;<\/td>\n<\/tr>\n<tr>\n<td>COLLARIN PARA PVC\/PE DN 125 X1 1\/4&#8243; PN16<\/td>\n<td>DN 125 X 1 1\/4&#8243;<\/td>\n<\/tr>\n<tr>\n<td>COLLARIN PARA PVC\/PE DN 125X1 1\/2&#8243; PN16<\/td>\n<td>DN 125 X 1 1\/2&#8243;<\/td>\n<\/tr>\n<tr>\n<td>COLLARIN PARA PVC\/PE DN 125 X 2&#8243; PN16<\/td>\n<td>DN 125 X 2&#8243;<\/td>\n<\/tr>\n<tr>\n<td>COLLARIN PARA PVC\/PE DN 140 X 3\/4&#8243; PN16<\/td>\n<td>DN 140 X 3\/4&#8243;<\/td>\n<\/tr>\n<tr>\n<td>COLLARIN PARA PVC\/PE DN 140 X 1&#8243; PN16<\/td>\n<td>DN 140 X 1&#8243;<\/td>\n<\/tr>\n<tr>\n<td>COLLARIN PARA PVC\/PE DN 140X1 1\/2&#8243; PN16<\/td>\n<td>DN 140 X 1 1\/2&#8243;<\/td>\n<\/tr>\n<tr>\n<td>COLLARIN PARA PVC\/PE DN 140 X 2&#8243; PN16<\/td>\n<td>DN 140 X 2&#8243;<\/td>\n<\/tr>\n<tr>\n<td>COLLARIN PARA PVC\/PE DN 160 X 3\/4&#8243; PN16<\/td>\n<td>DN 160 X\u00a0 3\/4&#8243;<\/td>\n<\/tr>\n<tr>\n<td>COLLARIN PARA PVC\/PE DN 160 X 1&#8243; PN16<\/td>\n<td>DN 160 X 1&#8243;<\/td>\n<\/tr>\n<tr>\n<td>COLLARIN PARA PVC\/PE DN 160X1 1\/4&#8243; PN16<\/td>\n<td>DN 160 X 1 1\/4&#8243;<\/td>\n<\/tr>\n<tr>\n<td>COLLARIN PARA PVC\/PE DN 160X1 1\/2&#8243; PN16<\/td>\n<td>DN 160 X 1 1\/2&#8243;<\/td>\n<\/tr>\n<tr>\n<td>COLLARIN PARA PVC\/PE DN 160 X 2&#8243; PN16<\/td>\n<td>DN 160 X 2&#8243;<\/td>\n<\/tr>\n<tr>\n<td>COLLARIN PARA PVC\/PE DN 160X2 1\/2&#8243; PN16<\/td>\n<td>DN 160 X 2 1\/2&#8243;<\/td>\n<\/tr>\n<tr>\n<td>COLLARIN PARA PVC\/PE DN 200 X 3\/4&#8243; PN16<\/td>\n<td>DN 200 X 3\/4&#8243;<\/td>\n<\/tr>\n<tr>\n<td>COLLARIN PARA PVC\/PE DN 200 X 1&#8243; PN16<\/td>\n<td>DN 200 X 1&#8243;<\/td>\n<\/tr>\n<tr>\n<td>COLLARIN PARA PVC\/PE DN 200X1 1\/4&#8243; PN16<\/td>\n<td>DN 200 X 1 1\/4&#8243;<\/td>\n<\/tr>\n<tr>\n<td>COLLARIN PARA PVC\/PE DN 200X1 1\/2&#8243; PN16<\/td>\n<td>DN 200 X 1 1\/2&#8243;<\/td>\n<\/tr>\n<tr>\n<td>COLLARIN PARA PVC\/PE DN 200 X 2&#8243; PN16<\/td>\n<td>DN 200 X 2&#8243;<\/td>\n<\/tr>\n<tr>\n<td>COLLARIN PARA PVC\/PE DN 200X2 1\/2&#8243; PN16<\/td>\n<td>DN 200 X 2 1\/2&#8243;<\/td>\n<\/tr>\n<tr>\n<td>COLLARIN PARA PVC\/PE DN 200 X 3&#8243; PN16<\/td>\n<td>DN 200 X 3&#8243;<\/td>\n<\/tr>\n<tr>\n<td>COLLARIN PARA PVC\/PE DN 250 X 3\/4&#8243; PN16<\/td>\n<td>DN 250 X 3\/4&#8243;<\/td>\n<\/tr>\n<tr>\n<td>COLLARIN PARA PVC\/PE DN 250 X 1&#8243; PN16<\/td>\n<td>DN 250 X 1&#8243;<\/td>\n<\/tr>\n<tr>\n<td>COLLARIN PARA PVC\/PE DN 250X1 1\/4&#8243; PN16<\/td>\n<td>DN 250 X 1 1\/4&#8243;<\/td>\n<\/tr>\n<tr>\n<td>COLLARIN PARA PVC\/PE DN 250X1 1\/2&#8243; PN16<\/td>\n<td>DN 250 X 1 1\/2&#8243;<\/td>\n<\/tr>\n<tr>\n<td>COLLARIN PARA PVC\/PE DN 250 X 2&#8243; PN16<\/td>\n<td>DN 250 X 2&#8243;<\/td>\n<\/tr>\n<tr>\n<td>COLLARIN PARA PVC\/PE DN 250X2 1\/2&#8243; PN16 (SR)<\/td>\n<td>DN 250 X 2 1\/2&#8243;<\/td>\n<\/tr>\n<tr>\n<td>COLLARIN PARA PVC\/PE DN 250 X 3&#8243; PN16<\/td>\n<td>DN 250 X 3&#8243;<\/td>\n<\/tr>\n<tr>\n<td>COLLARIN PARA PVC\/PE DN 315 X 3\/4&#8243; PN16<\/td>\n<td>DN 315 X 3\/4&#8243;<\/td>\n<\/tr>\n<tr>\n<td>COLLARIN PARA PVC\/PE DN 315 X 1&#8243; PN16<\/td>\n<td>DN 315 X 1&#8243;<\/td>\n<\/tr>\n<tr>\n<td>COLLARIN PARA PVC\/PE DN 315 X 1 1\/4&#8243; PN16<\/td>\n<td>DN315 X 1 1\/4&#8243;<\/td>\n<\/tr>\n<tr>\n<td>COLLARIN PARA PVC\/PE DN 315X1 1\/2&#8243; PN16<\/td>\n<td>DN 315 X 1 1\/2&#8243;<\/td>\n<\/tr>\n<tr>\n<td>COLLARIN PARA PVC\/PE DN 315 X 2&#8243; PN16<\/td>\n<td>DN 315 X 2&#8243;<\/td>\n<\/tr>\n<tr>\n<td>COLLARIN PARA PVC\/PE DN 315X2 1\/2&#8243; PN16 (SR)<\/td>\n<td>DN 315 X 2 1\/2&#8243;<\/td>\n<\/tr>\n<tr>\n<td>COLLARIN PARA PVC\/PE DN 315 X 3&#8243; PN16<\/td>\n<td>DN 315 X 3&#8243;<\/td>\n<\/tr>\n<\/tbody>\n<\/table>\n<p><span class=\"fontstyle0\">\u00a0<\/span><\/p>","protected":false},"excerpt":{"rendered":"<p>Sattelklemmen sind vielseitige Befestigungselemente zur Befestigung von Rohren oder Schl\u00e4uchen. Sie bieten Stabilit\u00e4t, Halt und einen sicheren Befestigungspunkt f\u00fcr Rohre, Schalld\u00e4mpfer und andere Komponenten. Ob in industriellen Anwendungen oder Abgassystemen \u2013 Sattelklemmen spielen eine entscheidende Rolle f\u00fcr die Aufrechterhaltung der strukturellen Integrit\u00e4t.<\/p>","protected":false},"featured_media":3011,"template":"","meta":[],"product_brand":[],"product_cat":[37,172],"product_tag":[],"class_list":{"0":"post-2815","1":"product","2":"type-product","3":"status-publish","4":"has-post-thumbnail","6":"product_cat-pipe-joints","7":"product_cat-saddle-clamp","9":"first","10":"instock","11":"shipping-taxable","12":"product-type-simple"},"aioseo_notices":[],"_links":{"self":[{"href":"https:\/\/www.okval.com\/de\/wp-json\/wp\/v2\/product\/2815","targetHints":{"allow":["GET"]}}],"collection":[{"href":"https:\/\/www.okval.com\/de\/wp-json\/wp\/v2\/product"}],"about":[{"href":"https:\/\/www.okval.com\/de\/wp-json\/wp\/v2\/types\/product"}],"wp:featuredmedia":[{"embeddable":true,"href":"https:\/\/www.okval.com\/de\/wp-json\/wp\/v2\/media\/3011"}],"wp:attachment":[{"href":"https:\/\/www.okval.com\/de\/wp-json\/wp\/v2\/media?parent=2815"}],"wp:term":[{"taxonomy":"product_brand","embeddable":true,"href":"https:\/\/www.okval.com\/de\/wp-json\/wp\/v2\/product_brand?post=2815"},{"taxonomy":"product_cat","embeddable":true,"href":"https:\/\/www.okval.com\/de\/wp-json\/wp\/v2\/product_cat?post=2815"},{"taxonomy":"product_tag","embeddable":true,"href":"https:\/\/www.okval.com\/de\/wp-json\/wp\/v2\/product_tag?post=2815"}],"curies":[{"name":"wp","href":"https:\/\/api.w.org\/{rel}","templated":true}]}}