{"id":2753,"date":"2024-04-07T14:44:11","date_gmt":"2024-04-07T06:44:11","guid":{"rendered":"https:\/\/www.okval.com\/?post_type=product&#038;p=2753"},"modified":"2024-04-07T20:25:54","modified_gmt":"2024-04-07T12:25:54","slug":"kombi-be-und-entluftungsventil-fur-abwasser","status":"publish","type":"product","link":"https:\/\/www.okval.com\/de\/kombi-beluftungsventil-fur-abwasser-html","title":{"rendered":"Kombi-Bel\u00fcftungsventil f\u00fcr Abwasser"},"content":{"rendered":"<p>\u6c61\u6c34\u7528\u590d\u5408\u5f0f\u7a7a\u6c14\u9600<br \/>\nKombi-Bel\u00fcftungsventil f\u00fcr Abwasser<br \/>\n\u6027\u80fd\u4f18\u52bf:<br \/>\n-Kombinationstyp, Hochgeschwindigkeits-Luftablass, Dreifachfunktion<br \/>\n- Komplette Edelstahlanz\u00fcge f\u00fcr Abwasserfl\u00fcssigkeit<br \/>\nVORTEIL:<br \/>\nGeeignet f\u00fcr Betriebsdr\u00fccke bis PN40 (600 PSI)<br \/>\n\u00d6ffnung mit 2\u20136 mm Durchmesser f\u00fcr Hochgeschwindigkeitsentl\u00fcftung<br \/>\nKomplette Edelstahlanz\u00fcge f\u00fcr Abwasser\/chemische Fl\u00fcssigkeiten<br \/>\nVORTEIL:<br \/>\n\u8bbe\u8ba1\u89c4\u8303:AWWA C512\/EN1074-4\/CJ-T 217<br \/>\nRichtlinien: EN1092, B16.5<br \/>\nRichtlinien zur Norm: EN1074-1 und 4 \/ EN12266<br \/>\nAbmessungen: PN10\/16, Klasse 125\/150<br \/>\n\u6280\u672f\u53c2\u6570:<br \/>\nAusf\u00fchrung nach: AWWA C512\/EN1074-4\/CJ-T 217<br \/>\nFlanschnorm: EN1092, B16.5<br \/>\nPr\u00fcfung nach: EN1074-1 &amp; 4 \/EN12266<br \/>\nBetriebsdruck: PN10\/16, KLASSE 125\/150<\/p>\n<p>&nbsp;<\/p>\n<p><img decoding=\"async\" class=\"size-full wp-image-2755 alignleft\" src=\"https:\/\/www.okval.com\/wp-content\/uploads\/2024\/04\/AIR-VALVE-FOR-SEWAGE-WATER.jpg\" alt=\"\" width=\"702\" height=\"822\" srcset=\"https:\/\/www.okval.com\/wp-content\/uploads\/2024\/04\/AIR-VALVE-FOR-SEWAGE-WATER.jpg 702w, https:\/\/www.okval.com\/wp-content\/uploads\/2024\/04\/AIR-VALVE-FOR-SEWAGE-WATER-256x300.jpg 256w, https:\/\/www.okval.com\/wp-content\/uploads\/2024\/04\/AIR-VALVE-FOR-SEWAGE-WATER-10x12.jpg 10w, https:\/\/www.okval.com\/wp-content\/uploads\/2024\/04\/AIR-VALVE-FOR-SEWAGE-WATER-600x703.jpg 600w, https:\/\/www.okval.com\/wp-content\/uploads\/2024\/04\/AIR-VALVE-FOR-SEWAGE-WATER-150x176.jpg 150w\" sizes=\"(max-width: 702px) 100vw, 702px\" \/><\/p>","protected":false},"excerpt":{"rendered":"<p>\u6c61\u6c34\u7528\u590d\u5408\u5f0f\u7a7a\u6c14\u9600 COMBINATION AIR VALVE FOR SEWAGE WATER \u6027\u80fd\u4f18\u52bf\uff1a -Combination type,high speed air release,triple function -Full stainless steel suits for sewerage<\/p>","protected":false},"featured_media":2750,"template":"","meta":[],"product_brand":[],"product_cat":[180],"product_tag":[],"class_list":{"0":"post-2753","1":"product","2":"type-product","3":"status-publish","4":"has-post-thumbnail","6":"product_cat-air-release-valve","8":"first","9":"instock","10":"featured","11":"shipping-taxable","12":"product-type-simple"},"aioseo_notices":[],"_links":{"self":[{"href":"https:\/\/www.okval.com\/de\/wp-json\/wp\/v2\/product\/2753","targetHints":{"allow":["GET"]}}],"collection":[{"href":"https:\/\/www.okval.com\/de\/wp-json\/wp\/v2\/product"}],"about":[{"href":"https:\/\/www.okval.com\/de\/wp-json\/wp\/v2\/types\/product"}],"wp:featuredmedia":[{"embeddable":true,"href":"https:\/\/www.okval.com\/de\/wp-json\/wp\/v2\/media\/2750"}],"wp:attachment":[{"href":"https:\/\/www.okval.com\/de\/wp-json\/wp\/v2\/media?parent=2753"}],"wp:term":[{"taxonomy":"product_brand","embeddable":true,"href":"https:\/\/www.okval.com\/de\/wp-json\/wp\/v2\/product_brand?post=2753"},{"taxonomy":"product_cat","embeddable":true,"href":"https:\/\/www.okval.com\/de\/wp-json\/wp\/v2\/product_cat?post=2753"},{"taxonomy":"product_tag","embeddable":true,"href":"https:\/\/www.okval.com\/de\/wp-json\/wp\/v2\/product_tag?post=2753"}],"curies":[{"name":"wp","href":"https:\/\/api.w.org\/{rel}","templated":true}]}}